{"id":152,"date":"2025-02-18T17:39:43","date_gmt":"2025-02-18T17:39:43","guid":{"rendered":"https:\/\/888starz.plus\/hu\/?page_id=152"},"modified":"2025-09-01T05:29:33","modified_gmt":"2025-09-01T05:29:33","slug":"bonus","status":"publish","type":"page","link":"https:\/\/888starz.plus\/hu\/bonuses\/","title":{"rendered":"B\u00f3nusz"},"content":{"rendered":"","protected":false},"excerpt":{"rendered":"","protected":false},"author":1,"featured_media":0,"parent":0,"menu_order":0,"comment_status":"closed","ping_status":"closed","template":"","meta":{"inline_featured_image":false,"footnotes":""},"class_list":["post-152","page","type-page","status-publish","hentry"],"yoast_head":"<!-- This site is optimized with the Yoast SEO plugin v25.6 - https:\/\/yoast.com\/wordpress\/plugins\/seo\/ -->\n<title>888Starz b\u00f3nuszok \u00e9s prom\u00f3ci\u00f3k 2025<\/title>\n<meta name=\"description\" content=\"Teljes \u00fatmutat\u00f3 a 888Starz k\u00fcl\u00f6nleges aj\u00e1nlatokr\u00f3l \u00e9s b\u00f3nuszokr\u00f3l \u2714\ufe0f Tudja meg, hogyan juthat hozz\u00e1 a 888Starz prom\u00f3ci\u00f3s k\u00f3dokhoz \u00e9s az \u00fcdv\u00f6zl\u0151 b\u00f3nuszhoz - Regisztr\u00e1ljon a 888starz weboldal\u00e1n \u00e9s kapjon 100% b\u00f3nuszt.\" \/>\n<meta name=\"robots\" content=\"index, follow, max-snippet:-1, max-image-preview:large, max-video-preview:-1\" \/>\n<meta property=\"og:locale\" content=\"hu_HU\" \/>\n<meta property=\"og:type\" content=\"article\" \/>\n<meta property=\"og:title\" content=\"888Starz b\u00f3nuszok \u00e9s prom\u00f3ci\u00f3k 2025\" \/>\n<meta property=\"og:description\" content=\"Teljes \u00fatmutat\u00f3 a 888Starz k\u00fcl\u00f6nleges aj\u00e1nlatokr\u00f3l \u00e9s b\u00f3nuszokr\u00f3l \u2714\ufe0f Tudja meg, hogyan juthat hozz\u00e1 a 888Starz prom\u00f3ci\u00f3s k\u00f3dokhoz \u00e9s az \u00fcdv\u00f6zl\u0151 b\u00f3nuszhoz - Regisztr\u00e1ljon a 888starz weboldal\u00e1n \u00e9s kapjon 100% b\u00f3nuszt.\" \/>\n<meta property=\"og:url\" content=\"https:\/\/888starz.plus\/hu\/bonuses\/\" \/>\n<meta property=\"og:site_name\" content=\"888starz hu\" \/>\n<meta property=\"article:modified_time\" content=\"2025-09-01T05:29:33+00:00\" \/>\n<meta name=\"twitter:card\" content=\"summary_large_image\" \/>\n<script type=\"application\/ld+json\" class=\"yoast-schema-graph\">{\"@context\":\"https:\/\/schema.org\",\"@graph\":[{\"@type\":\"WebPage\",\"@id\":\"https:\/\/888starz.plus\/hu\/bonuses\/\",\"url\":\"https:\/\/888starz.plus\/hu\/bonuses\/\",\"name\":\"888Starz b\u00f3nuszok \u00e9s prom\u00f3ci\u00f3k 2025\",\"isPartOf\":{\"@id\":\"https:\/\/888starz.plus\/hu\/#website\"},\"datePublished\":\"2025-02-18T17:39:43+00:00\",\"dateModified\":\"2025-09-01T05:29:33+00:00\",\"description\":\"Teljes \u00fatmutat\u00f3 a 888Starz k\u00fcl\u00f6nleges aj\u00e1nlatokr\u00f3l \u00e9s b\u00f3nuszokr\u00f3l \u2714\ufe0f Tudja meg, hogyan juthat hozz\u00e1 a 888Starz prom\u00f3ci\u00f3s k\u00f3dokhoz \u00e9s az \u00fcdv\u00f6zl\u0151 b\u00f3nuszhoz - Regisztr\u00e1ljon a 888starz weboldal\u00e1n \u00e9s kapjon 100% b\u00f3nuszt.\",\"inLanguage\":\"hu\",\"potentialAction\":[{\"@type\":\"ReadAction\",\"target\":[\"https:\/\/888starz.plus\/hu\/bonuses\/\"]}]},{\"@type\":\"WebSite\",\"@id\":\"https:\/\/888starz.plus\/hu\/#website\",\"url\":\"https:\/\/888starz.plus\/hu\/\",\"name\":\"888starz hu\",\"description\":\"My WordPress Blog\",\"potentialAction\":[{\"@type\":\"SearchAction\",\"target\":{\"@type\":\"EntryPoint\",\"urlTemplate\":\"https:\/\/888starz.plus\/hu\/?s={search_term_string}\"},\"query-input\":{\"@type\":\"PropertyValueSpecification\",\"valueRequired\":true,\"valueName\":\"search_term_string\"}}],\"inLanguage\":\"hu\"}]}<\/script>\n<!-- \/ Yoast SEO plugin. -->","yoast_head_json":{"title":"888Starz b\u00f3nuszok \u00e9s prom\u00f3ci\u00f3k 2025","description":"Teljes \u00fatmutat\u00f3 a 888Starz k\u00fcl\u00f6nleges aj\u00e1nlatokr\u00f3l \u00e9s b\u00f3nuszokr\u00f3l \u2714\ufe0f Tudja meg, hogyan juthat hozz\u00e1 a 888Starz prom\u00f3ci\u00f3s k\u00f3dokhoz \u00e9s az \u00fcdv\u00f6zl\u0151 b\u00f3nuszhoz - Regisztr\u00e1ljon a 888starz weboldal\u00e1n \u00e9s kapjon 100% b\u00f3nuszt.","robots":{"index":"index","follow":"follow","max-snippet":"max-snippet:-1","max-image-preview":"max-image-preview:large","max-video-preview":"max-video-preview:-1"},"og_locale":"hu_HU","og_type":"article","og_title":"888Starz b\u00f3nuszok \u00e9s prom\u00f3ci\u00f3k 2025","og_description":"Teljes \u00fatmutat\u00f3 a 888Starz k\u00fcl\u00f6nleges aj\u00e1nlatokr\u00f3l \u00e9s b\u00f3nuszokr\u00f3l \u2714\ufe0f Tudja meg, hogyan juthat hozz\u00e1 a 888Starz prom\u00f3ci\u00f3s k\u00f3dokhoz \u00e9s az \u00fcdv\u00f6zl\u0151 b\u00f3nuszhoz - Regisztr\u00e1ljon a 888starz weboldal\u00e1n \u00e9s kapjon 100% b\u00f3nuszt.","og_url":"https:\/\/888starz.plus\/hu\/bonuses\/","og_site_name":"888starz hu","article_modified_time":"2025-09-01T05:29:33+00:00","twitter_card":"summary_large_image","schema":{"@context":"https:\/\/schema.org","@graph":[{"@type":"WebPage","@id":"https:\/\/888starz.plus\/hu\/bonuses\/","url":"https:\/\/888starz.plus\/hu\/bonuses\/","name":"888Starz b\u00f3nuszok \u00e9s prom\u00f3ci\u00f3k 2025","isPartOf":{"@id":"https:\/\/888starz.plus\/hu\/#website"},"datePublished":"2025-02-18T17:39:43+00:00","dateModified":"2025-09-01T05:29:33+00:00","description":"Teljes \u00fatmutat\u00f3 a 888Starz k\u00fcl\u00f6nleges aj\u00e1nlatokr\u00f3l \u00e9s b\u00f3nuszokr\u00f3l \u2714\ufe0f Tudja meg, hogyan juthat hozz\u00e1 a 888Starz prom\u00f3ci\u00f3s k\u00f3dokhoz \u00e9s az \u00fcdv\u00f6zl\u0151 b\u00f3nuszhoz - Regisztr\u00e1ljon a 888starz weboldal\u00e1n \u00e9s kapjon 100% b\u00f3nuszt.","inLanguage":"hu","potentialAction":[{"@type":"ReadAction","target":["https:\/\/888starz.plus\/hu\/bonuses\/"]}]},{"@type":"WebSite","@id":"https:\/\/888starz.plus\/hu\/#website","url":"https:\/\/888starz.plus\/hu\/","name":"888starz hu","description":"My WordPress Blog","potentialAction":[{"@type":"SearchAction","target":{"@type":"EntryPoint","urlTemplate":"https:\/\/888starz.plus\/hu\/?s={search_term_string}"},"query-input":{"@type":"PropertyValueSpecification","valueRequired":true,"valueName":"search_term_string"}}],"inLanguage":"hu"}]}},"_links":{"self":[{"href":"https:\/\/888starz.plus\/hu\/wp-json\/wp\/v2\/pages\/152","targetHints":{"allow":["GET"]}}],"collection":[{"href":"https:\/\/888starz.plus\/hu\/wp-json\/wp\/v2\/pages"}],"about":[{"href":"https:\/\/888starz.plus\/hu\/wp-json\/wp\/v2\/types\/page"}],"author":[{"embeddable":true,"href":"https:\/\/888starz.plus\/hu\/wp-json\/wp\/v2\/users\/1"}],"replies":[{"embeddable":true,"href":"https:\/\/888starz.plus\/hu\/wp-json\/wp\/v2\/comments?post=152"}],"version-history":[{"count":4,"href":"https:\/\/888starz.plus\/hu\/wp-json\/wp\/v2\/pages\/152\/revisions"}],"predecessor-version":[{"id":985,"href":"https:\/\/888starz.plus\/hu\/wp-json\/wp\/v2\/pages\/152\/revisions\/985"}],"wp:attachment":[{"href":"https:\/\/888starz.plus\/hu\/wp-json\/wp\/v2\/media?parent=152"}],"curies":[{"name":"wp","href":"https:\/\/api.w.org\/{rel}","templated":true}]}}