{"id":939,"date":"2025-07-16T08:32:37","date_gmt":"2025-07-16T08:32:37","guid":{"rendered":"https:\/\/888starz.plus\/fr\/?page_id=939"},"modified":"2025-10-31T11:56:31","modified_gmt":"2025-10-31T11:56:31","slug":"free-bet-in-app","status":"publish","type":"page","link":"https:\/\/888starz.plus\/fr\/bonus\/free-bet-in-app\/","title":{"rendered":"Scommessa gratuita nell&#8217;app"},"content":{"rendered":"","protected":false},"excerpt":{"rendered":"","protected":false},"author":1,"featured_media":0,"parent":152,"menu_order":0,"comment_status":"closed","ping_status":"closed","template":"","meta":{"inline_featured_image":false,"footnotes":""},"class_list":["post-939","page","type-page","status-publish","hentry"],"yoast_head":"<!-- This site is optimized with the Yoast SEO plugin v25.6 - https:\/\/yoast.com\/wordpress\/plugins\/seo\/ -->\n<title>Pari gratuit 888Starz Demande \u27a1 Obtenez votre pari sportif gratuit!<\/title>\n<meta name=\"description\" content=\"T\u00e9l\u00e9chargez l&#039;application 888Starz et obtenez un pari gratuit simplement pour \u00eatre actif! Placez 10 paris d&#039;au moins 1 \u20ac et obtenez un pari gratuit pouvant aller jusqu&#039;\u00e0 4 \u20ac sur les sports! Ne manquez pas votre chance de gagner sans effort suppl\u00e9mentaire!\" \/>\n<meta name=\"robots\" content=\"index, follow, max-snippet:-1, max-image-preview:large, max-video-preview:-1\" \/>\n<meta property=\"og:locale\" content=\"fr_FR\" \/>\n<meta property=\"og:type\" content=\"article\" \/>\n<meta property=\"og:title\" content=\"Pari gratuit 888Starz Demande \u27a1 Obtenez votre pari sportif gratuit!\" \/>\n<meta property=\"og:description\" content=\"T\u00e9l\u00e9chargez l&#039;application 888Starz et obtenez un pari gratuit simplement pour \u00eatre actif! Placez 10 paris d&#039;au moins 1 \u20ac et obtenez un pari gratuit pouvant aller jusqu&#039;\u00e0 4 \u20ac sur les sports! Ne manquez pas votre chance de gagner sans effort suppl\u00e9mentaire!\" \/>\n<meta property=\"og:url\" content=\"https:\/\/888starz.plus\/fr\/bonus\/free-bet-in-app\/\" \/>\n<meta property=\"og:site_name\" content=\"888starz fr\" \/>\n<meta property=\"article:modified_time\" content=\"2025-10-31T11:56:31+00:00\" \/>\n<meta name=\"twitter:card\" content=\"summary_large_image\" \/>\n<script type=\"application\/ld+json\" class=\"yoast-schema-graph\">{\"@context\":\"https:\/\/schema.org\",\"@graph\":[{\"@type\":\"WebPage\",\"@id\":\"https:\/\/888starz.plus\/fr\/bonus\/free-bet-in-app\/\",\"url\":\"https:\/\/888starz.plus\/fr\/bonus\/free-bet-in-app\/\",\"name\":\"Pari gratuit 888Starz Demande \u27a1 Obtenez votre pari sportif gratuit!\",\"isPartOf\":{\"@id\":\"https:\/\/888starz.plus\/fr\/#website\"},\"datePublished\":\"2025-07-16T08:32:37+00:00\",\"dateModified\":\"2025-10-31T11:56:31+00:00\",\"description\":\"T\u00e9l\u00e9chargez l'application 888Starz et obtenez un pari gratuit simplement pour \u00eatre actif! Placez 10 paris d'au moins 1 \u20ac et obtenez un pari gratuit pouvant aller jusqu'\u00e0 4 \u20ac sur les sports! Ne manquez pas votre chance de gagner sans effort suppl\u00e9mentaire!\",\"breadcrumb\":{\"@id\":\"https:\/\/888starz.plus\/fr\/bonus\/free-bet-in-app\/#breadcrumb\"},\"inLanguage\":\"fr-FR\",\"potentialAction\":[{\"@type\":\"ReadAction\",\"target\":[\"https:\/\/888starz.plus\/fr\/bonus\/free-bet-in-app\/\"]}]},{\"@type\":\"BreadcrumbList\",\"@id\":\"https:\/\/888starz.plus\/fr\/bonus\/free-bet-in-app\/#breadcrumb\",\"itemListElement\":[{\"@type\":\"ListItem\",\"position\":1,\"name\":\"Bonus\",\"item\":\"https:\/\/888starz.plus\/fr\/bonuses\/\"},{\"@type\":\"ListItem\",\"position\":2,\"name\":\"Scommessa gratuita nell&#8217;app\"}]},{\"@type\":\"WebSite\",\"@id\":\"https:\/\/888starz.plus\/fr\/#website\",\"url\":\"https:\/\/888starz.plus\/fr\/\",\"name\":\"888starz fr\",\"description\":\"My WordPress Blog\",\"potentialAction\":[{\"@type\":\"SearchAction\",\"target\":{\"@type\":\"EntryPoint\",\"urlTemplate\":\"https:\/\/888starz.plus\/fr\/?s={search_term_string}\"},\"query-input\":{\"@type\":\"PropertyValueSpecification\",\"valueRequired\":true,\"valueName\":\"search_term_string\"}}],\"inLanguage\":\"fr-FR\"}]}<\/script>\n<!-- \/ Yoast SEO plugin. -->","yoast_head_json":{"title":"Pari gratuit 888Starz Demande \u27a1 Obtenez votre pari sportif gratuit!","description":"T\u00e9l\u00e9chargez l'application 888Starz et obtenez un pari gratuit simplement pour \u00eatre actif! Placez 10 paris d'au moins 1 \u20ac et obtenez un pari gratuit pouvant aller jusqu'\u00e0 4 \u20ac sur les sports! Ne manquez pas votre chance de gagner sans effort suppl\u00e9mentaire!","robots":{"index":"index","follow":"follow","max-snippet":"max-snippet:-1","max-image-preview":"max-image-preview:large","max-video-preview":"max-video-preview:-1"},"og_locale":"fr_FR","og_type":"article","og_title":"Pari gratuit 888Starz Demande \u27a1 Obtenez votre pari sportif gratuit!","og_description":"T\u00e9l\u00e9chargez l'application 888Starz et obtenez un pari gratuit simplement pour \u00eatre actif! Placez 10 paris d'au moins 1 \u20ac et obtenez un pari gratuit pouvant aller jusqu'\u00e0 4 \u20ac sur les sports! Ne manquez pas votre chance de gagner sans effort suppl\u00e9mentaire!","og_url":"https:\/\/888starz.plus\/fr\/bonus\/free-bet-in-app\/","og_site_name":"888starz fr","article_modified_time":"2025-10-31T11:56:31+00:00","twitter_card":"summary_large_image","schema":{"@context":"https:\/\/schema.org","@graph":[{"@type":"WebPage","@id":"https:\/\/888starz.plus\/fr\/bonus\/free-bet-in-app\/","url":"https:\/\/888starz.plus\/fr\/bonus\/free-bet-in-app\/","name":"Pari gratuit 888Starz Demande \u27a1 Obtenez votre pari sportif gratuit!","isPartOf":{"@id":"https:\/\/888starz.plus\/fr\/#website"},"datePublished":"2025-07-16T08:32:37+00:00","dateModified":"2025-10-31T11:56:31+00:00","description":"T\u00e9l\u00e9chargez l'application 888Starz et obtenez un pari gratuit simplement pour \u00eatre actif! Placez 10 paris d'au moins 1 \u20ac et obtenez un pari gratuit pouvant aller jusqu'\u00e0 4 \u20ac sur les sports! Ne manquez pas votre chance de gagner sans effort suppl\u00e9mentaire!","breadcrumb":{"@id":"https:\/\/888starz.plus\/fr\/bonus\/free-bet-in-app\/#breadcrumb"},"inLanguage":"fr-FR","potentialAction":[{"@type":"ReadAction","target":["https:\/\/888starz.plus\/fr\/bonus\/free-bet-in-app\/"]}]},{"@type":"BreadcrumbList","@id":"https:\/\/888starz.plus\/fr\/bonus\/free-bet-in-app\/#breadcrumb","itemListElement":[{"@type":"ListItem","position":1,"name":"Bonus","item":"https:\/\/888starz.plus\/fr\/bonuses\/"},{"@type":"ListItem","position":2,"name":"Scommessa gratuita nell&#8217;app"}]},{"@type":"WebSite","@id":"https:\/\/888starz.plus\/fr\/#website","url":"https:\/\/888starz.plus\/fr\/","name":"888starz fr","description":"My WordPress Blog","potentialAction":[{"@type":"SearchAction","target":{"@type":"EntryPoint","urlTemplate":"https:\/\/888starz.plus\/fr\/?s={search_term_string}"},"query-input":{"@type":"PropertyValueSpecification","valueRequired":true,"valueName":"search_term_string"}}],"inLanguage":"fr-FR"}]}},"_links":{"self":[{"href":"https:\/\/888starz.plus\/fr\/wp-json\/wp\/v2\/pages\/939","targetHints":{"allow":["GET"]}}],"collection":[{"href":"https:\/\/888starz.plus\/fr\/wp-json\/wp\/v2\/pages"}],"about":[{"href":"https:\/\/888starz.plus\/fr\/wp-json\/wp\/v2\/types\/page"}],"author":[{"embeddable":true,"href":"https:\/\/888starz.plus\/fr\/wp-json\/wp\/v2\/users\/1"}],"replies":[{"embeddable":true,"href":"https:\/\/888starz.plus\/fr\/wp-json\/wp\/v2\/comments?post=939"}],"version-history":[{"count":8,"href":"https:\/\/888starz.plus\/fr\/wp-json\/wp\/v2\/pages\/939\/revisions"}],"predecessor-version":[{"id":1067,"href":"https:\/\/888starz.plus\/fr\/wp-json\/wp\/v2\/pages\/939\/revisions\/1067"}],"up":[{"embeddable":true,"href":"https:\/\/888starz.plus\/fr\/wp-json\/wp\/v2\/pages\/152"}],"wp:attachment":[{"href":"https:\/\/888starz.plus\/fr\/wp-json\/wp\/v2\/media?parent=939"}],"curies":[{"name":"wp","href":"https:\/\/api.w.org\/{rel}","templated":true}]}}