{"id":896,"date":"2025-06-20T13:22:20","date_gmt":"2025-06-20T13:22:20","guid":{"rendered":"https:\/\/888starz.plus\/fr\/?page_id=896"},"modified":"2025-10-31T11:53:02","modified_gmt":"2025-10-31T11:53:02","slug":"sunday-boom","status":"publish","type":"page","link":"https:\/\/888starz.plus\/fr\/bonus\/sunday-boom\/","title":{"rendered":"Dimanche Boom"},"content":{"rendered":"","protected":false},"excerpt":{"rendered":"","protected":false},"author":1,"featured_media":0,"parent":152,"menu_order":0,"comment_status":"closed","ping_status":"closed","template":"","meta":{"inline_featured_image":false,"footnotes":""},"class_list":["post-896","page","type-page","status-publish","hentry"],"yoast_head":"<!-- This site is optimized with the Yoast SEO plugin v25.6 - https:\/\/yoast.com\/wordpress\/plugins\/seo\/ -->\n<title>Sunday Boom 888Starz | Doublez vos d\u00e9p\u00f4ts tous les dimanches!<\/title>\n<meta name=\"description\" content=\"Profitez de notre promotion 888Starz Sunday Boom et doublez votre d\u00e9p\u00f4t chaque week-end! Jouez \u00e0 vos machines pr\u00e9f\u00e9r\u00e9es et obtenez jusqu&#039;\u00e0 environ 258 \u20ac en cadeau. Ne manquez pas la chance de gagner gros!\" \/>\n<meta name=\"robots\" content=\"index, follow, max-snippet:-1, max-image-preview:large, max-video-preview:-1\" \/>\n<meta property=\"og:locale\" content=\"fr_FR\" \/>\n<meta property=\"og:type\" content=\"article\" \/>\n<meta property=\"og:title\" content=\"Sunday Boom 888Starz | Doublez vos d\u00e9p\u00f4ts tous les dimanches!\" \/>\n<meta property=\"og:description\" content=\"Profitez de notre promotion 888Starz Sunday Boom et doublez votre d\u00e9p\u00f4t chaque week-end! Jouez \u00e0 vos machines pr\u00e9f\u00e9r\u00e9es et obtenez jusqu&#039;\u00e0 environ 258 \u20ac en cadeau. Ne manquez pas la chance de gagner gros!\" \/>\n<meta property=\"og:url\" content=\"https:\/\/888starz.plus\/fr\/bonus\/sunday-boom\/\" \/>\n<meta property=\"og:site_name\" content=\"888starz fr\" \/>\n<meta property=\"article:modified_time\" content=\"2025-10-31T11:53:02+00:00\" \/>\n<meta name=\"twitter:card\" content=\"summary_large_image\" \/>\n<script type=\"application\/ld+json\" class=\"yoast-schema-graph\">{\"@context\":\"https:\/\/schema.org\",\"@graph\":[{\"@type\":\"WebPage\",\"@id\":\"https:\/\/888starz.plus\/fr\/bonus\/sunday-boom\/\",\"url\":\"https:\/\/888starz.plus\/fr\/bonus\/sunday-boom\/\",\"name\":\"Sunday Boom 888Starz | Doublez vos d\u00e9p\u00f4ts tous les dimanches!\",\"isPartOf\":{\"@id\":\"https:\/\/888starz.plus\/fr\/#website\"},\"datePublished\":\"2025-06-20T13:22:20+00:00\",\"dateModified\":\"2025-10-31T11:53:02+00:00\",\"description\":\"Profitez de notre promotion 888Starz Sunday Boom et doublez votre d\u00e9p\u00f4t chaque week-end! Jouez \u00e0 vos machines pr\u00e9f\u00e9r\u00e9es et obtenez jusqu'\u00e0 environ 258 \u20ac en cadeau. Ne manquez pas la chance de gagner gros!\",\"breadcrumb\":{\"@id\":\"https:\/\/888starz.plus\/fr\/bonus\/sunday-boom\/#breadcrumb\"},\"inLanguage\":\"fr-FR\",\"potentialAction\":[{\"@type\":\"ReadAction\",\"target\":[\"https:\/\/888starz.plus\/fr\/bonus\/sunday-boom\/\"]}]},{\"@type\":\"BreadcrumbList\",\"@id\":\"https:\/\/888starz.plus\/fr\/bonus\/sunday-boom\/#breadcrumb\",\"itemListElement\":[{\"@type\":\"ListItem\",\"position\":1,\"name\":\"Bonus\",\"item\":\"https:\/\/888starz.plus\/fr\/bonuses\/\"},{\"@type\":\"ListItem\",\"position\":2,\"name\":\"Dimanche Boom\"}]},{\"@type\":\"WebSite\",\"@id\":\"https:\/\/888starz.plus\/fr\/#website\",\"url\":\"https:\/\/888starz.plus\/fr\/\",\"name\":\"888starz fr\",\"description\":\"My WordPress Blog\",\"potentialAction\":[{\"@type\":\"SearchAction\",\"target\":{\"@type\":\"EntryPoint\",\"urlTemplate\":\"https:\/\/888starz.plus\/fr\/?s={search_term_string}\"},\"query-input\":{\"@type\":\"PropertyValueSpecification\",\"valueRequired\":true,\"valueName\":\"search_term_string\"}}],\"inLanguage\":\"fr-FR\"}]}<\/script>\n<!-- \/ Yoast SEO plugin. -->","yoast_head_json":{"title":"Sunday Boom 888Starz | Doublez vos d\u00e9p\u00f4ts tous les dimanches!","description":"Profitez de notre promotion 888Starz Sunday Boom et doublez votre d\u00e9p\u00f4t chaque week-end! Jouez \u00e0 vos machines pr\u00e9f\u00e9r\u00e9es et obtenez jusqu'\u00e0 environ 258 \u20ac en cadeau. Ne manquez pas la chance de gagner gros!","robots":{"index":"index","follow":"follow","max-snippet":"max-snippet:-1","max-image-preview":"max-image-preview:large","max-video-preview":"max-video-preview:-1"},"og_locale":"fr_FR","og_type":"article","og_title":"Sunday Boom 888Starz | Doublez vos d\u00e9p\u00f4ts tous les dimanches!","og_description":"Profitez de notre promotion 888Starz Sunday Boom et doublez votre d\u00e9p\u00f4t chaque week-end! Jouez \u00e0 vos machines pr\u00e9f\u00e9r\u00e9es et obtenez jusqu'\u00e0 environ 258 \u20ac en cadeau. Ne manquez pas la chance de gagner gros!","og_url":"https:\/\/888starz.plus\/fr\/bonus\/sunday-boom\/","og_site_name":"888starz fr","article_modified_time":"2025-10-31T11:53:02+00:00","twitter_card":"summary_large_image","schema":{"@context":"https:\/\/schema.org","@graph":[{"@type":"WebPage","@id":"https:\/\/888starz.plus\/fr\/bonus\/sunday-boom\/","url":"https:\/\/888starz.plus\/fr\/bonus\/sunday-boom\/","name":"Sunday Boom 888Starz | Doublez vos d\u00e9p\u00f4ts tous les dimanches!","isPartOf":{"@id":"https:\/\/888starz.plus\/fr\/#website"},"datePublished":"2025-06-20T13:22:20+00:00","dateModified":"2025-10-31T11:53:02+00:00","description":"Profitez de notre promotion 888Starz Sunday Boom et doublez votre d\u00e9p\u00f4t chaque week-end! Jouez \u00e0 vos machines pr\u00e9f\u00e9r\u00e9es et obtenez jusqu'\u00e0 environ 258 \u20ac en cadeau. Ne manquez pas la chance de gagner gros!","breadcrumb":{"@id":"https:\/\/888starz.plus\/fr\/bonus\/sunday-boom\/#breadcrumb"},"inLanguage":"fr-FR","potentialAction":[{"@type":"ReadAction","target":["https:\/\/888starz.plus\/fr\/bonus\/sunday-boom\/"]}]},{"@type":"BreadcrumbList","@id":"https:\/\/888starz.plus\/fr\/bonus\/sunday-boom\/#breadcrumb","itemListElement":[{"@type":"ListItem","position":1,"name":"Bonus","item":"https:\/\/888starz.plus\/fr\/bonuses\/"},{"@type":"ListItem","position":2,"name":"Dimanche Boom"}]},{"@type":"WebSite","@id":"https:\/\/888starz.plus\/fr\/#website","url":"https:\/\/888starz.plus\/fr\/","name":"888starz fr","description":"My WordPress Blog","potentialAction":[{"@type":"SearchAction","target":{"@type":"EntryPoint","urlTemplate":"https:\/\/888starz.plus\/fr\/?s={search_term_string}"},"query-input":{"@type":"PropertyValueSpecification","valueRequired":true,"valueName":"search_term_string"}}],"inLanguage":"fr-FR"}]}},"_links":{"self":[{"href":"https:\/\/888starz.plus\/fr\/wp-json\/wp\/v2\/pages\/896","targetHints":{"allow":["GET"]}}],"collection":[{"href":"https:\/\/888starz.plus\/fr\/wp-json\/wp\/v2\/pages"}],"about":[{"href":"https:\/\/888starz.plus\/fr\/wp-json\/wp\/v2\/types\/page"}],"author":[{"embeddable":true,"href":"https:\/\/888starz.plus\/fr\/wp-json\/wp\/v2\/users\/1"}],"replies":[{"embeddable":true,"href":"https:\/\/888starz.plus\/fr\/wp-json\/wp\/v2\/comments?post=896"}],"version-history":[{"count":6,"href":"https:\/\/888starz.plus\/fr\/wp-json\/wp\/v2\/pages\/896\/revisions"}],"predecessor-version":[{"id":1065,"href":"https:\/\/888starz.plus\/fr\/wp-json\/wp\/v2\/pages\/896\/revisions\/1065"}],"up":[{"embeddable":true,"href":"https:\/\/888starz.plus\/fr\/wp-json\/wp\/v2\/pages\/152"}],"wp:attachment":[{"href":"https:\/\/888starz.plus\/fr\/wp-json\/wp\/v2\/media?parent=896"}],"curies":[{"name":"wp","href":"https:\/\/api.w.org\/{rel}","templated":true}]}}