{"id":879,"date":"2025-06-20T12:01:38","date_gmt":"2025-06-20T12:01:38","guid":{"rendered":"https:\/\/888starz.plus\/fr\/?page_id=879"},"modified":"2025-10-31T16:38:52","modified_gmt":"2025-10-31T16:38:52","slug":"express-insurance","status":"publish","type":"page","link":"https:\/\/888starz.plus\/fr\/bonus\/express-insurance\/","title":{"rendered":"Assicurazione Express"},"content":{"rendered":"","protected":false},"excerpt":{"rendered":"","protected":false},"author":1,"featured_media":0,"parent":152,"menu_order":0,"comment_status":"closed","ping_status":"closed","template":"","meta":{"inline_featured_image":false,"footnotes":""},"class_list":["post-879","page","type-page","status-publish","hentry"],"yoast_head":"<!-- This site is optimized with the Yoast SEO plugin v25.6 - https:\/\/yoast.com\/wordpress\/plugins\/seo\/ -->\n<title>Assicurazione Express di 888Starz | Scommetti e vinci senza rischi<\/title>\n<meta name=\"description\" content=\"Vous voulez parier sans craindre de perdre? 888Starz propose une police d&#039;assurance unique! Pariez sur 7 \u00e9v\u00e9nements \u00e0 haut risque: m\u00eame si vous vous trompez sur l&#039;un d&#039;entre eux, votre mise vous sera quand m\u00eame rembours\u00e9e.\" \/>\n<meta name=\"robots\" content=\"index, follow, max-snippet:-1, max-image-preview:large, max-video-preview:-1\" \/>\n<meta property=\"og:locale\" content=\"fr_FR\" \/>\n<meta property=\"og:type\" content=\"article\" \/>\n<meta property=\"og:title\" content=\"Assicurazione Express di 888Starz | Scommetti e vinci senza rischi\" \/>\n<meta property=\"og:description\" content=\"Vous voulez parier sans craindre de perdre? 888Starz propose une police d&#039;assurance unique! Pariez sur 7 \u00e9v\u00e9nements \u00e0 haut risque: m\u00eame si vous vous trompez sur l&#039;un d&#039;entre eux, votre mise vous sera quand m\u00eame rembours\u00e9e.\" \/>\n<meta property=\"og:url\" content=\"https:\/\/888starz.plus\/fr\/bonus\/express-insurance\/\" \/>\n<meta property=\"og:site_name\" content=\"888starz fr\" \/>\n<meta property=\"article:modified_time\" content=\"2025-10-31T16:38:52+00:00\" \/>\n<meta name=\"twitter:card\" content=\"summary_large_image\" \/>\n<script type=\"application\/ld+json\" class=\"yoast-schema-graph\">{\"@context\":\"https:\/\/schema.org\",\"@graph\":[{\"@type\":\"WebPage\",\"@id\":\"https:\/\/888starz.plus\/fr\/bonus\/express-insurance\/\",\"url\":\"https:\/\/888starz.plus\/fr\/bonus\/express-insurance\/\",\"name\":\"Assicurazione Express di 888Starz | Scommetti e vinci senza rischi\",\"isPartOf\":{\"@id\":\"https:\/\/888starz.plus\/fr\/#website\"},\"datePublished\":\"2025-06-20T12:01:38+00:00\",\"dateModified\":\"2025-10-31T16:38:52+00:00\",\"description\":\"Vous voulez parier sans craindre de perdre? 888Starz propose une police d'assurance unique! Pariez sur 7 \u00e9v\u00e9nements \u00e0 haut risque: m\u00eame si vous vous trompez sur l'un d'entre eux, votre mise vous sera quand m\u00eame rembours\u00e9e.\",\"breadcrumb\":{\"@id\":\"https:\/\/888starz.plus\/fr\/bonus\/express-insurance\/#breadcrumb\"},\"inLanguage\":\"fr-FR\",\"potentialAction\":[{\"@type\":\"ReadAction\",\"target\":[\"https:\/\/888starz.plus\/fr\/bonus\/express-insurance\/\"]}]},{\"@type\":\"BreadcrumbList\",\"@id\":\"https:\/\/888starz.plus\/fr\/bonus\/express-insurance\/#breadcrumb\",\"itemListElement\":[{\"@type\":\"ListItem\",\"position\":1,\"name\":\"Bonus\",\"item\":\"https:\/\/888starz.plus\/fr\/bonuses\/\"},{\"@type\":\"ListItem\",\"position\":2,\"name\":\"Assicurazione Express\"}]},{\"@type\":\"WebSite\",\"@id\":\"https:\/\/888starz.plus\/fr\/#website\",\"url\":\"https:\/\/888starz.plus\/fr\/\",\"name\":\"888starz fr\",\"description\":\"My WordPress Blog\",\"potentialAction\":[{\"@type\":\"SearchAction\",\"target\":{\"@type\":\"EntryPoint\",\"urlTemplate\":\"https:\/\/888starz.plus\/fr\/?s={search_term_string}\"},\"query-input\":{\"@type\":\"PropertyValueSpecification\",\"valueRequired\":true,\"valueName\":\"search_term_string\"}}],\"inLanguage\":\"fr-FR\"}]}<\/script>\n<!-- \/ Yoast SEO plugin. -->","yoast_head_json":{"title":"Assicurazione Express di 888Starz | Scommetti e vinci senza rischi","description":"Vous voulez parier sans craindre de perdre? 888Starz propose une police d'assurance unique! Pariez sur 7 \u00e9v\u00e9nements \u00e0 haut risque: m\u00eame si vous vous trompez sur l'un d'entre eux, votre mise vous sera quand m\u00eame rembours\u00e9e.","robots":{"index":"index","follow":"follow","max-snippet":"max-snippet:-1","max-image-preview":"max-image-preview:large","max-video-preview":"max-video-preview:-1"},"og_locale":"fr_FR","og_type":"article","og_title":"Assicurazione Express di 888Starz | Scommetti e vinci senza rischi","og_description":"Vous voulez parier sans craindre de perdre? 888Starz propose une police d'assurance unique! Pariez sur 7 \u00e9v\u00e9nements \u00e0 haut risque: m\u00eame si vous vous trompez sur l'un d'entre eux, votre mise vous sera quand m\u00eame rembours\u00e9e.","og_url":"https:\/\/888starz.plus\/fr\/bonus\/express-insurance\/","og_site_name":"888starz fr","article_modified_time":"2025-10-31T16:38:52+00:00","twitter_card":"summary_large_image","schema":{"@context":"https:\/\/schema.org","@graph":[{"@type":"WebPage","@id":"https:\/\/888starz.plus\/fr\/bonus\/express-insurance\/","url":"https:\/\/888starz.plus\/fr\/bonus\/express-insurance\/","name":"Assicurazione Express di 888Starz | Scommetti e vinci senza rischi","isPartOf":{"@id":"https:\/\/888starz.plus\/fr\/#website"},"datePublished":"2025-06-20T12:01:38+00:00","dateModified":"2025-10-31T16:38:52+00:00","description":"Vous voulez parier sans craindre de perdre? 888Starz propose une police d'assurance unique! Pariez sur 7 \u00e9v\u00e9nements \u00e0 haut risque: m\u00eame si vous vous trompez sur l'un d'entre eux, votre mise vous sera quand m\u00eame rembours\u00e9e.","breadcrumb":{"@id":"https:\/\/888starz.plus\/fr\/bonus\/express-insurance\/#breadcrumb"},"inLanguage":"fr-FR","potentialAction":[{"@type":"ReadAction","target":["https:\/\/888starz.plus\/fr\/bonus\/express-insurance\/"]}]},{"@type":"BreadcrumbList","@id":"https:\/\/888starz.plus\/fr\/bonus\/express-insurance\/#breadcrumb","itemListElement":[{"@type":"ListItem","position":1,"name":"Bonus","item":"https:\/\/888starz.plus\/fr\/bonuses\/"},{"@type":"ListItem","position":2,"name":"Assicurazione Express"}]},{"@type":"WebSite","@id":"https:\/\/888starz.plus\/fr\/#website","url":"https:\/\/888starz.plus\/fr\/","name":"888starz fr","description":"My WordPress Blog","potentialAction":[{"@type":"SearchAction","target":{"@type":"EntryPoint","urlTemplate":"https:\/\/888starz.plus\/fr\/?s={search_term_string}"},"query-input":{"@type":"PropertyValueSpecification","valueRequired":true,"valueName":"search_term_string"}}],"inLanguage":"fr-FR"}]}},"_links":{"self":[{"href":"https:\/\/888starz.plus\/fr\/wp-json\/wp\/v2\/pages\/879","targetHints":{"allow":["GET"]}}],"collection":[{"href":"https:\/\/888starz.plus\/fr\/wp-json\/wp\/v2\/pages"}],"about":[{"href":"https:\/\/888starz.plus\/fr\/wp-json\/wp\/v2\/types\/page"}],"author":[{"embeddable":true,"href":"https:\/\/888starz.plus\/fr\/wp-json\/wp\/v2\/users\/1"}],"replies":[{"embeddable":true,"href":"https:\/\/888starz.plus\/fr\/wp-json\/wp\/v2\/comments?post=879"}],"version-history":[{"count":9,"href":"https:\/\/888starz.plus\/fr\/wp-json\/wp\/v2\/pages\/879\/revisions"}],"predecessor-version":[{"id":1083,"href":"https:\/\/888starz.plus\/fr\/wp-json\/wp\/v2\/pages\/879\/revisions\/1083"}],"up":[{"embeddable":true,"href":"https:\/\/888starz.plus\/fr\/wp-json\/wp\/v2\/pages\/152"}],"wp:attachment":[{"href":"https:\/\/888starz.plus\/fr\/wp-json\/wp\/v2\/media?parent=879"}],"curies":[{"name":"wp","href":"https:\/\/api.w.org\/{rel}","templated":true}]}}