{"id":2,"date":"2023-05-18T17:18:34","date_gmt":"2023-05-18T17:18:34","guid":{"rendered":"https:\/\/888starz.plus\/fr\/?page_id=2"},"modified":"2025-11-10T17:49:14","modified_gmt":"2025-11-10T17:49:14","slug":"sample-page","status":"publish","type":"page","link":"https:\/\/888starz.plus\/fr\/","title":{"rendered":"Accueil"},"content":{"rendered":"","protected":false},"excerpt":{"rendered":"","protected":false},"author":1,"featured_media":0,"parent":0,"menu_order":0,"comment_status":"closed","ping_status":"open","template":"","meta":{"inline_featured_image":false,"footnotes":""},"class_list":["post-2","page","type-page","status-publish","hentry"],"yoast_head":"<!-- This site is optimized with the Yoast SEO plugin v25.6 - https:\/\/yoast.com\/wordpress\/plugins\/seo\/ -->\n<title>888Starz \u2b55 Paris sportifs et casino<\/title>\n<meta name=\"description\" content=\"Site officiel de 888Starz \u2b50 D\u00e9couvrez tout ce qu&#039;il faut savoir sur les jeux de casino et les paris sportifs. Profitez de bonus et de cotes \u00e9lev\u00e9es pour les paris sportifs en cryptomonnaie.\" \/>\n<meta name=\"robots\" content=\"index, follow, max-snippet:-1, max-image-preview:large, max-video-preview:-1\" \/>\n<meta property=\"og:locale\" content=\"fr_FR\" \/>\n<meta property=\"og:type\" content=\"article\" \/>\n<meta property=\"og:title\" content=\"888Starz \u2b55 Paris sportifs et casino\" \/>\n<meta property=\"og:description\" content=\"Site officiel de 888Starz \u2b50 D\u00e9couvrez tout ce qu&#039;il faut savoir sur les jeux de casino et les paris sportifs. Profitez de bonus et de cotes \u00e9lev\u00e9es pour les paris sportifs en cryptomonnaie.\" \/>\n<meta property=\"og:url\" content=\"https:\/\/888starz.plus\/fr\/\" \/>\n<meta property=\"og:site_name\" content=\"888starz fr\" \/>\n<meta property=\"article:modified_time\" content=\"2025-11-10T17:49:14+00:00\" \/>\n<meta name=\"twitter:card\" content=\"summary_large_image\" \/>\n<script type=\"application\/ld+json\" class=\"yoast-schema-graph\">{\"@context\":\"https:\/\/schema.org\",\"@graph\":[{\"@type\":\"WebPage\",\"@id\":\"https:\/\/888starz.plus\/fr\/\",\"url\":\"https:\/\/888starz.plus\/fr\/\",\"name\":\"888Starz \u2b55 Paris sportifs et casino\",\"isPartOf\":{\"@id\":\"https:\/\/888starz.plus\/fr\/#website\"},\"datePublished\":\"2023-05-18T17:18:34+00:00\",\"dateModified\":\"2025-11-10T17:49:14+00:00\",\"description\":\"Site officiel de 888Starz \u2b50 D\u00e9couvrez tout ce qu'il faut savoir sur les jeux de casino et les paris sportifs. Profitez de bonus et de cotes \u00e9lev\u00e9es pour les paris sportifs en cryptomonnaie.\",\"inLanguage\":\"fr-FR\",\"potentialAction\":[{\"@type\":\"ReadAction\",\"target\":[\"https:\/\/888starz.plus\/fr\/\"]}]},{\"@type\":\"WebSite\",\"@id\":\"https:\/\/888starz.plus\/fr\/#website\",\"url\":\"https:\/\/888starz.plus\/fr\/\",\"name\":\"888starz fr\",\"description\":\"My WordPress Blog\",\"potentialAction\":[{\"@type\":\"SearchAction\",\"target\":{\"@type\":\"EntryPoint\",\"urlTemplate\":\"https:\/\/888starz.plus\/fr\/?s={search_term_string}\"},\"query-input\":{\"@type\":\"PropertyValueSpecification\",\"valueRequired\":true,\"valueName\":\"search_term_string\"}}],\"inLanguage\":\"fr-FR\"}]}<\/script>\n<!-- \/ Yoast SEO plugin. -->","yoast_head_json":{"title":"888Starz \u2b55 Paris sportifs et casino","description":"Site officiel de 888Starz \u2b50 D\u00e9couvrez tout ce qu'il faut savoir sur les jeux de casino et les paris sportifs. Profitez de bonus et de cotes \u00e9lev\u00e9es pour les paris sportifs en cryptomonnaie.","robots":{"index":"index","follow":"follow","max-snippet":"max-snippet:-1","max-image-preview":"max-image-preview:large","max-video-preview":"max-video-preview:-1"},"og_locale":"fr_FR","og_type":"article","og_title":"888Starz \u2b55 Paris sportifs et casino","og_description":"Site officiel de 888Starz \u2b50 D\u00e9couvrez tout ce qu'il faut savoir sur les jeux de casino et les paris sportifs. Profitez de bonus et de cotes \u00e9lev\u00e9es pour les paris sportifs en cryptomonnaie.","og_url":"https:\/\/888starz.plus\/fr\/","og_site_name":"888starz fr","article_modified_time":"2025-11-10T17:49:14+00:00","twitter_card":"summary_large_image","schema":{"@context":"https:\/\/schema.org","@graph":[{"@type":"WebPage","@id":"https:\/\/888starz.plus\/fr\/","url":"https:\/\/888starz.plus\/fr\/","name":"888Starz \u2b55 Paris sportifs et casino","isPartOf":{"@id":"https:\/\/888starz.plus\/fr\/#website"},"datePublished":"2023-05-18T17:18:34+00:00","dateModified":"2025-11-10T17:49:14+00:00","description":"Site officiel de 888Starz \u2b50 D\u00e9couvrez tout ce qu'il faut savoir sur les jeux de casino et les paris sportifs. Profitez de bonus et de cotes \u00e9lev\u00e9es pour les paris sportifs en cryptomonnaie.","inLanguage":"fr-FR","potentialAction":[{"@type":"ReadAction","target":["https:\/\/888starz.plus\/fr\/"]}]},{"@type":"WebSite","@id":"https:\/\/888starz.plus\/fr\/#website","url":"https:\/\/888starz.plus\/fr\/","name":"888starz fr","description":"My WordPress Blog","potentialAction":[{"@type":"SearchAction","target":{"@type":"EntryPoint","urlTemplate":"https:\/\/888starz.plus\/fr\/?s={search_term_string}"},"query-input":{"@type":"PropertyValueSpecification","valueRequired":true,"valueName":"search_term_string"}}],"inLanguage":"fr-FR"}]}},"_links":{"self":[{"href":"https:\/\/888starz.plus\/fr\/wp-json\/wp\/v2\/pages\/2","targetHints":{"allow":["GET"]}}],"collection":[{"href":"https:\/\/888starz.plus\/fr\/wp-json\/wp\/v2\/pages"}],"about":[{"href":"https:\/\/888starz.plus\/fr\/wp-json\/wp\/v2\/types\/page"}],"author":[{"embeddable":true,"href":"https:\/\/888starz.plus\/fr\/wp-json\/wp\/v2\/users\/1"}],"replies":[{"embeddable":true,"href":"https:\/\/888starz.plus\/fr\/wp-json\/wp\/v2\/comments?post=2"}],"version-history":[{"count":30,"href":"https:\/\/888starz.plus\/fr\/wp-json\/wp\/v2\/pages\/2\/revisions"}],"predecessor-version":[{"id":1088,"href":"https:\/\/888starz.plus\/fr\/wp-json\/wp\/v2\/pages\/2\/revisions\/1088"}],"wp:attachment":[{"href":"https:\/\/888starz.plus\/fr\/wp-json\/wp\/v2\/media?parent=2"}],"curies":[{"name":"wp","href":"https:\/\/api.w.org\/{rel}","templated":true}]}}