{"id":637,"date":"2024-06-25T06:07:05","date_gmt":"2024-06-25T06:07:05","guid":{"rendered":"https:\/\/888starz.plus\/et\/?page_id=637"},"modified":"2025-07-07T12:03:21","modified_gmt":"2025-07-07T12:03:21","slug":"login","status":"publish","type":"page","link":"https:\/\/888starz.plus\/et\/login\/","title":{"rendered":"Sisselogimine"},"content":{"rendered":"","protected":false},"excerpt":{"rendered":"","protected":false},"author":1,"featured_media":0,"parent":0,"menu_order":0,"comment_status":"closed","ping_status":"closed","template":"","meta":{"inline_featured_image":false,"footnotes":""},"class_list":["post-637","page","type-page","status-publish","hentry"],"yoast_head":"<!-- This site is optimized with the Yoast SEO plugin v25.6 - https:\/\/yoast.com\/wordpress\/plugins\/seo\/ -->\n<title>888Starz sisselogimine \ud83d\udd34 Juhend sisselogimise kohta<\/title>\n<meta name=\"description\" content=\"Logi sisse oma 888Starz kontole, kasutades e-posti aadressi ja parooli - Juurdep\u00e4\u00e4s ametlikule veebisaidile - Tee panuseid k\u00f5ikidele spordialadele 888Starz online kihlvedude platvormil.\" \/>\n<meta name=\"robots\" content=\"index, follow, max-snippet:-1, max-image-preview:large, max-video-preview:-1\" \/>\n<meta property=\"og:locale\" content=\"et_EE\" \/>\n<meta property=\"og:type\" content=\"article\" \/>\n<meta property=\"og:title\" content=\"888Starz sisselogimine \ud83d\udd34 Juhend sisselogimise kohta\" \/>\n<meta property=\"og:description\" content=\"Logi sisse oma 888Starz kontole, kasutades e-posti aadressi ja parooli - Juurdep\u00e4\u00e4s ametlikule veebisaidile - Tee panuseid k\u00f5ikidele spordialadele 888Starz online kihlvedude platvormil.\" \/>\n<meta property=\"og:url\" content=\"https:\/\/888starz.plus\/et\/login\/\" \/>\n<meta property=\"og:site_name\" content=\"888starz et\" \/>\n<meta property=\"article:modified_time\" content=\"2025-07-07T12:03:21+00:00\" \/>\n<meta name=\"twitter:card\" content=\"summary_large_image\" \/>\n<script type=\"application\/ld+json\" class=\"yoast-schema-graph\">{\"@context\":\"https:\/\/schema.org\",\"@graph\":[{\"@type\":\"WebPage\",\"@id\":\"https:\/\/888starz.plus\/et\/login\/\",\"url\":\"https:\/\/888starz.plus\/et\/login\/\",\"name\":\"888Starz sisselogimine \ud83d\udd34 Juhend sisselogimise kohta\",\"isPartOf\":{\"@id\":\"https:\/\/888starz.plus\/et\/#website\"},\"datePublished\":\"2024-06-25T06:07:05+00:00\",\"dateModified\":\"2025-07-07T12:03:21+00:00\",\"description\":\"Logi sisse oma 888Starz kontole, kasutades e-posti aadressi ja parooli - Juurdep\u00e4\u00e4s ametlikule veebisaidile - Tee panuseid k\u00f5ikidele spordialadele 888Starz online kihlvedude platvormil.\",\"inLanguage\":\"et\",\"potentialAction\":[{\"@type\":\"ReadAction\",\"target\":[\"https:\/\/888starz.plus\/et\/login\/\"]}]},{\"@type\":\"WebSite\",\"@id\":\"https:\/\/888starz.plus\/et\/#website\",\"url\":\"https:\/\/888starz.plus\/et\/\",\"name\":\"888starz et\",\"description\":\"My WordPress Blog\",\"potentialAction\":[{\"@type\":\"SearchAction\",\"target\":{\"@type\":\"EntryPoint\",\"urlTemplate\":\"https:\/\/888starz.plus\/et\/?s={search_term_string}\"},\"query-input\":{\"@type\":\"PropertyValueSpecification\",\"valueRequired\":true,\"valueName\":\"search_term_string\"}}],\"inLanguage\":\"et\"}]}<\/script>\n<!-- \/ Yoast SEO plugin. -->","yoast_head_json":{"title":"888Starz sisselogimine \ud83d\udd34 Juhend sisselogimise kohta","description":"Logi sisse oma 888Starz kontole, kasutades e-posti aadressi ja parooli - Juurdep\u00e4\u00e4s ametlikule veebisaidile - Tee panuseid k\u00f5ikidele spordialadele 888Starz online kihlvedude platvormil.","robots":{"index":"index","follow":"follow","max-snippet":"max-snippet:-1","max-image-preview":"max-image-preview:large","max-video-preview":"max-video-preview:-1"},"og_locale":"et_EE","og_type":"article","og_title":"888Starz sisselogimine \ud83d\udd34 Juhend sisselogimise kohta","og_description":"Logi sisse oma 888Starz kontole, kasutades e-posti aadressi ja parooli - Juurdep\u00e4\u00e4s ametlikule veebisaidile - Tee panuseid k\u00f5ikidele spordialadele 888Starz online kihlvedude platvormil.","og_url":"https:\/\/888starz.plus\/et\/login\/","og_site_name":"888starz et","article_modified_time":"2025-07-07T12:03:21+00:00","twitter_card":"summary_large_image","schema":{"@context":"https:\/\/schema.org","@graph":[{"@type":"WebPage","@id":"https:\/\/888starz.plus\/et\/login\/","url":"https:\/\/888starz.plus\/et\/login\/","name":"888Starz sisselogimine \ud83d\udd34 Juhend sisselogimise kohta","isPartOf":{"@id":"https:\/\/888starz.plus\/et\/#website"},"datePublished":"2024-06-25T06:07:05+00:00","dateModified":"2025-07-07T12:03:21+00:00","description":"Logi sisse oma 888Starz kontole, kasutades e-posti aadressi ja parooli - Juurdep\u00e4\u00e4s ametlikule veebisaidile - Tee panuseid k\u00f5ikidele spordialadele 888Starz online kihlvedude platvormil.","inLanguage":"et","potentialAction":[{"@type":"ReadAction","target":["https:\/\/888starz.plus\/et\/login\/"]}]},{"@type":"WebSite","@id":"https:\/\/888starz.plus\/et\/#website","url":"https:\/\/888starz.plus\/et\/","name":"888starz et","description":"My WordPress Blog","potentialAction":[{"@type":"SearchAction","target":{"@type":"EntryPoint","urlTemplate":"https:\/\/888starz.plus\/et\/?s={search_term_string}"},"query-input":{"@type":"PropertyValueSpecification","valueRequired":true,"valueName":"search_term_string"}}],"inLanguage":"et"}]}},"_links":{"self":[{"href":"https:\/\/888starz.plus\/et\/wp-json\/wp\/v2\/pages\/637","targetHints":{"allow":["GET"]}}],"collection":[{"href":"https:\/\/888starz.plus\/et\/wp-json\/wp\/v2\/pages"}],"about":[{"href":"https:\/\/888starz.plus\/et\/wp-json\/wp\/v2\/types\/page"}],"author":[{"embeddable":true,"href":"https:\/\/888starz.plus\/et\/wp-json\/wp\/v2\/users\/1"}],"replies":[{"embeddable":true,"href":"https:\/\/888starz.plus\/et\/wp-json\/wp\/v2\/comments?post=637"}],"version-history":[{"count":2,"href":"https:\/\/888starz.plus\/et\/wp-json\/wp\/v2\/pages\/637\/revisions"}],"predecessor-version":[{"id":937,"href":"https:\/\/888starz.plus\/et\/wp-json\/wp\/v2\/pages\/637\/revisions\/937"}],"wp:attachment":[{"href":"https:\/\/888starz.plus\/et\/wp-json\/wp\/v2\/media?parent=637"}],"curies":[{"name":"wp","href":"https:\/\/api.w.org\/{rel}","templated":true}]}}