{"id":2,"date":"2023-05-18T17:18:34","date_gmt":"2023-05-18T17:18:34","guid":{"rendered":"https:\/\/888starz.plus\/et\/?page_id=2"},"modified":"2025-07-23T18:08:43","modified_gmt":"2025-07-23T18:08:43","slug":"sample-page","status":"publish","type":"page","link":"https:\/\/888starz.plus\/et\/","title":{"rendered":"Kodu"},"content":{"rendered":"","protected":false},"excerpt":{"rendered":"","protected":false},"author":1,"featured_media":0,"parent":0,"menu_order":0,"comment_status":"closed","ping_status":"open","template":"","meta":{"inline_featured_image":false,"footnotes":""},"class_list":["post-2","page","type-page","status-publish","hentry"],"yoast_head":"<!-- This site is optimized with the Yoast SEO plugin v25.6 - https:\/\/yoast.com\/wordpress\/plugins\/seo\/ -->\n<title>888Starz \u2b55 Spordikihlvedude ja kasiino<\/title>\n<meta name=\"description\" content=\"888Starzi ametlik veebisait \u2b50 Lugege k\u00f5ike kasiinom\u00e4ngude ja spordikihlvedude kohta. Nautige boonuseid ja k\u00f5rgeid koefitsiente spordikihlvedude jaoks kr\u00fcptovaluutas\" \/>\n<meta name=\"robots\" content=\"index, follow, max-snippet:-1, max-image-preview:large, max-video-preview:-1\" \/>\n<meta property=\"og:locale\" content=\"et_EE\" \/>\n<meta property=\"og:type\" content=\"article\" \/>\n<meta property=\"og:title\" content=\"888Starz \u2b55 Spordikihlvedude ja kasiino\" \/>\n<meta property=\"og:description\" content=\"888Starzi ametlik veebisait \u2b50 Lugege k\u00f5ike kasiinom\u00e4ngude ja spordikihlvedude kohta. Nautige boonuseid ja k\u00f5rgeid koefitsiente spordikihlvedude jaoks kr\u00fcptovaluutas\" \/>\n<meta property=\"og:url\" content=\"https:\/\/888starz.plus\/et\/\" \/>\n<meta property=\"og:site_name\" content=\"888starz et\" \/>\n<meta property=\"article:modified_time\" content=\"2025-07-23T18:08:43+00:00\" \/>\n<meta name=\"twitter:card\" content=\"summary_large_image\" \/>\n<script type=\"application\/ld+json\" class=\"yoast-schema-graph\">{\"@context\":\"https:\/\/schema.org\",\"@graph\":[{\"@type\":\"WebPage\",\"@id\":\"https:\/\/888starz.plus\/et\/\",\"url\":\"https:\/\/888starz.plus\/et\/\",\"name\":\"888Starz \u2b55 Spordikihlvedude ja kasiino\",\"isPartOf\":{\"@id\":\"https:\/\/888starz.plus\/et\/#website\"},\"datePublished\":\"2023-05-18T17:18:34+00:00\",\"dateModified\":\"2025-07-23T18:08:43+00:00\",\"description\":\"888Starzi ametlik veebisait \u2b50 Lugege k\u00f5ike kasiinom\u00e4ngude ja spordikihlvedude kohta. Nautige boonuseid ja k\u00f5rgeid koefitsiente spordikihlvedude jaoks kr\u00fcptovaluutas\",\"inLanguage\":\"et\",\"potentialAction\":[{\"@type\":\"ReadAction\",\"target\":[\"https:\/\/888starz.plus\/et\/\"]}]},{\"@type\":\"WebSite\",\"@id\":\"https:\/\/888starz.plus\/et\/#website\",\"url\":\"https:\/\/888starz.plus\/et\/\",\"name\":\"888starz et\",\"description\":\"My WordPress Blog\",\"potentialAction\":[{\"@type\":\"SearchAction\",\"target\":{\"@type\":\"EntryPoint\",\"urlTemplate\":\"https:\/\/888starz.plus\/et\/?s={search_term_string}\"},\"query-input\":{\"@type\":\"PropertyValueSpecification\",\"valueRequired\":true,\"valueName\":\"search_term_string\"}}],\"inLanguage\":\"et\"}]}<\/script>\n<!-- \/ Yoast SEO plugin. -->","yoast_head_json":{"title":"888Starz \u2b55 Spordikihlvedude ja kasiino","description":"888Starzi ametlik veebisait \u2b50 Lugege k\u00f5ike kasiinom\u00e4ngude ja spordikihlvedude kohta. Nautige boonuseid ja k\u00f5rgeid koefitsiente spordikihlvedude jaoks kr\u00fcptovaluutas","robots":{"index":"index","follow":"follow","max-snippet":"max-snippet:-1","max-image-preview":"max-image-preview:large","max-video-preview":"max-video-preview:-1"},"og_locale":"et_EE","og_type":"article","og_title":"888Starz \u2b55 Spordikihlvedude ja kasiino","og_description":"888Starzi ametlik veebisait \u2b50 Lugege k\u00f5ike kasiinom\u00e4ngude ja spordikihlvedude kohta. Nautige boonuseid ja k\u00f5rgeid koefitsiente spordikihlvedude jaoks kr\u00fcptovaluutas","og_url":"https:\/\/888starz.plus\/et\/","og_site_name":"888starz et","article_modified_time":"2025-07-23T18:08:43+00:00","twitter_card":"summary_large_image","schema":{"@context":"https:\/\/schema.org","@graph":[{"@type":"WebPage","@id":"https:\/\/888starz.plus\/et\/","url":"https:\/\/888starz.plus\/et\/","name":"888Starz \u2b55 Spordikihlvedude ja kasiino","isPartOf":{"@id":"https:\/\/888starz.plus\/et\/#website"},"datePublished":"2023-05-18T17:18:34+00:00","dateModified":"2025-07-23T18:08:43+00:00","description":"888Starzi ametlik veebisait \u2b50 Lugege k\u00f5ike kasiinom\u00e4ngude ja spordikihlvedude kohta. Nautige boonuseid ja k\u00f5rgeid koefitsiente spordikihlvedude jaoks kr\u00fcptovaluutas","inLanguage":"et","potentialAction":[{"@type":"ReadAction","target":["https:\/\/888starz.plus\/et\/"]}]},{"@type":"WebSite","@id":"https:\/\/888starz.plus\/et\/#website","url":"https:\/\/888starz.plus\/et\/","name":"888starz et","description":"My WordPress Blog","potentialAction":[{"@type":"SearchAction","target":{"@type":"EntryPoint","urlTemplate":"https:\/\/888starz.plus\/et\/?s={search_term_string}"},"query-input":{"@type":"PropertyValueSpecification","valueRequired":true,"valueName":"search_term_string"}}],"inLanguage":"et"}]}},"_links":{"self":[{"href":"https:\/\/888starz.plus\/et\/wp-json\/wp\/v2\/pages\/2","targetHints":{"allow":["GET"]}}],"collection":[{"href":"https:\/\/888starz.plus\/et\/wp-json\/wp\/v2\/pages"}],"about":[{"href":"https:\/\/888starz.plus\/et\/wp-json\/wp\/v2\/types\/page"}],"author":[{"embeddable":true,"href":"https:\/\/888starz.plus\/et\/wp-json\/wp\/v2\/users\/1"}],"replies":[{"embeddable":true,"href":"https:\/\/888starz.plus\/et\/wp-json\/wp\/v2\/comments?post=2"}],"version-history":[{"count":11,"href":"https:\/\/888starz.plus\/et\/wp-json\/wp\/v2\/pages\/2\/revisions"}],"predecessor-version":[{"id":944,"href":"https:\/\/888starz.plus\/et\/wp-json\/wp\/v2\/pages\/2\/revisions\/944"}],"wp:attachment":[{"href":"https:\/\/888starz.plus\/et\/wp-json\/wp\/v2\/media?parent=2"}],"curies":[{"name":"wp","href":"https:\/\/api.w.org\/{rel}","templated":true}]}}