{"id":896,"date":"2025-06-20T13:22:20","date_gmt":"2025-06-20T13:22:20","guid":{"rendered":"https:\/\/888starz.plus\/?page_id=896"},"modified":"2025-07-26T05:39:46","modified_gmt":"2025-07-26T05:39:46","slug":"sunday-boom","status":"publish","type":"page","link":"https:\/\/888starz.plus\/es\/bonus\/sunday-boom\/","title":{"rendered":"Domingo Boom"},"content":{"rendered":"","protected":false},"excerpt":{"rendered":"","protected":false},"author":1,"featured_media":0,"parent":464,"menu_order":0,"comment_status":"closed","ping_status":"closed","template":"","meta":{"inline_featured_image":false,"footnotes":""},"class_list":["post-896","page","type-page","status-publish","hentry"],"yoast_head":"<!-- This site is optimized with the Yoast SEO plugin v25.6 - https:\/\/yoast.com\/wordpress\/plugins\/seo\/ -->\n<title>Sunday Boom 888Starz | \u00a1Dobla tus dep\u00f3sitos cada domingo!<\/title>\n<meta name=\"description\" content=\"Aprovecha nuestra promoci\u00f3n 888Starz Sunday Boom y \u00a1dobla tu dep\u00f3sito cada fin de semana! Juega a tus m\u00e1quinas favoritas y ll\u00e9vate hasta 300 EUR de regalo. \u00a1No pierdas la oportunidad de ganar a lo grande!\" \/>\n<meta name=\"robots\" content=\"index, follow, max-snippet:-1, max-image-preview:large, max-video-preview:-1\" \/>\n<meta property=\"og:locale\" content=\"es_ES\" \/>\n<meta property=\"og:type\" content=\"article\" \/>\n<meta property=\"og:title\" content=\"Sunday Boom 888Starz | \u00a1Dobla tus dep\u00f3sitos cada domingo!\" \/>\n<meta property=\"og:description\" content=\"Aprovecha nuestra promoci\u00f3n 888Starz Sunday Boom y \u00a1dobla tu dep\u00f3sito cada fin de semana! Juega a tus m\u00e1quinas favoritas y ll\u00e9vate hasta 300 EUR de regalo. \u00a1No pierdas la oportunidad de ganar a lo grande!\" \/>\n<meta property=\"og:url\" content=\"https:\/\/888starz.plus\/es\/bonus\/sunday-boom\/\" \/>\n<meta property=\"og:site_name\" content=\"888Starz es\" \/>\n<meta property=\"article:modified_time\" content=\"2025-07-26T05:39:46+00:00\" \/>\n<meta name=\"twitter:card\" content=\"summary_large_image\" \/>\n<script type=\"application\/ld+json\" class=\"yoast-schema-graph\">{\"@context\":\"https:\/\/schema.org\",\"@graph\":[{\"@type\":\"WebPage\",\"@id\":\"https:\/\/888starz.plus\/es\/bonus\/sunday-boom\/\",\"url\":\"https:\/\/888starz.plus\/es\/bonus\/sunday-boom\/\",\"name\":\"Sunday Boom 888Starz | \u00a1Dobla tus dep\u00f3sitos cada domingo!\",\"isPartOf\":{\"@id\":\"https:\/\/888starz.plus\/es\/#website\"},\"datePublished\":\"2025-06-20T13:22:20+00:00\",\"dateModified\":\"2025-07-26T05:39:46+00:00\",\"description\":\"Aprovecha nuestra promoci\u00f3n 888Starz Sunday Boom y \u00a1dobla tu dep\u00f3sito cada fin de semana! Juega a tus m\u00e1quinas favoritas y ll\u00e9vate hasta 300 EUR de regalo. \u00a1No pierdas la oportunidad de ganar a lo grande!\",\"breadcrumb\":{\"@id\":\"https:\/\/888starz.plus\/es\/bonus\/sunday-boom\/#breadcrumb\"},\"inLanguage\":\"es\",\"potentialAction\":[{\"@type\":\"ReadAction\",\"target\":[\"https:\/\/888starz.plus\/es\/bonus\/sunday-boom\/\"]}]},{\"@type\":\"BreadcrumbList\",\"@id\":\"https:\/\/888starz.plus\/es\/bonus\/sunday-boom\/#breadcrumb\",\"itemListElement\":[{\"@type\":\"ListItem\",\"position\":1,\"name\":\"Bono\",\"item\":\"https:\/\/888starz.plus\/es\/bonus\/\"},{\"@type\":\"ListItem\",\"position\":2,\"name\":\"Domingo Boom\"}]},{\"@type\":\"WebSite\",\"@id\":\"https:\/\/888starz.plus\/es\/#website\",\"url\":\"https:\/\/888starz.plus\/es\/\",\"name\":\"888Starz es\",\"description\":\"My WordPress Blog\",\"potentialAction\":[{\"@type\":\"SearchAction\",\"target\":{\"@type\":\"EntryPoint\",\"urlTemplate\":\"https:\/\/888starz.plus\/es\/?s={search_term_string}\"},\"query-input\":{\"@type\":\"PropertyValueSpecification\",\"valueRequired\":true,\"valueName\":\"search_term_string\"}}],\"inLanguage\":\"es\"}]}<\/script>\n<!-- \/ Yoast SEO plugin. -->","yoast_head_json":{"title":"Sunday Boom 888Starz | \u00a1Dobla tus dep\u00f3sitos cada domingo!","description":"Aprovecha nuestra promoci\u00f3n 888Starz Sunday Boom y \u00a1dobla tu dep\u00f3sito cada fin de semana! Juega a tus m\u00e1quinas favoritas y ll\u00e9vate hasta 300 EUR de regalo. \u00a1No pierdas la oportunidad de ganar a lo grande!","robots":{"index":"index","follow":"follow","max-snippet":"max-snippet:-1","max-image-preview":"max-image-preview:large","max-video-preview":"max-video-preview:-1"},"og_locale":"es_ES","og_type":"article","og_title":"Sunday Boom 888Starz | \u00a1Dobla tus dep\u00f3sitos cada domingo!","og_description":"Aprovecha nuestra promoci\u00f3n 888Starz Sunday Boom y \u00a1dobla tu dep\u00f3sito cada fin de semana! Juega a tus m\u00e1quinas favoritas y ll\u00e9vate hasta 300 EUR de regalo. \u00a1No pierdas la oportunidad de ganar a lo grande!","og_url":"https:\/\/888starz.plus\/es\/bonus\/sunday-boom\/","og_site_name":"888Starz es","article_modified_time":"2025-07-26T05:39:46+00:00","twitter_card":"summary_large_image","schema":{"@context":"https:\/\/schema.org","@graph":[{"@type":"WebPage","@id":"https:\/\/888starz.plus\/es\/bonus\/sunday-boom\/","url":"https:\/\/888starz.plus\/es\/bonus\/sunday-boom\/","name":"Sunday Boom 888Starz | \u00a1Dobla tus dep\u00f3sitos cada domingo!","isPartOf":{"@id":"https:\/\/888starz.plus\/es\/#website"},"datePublished":"2025-06-20T13:22:20+00:00","dateModified":"2025-07-26T05:39:46+00:00","description":"Aprovecha nuestra promoci\u00f3n 888Starz Sunday Boom y \u00a1dobla tu dep\u00f3sito cada fin de semana! Juega a tus m\u00e1quinas favoritas y ll\u00e9vate hasta 300 EUR de regalo. \u00a1No pierdas la oportunidad de ganar a lo grande!","breadcrumb":{"@id":"https:\/\/888starz.plus\/es\/bonus\/sunday-boom\/#breadcrumb"},"inLanguage":"es","potentialAction":[{"@type":"ReadAction","target":["https:\/\/888starz.plus\/es\/bonus\/sunday-boom\/"]}]},{"@type":"BreadcrumbList","@id":"https:\/\/888starz.plus\/es\/bonus\/sunday-boom\/#breadcrumb","itemListElement":[{"@type":"ListItem","position":1,"name":"Bono","item":"https:\/\/888starz.plus\/es\/bonus\/"},{"@type":"ListItem","position":2,"name":"Domingo Boom"}]},{"@type":"WebSite","@id":"https:\/\/888starz.plus\/es\/#website","url":"https:\/\/888starz.plus\/es\/","name":"888Starz es","description":"My WordPress Blog","potentialAction":[{"@type":"SearchAction","target":{"@type":"EntryPoint","urlTemplate":"https:\/\/888starz.plus\/es\/?s={search_term_string}"},"query-input":{"@type":"PropertyValueSpecification","valueRequired":true,"valueName":"search_term_string"}}],"inLanguage":"es"}]}},"_links":{"self":[{"href":"https:\/\/888starz.plus\/es\/wp-json\/wp\/v2\/pages\/896","targetHints":{"allow":["GET"]}}],"collection":[{"href":"https:\/\/888starz.plus\/es\/wp-json\/wp\/v2\/pages"}],"about":[{"href":"https:\/\/888starz.plus\/es\/wp-json\/wp\/v2\/types\/page"}],"author":[{"embeddable":true,"href":"https:\/\/888starz.plus\/es\/wp-json\/wp\/v2\/users\/1"}],"replies":[{"embeddable":true,"href":"https:\/\/888starz.plus\/es\/wp-json\/wp\/v2\/comments?post=896"}],"version-history":[{"count":4,"href":"https:\/\/888starz.plus\/es\/wp-json\/wp\/v2\/pages\/896\/revisions"}],"predecessor-version":[{"id":922,"href":"https:\/\/888starz.plus\/es\/wp-json\/wp\/v2\/pages\/896\/revisions\/922"}],"up":[{"embeddable":true,"href":"https:\/\/888starz.plus\/es\/wp-json\/wp\/v2\/pages\/464"}],"wp:attachment":[{"href":"https:\/\/888starz.plus\/es\/wp-json\/wp\/v2\/media?parent=896"}],"curies":[{"name":"wp","href":"https:\/\/api.w.org\/{rel}","templated":true}]}}