{"id":879,"date":"2025-06-20T12:01:38","date_gmt":"2025-06-20T12:01:38","guid":{"rendered":"https:\/\/888starz.plus\/?page_id=879"},"modified":"2025-07-26T05:36:56","modified_gmt":"2025-07-26T05:36:56","slug":"express-insurance","status":"publish","type":"page","link":"https:\/\/888starz.plus\/es\/bonus\/express-insurance\/","title":{"rendered":"Seguro expr\u00e9s"},"content":{"rendered":"","protected":false},"excerpt":{"rendered":"","protected":false},"author":1,"featured_media":0,"parent":464,"menu_order":0,"comment_status":"closed","ping_status":"closed","template":"","meta":{"inline_featured_image":false,"footnotes":""},"class_list":["post-879","page","type-page","status-publish","hentry"],"yoast_head":"<!-- This site is optimized with the Yoast SEO plugin v25.6 - https:\/\/yoast.com\/wordpress\/plugins\/seo\/ -->\n<title>Seguro Express de 888Starz | Apuesta y gana sin riesgo<\/title>\n<meta name=\"description\" content=\"\u00bfQuieres apostar expr\u00e9s sin miedo a perder? \u00a1888Starz le ofrece una p\u00f3liza de seguro \u00fanica! Apuesta en 7 eventos de apuestas altas - incluso si te equivocas en uno, te devolver\u00e1n tu apuesta.\" \/>\n<meta name=\"robots\" content=\"index, follow, max-snippet:-1, max-image-preview:large, max-video-preview:-1\" \/>\n<meta property=\"og:locale\" content=\"es_ES\" \/>\n<meta property=\"og:type\" content=\"article\" \/>\n<meta property=\"og:title\" content=\"Seguro Express de 888Starz | Apuesta y gana sin riesgo\" \/>\n<meta property=\"og:description\" content=\"\u00bfQuieres apostar expr\u00e9s sin miedo a perder? \u00a1888Starz le ofrece una p\u00f3liza de seguro \u00fanica! Apuesta en 7 eventos de apuestas altas - incluso si te equivocas en uno, te devolver\u00e1n tu apuesta.\" \/>\n<meta property=\"og:url\" content=\"https:\/\/888starz.plus\/es\/bonus\/express-insurance\/\" \/>\n<meta property=\"og:site_name\" content=\"888Starz es\" \/>\n<meta property=\"article:modified_time\" content=\"2025-07-26T05:36:56+00:00\" \/>\n<meta name=\"twitter:card\" content=\"summary_large_image\" \/>\n<script type=\"application\/ld+json\" class=\"yoast-schema-graph\">{\"@context\":\"https:\/\/schema.org\",\"@graph\":[{\"@type\":\"WebPage\",\"@id\":\"https:\/\/888starz.plus\/es\/bonus\/express-insurance\/\",\"url\":\"https:\/\/888starz.plus\/es\/bonus\/express-insurance\/\",\"name\":\"Seguro Express de 888Starz | Apuesta y gana sin riesgo\",\"isPartOf\":{\"@id\":\"https:\/\/888starz.plus\/es\/#website\"},\"datePublished\":\"2025-06-20T12:01:38+00:00\",\"dateModified\":\"2025-07-26T05:36:56+00:00\",\"description\":\"\u00bfQuieres apostar expr\u00e9s sin miedo a perder? \u00a1888Starz le ofrece una p\u00f3liza de seguro \u00fanica! Apuesta en 7 eventos de apuestas altas - incluso si te equivocas en uno, te devolver\u00e1n tu apuesta.\",\"breadcrumb\":{\"@id\":\"https:\/\/888starz.plus\/es\/bonus\/express-insurance\/#breadcrumb\"},\"inLanguage\":\"es\",\"potentialAction\":[{\"@type\":\"ReadAction\",\"target\":[\"https:\/\/888starz.plus\/es\/bonus\/express-insurance\/\"]}]},{\"@type\":\"BreadcrumbList\",\"@id\":\"https:\/\/888starz.plus\/es\/bonus\/express-insurance\/#breadcrumb\",\"itemListElement\":[{\"@type\":\"ListItem\",\"position\":1,\"name\":\"Bono\",\"item\":\"https:\/\/888starz.plus\/es\/bonus\/\"},{\"@type\":\"ListItem\",\"position\":2,\"name\":\"Seguro expr\u00e9s\"}]},{\"@type\":\"WebSite\",\"@id\":\"https:\/\/888starz.plus\/es\/#website\",\"url\":\"https:\/\/888starz.plus\/es\/\",\"name\":\"888Starz es\",\"description\":\"My WordPress Blog\",\"potentialAction\":[{\"@type\":\"SearchAction\",\"target\":{\"@type\":\"EntryPoint\",\"urlTemplate\":\"https:\/\/888starz.plus\/es\/?s={search_term_string}\"},\"query-input\":{\"@type\":\"PropertyValueSpecification\",\"valueRequired\":true,\"valueName\":\"search_term_string\"}}],\"inLanguage\":\"es\"}]}<\/script>\n<!-- \/ Yoast SEO plugin. -->","yoast_head_json":{"title":"Seguro Express de 888Starz | Apuesta y gana sin riesgo","description":"\u00bfQuieres apostar expr\u00e9s sin miedo a perder? \u00a1888Starz le ofrece una p\u00f3liza de seguro \u00fanica! Apuesta en 7 eventos de apuestas altas - incluso si te equivocas en uno, te devolver\u00e1n tu apuesta.","robots":{"index":"index","follow":"follow","max-snippet":"max-snippet:-1","max-image-preview":"max-image-preview:large","max-video-preview":"max-video-preview:-1"},"og_locale":"es_ES","og_type":"article","og_title":"Seguro Express de 888Starz | Apuesta y gana sin riesgo","og_description":"\u00bfQuieres apostar expr\u00e9s sin miedo a perder? \u00a1888Starz le ofrece una p\u00f3liza de seguro \u00fanica! Apuesta en 7 eventos de apuestas altas - incluso si te equivocas en uno, te devolver\u00e1n tu apuesta.","og_url":"https:\/\/888starz.plus\/es\/bonus\/express-insurance\/","og_site_name":"888Starz es","article_modified_time":"2025-07-26T05:36:56+00:00","twitter_card":"summary_large_image","schema":{"@context":"https:\/\/schema.org","@graph":[{"@type":"WebPage","@id":"https:\/\/888starz.plus\/es\/bonus\/express-insurance\/","url":"https:\/\/888starz.plus\/es\/bonus\/express-insurance\/","name":"Seguro Express de 888Starz | Apuesta y gana sin riesgo","isPartOf":{"@id":"https:\/\/888starz.plus\/es\/#website"},"datePublished":"2025-06-20T12:01:38+00:00","dateModified":"2025-07-26T05:36:56+00:00","description":"\u00bfQuieres apostar expr\u00e9s sin miedo a perder? \u00a1888Starz le ofrece una p\u00f3liza de seguro \u00fanica! Apuesta en 7 eventos de apuestas altas - incluso si te equivocas en uno, te devolver\u00e1n tu apuesta.","breadcrumb":{"@id":"https:\/\/888starz.plus\/es\/bonus\/express-insurance\/#breadcrumb"},"inLanguage":"es","potentialAction":[{"@type":"ReadAction","target":["https:\/\/888starz.plus\/es\/bonus\/express-insurance\/"]}]},{"@type":"BreadcrumbList","@id":"https:\/\/888starz.plus\/es\/bonus\/express-insurance\/#breadcrumb","itemListElement":[{"@type":"ListItem","position":1,"name":"Bono","item":"https:\/\/888starz.plus\/es\/bonus\/"},{"@type":"ListItem","position":2,"name":"Seguro expr\u00e9s"}]},{"@type":"WebSite","@id":"https:\/\/888starz.plus\/es\/#website","url":"https:\/\/888starz.plus\/es\/","name":"888Starz es","description":"My WordPress Blog","potentialAction":[{"@type":"SearchAction","target":{"@type":"EntryPoint","urlTemplate":"https:\/\/888starz.plus\/es\/?s={search_term_string}"},"query-input":{"@type":"PropertyValueSpecification","valueRequired":true,"valueName":"search_term_string"}}],"inLanguage":"es"}]}},"_links":{"self":[{"href":"https:\/\/888starz.plus\/es\/wp-json\/wp\/v2\/pages\/879","targetHints":{"allow":["GET"]}}],"collection":[{"href":"https:\/\/888starz.plus\/es\/wp-json\/wp\/v2\/pages"}],"about":[{"href":"https:\/\/888starz.plus\/es\/wp-json\/wp\/v2\/types\/page"}],"author":[{"embeddable":true,"href":"https:\/\/888starz.plus\/es\/wp-json\/wp\/v2\/users\/1"}],"replies":[{"embeddable":true,"href":"https:\/\/888starz.plus\/es\/wp-json\/wp\/v2\/comments?post=879"}],"version-history":[{"count":4,"href":"https:\/\/888starz.plus\/es\/wp-json\/wp\/v2\/pages\/879\/revisions"}],"predecessor-version":[{"id":921,"href":"https:\/\/888starz.plus\/es\/wp-json\/wp\/v2\/pages\/879\/revisions\/921"}],"up":[{"embeddable":true,"href":"https:\/\/888starz.plus\/es\/wp-json\/wp\/v2\/pages\/464"}],"wp:attachment":[{"href":"https:\/\/888starz.plus\/es\/wp-json\/wp\/v2\/media?parent=879"}],"curies":[{"name":"wp","href":"https:\/\/api.w.org\/{rel}","templated":true}]}}