{"id":889,"date":"2025-06-20T12:27:10","date_gmt":"2025-06-20T12:27:10","guid":{"rendered":"https:\/\/888starz.plus\/de\/?page_id=889"},"modified":"2025-08-06T19:19:37","modified_gmt":"2025-08-06T19:19:37","slug":"express-booster","status":"publish","type":"page","link":"https:\/\/888starz.plus\/de\/bonus\/express-booster\/","title":{"rendered":"Express Booster"},"content":{"rendered":"","protected":false},"excerpt":{"rendered":"","protected":false},"author":1,"featured_media":0,"parent":152,"menu_order":0,"comment_status":"closed","ping_status":"closed","template":"","meta":{"inline_featured_image":false,"footnotes":""},"class_list":["post-889","page","type-page","status-publish","hentry"],"yoast_head":"<!-- This site is optimized with the Yoast SEO plugin v25.6 - https:\/\/yoast.com\/wordpress\/plugins\/seo\/ -->\n<title>888Starz Express-Booster | Steigern Sie Ihre Gewinne<\/title>\n<meta name=\"description\" content=\"Sind Sie bereit f\u00fcr gro\u00dfe Gewinne? Der Express Booster von 888Starz belohnt Mut! Erh\u00f6hen Sie Ihre Quoten und erhalten Sie Boni f\u00fcr Wetten auf gro\u00dfe Express-Wetten.\" \/>\n<meta name=\"robots\" content=\"index, follow, max-snippet:-1, max-image-preview:large, max-video-preview:-1\" \/>\n<meta property=\"og:locale\" content=\"de_DE\" \/>\n<meta property=\"og:type\" content=\"article\" \/>\n<meta property=\"og:title\" content=\"888Starz Express-Booster | Steigern Sie Ihre Gewinne\" \/>\n<meta property=\"og:description\" content=\"Sind Sie bereit f\u00fcr gro\u00dfe Gewinne? Der Express Booster von 888Starz belohnt Mut! Erh\u00f6hen Sie Ihre Quoten und erhalten Sie Boni f\u00fcr Wetten auf gro\u00dfe Express-Wetten.\" \/>\n<meta property=\"og:url\" content=\"https:\/\/888starz.plus\/de\/bonus\/express-booster\/\" \/>\n<meta property=\"og:site_name\" content=\"888Starz de\" \/>\n<meta property=\"article:modified_time\" content=\"2025-08-06T19:19:37+00:00\" \/>\n<meta name=\"twitter:card\" content=\"summary_large_image\" \/>\n<script type=\"application\/ld+json\" class=\"yoast-schema-graph\">{\"@context\":\"https:\/\/schema.org\",\"@graph\":[{\"@type\":\"WebPage\",\"@id\":\"https:\/\/888starz.plus\/de\/bonus\/express-booster\/\",\"url\":\"https:\/\/888starz.plus\/de\/bonus\/express-booster\/\",\"name\":\"888Starz Express-Booster | Steigern Sie Ihre Gewinne\",\"isPartOf\":{\"@id\":\"https:\/\/888starz.plus\/de\/#website\"},\"datePublished\":\"2025-06-20T12:27:10+00:00\",\"dateModified\":\"2025-08-06T19:19:37+00:00\",\"description\":\"Sind Sie bereit f\u00fcr gro\u00dfe Gewinne? Der Express Booster von 888Starz belohnt Mut! Erh\u00f6hen Sie Ihre Quoten und erhalten Sie Boni f\u00fcr Wetten auf gro\u00dfe Express-Wetten.\",\"breadcrumb\":{\"@id\":\"https:\/\/888starz.plus\/de\/bonus\/express-booster\/#breadcrumb\"},\"inLanguage\":\"de\",\"potentialAction\":[{\"@type\":\"ReadAction\",\"target\":[\"https:\/\/888starz.plus\/de\/bonus\/express-booster\/\"]}]},{\"@type\":\"BreadcrumbList\",\"@id\":\"https:\/\/888starz.plus\/de\/bonus\/express-booster\/#breadcrumb\",\"itemListElement\":[{\"@type\":\"ListItem\",\"position\":1,\"name\":\"Bonus\",\"item\":\"https:\/\/888starz.plus\/de\/bonuses\/\"},{\"@type\":\"ListItem\",\"position\":2,\"name\":\"Express Booster\"}]},{\"@type\":\"WebSite\",\"@id\":\"https:\/\/888starz.plus\/de\/#website\",\"url\":\"https:\/\/888starz.plus\/de\/\",\"name\":\"888Starz de\",\"description\":\"My WordPress Blog\",\"potentialAction\":[{\"@type\":\"SearchAction\",\"target\":{\"@type\":\"EntryPoint\",\"urlTemplate\":\"https:\/\/888starz.plus\/de\/?s={search_term_string}\"},\"query-input\":{\"@type\":\"PropertyValueSpecification\",\"valueRequired\":true,\"valueName\":\"search_term_string\"}}],\"inLanguage\":\"de\"}]}<\/script>\n<!-- \/ Yoast SEO plugin. -->","yoast_head_json":{"title":"888Starz Express-Booster | Steigern Sie Ihre Gewinne","description":"Sind Sie bereit f\u00fcr gro\u00dfe Gewinne? Der Express Booster von 888Starz belohnt Mut! Erh\u00f6hen Sie Ihre Quoten und erhalten Sie Boni f\u00fcr Wetten auf gro\u00dfe Express-Wetten.","robots":{"index":"index","follow":"follow","max-snippet":"max-snippet:-1","max-image-preview":"max-image-preview:large","max-video-preview":"max-video-preview:-1"},"og_locale":"de_DE","og_type":"article","og_title":"888Starz Express-Booster | Steigern Sie Ihre Gewinne","og_description":"Sind Sie bereit f\u00fcr gro\u00dfe Gewinne? Der Express Booster von 888Starz belohnt Mut! Erh\u00f6hen Sie Ihre Quoten und erhalten Sie Boni f\u00fcr Wetten auf gro\u00dfe Express-Wetten.","og_url":"https:\/\/888starz.plus\/de\/bonus\/express-booster\/","og_site_name":"888Starz de","article_modified_time":"2025-08-06T19:19:37+00:00","twitter_card":"summary_large_image","schema":{"@context":"https:\/\/schema.org","@graph":[{"@type":"WebPage","@id":"https:\/\/888starz.plus\/de\/bonus\/express-booster\/","url":"https:\/\/888starz.plus\/de\/bonus\/express-booster\/","name":"888Starz Express-Booster | Steigern Sie Ihre Gewinne","isPartOf":{"@id":"https:\/\/888starz.plus\/de\/#website"},"datePublished":"2025-06-20T12:27:10+00:00","dateModified":"2025-08-06T19:19:37+00:00","description":"Sind Sie bereit f\u00fcr gro\u00dfe Gewinne? Der Express Booster von 888Starz belohnt Mut! Erh\u00f6hen Sie Ihre Quoten und erhalten Sie Boni f\u00fcr Wetten auf gro\u00dfe Express-Wetten.","breadcrumb":{"@id":"https:\/\/888starz.plus\/de\/bonus\/express-booster\/#breadcrumb"},"inLanguage":"de","potentialAction":[{"@type":"ReadAction","target":["https:\/\/888starz.plus\/de\/bonus\/express-booster\/"]}]},{"@type":"BreadcrumbList","@id":"https:\/\/888starz.plus\/de\/bonus\/express-booster\/#breadcrumb","itemListElement":[{"@type":"ListItem","position":1,"name":"Bonus","item":"https:\/\/888starz.plus\/de\/bonuses\/"},{"@type":"ListItem","position":2,"name":"Express Booster"}]},{"@type":"WebSite","@id":"https:\/\/888starz.plus\/de\/#website","url":"https:\/\/888starz.plus\/de\/","name":"888Starz de","description":"My WordPress Blog","potentialAction":[{"@type":"SearchAction","target":{"@type":"EntryPoint","urlTemplate":"https:\/\/888starz.plus\/de\/?s={search_term_string}"},"query-input":{"@type":"PropertyValueSpecification","valueRequired":true,"valueName":"search_term_string"}}],"inLanguage":"de"}]}},"_links":{"self":[{"href":"https:\/\/888starz.plus\/de\/wp-json\/wp\/v2\/pages\/889","targetHints":{"allow":["GET"]}}],"collection":[{"href":"https:\/\/888starz.plus\/de\/wp-json\/wp\/v2\/pages"}],"about":[{"href":"https:\/\/888starz.plus\/de\/wp-json\/wp\/v2\/types\/page"}],"author":[{"embeddable":true,"href":"https:\/\/888starz.plus\/de\/wp-json\/wp\/v2\/users\/1"}],"replies":[{"embeddable":true,"href":"https:\/\/888starz.plus\/de\/wp-json\/wp\/v2\/comments?post=889"}],"version-history":[{"count":7,"href":"https:\/\/888starz.plus\/de\/wp-json\/wp\/v2\/pages\/889\/revisions"}],"predecessor-version":[{"id":956,"href":"https:\/\/888starz.plus\/de\/wp-json\/wp\/v2\/pages\/889\/revisions\/956"}],"up":[{"embeddable":true,"href":"https:\/\/888starz.plus\/de\/wp-json\/wp\/v2\/pages\/152"}],"wp:attachment":[{"href":"https:\/\/888starz.plus\/de\/wp-json\/wp\/v2\/media?parent=889"}],"curies":[{"name":"wp","href":"https:\/\/api.w.org\/{rel}","templated":true}]}}