{"id":732,"date":"2025-02-03T09:59:34","date_gmt":"2025-02-03T09:59:34","guid":{"rendered":"https:\/\/888starz.plus\/de\/?page_id=732"},"modified":"2025-08-06T19:16:44","modified_gmt":"2025-08-06T19:16:44","slug":"apk","status":"publish","type":"page","link":"https:\/\/888starz.plus\/de\/apk\/","title":{"rendered":"Apk"},"content":{"rendered":"","protected":false},"excerpt":{"rendered":"","protected":false},"author":1,"featured_media":0,"parent":0,"menu_order":0,"comment_status":"closed","ping_status":"closed","template":"","meta":{"inline_featured_image":false,"footnotes":""},"class_list":["post-732","page","type-page","status-publish","hentry"],"yoast_head":"<!-- This site is optimized with the Yoast SEO plugin v25.6 - https:\/\/yoast.com\/wordpress\/plugins\/seo\/ -->\n<title>Herunterladen 888starz APK f\u00fcr Android | App herunterladen<\/title>\n<meta name=\"description\" content=\"888Starz Apk ist eine sehr komfortable mobile Version f\u00fcr Smartphone-Nutzer. Kostenloser Download von 888starz Apk f\u00fcr Android und IOS Ger\u00e4te.\" \/>\n<meta name=\"robots\" content=\"index, follow, max-snippet:-1, max-image-preview:large, max-video-preview:-1\" \/>\n<meta property=\"og:locale\" content=\"de_DE\" \/>\n<meta property=\"og:type\" content=\"article\" \/>\n<meta property=\"og:title\" content=\"Herunterladen 888starz APK f\u00fcr Android | App herunterladen\" \/>\n<meta property=\"og:description\" content=\"888Starz Apk ist eine sehr komfortable mobile Version f\u00fcr Smartphone-Nutzer. Kostenloser Download von 888starz Apk f\u00fcr Android und IOS Ger\u00e4te.\" \/>\n<meta property=\"og:url\" content=\"https:\/\/888starz.plus\/de\/apk\/\" \/>\n<meta property=\"og:site_name\" content=\"888Starz de\" \/>\n<meta property=\"article:modified_time\" content=\"2025-08-06T19:16:44+00:00\" \/>\n<meta name=\"twitter:card\" content=\"summary_large_image\" \/>\n<script type=\"application\/ld+json\" class=\"yoast-schema-graph\">{\"@context\":\"https:\/\/schema.org\",\"@graph\":[{\"@type\":\"WebPage\",\"@id\":\"https:\/\/888starz.plus\/de\/apk\/\",\"url\":\"https:\/\/888starz.plus\/de\/apk\/\",\"name\":\"Herunterladen 888starz APK f\u00fcr Android | App herunterladen\",\"isPartOf\":{\"@id\":\"https:\/\/888starz.plus\/de\/#website\"},\"datePublished\":\"2025-02-03T09:59:34+00:00\",\"dateModified\":\"2025-08-06T19:16:44+00:00\",\"description\":\"888Starz Apk ist eine sehr komfortable mobile Version f\u00fcr Smartphone-Nutzer. Kostenloser Download von 888starz Apk f\u00fcr Android und IOS Ger\u00e4te.\",\"inLanguage\":\"de\",\"potentialAction\":[{\"@type\":\"ReadAction\",\"target\":[\"https:\/\/888starz.plus\/de\/apk\/\"]}]},{\"@type\":\"WebSite\",\"@id\":\"https:\/\/888starz.plus\/de\/#website\",\"url\":\"https:\/\/888starz.plus\/de\/\",\"name\":\"888Starz de\",\"description\":\"My WordPress Blog\",\"potentialAction\":[{\"@type\":\"SearchAction\",\"target\":{\"@type\":\"EntryPoint\",\"urlTemplate\":\"https:\/\/888starz.plus\/de\/?s={search_term_string}\"},\"query-input\":{\"@type\":\"PropertyValueSpecification\",\"valueRequired\":true,\"valueName\":\"search_term_string\"}}],\"inLanguage\":\"de\"}]}<\/script>\n<!-- \/ Yoast SEO plugin. -->","yoast_head_json":{"title":"Herunterladen 888starz APK f\u00fcr Android | App herunterladen","description":"888Starz Apk ist eine sehr komfortable mobile Version f\u00fcr Smartphone-Nutzer. Kostenloser Download von 888starz Apk f\u00fcr Android und IOS Ger\u00e4te.","robots":{"index":"index","follow":"follow","max-snippet":"max-snippet:-1","max-image-preview":"max-image-preview:large","max-video-preview":"max-video-preview:-1"},"og_locale":"de_DE","og_type":"article","og_title":"Herunterladen 888starz APK f\u00fcr Android | App herunterladen","og_description":"888Starz Apk ist eine sehr komfortable mobile Version f\u00fcr Smartphone-Nutzer. Kostenloser Download von 888starz Apk f\u00fcr Android und IOS Ger\u00e4te.","og_url":"https:\/\/888starz.plus\/de\/apk\/","og_site_name":"888Starz de","article_modified_time":"2025-08-06T19:16:44+00:00","twitter_card":"summary_large_image","schema":{"@context":"https:\/\/schema.org","@graph":[{"@type":"WebPage","@id":"https:\/\/888starz.plus\/de\/apk\/","url":"https:\/\/888starz.plus\/de\/apk\/","name":"Herunterladen 888starz APK f\u00fcr Android | App herunterladen","isPartOf":{"@id":"https:\/\/888starz.plus\/de\/#website"},"datePublished":"2025-02-03T09:59:34+00:00","dateModified":"2025-08-06T19:16:44+00:00","description":"888Starz Apk ist eine sehr komfortable mobile Version f\u00fcr Smartphone-Nutzer. Kostenloser Download von 888starz Apk f\u00fcr Android und IOS Ger\u00e4te.","inLanguage":"de","potentialAction":[{"@type":"ReadAction","target":["https:\/\/888starz.plus\/de\/apk\/"]}]},{"@type":"WebSite","@id":"https:\/\/888starz.plus\/de\/#website","url":"https:\/\/888starz.plus\/de\/","name":"888Starz de","description":"My WordPress Blog","potentialAction":[{"@type":"SearchAction","target":{"@type":"EntryPoint","urlTemplate":"https:\/\/888starz.plus\/de\/?s={search_term_string}"},"query-input":{"@type":"PropertyValueSpecification","valueRequired":true,"valueName":"search_term_string"}}],"inLanguage":"de"}]}},"_links":{"self":[{"href":"https:\/\/888starz.plus\/de\/wp-json\/wp\/v2\/pages\/732","targetHints":{"allow":["GET"]}}],"collection":[{"href":"https:\/\/888starz.plus\/de\/wp-json\/wp\/v2\/pages"}],"about":[{"href":"https:\/\/888starz.plus\/de\/wp-json\/wp\/v2\/types\/page"}],"author":[{"embeddable":true,"href":"https:\/\/888starz.plus\/de\/wp-json\/wp\/v2\/users\/1"}],"replies":[{"embeddable":true,"href":"https:\/\/888starz.plus\/de\/wp-json\/wp\/v2\/comments?post=732"}],"version-history":[{"count":2,"href":"https:\/\/888starz.plus\/de\/wp-json\/wp\/v2\/pages\/732\/revisions"}],"predecessor-version":[{"id":939,"href":"https:\/\/888starz.plus\/de\/wp-json\/wp\/v2\/pages\/732\/revisions\/939"}],"wp:attachment":[{"href":"https:\/\/888starz.plus\/de\/wp-json\/wp\/v2\/media?parent=732"}],"curies":[{"name":"wp","href":"https:\/\/api.w.org\/{rel}","templated":true}]}}