{"id":896,"date":"2025-06-20T13:22:20","date_gmt":"2025-06-20T13:22:20","guid":{"rendered":"https:\/\/888starz.plus\/cs\/?page_id=896"},"modified":"2025-07-07T14:35:02","modified_gmt":"2025-07-07T14:35:02","slug":"sunday-boom","status":"publish","type":"page","link":"https:\/\/888starz.plus\/cs\/bonus\/sunday-boom\/","title":{"rendered":"Ned\u011bln\u00ed boom"},"content":{"rendered":"","protected":false},"excerpt":{"rendered":"","protected":false},"author":1,"featured_media":0,"parent":152,"menu_order":0,"comment_status":"closed","ping_status":"closed","template":"","meta":{"inline_featured_image":false,"footnotes":""},"class_list":["post-896","page","type-page","status-publish","hentry"],"yoast_head":"<!-- This site is optimized with the Yoast SEO plugin v25.6 - https:\/\/yoast.com\/wordpress\/plugins\/seo\/ -->\n<title>Sunday Boom 888Starz | Zdvojn\u00e1sobte sv\u00e9 vklady ka\u017edou ned\u011bli!<\/title>\n<meta name=\"description\" content=\"Vyu\u017eijte na\u0161\u00ed akce 888Starz Sunday Boom a zdvojn\u00e1sobte sv\u016fj vklad ka\u017ed\u00fd v\u00edkend! Hrajte na sv\u00fdch obl\u00edben\u00fdch automatech a z\u00edskejte a\u017e 6 000 K\u010d jako d\u00e1rek. Nenechte si uj\u00edt \u0161anci na velkou v\u00fdhru!\" \/>\n<meta name=\"robots\" content=\"noindex, follow, max-snippet:-1, max-image-preview:large, max-video-preview:-1\" \/>\n<meta property=\"og:locale\" content=\"cs_CZ\" \/>\n<meta property=\"og:type\" content=\"article\" \/>\n<meta property=\"og:title\" content=\"Sunday Boom 888Starz | Zdvojn\u00e1sobte sv\u00e9 vklady ka\u017edou ned\u011bli!\" \/>\n<meta property=\"og:description\" content=\"Vyu\u017eijte na\u0161\u00ed akce 888Starz Sunday Boom a zdvojn\u00e1sobte sv\u016fj vklad ka\u017ed\u00fd v\u00edkend! Hrajte na sv\u00fdch obl\u00edben\u00fdch automatech a z\u00edskejte a\u017e 6 000 K\u010d jako d\u00e1rek. Nenechte si uj\u00edt \u0161anci na velkou v\u00fdhru!\" \/>\n<meta property=\"og:url\" content=\"https:\/\/888starz.plus\/cs\/bonus\/sunday-boom\/\" \/>\n<meta property=\"og:site_name\" content=\"888starz cs\" \/>\n<meta property=\"article:modified_time\" content=\"2025-07-07T14:35:02+00:00\" \/>\n<meta name=\"twitter:card\" content=\"summary_large_image\" \/>\n<script type=\"application\/ld+json\" class=\"yoast-schema-graph\">{\"@context\":\"https:\/\/schema.org\",\"@graph\":[{\"@type\":\"WebPage\",\"@id\":\"https:\/\/888starz.plus\/cs\/bonus\/sunday-boom\/\",\"url\":\"https:\/\/888starz.plus\/cs\/bonus\/sunday-boom\/\",\"name\":\"Sunday Boom 888Starz | Zdvojn\u00e1sobte sv\u00e9 vklady ka\u017edou ned\u011bli!\",\"isPartOf\":{\"@id\":\"https:\/\/888starz.plus\/cs\/#website\"},\"datePublished\":\"2025-06-20T13:22:20+00:00\",\"dateModified\":\"2025-07-07T14:35:02+00:00\",\"description\":\"Vyu\u017eijte na\u0161\u00ed akce 888Starz Sunday Boom a zdvojn\u00e1sobte sv\u016fj vklad ka\u017ed\u00fd v\u00edkend! Hrajte na sv\u00fdch obl\u00edben\u00fdch automatech a z\u00edskejte a\u017e 6 000 K\u010d jako d\u00e1rek. Nenechte si uj\u00edt \u0161anci na velkou v\u00fdhru!\",\"breadcrumb\":{\"@id\":\"https:\/\/888starz.plus\/cs\/bonus\/sunday-boom\/#breadcrumb\"},\"inLanguage\":\"cs\",\"potentialAction\":[{\"@type\":\"ReadAction\",\"target\":[\"https:\/\/888starz.plus\/cs\/bonus\/sunday-boom\/\"]}]},{\"@type\":\"BreadcrumbList\",\"@id\":\"https:\/\/888starz.plus\/cs\/bonus\/sunday-boom\/#breadcrumb\",\"itemListElement\":[{\"@type\":\"ListItem\",\"position\":1,\"name\":\"Bonus\",\"item\":\"https:\/\/888starz.plus\/cs\/bonuses\/\"},{\"@type\":\"ListItem\",\"position\":2,\"name\":\"Ned\u011bln\u00ed boom\"}]},{\"@type\":\"WebSite\",\"@id\":\"https:\/\/888starz.plus\/cs\/#website\",\"url\":\"https:\/\/888starz.plus\/cs\/\",\"name\":\"888starz cs\",\"description\":\"My WordPress Blog\",\"potentialAction\":[{\"@type\":\"SearchAction\",\"target\":{\"@type\":\"EntryPoint\",\"urlTemplate\":\"https:\/\/888starz.plus\/cs\/?s={search_term_string}\"},\"query-input\":{\"@type\":\"PropertyValueSpecification\",\"valueRequired\":true,\"valueName\":\"search_term_string\"}}],\"inLanguage\":\"cs\"}]}<\/script>\n<!-- \/ Yoast SEO plugin. -->","yoast_head_json":{"title":"Sunday Boom 888Starz | Zdvojn\u00e1sobte sv\u00e9 vklady ka\u017edou ned\u011bli!","description":"Vyu\u017eijte na\u0161\u00ed akce 888Starz Sunday Boom a zdvojn\u00e1sobte sv\u016fj vklad ka\u017ed\u00fd v\u00edkend! Hrajte na sv\u00fdch obl\u00edben\u00fdch automatech a z\u00edskejte a\u017e 6 000 K\u010d jako d\u00e1rek. Nenechte si uj\u00edt \u0161anci na velkou v\u00fdhru!","robots":{"index":"noindex","follow":"follow","max-snippet":"max-snippet:-1","max-image-preview":"max-image-preview:large","max-video-preview":"max-video-preview:-1"},"og_locale":"cs_CZ","og_type":"article","og_title":"Sunday Boom 888Starz | Zdvojn\u00e1sobte sv\u00e9 vklady ka\u017edou ned\u011bli!","og_description":"Vyu\u017eijte na\u0161\u00ed akce 888Starz Sunday Boom a zdvojn\u00e1sobte sv\u016fj vklad ka\u017ed\u00fd v\u00edkend! Hrajte na sv\u00fdch obl\u00edben\u00fdch automatech a z\u00edskejte a\u017e 6 000 K\u010d jako d\u00e1rek. Nenechte si uj\u00edt \u0161anci na velkou v\u00fdhru!","og_url":"https:\/\/888starz.plus\/cs\/bonus\/sunday-boom\/","og_site_name":"888starz cs","article_modified_time":"2025-07-07T14:35:02+00:00","twitter_card":"summary_large_image","schema":{"@context":"https:\/\/schema.org","@graph":[{"@type":"WebPage","@id":"https:\/\/888starz.plus\/cs\/bonus\/sunday-boom\/","url":"https:\/\/888starz.plus\/cs\/bonus\/sunday-boom\/","name":"Sunday Boom 888Starz | Zdvojn\u00e1sobte sv\u00e9 vklady ka\u017edou ned\u011bli!","isPartOf":{"@id":"https:\/\/888starz.plus\/cs\/#website"},"datePublished":"2025-06-20T13:22:20+00:00","dateModified":"2025-07-07T14:35:02+00:00","description":"Vyu\u017eijte na\u0161\u00ed akce 888Starz Sunday Boom a zdvojn\u00e1sobte sv\u016fj vklad ka\u017ed\u00fd v\u00edkend! Hrajte na sv\u00fdch obl\u00edben\u00fdch automatech a z\u00edskejte a\u017e 6 000 K\u010d jako d\u00e1rek. Nenechte si uj\u00edt \u0161anci na velkou v\u00fdhru!","breadcrumb":{"@id":"https:\/\/888starz.plus\/cs\/bonus\/sunday-boom\/#breadcrumb"},"inLanguage":"cs","potentialAction":[{"@type":"ReadAction","target":["https:\/\/888starz.plus\/cs\/bonus\/sunday-boom\/"]}]},{"@type":"BreadcrumbList","@id":"https:\/\/888starz.plus\/cs\/bonus\/sunday-boom\/#breadcrumb","itemListElement":[{"@type":"ListItem","position":1,"name":"Bonus","item":"https:\/\/888starz.plus\/cs\/bonuses\/"},{"@type":"ListItem","position":2,"name":"Ned\u011bln\u00ed boom"}]},{"@type":"WebSite","@id":"https:\/\/888starz.plus\/cs\/#website","url":"https:\/\/888starz.plus\/cs\/","name":"888starz cs","description":"My WordPress Blog","potentialAction":[{"@type":"SearchAction","target":{"@type":"EntryPoint","urlTemplate":"https:\/\/888starz.plus\/cs\/?s={search_term_string}"},"query-input":{"@type":"PropertyValueSpecification","valueRequired":true,"valueName":"search_term_string"}}],"inLanguage":"cs"}]}},"_links":{"self":[{"href":"https:\/\/888starz.plus\/cs\/wp-json\/wp\/v2\/pages\/896","targetHints":{"allow":["GET"]}}],"collection":[{"href":"https:\/\/888starz.plus\/cs\/wp-json\/wp\/v2\/pages"}],"about":[{"href":"https:\/\/888starz.plus\/cs\/wp-json\/wp\/v2\/types\/page"}],"author":[{"embeddable":true,"href":"https:\/\/888starz.plus\/cs\/wp-json\/wp\/v2\/users\/1"}],"replies":[{"embeddable":true,"href":"https:\/\/888starz.plus\/cs\/wp-json\/wp\/v2\/comments?post=896"}],"version-history":[{"count":5,"href":"https:\/\/888starz.plus\/cs\/wp-json\/wp\/v2\/pages\/896\/revisions"}],"predecessor-version":[{"id":931,"href":"https:\/\/888starz.plus\/cs\/wp-json\/wp\/v2\/pages\/896\/revisions\/931"}],"up":[{"embeddable":true,"href":"https:\/\/888starz.plus\/cs\/wp-json\/wp\/v2\/pages\/152"}],"wp:attachment":[{"href":"https:\/\/888starz.plus\/cs\/wp-json\/wp\/v2\/media?parent=896"}],"curies":[{"name":"wp","href":"https:\/\/api.w.org\/{rel}","templated":true}]}}