{"id":889,"date":"2025-06-20T12:27:10","date_gmt":"2025-06-20T12:27:10","guid":{"rendered":"https:\/\/888starz.plus\/cs\/?page_id=889"},"modified":"2025-07-07T14:29:46","modified_gmt":"2025-07-07T14:29:46","slug":"express-booster","status":"publish","type":"page","link":"https:\/\/888starz.plus\/cs\/bonus\/express-booster\/","title":{"rendered":"Expresn\u00ed posilova\u010d"},"content":{"rendered":"","protected":false},"excerpt":{"rendered":"","protected":false},"author":1,"featured_media":0,"parent":152,"menu_order":0,"comment_status":"closed","ping_status":"closed","template":"","meta":{"inline_featured_image":false,"footnotes":""},"class_list":["post-889","page","type-page","status-publish","hentry"],"yoast_head":"<!-- This site is optimized with the Yoast SEO plugin v25.6 - https:\/\/yoast.com\/wordpress\/plugins\/seo\/ -->\n<title>Zvy\u0161te sv\u00e9 v\u00fdhry pomoc\u00ed expresn\u00edho boosteru od 888Starz!<\/title>\n<meta name=\"description\" content=\"Jste p\u0159ipraveni na velk\u00e9 v\u00fdhry? Express Booster od 888Starz odm\u011b\u0148uje odvahu! Zvy\u0161te sv\u00e9 kurzy a z\u00edskejte bonusy za s\u00e1zen\u00ed na velk\u00e9 expresn\u00ed s\u00e1zky.\" \/>\n<meta name=\"robots\" content=\"noindex, follow, max-snippet:-1, max-image-preview:large, max-video-preview:-1\" \/>\n<meta property=\"og:locale\" content=\"cs_CZ\" \/>\n<meta property=\"og:type\" content=\"article\" \/>\n<meta property=\"og:title\" content=\"Zvy\u0161te sv\u00e9 v\u00fdhry pomoc\u00ed expresn\u00edho boosteru od 888Starz!\" \/>\n<meta property=\"og:description\" content=\"Jste p\u0159ipraveni na velk\u00e9 v\u00fdhry? Express Booster od 888Starz odm\u011b\u0148uje odvahu! Zvy\u0161te sv\u00e9 kurzy a z\u00edskejte bonusy za s\u00e1zen\u00ed na velk\u00e9 expresn\u00ed s\u00e1zky.\" \/>\n<meta property=\"og:url\" content=\"https:\/\/888starz.plus\/cs\/bonus\/express-booster\/\" \/>\n<meta property=\"og:site_name\" content=\"888starz cs\" \/>\n<meta property=\"article:modified_time\" content=\"2025-07-07T14:29:46+00:00\" \/>\n<meta name=\"twitter:card\" content=\"summary_large_image\" \/>\n<script type=\"application\/ld+json\" class=\"yoast-schema-graph\">{\"@context\":\"https:\/\/schema.org\",\"@graph\":[{\"@type\":\"WebPage\",\"@id\":\"https:\/\/888starz.plus\/cs\/bonus\/express-booster\/\",\"url\":\"https:\/\/888starz.plus\/cs\/bonus\/express-booster\/\",\"name\":\"Zvy\u0161te sv\u00e9 v\u00fdhry pomoc\u00ed expresn\u00edho boosteru od 888Starz!\",\"isPartOf\":{\"@id\":\"https:\/\/888starz.plus\/cs\/#website\"},\"datePublished\":\"2025-06-20T12:27:10+00:00\",\"dateModified\":\"2025-07-07T14:29:46+00:00\",\"description\":\"Jste p\u0159ipraveni na velk\u00e9 v\u00fdhry? Express Booster od 888Starz odm\u011b\u0148uje odvahu! Zvy\u0161te sv\u00e9 kurzy a z\u00edskejte bonusy za s\u00e1zen\u00ed na velk\u00e9 expresn\u00ed s\u00e1zky.\",\"breadcrumb\":{\"@id\":\"https:\/\/888starz.plus\/cs\/bonus\/express-booster\/#breadcrumb\"},\"inLanguage\":\"cs\",\"potentialAction\":[{\"@type\":\"ReadAction\",\"target\":[\"https:\/\/888starz.plus\/cs\/bonus\/express-booster\/\"]}]},{\"@type\":\"BreadcrumbList\",\"@id\":\"https:\/\/888starz.plus\/cs\/bonus\/express-booster\/#breadcrumb\",\"itemListElement\":[{\"@type\":\"ListItem\",\"position\":1,\"name\":\"Bonus\",\"item\":\"https:\/\/888starz.plus\/cs\/bonuses\/\"},{\"@type\":\"ListItem\",\"position\":2,\"name\":\"Expresn\u00ed posilova\u010d\"}]},{\"@type\":\"WebSite\",\"@id\":\"https:\/\/888starz.plus\/cs\/#website\",\"url\":\"https:\/\/888starz.plus\/cs\/\",\"name\":\"888starz cs\",\"description\":\"My WordPress Blog\",\"potentialAction\":[{\"@type\":\"SearchAction\",\"target\":{\"@type\":\"EntryPoint\",\"urlTemplate\":\"https:\/\/888starz.plus\/cs\/?s={search_term_string}\"},\"query-input\":{\"@type\":\"PropertyValueSpecification\",\"valueRequired\":true,\"valueName\":\"search_term_string\"}}],\"inLanguage\":\"cs\"}]}<\/script>\n<!-- \/ Yoast SEO plugin. -->","yoast_head_json":{"title":"Zvy\u0161te sv\u00e9 v\u00fdhry pomoc\u00ed expresn\u00edho boosteru od 888Starz!","description":"Jste p\u0159ipraveni na velk\u00e9 v\u00fdhry? Express Booster od 888Starz odm\u011b\u0148uje odvahu! Zvy\u0161te sv\u00e9 kurzy a z\u00edskejte bonusy za s\u00e1zen\u00ed na velk\u00e9 expresn\u00ed s\u00e1zky.","robots":{"index":"noindex","follow":"follow","max-snippet":"max-snippet:-1","max-image-preview":"max-image-preview:large","max-video-preview":"max-video-preview:-1"},"og_locale":"cs_CZ","og_type":"article","og_title":"Zvy\u0161te sv\u00e9 v\u00fdhry pomoc\u00ed expresn\u00edho boosteru od 888Starz!","og_description":"Jste p\u0159ipraveni na velk\u00e9 v\u00fdhry? Express Booster od 888Starz odm\u011b\u0148uje odvahu! Zvy\u0161te sv\u00e9 kurzy a z\u00edskejte bonusy za s\u00e1zen\u00ed na velk\u00e9 expresn\u00ed s\u00e1zky.","og_url":"https:\/\/888starz.plus\/cs\/bonus\/express-booster\/","og_site_name":"888starz cs","article_modified_time":"2025-07-07T14:29:46+00:00","twitter_card":"summary_large_image","schema":{"@context":"https:\/\/schema.org","@graph":[{"@type":"WebPage","@id":"https:\/\/888starz.plus\/cs\/bonus\/express-booster\/","url":"https:\/\/888starz.plus\/cs\/bonus\/express-booster\/","name":"Zvy\u0161te sv\u00e9 v\u00fdhry pomoc\u00ed expresn\u00edho boosteru od 888Starz!","isPartOf":{"@id":"https:\/\/888starz.plus\/cs\/#website"},"datePublished":"2025-06-20T12:27:10+00:00","dateModified":"2025-07-07T14:29:46+00:00","description":"Jste p\u0159ipraveni na velk\u00e9 v\u00fdhry? Express Booster od 888Starz odm\u011b\u0148uje odvahu! Zvy\u0161te sv\u00e9 kurzy a z\u00edskejte bonusy za s\u00e1zen\u00ed na velk\u00e9 expresn\u00ed s\u00e1zky.","breadcrumb":{"@id":"https:\/\/888starz.plus\/cs\/bonus\/express-booster\/#breadcrumb"},"inLanguage":"cs","potentialAction":[{"@type":"ReadAction","target":["https:\/\/888starz.plus\/cs\/bonus\/express-booster\/"]}]},{"@type":"BreadcrumbList","@id":"https:\/\/888starz.plus\/cs\/bonus\/express-booster\/#breadcrumb","itemListElement":[{"@type":"ListItem","position":1,"name":"Bonus","item":"https:\/\/888starz.plus\/cs\/bonuses\/"},{"@type":"ListItem","position":2,"name":"Expresn\u00ed posilova\u010d"}]},{"@type":"WebSite","@id":"https:\/\/888starz.plus\/cs\/#website","url":"https:\/\/888starz.plus\/cs\/","name":"888starz cs","description":"My WordPress Blog","potentialAction":[{"@type":"SearchAction","target":{"@type":"EntryPoint","urlTemplate":"https:\/\/888starz.plus\/cs\/?s={search_term_string}"},"query-input":{"@type":"PropertyValueSpecification","valueRequired":true,"valueName":"search_term_string"}}],"inLanguage":"cs"}]}},"_links":{"self":[{"href":"https:\/\/888starz.plus\/cs\/wp-json\/wp\/v2\/pages\/889","targetHints":{"allow":["GET"]}}],"collection":[{"href":"https:\/\/888starz.plus\/cs\/wp-json\/wp\/v2\/pages"}],"about":[{"href":"https:\/\/888starz.plus\/cs\/wp-json\/wp\/v2\/types\/page"}],"author":[{"embeddable":true,"href":"https:\/\/888starz.plus\/cs\/wp-json\/wp\/v2\/users\/1"}],"replies":[{"embeddable":true,"href":"https:\/\/888starz.plus\/cs\/wp-json\/wp\/v2\/comments?post=889"}],"version-history":[{"count":8,"href":"https:\/\/888starz.plus\/cs\/wp-json\/wp\/v2\/pages\/889\/revisions"}],"predecessor-version":[{"id":929,"href":"https:\/\/888starz.plus\/cs\/wp-json\/wp\/v2\/pages\/889\/revisions\/929"}],"up":[{"embeddable":true,"href":"https:\/\/888starz.plus\/cs\/wp-json\/wp\/v2\/pages\/152"}],"wp:attachment":[{"href":"https:\/\/888starz.plus\/cs\/wp-json\/wp\/v2\/media?parent=889"}],"curies":[{"name":"wp","href":"https:\/\/api.w.org\/{rel}","templated":true}]}}