{"id":879,"date":"2025-06-20T12:01:38","date_gmt":"2025-06-20T12:01:38","guid":{"rendered":"https:\/\/888starz.plus\/cs\/?page_id=879"},"modified":"2025-07-07T14:31:28","modified_gmt":"2025-07-07T14:31:28","slug":"express-insurance","status":"publish","type":"page","link":"https:\/\/888starz.plus\/cs\/bonus\/express-insurance\/","title":{"rendered":"Expresn\u00ed poji\u0161t\u011bn\u00ed"},"content":{"rendered":"","protected":false},"excerpt":{"rendered":"","protected":false},"author":1,"featured_media":0,"parent":152,"menu_order":0,"comment_status":"closed","ping_status":"closed","template":"","meta":{"inline_featured_image":false,"footnotes":""},"class_list":["post-879","page","type-page","status-publish","hentry"],"yoast_head":"<!-- This site is optimized with the Yoast SEO plugin v25.6 - https:\/\/yoast.com\/wordpress\/plugins\/seo\/ -->\n<title>Expresn\u00ed poji\u0161t\u011bn\u00ed od 888Starz | S\u00e1zejte a vyhr\u00e1vejte bez rizika<\/title>\n<meta name=\"description\" content=\"Chcete expresn\u011b s\u00e1zet bez obav z prohry? 888Starz nab\u00edz\u00ed jedine\u010dnou pojistku! Vsa\u010fte si na 7 ud\u00e1lost\u00ed s vysok\u00fdmi s\u00e1zkami - i kdy\u017e se v jedn\u00e9 z nich spletete, dostanete svou s\u00e1zku zp\u011bt.\" \/>\n<meta name=\"robots\" content=\"noindex, follow, max-snippet:-1, max-image-preview:large, max-video-preview:-1\" \/>\n<meta property=\"og:locale\" content=\"cs_CZ\" \/>\n<meta property=\"og:type\" content=\"article\" \/>\n<meta property=\"og:title\" content=\"Expresn\u00ed poji\u0161t\u011bn\u00ed od 888Starz | S\u00e1zejte a vyhr\u00e1vejte bez rizika\" \/>\n<meta property=\"og:description\" content=\"Chcete expresn\u011b s\u00e1zet bez obav z prohry? 888Starz nab\u00edz\u00ed jedine\u010dnou pojistku! Vsa\u010fte si na 7 ud\u00e1lost\u00ed s vysok\u00fdmi s\u00e1zkami - i kdy\u017e se v jedn\u00e9 z nich spletete, dostanete svou s\u00e1zku zp\u011bt.\" \/>\n<meta property=\"og:url\" content=\"https:\/\/888starz.plus\/cs\/bonus\/express-insurance\/\" \/>\n<meta property=\"og:site_name\" content=\"888starz cs\" \/>\n<meta property=\"article:modified_time\" content=\"2025-07-07T14:31:28+00:00\" \/>\n<meta name=\"twitter:card\" content=\"summary_large_image\" \/>\n<script type=\"application\/ld+json\" class=\"yoast-schema-graph\">{\"@context\":\"https:\/\/schema.org\",\"@graph\":[{\"@type\":\"WebPage\",\"@id\":\"https:\/\/888starz.plus\/cs\/bonus\/express-insurance\/\",\"url\":\"https:\/\/888starz.plus\/cs\/bonus\/express-insurance\/\",\"name\":\"Expresn\u00ed poji\u0161t\u011bn\u00ed od 888Starz | S\u00e1zejte a vyhr\u00e1vejte bez rizika\",\"isPartOf\":{\"@id\":\"https:\/\/888starz.plus\/cs\/#website\"},\"datePublished\":\"2025-06-20T12:01:38+00:00\",\"dateModified\":\"2025-07-07T14:31:28+00:00\",\"description\":\"Chcete expresn\u011b s\u00e1zet bez obav z prohry? 888Starz nab\u00edz\u00ed jedine\u010dnou pojistku! Vsa\u010fte si na 7 ud\u00e1lost\u00ed s vysok\u00fdmi s\u00e1zkami - i kdy\u017e se v jedn\u00e9 z nich spletete, dostanete svou s\u00e1zku zp\u011bt.\",\"breadcrumb\":{\"@id\":\"https:\/\/888starz.plus\/cs\/bonus\/express-insurance\/#breadcrumb\"},\"inLanguage\":\"cs\",\"potentialAction\":[{\"@type\":\"ReadAction\",\"target\":[\"https:\/\/888starz.plus\/cs\/bonus\/express-insurance\/\"]}]},{\"@type\":\"BreadcrumbList\",\"@id\":\"https:\/\/888starz.plus\/cs\/bonus\/express-insurance\/#breadcrumb\",\"itemListElement\":[{\"@type\":\"ListItem\",\"position\":1,\"name\":\"Bonus\",\"item\":\"https:\/\/888starz.plus\/cs\/bonuses\/\"},{\"@type\":\"ListItem\",\"position\":2,\"name\":\"Expresn\u00ed poji\u0161t\u011bn\u00ed\"}]},{\"@type\":\"WebSite\",\"@id\":\"https:\/\/888starz.plus\/cs\/#website\",\"url\":\"https:\/\/888starz.plus\/cs\/\",\"name\":\"888starz cs\",\"description\":\"My WordPress Blog\",\"potentialAction\":[{\"@type\":\"SearchAction\",\"target\":{\"@type\":\"EntryPoint\",\"urlTemplate\":\"https:\/\/888starz.plus\/cs\/?s={search_term_string}\"},\"query-input\":{\"@type\":\"PropertyValueSpecification\",\"valueRequired\":true,\"valueName\":\"search_term_string\"}}],\"inLanguage\":\"cs\"}]}<\/script>\n<!-- \/ Yoast SEO plugin. -->","yoast_head_json":{"title":"Expresn\u00ed poji\u0161t\u011bn\u00ed od 888Starz | S\u00e1zejte a vyhr\u00e1vejte bez rizika","description":"Chcete expresn\u011b s\u00e1zet bez obav z prohry? 888Starz nab\u00edz\u00ed jedine\u010dnou pojistku! Vsa\u010fte si na 7 ud\u00e1lost\u00ed s vysok\u00fdmi s\u00e1zkami - i kdy\u017e se v jedn\u00e9 z nich spletete, dostanete svou s\u00e1zku zp\u011bt.","robots":{"index":"noindex","follow":"follow","max-snippet":"max-snippet:-1","max-image-preview":"max-image-preview:large","max-video-preview":"max-video-preview:-1"},"og_locale":"cs_CZ","og_type":"article","og_title":"Expresn\u00ed poji\u0161t\u011bn\u00ed od 888Starz | S\u00e1zejte a vyhr\u00e1vejte bez rizika","og_description":"Chcete expresn\u011b s\u00e1zet bez obav z prohry? 888Starz nab\u00edz\u00ed jedine\u010dnou pojistku! Vsa\u010fte si na 7 ud\u00e1lost\u00ed s vysok\u00fdmi s\u00e1zkami - i kdy\u017e se v jedn\u00e9 z nich spletete, dostanete svou s\u00e1zku zp\u011bt.","og_url":"https:\/\/888starz.plus\/cs\/bonus\/express-insurance\/","og_site_name":"888starz cs","article_modified_time":"2025-07-07T14:31:28+00:00","twitter_card":"summary_large_image","schema":{"@context":"https:\/\/schema.org","@graph":[{"@type":"WebPage","@id":"https:\/\/888starz.plus\/cs\/bonus\/express-insurance\/","url":"https:\/\/888starz.plus\/cs\/bonus\/express-insurance\/","name":"Expresn\u00ed poji\u0161t\u011bn\u00ed od 888Starz | S\u00e1zejte a vyhr\u00e1vejte bez rizika","isPartOf":{"@id":"https:\/\/888starz.plus\/cs\/#website"},"datePublished":"2025-06-20T12:01:38+00:00","dateModified":"2025-07-07T14:31:28+00:00","description":"Chcete expresn\u011b s\u00e1zet bez obav z prohry? 888Starz nab\u00edz\u00ed jedine\u010dnou pojistku! Vsa\u010fte si na 7 ud\u00e1lost\u00ed s vysok\u00fdmi s\u00e1zkami - i kdy\u017e se v jedn\u00e9 z nich spletete, dostanete svou s\u00e1zku zp\u011bt.","breadcrumb":{"@id":"https:\/\/888starz.plus\/cs\/bonus\/express-insurance\/#breadcrumb"},"inLanguage":"cs","potentialAction":[{"@type":"ReadAction","target":["https:\/\/888starz.plus\/cs\/bonus\/express-insurance\/"]}]},{"@type":"BreadcrumbList","@id":"https:\/\/888starz.plus\/cs\/bonus\/express-insurance\/#breadcrumb","itemListElement":[{"@type":"ListItem","position":1,"name":"Bonus","item":"https:\/\/888starz.plus\/cs\/bonuses\/"},{"@type":"ListItem","position":2,"name":"Expresn\u00ed poji\u0161t\u011bn\u00ed"}]},{"@type":"WebSite","@id":"https:\/\/888starz.plus\/cs\/#website","url":"https:\/\/888starz.plus\/cs\/","name":"888starz cs","description":"My WordPress Blog","potentialAction":[{"@type":"SearchAction","target":{"@type":"EntryPoint","urlTemplate":"https:\/\/888starz.plus\/cs\/?s={search_term_string}"},"query-input":{"@type":"PropertyValueSpecification","valueRequired":true,"valueName":"search_term_string"}}],"inLanguage":"cs"}]}},"_links":{"self":[{"href":"https:\/\/888starz.plus\/cs\/wp-json\/wp\/v2\/pages\/879","targetHints":{"allow":["GET"]}}],"collection":[{"href":"https:\/\/888starz.plus\/cs\/wp-json\/wp\/v2\/pages"}],"about":[{"href":"https:\/\/888starz.plus\/cs\/wp-json\/wp\/v2\/types\/page"}],"author":[{"embeddable":true,"href":"https:\/\/888starz.plus\/cs\/wp-json\/wp\/v2\/users\/1"}],"replies":[{"embeddable":true,"href":"https:\/\/888starz.plus\/cs\/wp-json\/wp\/v2\/comments?post=879"}],"version-history":[{"count":4,"href":"https:\/\/888starz.plus\/cs\/wp-json\/wp\/v2\/pages\/879\/revisions"}],"predecessor-version":[{"id":930,"href":"https:\/\/888starz.plus\/cs\/wp-json\/wp\/v2\/pages\/879\/revisions\/930"}],"up":[{"embeddable":true,"href":"https:\/\/888starz.plus\/cs\/wp-json\/wp\/v2\/pages\/152"}],"wp:attachment":[{"href":"https:\/\/888starz.plus\/cs\/wp-json\/wp\/v2\/media?parent=879"}],"curies":[{"name":"wp","href":"https:\/\/api.w.org\/{rel}","templated":true}]}}