{"id":869,"date":"2025-06-20T11:21:17","date_gmt":"2025-06-20T11:21:17","guid":{"rendered":"https:\/\/888starz.plus\/cs\/?page_id=869"},"modified":"2025-07-07T14:25:33","modified_gmt":"2025-07-07T14:25:33","slug":"casino-welcome-package","status":"publish","type":"page","link":"https:\/\/888starz.plus\/cs\/bonus\/casino-welcome-package\/","title":{"rendered":"V\u00edtejte v kasinu"},"content":{"rendered":"","protected":false},"excerpt":{"rendered":"","protected":false},"author":1,"featured_media":0,"parent":152,"menu_order":0,"comment_status":"closed","ping_status":"closed","template":"","meta":{"inline_featured_image":false,"footnotes":""},"class_list":["post-869","page","type-page","status-publish","hentry"],"yoast_head":"<!-- This site is optimized with the Yoast SEO plugin v25.6 - https:\/\/yoast.com\/wordpress\/plugins\/seo\/ -->\n<title>Uv\u00edtac\u00ed bal\u00ed\u010dek kasina 888Starz | A\u017e 35.000 CZS + 150 FS<\/title>\n<meta name=\"description\" content=\"Vezm\u011bte si sv\u016fj uv\u00edtac\u00ed bal\u00ed\u010dek na 888Starz! \u010cekaj\u00ed na v\u00e1s \u010dty\u0159i bonusy za \u010dty\u0159i vklady: a\u017e 35 000 K\u010d a 150 freespin\u016f. Ud\u011blejte prvn\u00ed krok k velk\u00fdm v\u00fdhr\u00e1m a nenechte si uj\u00edt \u0161anci na \u0161t\u011bdr\u00e9 odm\u011bny!\" \/>\n<meta name=\"robots\" content=\"noindex, follow, max-snippet:-1, max-image-preview:large, max-video-preview:-1\" \/>\n<meta property=\"og:locale\" content=\"cs_CZ\" \/>\n<meta property=\"og:type\" content=\"article\" \/>\n<meta property=\"og:title\" content=\"Uv\u00edtac\u00ed bal\u00ed\u010dek kasina 888Starz | A\u017e 35.000 CZS + 150 FS\" \/>\n<meta property=\"og:description\" content=\"Vezm\u011bte si sv\u016fj uv\u00edtac\u00ed bal\u00ed\u010dek na 888Starz! \u010cekaj\u00ed na v\u00e1s \u010dty\u0159i bonusy za \u010dty\u0159i vklady: a\u017e 35 000 K\u010d a 150 freespin\u016f. Ud\u011blejte prvn\u00ed krok k velk\u00fdm v\u00fdhr\u00e1m a nenechte si uj\u00edt \u0161anci na \u0161t\u011bdr\u00e9 odm\u011bny!\" \/>\n<meta property=\"og:url\" content=\"https:\/\/888starz.plus\/cs\/bonus\/casino-welcome-package\/\" \/>\n<meta property=\"og:site_name\" content=\"888starz cs\" \/>\n<meta property=\"article:modified_time\" content=\"2025-07-07T14:25:33+00:00\" \/>\n<meta name=\"twitter:card\" content=\"summary_large_image\" \/>\n<script type=\"application\/ld+json\" class=\"yoast-schema-graph\">{\"@context\":\"https:\/\/schema.org\",\"@graph\":[{\"@type\":\"WebPage\",\"@id\":\"https:\/\/888starz.plus\/cs\/bonus\/casino-welcome-package\/\",\"url\":\"https:\/\/888starz.plus\/cs\/bonus\/casino-welcome-package\/\",\"name\":\"Uv\u00edtac\u00ed bal\u00ed\u010dek kasina 888Starz | A\u017e 35.000 CZS + 150 FS\",\"isPartOf\":{\"@id\":\"https:\/\/888starz.plus\/cs\/#website\"},\"datePublished\":\"2025-06-20T11:21:17+00:00\",\"dateModified\":\"2025-07-07T14:25:33+00:00\",\"description\":\"Vezm\u011bte si sv\u016fj uv\u00edtac\u00ed bal\u00ed\u010dek na 888Starz! \u010cekaj\u00ed na v\u00e1s \u010dty\u0159i bonusy za \u010dty\u0159i vklady: a\u017e 35 000 K\u010d a 150 freespin\u016f. Ud\u011blejte prvn\u00ed krok k velk\u00fdm v\u00fdhr\u00e1m a nenechte si uj\u00edt \u0161anci na \u0161t\u011bdr\u00e9 odm\u011bny!\",\"breadcrumb\":{\"@id\":\"https:\/\/888starz.plus\/cs\/bonus\/casino-welcome-package\/#breadcrumb\"},\"inLanguage\":\"cs\",\"potentialAction\":[{\"@type\":\"ReadAction\",\"target\":[\"https:\/\/888starz.plus\/cs\/bonus\/casino-welcome-package\/\"]}]},{\"@type\":\"BreadcrumbList\",\"@id\":\"https:\/\/888starz.plus\/cs\/bonus\/casino-welcome-package\/#breadcrumb\",\"itemListElement\":[{\"@type\":\"ListItem\",\"position\":1,\"name\":\"Bonus\",\"item\":\"https:\/\/888starz.plus\/cs\/bonuses\/\"},{\"@type\":\"ListItem\",\"position\":2,\"name\":\"V\u00edtejte v kasinu\"}]},{\"@type\":\"WebSite\",\"@id\":\"https:\/\/888starz.plus\/cs\/#website\",\"url\":\"https:\/\/888starz.plus\/cs\/\",\"name\":\"888starz cs\",\"description\":\"My WordPress Blog\",\"potentialAction\":[{\"@type\":\"SearchAction\",\"target\":{\"@type\":\"EntryPoint\",\"urlTemplate\":\"https:\/\/888starz.plus\/cs\/?s={search_term_string}\"},\"query-input\":{\"@type\":\"PropertyValueSpecification\",\"valueRequired\":true,\"valueName\":\"search_term_string\"}}],\"inLanguage\":\"cs\"}]}<\/script>\n<!-- \/ Yoast SEO plugin. -->","yoast_head_json":{"title":"Uv\u00edtac\u00ed bal\u00ed\u010dek kasina 888Starz | A\u017e 35.000 CZS + 150 FS","description":"Vezm\u011bte si sv\u016fj uv\u00edtac\u00ed bal\u00ed\u010dek na 888Starz! \u010cekaj\u00ed na v\u00e1s \u010dty\u0159i bonusy za \u010dty\u0159i vklady: a\u017e 35 000 K\u010d a 150 freespin\u016f. Ud\u011blejte prvn\u00ed krok k velk\u00fdm v\u00fdhr\u00e1m a nenechte si uj\u00edt \u0161anci na \u0161t\u011bdr\u00e9 odm\u011bny!","robots":{"index":"noindex","follow":"follow","max-snippet":"max-snippet:-1","max-image-preview":"max-image-preview:large","max-video-preview":"max-video-preview:-1"},"og_locale":"cs_CZ","og_type":"article","og_title":"Uv\u00edtac\u00ed bal\u00ed\u010dek kasina 888Starz | A\u017e 35.000 CZS + 150 FS","og_description":"Vezm\u011bte si sv\u016fj uv\u00edtac\u00ed bal\u00ed\u010dek na 888Starz! \u010cekaj\u00ed na v\u00e1s \u010dty\u0159i bonusy za \u010dty\u0159i vklady: a\u017e 35 000 K\u010d a 150 freespin\u016f. Ud\u011blejte prvn\u00ed krok k velk\u00fdm v\u00fdhr\u00e1m a nenechte si uj\u00edt \u0161anci na \u0161t\u011bdr\u00e9 odm\u011bny!","og_url":"https:\/\/888starz.plus\/cs\/bonus\/casino-welcome-package\/","og_site_name":"888starz cs","article_modified_time":"2025-07-07T14:25:33+00:00","twitter_card":"summary_large_image","schema":{"@context":"https:\/\/schema.org","@graph":[{"@type":"WebPage","@id":"https:\/\/888starz.plus\/cs\/bonus\/casino-welcome-package\/","url":"https:\/\/888starz.plus\/cs\/bonus\/casino-welcome-package\/","name":"Uv\u00edtac\u00ed bal\u00ed\u010dek kasina 888Starz | A\u017e 35.000 CZS + 150 FS","isPartOf":{"@id":"https:\/\/888starz.plus\/cs\/#website"},"datePublished":"2025-06-20T11:21:17+00:00","dateModified":"2025-07-07T14:25:33+00:00","description":"Vezm\u011bte si sv\u016fj uv\u00edtac\u00ed bal\u00ed\u010dek na 888Starz! \u010cekaj\u00ed na v\u00e1s \u010dty\u0159i bonusy za \u010dty\u0159i vklady: a\u017e 35 000 K\u010d a 150 freespin\u016f. Ud\u011blejte prvn\u00ed krok k velk\u00fdm v\u00fdhr\u00e1m a nenechte si uj\u00edt \u0161anci na \u0161t\u011bdr\u00e9 odm\u011bny!","breadcrumb":{"@id":"https:\/\/888starz.plus\/cs\/bonus\/casino-welcome-package\/#breadcrumb"},"inLanguage":"cs","potentialAction":[{"@type":"ReadAction","target":["https:\/\/888starz.plus\/cs\/bonus\/casino-welcome-package\/"]}]},{"@type":"BreadcrumbList","@id":"https:\/\/888starz.plus\/cs\/bonus\/casino-welcome-package\/#breadcrumb","itemListElement":[{"@type":"ListItem","position":1,"name":"Bonus","item":"https:\/\/888starz.plus\/cs\/bonuses\/"},{"@type":"ListItem","position":2,"name":"V\u00edtejte v kasinu"}]},{"@type":"WebSite","@id":"https:\/\/888starz.plus\/cs\/#website","url":"https:\/\/888starz.plus\/cs\/","name":"888starz cs","description":"My WordPress Blog","potentialAction":[{"@type":"SearchAction","target":{"@type":"EntryPoint","urlTemplate":"https:\/\/888starz.plus\/cs\/?s={search_term_string}"},"query-input":{"@type":"PropertyValueSpecification","valueRequired":true,"valueName":"search_term_string"}}],"inLanguage":"cs"}]}},"_links":{"self":[{"href":"https:\/\/888starz.plus\/cs\/wp-json\/wp\/v2\/pages\/869","targetHints":{"allow":["GET"]}}],"collection":[{"href":"https:\/\/888starz.plus\/cs\/wp-json\/wp\/v2\/pages"}],"about":[{"href":"https:\/\/888starz.plus\/cs\/wp-json\/wp\/v2\/types\/page"}],"author":[{"embeddable":true,"href":"https:\/\/888starz.plus\/cs\/wp-json\/wp\/v2\/users\/1"}],"replies":[{"embeddable":true,"href":"https:\/\/888starz.plus\/cs\/wp-json\/wp\/v2\/comments?post=869"}],"version-history":[{"count":8,"href":"https:\/\/888starz.plus\/cs\/wp-json\/wp\/v2\/pages\/869\/revisions"}],"predecessor-version":[{"id":927,"href":"https:\/\/888starz.plus\/cs\/wp-json\/wp\/v2\/pages\/869\/revisions\/927"}],"up":[{"embeddable":true,"href":"https:\/\/888starz.plus\/cs\/wp-json\/wp\/v2\/pages\/152"}],"wp:attachment":[{"href":"https:\/\/888starz.plus\/cs\/wp-json\/wp\/v2\/media?parent=869"}],"curies":[{"name":"wp","href":"https:\/\/api.w.org\/{rel}","templated":true}]}}