{"id":732,"date":"2025-02-03T09:59:34","date_gmt":"2025-02-03T09:59:34","guid":{"rendered":"https:\/\/888starz.plus\/cs\/?page_id=732"},"modified":"2025-07-07T13:33:09","modified_gmt":"2025-07-07T13:33:09","slug":"apk","status":"publish","type":"page","link":"https:\/\/888starz.plus\/cs\/apk\/","title":{"rendered":"Apk"},"content":{"rendered":"","protected":false},"excerpt":{"rendered":"","protected":false},"author":1,"featured_media":0,"parent":0,"menu_order":0,"comment_status":"closed","ping_status":"closed","template":"","meta":{"inline_featured_image":false,"footnotes":""},"class_list":["post-732","page","type-page","status-publish","hentry"],"yoast_head":"<!-- This site is optimized with the Yoast SEO plugin v25.6 - https:\/\/yoast.com\/wordpress\/plugins\/seo\/ -->\n<title>St\u00e1hnout 888starz APK pro Android | Ofici\u00e1ln\u00ed str\u00e1nky 888Starz<\/title>\n<meta name=\"description\" content=\"888Starz Apk je velmi pohodln\u00e1 mobiln\u00ed verze pro u\u017eivatele chytr\u00fdch telefon\u016f. St\u00e1hn\u011bte si zdarma 888starz Apk pro za\u0159\u00edzen\u00ed se syst\u00e9mem Android a IOS.\" \/>\n<meta name=\"robots\" content=\"noindex, follow, max-snippet:-1, max-image-preview:large, max-video-preview:-1\" \/>\n<meta property=\"og:locale\" content=\"cs_CZ\" \/>\n<meta property=\"og:type\" content=\"article\" \/>\n<meta property=\"og:title\" content=\"St\u00e1hnout 888starz APK pro Android | Ofici\u00e1ln\u00ed str\u00e1nky 888Starz\" \/>\n<meta property=\"og:description\" content=\"888Starz Apk je velmi pohodln\u00e1 mobiln\u00ed verze pro u\u017eivatele chytr\u00fdch telefon\u016f. St\u00e1hn\u011bte si zdarma 888starz Apk pro za\u0159\u00edzen\u00ed se syst\u00e9mem Android a IOS.\" \/>\n<meta property=\"og:url\" content=\"https:\/\/888starz.plus\/cs\/apk\/\" \/>\n<meta property=\"og:site_name\" content=\"888starz cs\" \/>\n<meta property=\"article:modified_time\" content=\"2025-07-07T13:33:09+00:00\" \/>\n<meta name=\"twitter:card\" content=\"summary_large_image\" \/>\n<script type=\"application\/ld+json\" class=\"yoast-schema-graph\">{\"@context\":\"https:\/\/schema.org\",\"@graph\":[{\"@type\":\"WebPage\",\"@id\":\"https:\/\/888starz.plus\/cs\/apk\/\",\"url\":\"https:\/\/888starz.plus\/cs\/apk\/\",\"name\":\"St\u00e1hnout 888starz APK pro Android | Ofici\u00e1ln\u00ed str\u00e1nky 888Starz\",\"isPartOf\":{\"@id\":\"https:\/\/888starz.plus\/cs\/#website\"},\"datePublished\":\"2025-02-03T09:59:34+00:00\",\"dateModified\":\"2025-07-07T13:33:09+00:00\",\"description\":\"888Starz Apk je velmi pohodln\u00e1 mobiln\u00ed verze pro u\u017eivatele chytr\u00fdch telefon\u016f. St\u00e1hn\u011bte si zdarma 888starz Apk pro za\u0159\u00edzen\u00ed se syst\u00e9mem Android a IOS.\",\"inLanguage\":\"cs\",\"potentialAction\":[{\"@type\":\"ReadAction\",\"target\":[\"https:\/\/888starz.plus\/cs\/apk\/\"]}]},{\"@type\":\"WebSite\",\"@id\":\"https:\/\/888starz.plus\/cs\/#website\",\"url\":\"https:\/\/888starz.plus\/cs\/\",\"name\":\"888starz cs\",\"description\":\"My WordPress Blog\",\"potentialAction\":[{\"@type\":\"SearchAction\",\"target\":{\"@type\":\"EntryPoint\",\"urlTemplate\":\"https:\/\/888starz.plus\/cs\/?s={search_term_string}\"},\"query-input\":{\"@type\":\"PropertyValueSpecification\",\"valueRequired\":true,\"valueName\":\"search_term_string\"}}],\"inLanguage\":\"cs\"}]}<\/script>\n<!-- \/ Yoast SEO plugin. -->","yoast_head_json":{"title":"St\u00e1hnout 888starz APK pro Android | Ofici\u00e1ln\u00ed str\u00e1nky 888Starz","description":"888Starz Apk je velmi pohodln\u00e1 mobiln\u00ed verze pro u\u017eivatele chytr\u00fdch telefon\u016f. St\u00e1hn\u011bte si zdarma 888starz Apk pro za\u0159\u00edzen\u00ed se syst\u00e9mem Android a IOS.","robots":{"index":"noindex","follow":"follow","max-snippet":"max-snippet:-1","max-image-preview":"max-image-preview:large","max-video-preview":"max-video-preview:-1"},"og_locale":"cs_CZ","og_type":"article","og_title":"St\u00e1hnout 888starz APK pro Android | Ofici\u00e1ln\u00ed str\u00e1nky 888Starz","og_description":"888Starz Apk je velmi pohodln\u00e1 mobiln\u00ed verze pro u\u017eivatele chytr\u00fdch telefon\u016f. St\u00e1hn\u011bte si zdarma 888starz Apk pro za\u0159\u00edzen\u00ed se syst\u00e9mem Android a IOS.","og_url":"https:\/\/888starz.plus\/cs\/apk\/","og_site_name":"888starz cs","article_modified_time":"2025-07-07T13:33:09+00:00","twitter_card":"summary_large_image","schema":{"@context":"https:\/\/schema.org","@graph":[{"@type":"WebPage","@id":"https:\/\/888starz.plus\/cs\/apk\/","url":"https:\/\/888starz.plus\/cs\/apk\/","name":"St\u00e1hnout 888starz APK pro Android | Ofici\u00e1ln\u00ed str\u00e1nky 888Starz","isPartOf":{"@id":"https:\/\/888starz.plus\/cs\/#website"},"datePublished":"2025-02-03T09:59:34+00:00","dateModified":"2025-07-07T13:33:09+00:00","description":"888Starz Apk je velmi pohodln\u00e1 mobiln\u00ed verze pro u\u017eivatele chytr\u00fdch telefon\u016f. St\u00e1hn\u011bte si zdarma 888starz Apk pro za\u0159\u00edzen\u00ed se syst\u00e9mem Android a IOS.","inLanguage":"cs","potentialAction":[{"@type":"ReadAction","target":["https:\/\/888starz.plus\/cs\/apk\/"]}]},{"@type":"WebSite","@id":"https:\/\/888starz.plus\/cs\/#website","url":"https:\/\/888starz.plus\/cs\/","name":"888starz cs","description":"My WordPress Blog","potentialAction":[{"@type":"SearchAction","target":{"@type":"EntryPoint","urlTemplate":"https:\/\/888starz.plus\/cs\/?s={search_term_string}"},"query-input":{"@type":"PropertyValueSpecification","valueRequired":true,"valueName":"search_term_string"}}],"inLanguage":"cs"}]}},"_links":{"self":[{"href":"https:\/\/888starz.plus\/cs\/wp-json\/wp\/v2\/pages\/732","targetHints":{"allow":["GET"]}}],"collection":[{"href":"https:\/\/888starz.plus\/cs\/wp-json\/wp\/v2\/pages"}],"about":[{"href":"https:\/\/888starz.plus\/cs\/wp-json\/wp\/v2\/types\/page"}],"author":[{"embeddable":true,"href":"https:\/\/888starz.plus\/cs\/wp-json\/wp\/v2\/users\/1"}],"replies":[{"embeddable":true,"href":"https:\/\/888starz.plus\/cs\/wp-json\/wp\/v2\/comments?post=732"}],"version-history":[{"count":2,"href":"https:\/\/888starz.plus\/cs\/wp-json\/wp\/v2\/pages\/732\/revisions"}],"predecessor-version":[{"id":923,"href":"https:\/\/888starz.plus\/cs\/wp-json\/wp\/v2\/pages\/732\/revisions\/923"}],"wp:attachment":[{"href":"https:\/\/888starz.plus\/cs\/wp-json\/wp\/v2\/media?parent=732"}],"curies":[{"name":"wp","href":"https:\/\/api.w.org\/{rel}","templated":true}]}}