{"id":580,"date":"2024-01-06T13:38:46","date_gmt":"2024-01-06T13:38:46","guid":{"rendered":"https:\/\/888starz.plus\/cs\/?page_id=580"},"modified":"2025-07-07T14:39:44","modified_gmt":"2025-07-07T14:39:44","slug":"casino","status":"publish","type":"page","link":"https:\/\/888starz.plus\/cs\/casino\/","title":{"rendered":"Kasino"},"content":{"rendered":"","protected":false},"excerpt":{"rendered":"","protected":false},"author":1,"featured_media":0,"parent":0,"menu_order":0,"comment_status":"closed","ping_status":"closed","template":"","meta":{"inline_featured_image":false,"footnotes":""},"class_list":["post-580","page","type-page","status-publish","hentry"],"yoast_head":"<!-- This site is optimized with the Yoast SEO plugin v25.6 - https:\/\/yoast.com\/wordpress\/plugins\/seo\/ -->\n<title>888Starz Kasino \u2b50 Uv\u00edtac\u00ed bonus<\/title>\n<meta name=\"description\" content=\"Objevte kasino 888Starz, kde na v\u00e1s \u010dek\u00e1 velk\u00fd v\u00fdb\u011br kasinov\u00fdch her a automat\u016f. Z\u00edskejte sv\u016fj uv\u00edtac\u00ed bonus hned te\u010f!\" \/>\n<meta name=\"robots\" content=\"noindex, follow, max-snippet:-1, max-image-preview:large, max-video-preview:-1\" \/>\n<meta property=\"og:locale\" content=\"cs_CZ\" \/>\n<meta property=\"og:type\" content=\"article\" \/>\n<meta property=\"og:title\" content=\"888Starz Kasino \u2b50 Uv\u00edtac\u00ed bonus\" \/>\n<meta property=\"og:description\" content=\"Objevte kasino 888Starz, kde na v\u00e1s \u010dek\u00e1 velk\u00fd v\u00fdb\u011br kasinov\u00fdch her a automat\u016f. Z\u00edskejte sv\u016fj uv\u00edtac\u00ed bonus hned te\u010f!\" \/>\n<meta property=\"og:url\" content=\"https:\/\/888starz.plus\/cs\/casino\/\" \/>\n<meta property=\"og:site_name\" content=\"888starz cs\" \/>\n<meta property=\"article:modified_time\" content=\"2025-07-07T14:39:44+00:00\" \/>\n<meta name=\"twitter:card\" content=\"summary_large_image\" \/>\n<script type=\"application\/ld+json\" class=\"yoast-schema-graph\">{\"@context\":\"https:\/\/schema.org\",\"@graph\":[{\"@type\":\"WebPage\",\"@id\":\"https:\/\/888starz.plus\/cs\/casino\/\",\"url\":\"https:\/\/888starz.plus\/cs\/casino\/\",\"name\":\"888Starz Kasino \u2b50 Uv\u00edtac\u00ed bonus\",\"isPartOf\":{\"@id\":\"https:\/\/888starz.plus\/cs\/#website\"},\"datePublished\":\"2024-01-06T13:38:46+00:00\",\"dateModified\":\"2025-07-07T14:39:44+00:00\",\"description\":\"Objevte kasino 888Starz, kde na v\u00e1s \u010dek\u00e1 velk\u00fd v\u00fdb\u011br kasinov\u00fdch her a automat\u016f. Z\u00edskejte sv\u016fj uv\u00edtac\u00ed bonus hned te\u010f!\",\"inLanguage\":\"cs\",\"potentialAction\":[{\"@type\":\"ReadAction\",\"target\":[\"https:\/\/888starz.plus\/cs\/casino\/\"]}]},{\"@type\":\"WebSite\",\"@id\":\"https:\/\/888starz.plus\/cs\/#website\",\"url\":\"https:\/\/888starz.plus\/cs\/\",\"name\":\"888starz cs\",\"description\":\"My WordPress Blog\",\"potentialAction\":[{\"@type\":\"SearchAction\",\"target\":{\"@type\":\"EntryPoint\",\"urlTemplate\":\"https:\/\/888starz.plus\/cs\/?s={search_term_string}\"},\"query-input\":{\"@type\":\"PropertyValueSpecification\",\"valueRequired\":true,\"valueName\":\"search_term_string\"}}],\"inLanguage\":\"cs\"}]}<\/script>\n<!-- \/ Yoast SEO plugin. -->","yoast_head_json":{"title":"888Starz Kasino \u2b50 Uv\u00edtac\u00ed bonus","description":"Objevte kasino 888Starz, kde na v\u00e1s \u010dek\u00e1 velk\u00fd v\u00fdb\u011br kasinov\u00fdch her a automat\u016f. Z\u00edskejte sv\u016fj uv\u00edtac\u00ed bonus hned te\u010f!","robots":{"index":"noindex","follow":"follow","max-snippet":"max-snippet:-1","max-image-preview":"max-image-preview:large","max-video-preview":"max-video-preview:-1"},"og_locale":"cs_CZ","og_type":"article","og_title":"888Starz Kasino \u2b50 Uv\u00edtac\u00ed bonus","og_description":"Objevte kasino 888Starz, kde na v\u00e1s \u010dek\u00e1 velk\u00fd v\u00fdb\u011br kasinov\u00fdch her a automat\u016f. Z\u00edskejte sv\u016fj uv\u00edtac\u00ed bonus hned te\u010f!","og_url":"https:\/\/888starz.plus\/cs\/casino\/","og_site_name":"888starz cs","article_modified_time":"2025-07-07T14:39:44+00:00","twitter_card":"summary_large_image","schema":{"@context":"https:\/\/schema.org","@graph":[{"@type":"WebPage","@id":"https:\/\/888starz.plus\/cs\/casino\/","url":"https:\/\/888starz.plus\/cs\/casino\/","name":"888Starz Kasino \u2b50 Uv\u00edtac\u00ed bonus","isPartOf":{"@id":"https:\/\/888starz.plus\/cs\/#website"},"datePublished":"2024-01-06T13:38:46+00:00","dateModified":"2025-07-07T14:39:44+00:00","description":"Objevte kasino 888Starz, kde na v\u00e1s \u010dek\u00e1 velk\u00fd v\u00fdb\u011br kasinov\u00fdch her a automat\u016f. Z\u00edskejte sv\u016fj uv\u00edtac\u00ed bonus hned te\u010f!","inLanguage":"cs","potentialAction":[{"@type":"ReadAction","target":["https:\/\/888starz.plus\/cs\/casino\/"]}]},{"@type":"WebSite","@id":"https:\/\/888starz.plus\/cs\/#website","url":"https:\/\/888starz.plus\/cs\/","name":"888starz cs","description":"My WordPress Blog","potentialAction":[{"@type":"SearchAction","target":{"@type":"EntryPoint","urlTemplate":"https:\/\/888starz.plus\/cs\/?s={search_term_string}"},"query-input":{"@type":"PropertyValueSpecification","valueRequired":true,"valueName":"search_term_string"}}],"inLanguage":"cs"}]}},"_links":{"self":[{"href":"https:\/\/888starz.plus\/cs\/wp-json\/wp\/v2\/pages\/580","targetHints":{"allow":["GET"]}}],"collection":[{"href":"https:\/\/888starz.plus\/cs\/wp-json\/wp\/v2\/pages"}],"about":[{"href":"https:\/\/888starz.plus\/cs\/wp-json\/wp\/v2\/types\/page"}],"author":[{"embeddable":true,"href":"https:\/\/888starz.plus\/cs\/wp-json\/wp\/v2\/users\/1"}],"replies":[{"embeddable":true,"href":"https:\/\/888starz.plus\/cs\/wp-json\/wp\/v2\/comments?post=580"}],"version-history":[{"count":2,"href":"https:\/\/888starz.plus\/cs\/wp-json\/wp\/v2\/pages\/580\/revisions"}],"predecessor-version":[{"id":933,"href":"https:\/\/888starz.plus\/cs\/wp-json\/wp\/v2\/pages\/580\/revisions\/933"}],"wp:attachment":[{"href":"https:\/\/888starz.plus\/cs\/wp-json\/wp\/v2\/media?parent=580"}],"curies":[{"name":"wp","href":"https:\/\/api.w.org\/{rel}","templated":true}]}}