{"id":545,"date":"2025-02-06T07:44:11","date_gmt":"2025-02-06T07:44:11","guid":{"rendered":"https:\/\/888starz.plus\/cs\/?page_id=545"},"modified":"2025-07-07T16:02:08","modified_gmt":"2025-07-07T16:02:08","slug":"mirror","status":"publish","type":"page","link":"https:\/\/888starz.plus\/cs\/mirror\/","title":{"rendered":"Zrcadlo"},"content":{"rendered":"","protected":false},"excerpt":{"rendered":"","protected":false},"author":1,"featured_media":0,"parent":0,"menu_order":0,"comment_status":"closed","ping_status":"closed","template":"","meta":{"inline_featured_image":false,"footnotes":""},"class_list":["post-545","page","type-page","status-publish","hentry"],"yoast_head":"<!-- This site is optimized with the Yoast SEO plugin v25.6 - https:\/\/yoast.com\/wordpress\/plugins\/seo\/ -->\n<title>888starz Mirror | Alternativn\u00ed p\u0159ihl\u00e1\u0161en\u00ed na ofici\u00e1ln\u00ed webov\u00e9 str\u00e1nky<\/title>\n<meta name=\"description\" content=\"V\u017edy aktu\u00e1ln\u00ed a funk\u010dn\u00ed zrcadlo 888starz pro p\u0159ihl\u00e1\u0161en\u00ed na ofici\u00e1ln\u00ed webov\u00e9 str\u00e1nky a registraci \u26a1 P\u0159\u00edstup na webov\u00e9 str\u00e1nky 888starz a pod\u00e1v\u00e1n\u00ed s\u00e1zek online\" \/>\n<meta name=\"robots\" content=\"noindex, follow, max-snippet:-1, max-image-preview:large, max-video-preview:-1\" \/>\n<meta property=\"og:locale\" content=\"cs_CZ\" \/>\n<meta property=\"og:type\" content=\"article\" \/>\n<meta property=\"og:title\" content=\"888starz Mirror | Alternativn\u00ed p\u0159ihl\u00e1\u0161en\u00ed na ofici\u00e1ln\u00ed webov\u00e9 str\u00e1nky\" \/>\n<meta property=\"og:description\" content=\"V\u017edy aktu\u00e1ln\u00ed a funk\u010dn\u00ed zrcadlo 888starz pro p\u0159ihl\u00e1\u0161en\u00ed na ofici\u00e1ln\u00ed webov\u00e9 str\u00e1nky a registraci \u26a1 P\u0159\u00edstup na webov\u00e9 str\u00e1nky 888starz a pod\u00e1v\u00e1n\u00ed s\u00e1zek online\" \/>\n<meta property=\"og:url\" content=\"https:\/\/888starz.plus\/cs\/mirror\/\" \/>\n<meta property=\"og:site_name\" content=\"888starz cs\" \/>\n<meta property=\"article:modified_time\" content=\"2025-07-07T16:02:08+00:00\" \/>\n<meta name=\"twitter:card\" content=\"summary_large_image\" \/>\n<script type=\"application\/ld+json\" class=\"yoast-schema-graph\">{\"@context\":\"https:\/\/schema.org\",\"@graph\":[{\"@type\":\"WebPage\",\"@id\":\"https:\/\/888starz.plus\/cs\/mirror\/\",\"url\":\"https:\/\/888starz.plus\/cs\/mirror\/\",\"name\":\"888starz Mirror | Alternativn\u00ed p\u0159ihl\u00e1\u0161en\u00ed na ofici\u00e1ln\u00ed webov\u00e9 str\u00e1nky\",\"isPartOf\":{\"@id\":\"https:\/\/888starz.plus\/cs\/#website\"},\"datePublished\":\"2025-02-06T07:44:11+00:00\",\"dateModified\":\"2025-07-07T16:02:08+00:00\",\"description\":\"V\u017edy aktu\u00e1ln\u00ed a funk\u010dn\u00ed zrcadlo 888starz pro p\u0159ihl\u00e1\u0161en\u00ed na ofici\u00e1ln\u00ed webov\u00e9 str\u00e1nky a registraci \u26a1 P\u0159\u00edstup na webov\u00e9 str\u00e1nky 888starz a pod\u00e1v\u00e1n\u00ed s\u00e1zek online\",\"inLanguage\":\"cs\",\"potentialAction\":[{\"@type\":\"ReadAction\",\"target\":[\"https:\/\/888starz.plus\/cs\/mirror\/\"]}]},{\"@type\":\"WebSite\",\"@id\":\"https:\/\/888starz.plus\/cs\/#website\",\"url\":\"https:\/\/888starz.plus\/cs\/\",\"name\":\"888starz cs\",\"description\":\"My WordPress Blog\",\"potentialAction\":[{\"@type\":\"SearchAction\",\"target\":{\"@type\":\"EntryPoint\",\"urlTemplate\":\"https:\/\/888starz.plus\/cs\/?s={search_term_string}\"},\"query-input\":{\"@type\":\"PropertyValueSpecification\",\"valueRequired\":true,\"valueName\":\"search_term_string\"}}],\"inLanguage\":\"cs\"}]}<\/script>\n<!-- \/ Yoast SEO plugin. -->","yoast_head_json":{"title":"888starz Mirror | Alternativn\u00ed p\u0159ihl\u00e1\u0161en\u00ed na ofici\u00e1ln\u00ed webov\u00e9 str\u00e1nky","description":"V\u017edy aktu\u00e1ln\u00ed a funk\u010dn\u00ed zrcadlo 888starz pro p\u0159ihl\u00e1\u0161en\u00ed na ofici\u00e1ln\u00ed webov\u00e9 str\u00e1nky a registraci \u26a1 P\u0159\u00edstup na webov\u00e9 str\u00e1nky 888starz a pod\u00e1v\u00e1n\u00ed s\u00e1zek online","robots":{"index":"noindex","follow":"follow","max-snippet":"max-snippet:-1","max-image-preview":"max-image-preview:large","max-video-preview":"max-video-preview:-1"},"og_locale":"cs_CZ","og_type":"article","og_title":"888starz Mirror | Alternativn\u00ed p\u0159ihl\u00e1\u0161en\u00ed na ofici\u00e1ln\u00ed webov\u00e9 str\u00e1nky","og_description":"V\u017edy aktu\u00e1ln\u00ed a funk\u010dn\u00ed zrcadlo 888starz pro p\u0159ihl\u00e1\u0161en\u00ed na ofici\u00e1ln\u00ed webov\u00e9 str\u00e1nky a registraci \u26a1 P\u0159\u00edstup na webov\u00e9 str\u00e1nky 888starz a pod\u00e1v\u00e1n\u00ed s\u00e1zek online","og_url":"https:\/\/888starz.plus\/cs\/mirror\/","og_site_name":"888starz cs","article_modified_time":"2025-07-07T16:02:08+00:00","twitter_card":"summary_large_image","schema":{"@context":"https:\/\/schema.org","@graph":[{"@type":"WebPage","@id":"https:\/\/888starz.plus\/cs\/mirror\/","url":"https:\/\/888starz.plus\/cs\/mirror\/","name":"888starz Mirror | Alternativn\u00ed p\u0159ihl\u00e1\u0161en\u00ed na ofici\u00e1ln\u00ed webov\u00e9 str\u00e1nky","isPartOf":{"@id":"https:\/\/888starz.plus\/cs\/#website"},"datePublished":"2025-02-06T07:44:11+00:00","dateModified":"2025-07-07T16:02:08+00:00","description":"V\u017edy aktu\u00e1ln\u00ed a funk\u010dn\u00ed zrcadlo 888starz pro p\u0159ihl\u00e1\u0161en\u00ed na ofici\u00e1ln\u00ed webov\u00e9 str\u00e1nky a registraci \u26a1 P\u0159\u00edstup na webov\u00e9 str\u00e1nky 888starz a pod\u00e1v\u00e1n\u00ed s\u00e1zek online","inLanguage":"cs","potentialAction":[{"@type":"ReadAction","target":["https:\/\/888starz.plus\/cs\/mirror\/"]}]},{"@type":"WebSite","@id":"https:\/\/888starz.plus\/cs\/#website","url":"https:\/\/888starz.plus\/cs\/","name":"888starz cs","description":"My WordPress Blog","potentialAction":[{"@type":"SearchAction","target":{"@type":"EntryPoint","urlTemplate":"https:\/\/888starz.plus\/cs\/?s={search_term_string}"},"query-input":{"@type":"PropertyValueSpecification","valueRequired":true,"valueName":"search_term_string"}}],"inLanguage":"cs"}]}},"_links":{"self":[{"href":"https:\/\/888starz.plus\/cs\/wp-json\/wp\/v2\/pages\/545","targetHints":{"allow":["GET"]}}],"collection":[{"href":"https:\/\/888starz.plus\/cs\/wp-json\/wp\/v2\/pages"}],"about":[{"href":"https:\/\/888starz.plus\/cs\/wp-json\/wp\/v2\/types\/page"}],"author":[{"embeddable":true,"href":"https:\/\/888starz.plus\/cs\/wp-json\/wp\/v2\/users\/1"}],"replies":[{"embeddable":true,"href":"https:\/\/888starz.plus\/cs\/wp-json\/wp\/v2\/comments?post=545"}],"version-history":[{"count":3,"href":"https:\/\/888starz.plus\/cs\/wp-json\/wp\/v2\/pages\/545\/revisions"}],"predecessor-version":[{"id":939,"href":"https:\/\/888starz.plus\/cs\/wp-json\/wp\/v2\/pages\/545\/revisions\/939"}],"wp:attachment":[{"href":"https:\/\/888starz.plus\/cs\/wp-json\/wp\/v2\/media?parent=545"}],"curies":[{"name":"wp","href":"https:\/\/api.w.org\/{rel}","templated":true}]}}