{"id":428,"date":"2024-03-22T14:34:33","date_gmt":"2024-03-22T14:34:33","guid":{"rendered":"https:\/\/888starz.plus\/cs\/?page_id=428"},"modified":"2025-07-07T16:14:33","modified_gmt":"2025-07-07T16:14:33","slug":"registration","status":"publish","type":"page","link":"https:\/\/888starz.plus\/cs\/registration\/","title":{"rendered":"Registrace"},"content":{"rendered":"","protected":false},"excerpt":{"rendered":"","protected":false},"author":1,"featured_media":0,"parent":0,"menu_order":0,"comment_status":"closed","ping_status":"closed","template":"","meta":{"inline_featured_image":false,"footnotes":""},"class_list":["post-428","page","type-page","status-publish","hentry"],"yoast_head":"<!-- This site is optimized with the Yoast SEO plugin v25.6 - https:\/\/yoast.com\/wordpress\/plugins\/seo\/ -->\n<title>Registrace 888Starz | N\u00e1vod, jak se zaregistrovat<\/title>\n<meta name=\"description\" content=\"Objevte pr\u016fvodce krok za krokem pro snadnou a rychlou registraci na 888Starz! \ud83d\uddf8 Zaregistrujte si \u00fa\u010det 888starz v roce 2025 \ud83d\uddf8 P\u0159ihlaste se a za\u010dn\u011bte s\u00e1zet.\" \/>\n<meta name=\"robots\" content=\"noindex, follow, max-snippet:-1, max-image-preview:large, max-video-preview:-1\" \/>\n<meta property=\"og:locale\" content=\"cs_CZ\" \/>\n<meta property=\"og:type\" content=\"article\" \/>\n<meta property=\"og:title\" content=\"Registrace 888Starz | N\u00e1vod, jak se zaregistrovat\" \/>\n<meta property=\"og:description\" content=\"Objevte pr\u016fvodce krok za krokem pro snadnou a rychlou registraci na 888Starz! \ud83d\uddf8 Zaregistrujte si \u00fa\u010det 888starz v roce 2025 \ud83d\uddf8 P\u0159ihlaste se a za\u010dn\u011bte s\u00e1zet.\" \/>\n<meta property=\"og:url\" content=\"https:\/\/888starz.plus\/cs\/registration\/\" \/>\n<meta property=\"og:site_name\" content=\"888starz cs\" \/>\n<meta property=\"article:modified_time\" content=\"2025-07-07T16:14:33+00:00\" \/>\n<meta name=\"twitter:card\" content=\"summary_large_image\" \/>\n<script type=\"application\/ld+json\" class=\"yoast-schema-graph\">{\"@context\":\"https:\/\/schema.org\",\"@graph\":[{\"@type\":\"WebPage\",\"@id\":\"https:\/\/888starz.plus\/cs\/registration\/\",\"url\":\"https:\/\/888starz.plus\/cs\/registration\/\",\"name\":\"Registrace 888Starz | N\u00e1vod, jak se zaregistrovat\",\"isPartOf\":{\"@id\":\"https:\/\/888starz.plus\/cs\/#website\"},\"datePublished\":\"2024-03-22T14:34:33+00:00\",\"dateModified\":\"2025-07-07T16:14:33+00:00\",\"description\":\"Objevte pr\u016fvodce krok za krokem pro snadnou a rychlou registraci na 888Starz! \ud83d\uddf8 Zaregistrujte si \u00fa\u010det 888starz v roce 2025 \ud83d\uddf8 P\u0159ihlaste se a za\u010dn\u011bte s\u00e1zet.\",\"inLanguage\":\"cs\",\"potentialAction\":[{\"@type\":\"ReadAction\",\"target\":[\"https:\/\/888starz.plus\/cs\/registration\/\"]}]},{\"@type\":\"WebSite\",\"@id\":\"https:\/\/888starz.plus\/cs\/#website\",\"url\":\"https:\/\/888starz.plus\/cs\/\",\"name\":\"888starz cs\",\"description\":\"My WordPress Blog\",\"potentialAction\":[{\"@type\":\"SearchAction\",\"target\":{\"@type\":\"EntryPoint\",\"urlTemplate\":\"https:\/\/888starz.plus\/cs\/?s={search_term_string}\"},\"query-input\":{\"@type\":\"PropertyValueSpecification\",\"valueRequired\":true,\"valueName\":\"search_term_string\"}}],\"inLanguage\":\"cs\"}]}<\/script>\n<!-- \/ Yoast SEO plugin. -->","yoast_head_json":{"title":"Registrace 888Starz | N\u00e1vod, jak se zaregistrovat","description":"Objevte pr\u016fvodce krok za krokem pro snadnou a rychlou registraci na 888Starz! \ud83d\uddf8 Zaregistrujte si \u00fa\u010det 888starz v roce 2025 \ud83d\uddf8 P\u0159ihlaste se a za\u010dn\u011bte s\u00e1zet.","robots":{"index":"noindex","follow":"follow","max-snippet":"max-snippet:-1","max-image-preview":"max-image-preview:large","max-video-preview":"max-video-preview:-1"},"og_locale":"cs_CZ","og_type":"article","og_title":"Registrace 888Starz | N\u00e1vod, jak se zaregistrovat","og_description":"Objevte pr\u016fvodce krok za krokem pro snadnou a rychlou registraci na 888Starz! \ud83d\uddf8 Zaregistrujte si \u00fa\u010det 888starz v roce 2025 \ud83d\uddf8 P\u0159ihlaste se a za\u010dn\u011bte s\u00e1zet.","og_url":"https:\/\/888starz.plus\/cs\/registration\/","og_site_name":"888starz cs","article_modified_time":"2025-07-07T16:14:33+00:00","twitter_card":"summary_large_image","schema":{"@context":"https:\/\/schema.org","@graph":[{"@type":"WebPage","@id":"https:\/\/888starz.plus\/cs\/registration\/","url":"https:\/\/888starz.plus\/cs\/registration\/","name":"Registrace 888Starz | N\u00e1vod, jak se zaregistrovat","isPartOf":{"@id":"https:\/\/888starz.plus\/cs\/#website"},"datePublished":"2024-03-22T14:34:33+00:00","dateModified":"2025-07-07T16:14:33+00:00","description":"Objevte pr\u016fvodce krok za krokem pro snadnou a rychlou registraci na 888Starz! \ud83d\uddf8 Zaregistrujte si \u00fa\u010det 888starz v roce 2025 \ud83d\uddf8 P\u0159ihlaste se a za\u010dn\u011bte s\u00e1zet.","inLanguage":"cs","potentialAction":[{"@type":"ReadAction","target":["https:\/\/888starz.plus\/cs\/registration\/"]}]},{"@type":"WebSite","@id":"https:\/\/888starz.plus\/cs\/#website","url":"https:\/\/888starz.plus\/cs\/","name":"888starz cs","description":"My WordPress Blog","potentialAction":[{"@type":"SearchAction","target":{"@type":"EntryPoint","urlTemplate":"https:\/\/888starz.plus\/cs\/?s={search_term_string}"},"query-input":{"@type":"PropertyValueSpecification","valueRequired":true,"valueName":"search_term_string"}}],"inLanguage":"cs"}]}},"_links":{"self":[{"href":"https:\/\/888starz.plus\/cs\/wp-json\/wp\/v2\/pages\/428","targetHints":{"allow":["GET"]}}],"collection":[{"href":"https:\/\/888starz.plus\/cs\/wp-json\/wp\/v2\/pages"}],"about":[{"href":"https:\/\/888starz.plus\/cs\/wp-json\/wp\/v2\/types\/page"}],"author":[{"embeddable":true,"href":"https:\/\/888starz.plus\/cs\/wp-json\/wp\/v2\/users\/1"}],"replies":[{"embeddable":true,"href":"https:\/\/888starz.plus\/cs\/wp-json\/wp\/v2\/comments?post=428"}],"version-history":[{"count":3,"href":"https:\/\/888starz.plus\/cs\/wp-json\/wp\/v2\/pages\/428\/revisions"}],"predecessor-version":[{"id":943,"href":"https:\/\/888starz.plus\/cs\/wp-json\/wp\/v2\/pages\/428\/revisions\/943"}],"wp:attachment":[{"href":"https:\/\/888starz.plus\/cs\/wp-json\/wp\/v2\/media?parent=428"}],"curies":[{"name":"wp","href":"https:\/\/api.w.org\/{rel}","templated":true}]}}