{"id":379,"date":"2025-05-01T14:26:17","date_gmt":"2025-05-01T14:26:17","guid":{"rendered":"https:\/\/888starz.plus\/cs\/?page_id=379"},"modified":"2025-07-23T18:21:29","modified_gmt":"2025-07-23T18:21:29","slug":"partners","status":"publish","type":"page","link":"https:\/\/888starz.plus\/cs\/partners\/","title":{"rendered":"Partne\u0159i"},"content":{"rendered":"","protected":false},"excerpt":{"rendered":"","protected":false},"author":1,"featured_media":0,"parent":0,"menu_order":0,"comment_status":"closed","ping_status":"closed","template":"","meta":{"inline_featured_image":false,"footnotes":""},"class_list":["post-379","page","type-page","status-publish","hentry"],"yoast_head":"<!-- This site is optimized with the Yoast SEO plugin v25.6 - https:\/\/yoast.com\/wordpress\/plugins\/seo\/ -->\n<title>888Starz Partnerprogramm \u2705 P\u0159ipojte se nyn\u00ed<\/title>\n<meta name=\"description\" content=\"888Starz Partners je ziskov\u00fd partnersk\u00fd program, kter\u00fd nab\u00edz\u00ed v\u00fdjime\u010dnou \u0161k\u00e1lu slu\u017eeb a mo\u017enost\u00ed v\u00fdd\u011blku \u26a1 Vyd\u011bl\u00e1vejte skute\u010dn\u00e9 pen\u00edze s partnersk\u00fdm programem 888Starz\" \/>\n<meta name=\"robots\" content=\"noindex, follow, max-snippet:-1, max-image-preview:large, max-video-preview:-1\" \/>\n<meta property=\"og:locale\" content=\"cs_CZ\" \/>\n<meta property=\"og:type\" content=\"article\" \/>\n<meta property=\"og:title\" content=\"888Starz Partnerprogramm \u2705 P\u0159ipojte se nyn\u00ed\" \/>\n<meta property=\"og:description\" content=\"888Starz Partners je ziskov\u00fd partnersk\u00fd program, kter\u00fd nab\u00edz\u00ed v\u00fdjime\u010dnou \u0161k\u00e1lu slu\u017eeb a mo\u017enost\u00ed v\u00fdd\u011blku \u26a1 Vyd\u011bl\u00e1vejte skute\u010dn\u00e9 pen\u00edze s partnersk\u00fdm programem 888Starz\" \/>\n<meta property=\"og:url\" content=\"https:\/\/888starz.plus\/cs\/partners\/\" \/>\n<meta property=\"og:site_name\" content=\"888starz cs\" \/>\n<meta property=\"article:modified_time\" content=\"2025-07-23T18:21:29+00:00\" \/>\n<meta name=\"twitter:card\" content=\"summary_large_image\" \/>\n<script type=\"application\/ld+json\" class=\"yoast-schema-graph\">{\"@context\":\"https:\/\/schema.org\",\"@graph\":[{\"@type\":\"WebPage\",\"@id\":\"https:\/\/888starz.plus\/cs\/partners\/\",\"url\":\"https:\/\/888starz.plus\/cs\/partners\/\",\"name\":\"888Starz Partnerprogramm \u2705 P\u0159ipojte se nyn\u00ed\",\"isPartOf\":{\"@id\":\"https:\/\/888starz.plus\/cs\/#website\"},\"datePublished\":\"2025-05-01T14:26:17+00:00\",\"dateModified\":\"2025-07-23T18:21:29+00:00\",\"description\":\"888Starz Partners je ziskov\u00fd partnersk\u00fd program, kter\u00fd nab\u00edz\u00ed v\u00fdjime\u010dnou \u0161k\u00e1lu slu\u017eeb a mo\u017enost\u00ed v\u00fdd\u011blku \u26a1 Vyd\u011bl\u00e1vejte skute\u010dn\u00e9 pen\u00edze s partnersk\u00fdm programem 888Starz\",\"inLanguage\":\"cs\",\"potentialAction\":[{\"@type\":\"ReadAction\",\"target\":[\"https:\/\/888starz.plus\/cs\/partners\/\"]}]},{\"@type\":\"WebSite\",\"@id\":\"https:\/\/888starz.plus\/cs\/#website\",\"url\":\"https:\/\/888starz.plus\/cs\/\",\"name\":\"888starz cs\",\"description\":\"My WordPress Blog\",\"potentialAction\":[{\"@type\":\"SearchAction\",\"target\":{\"@type\":\"EntryPoint\",\"urlTemplate\":\"https:\/\/888starz.plus\/cs\/?s={search_term_string}\"},\"query-input\":{\"@type\":\"PropertyValueSpecification\",\"valueRequired\":true,\"valueName\":\"search_term_string\"}}],\"inLanguage\":\"cs\"}]}<\/script>\n<!-- \/ Yoast SEO plugin. -->","yoast_head_json":{"title":"888Starz Partnerprogramm \u2705 P\u0159ipojte se nyn\u00ed","description":"888Starz Partners je ziskov\u00fd partnersk\u00fd program, kter\u00fd nab\u00edz\u00ed v\u00fdjime\u010dnou \u0161k\u00e1lu slu\u017eeb a mo\u017enost\u00ed v\u00fdd\u011blku \u26a1 Vyd\u011bl\u00e1vejte skute\u010dn\u00e9 pen\u00edze s partnersk\u00fdm programem 888Starz","robots":{"index":"noindex","follow":"follow","max-snippet":"max-snippet:-1","max-image-preview":"max-image-preview:large","max-video-preview":"max-video-preview:-1"},"og_locale":"cs_CZ","og_type":"article","og_title":"888Starz Partnerprogramm \u2705 P\u0159ipojte se nyn\u00ed","og_description":"888Starz Partners je ziskov\u00fd partnersk\u00fd program, kter\u00fd nab\u00edz\u00ed v\u00fdjime\u010dnou \u0161k\u00e1lu slu\u017eeb a mo\u017enost\u00ed v\u00fdd\u011blku \u26a1 Vyd\u011bl\u00e1vejte skute\u010dn\u00e9 pen\u00edze s partnersk\u00fdm programem 888Starz","og_url":"https:\/\/888starz.plus\/cs\/partners\/","og_site_name":"888starz cs","article_modified_time":"2025-07-23T18:21:29+00:00","twitter_card":"summary_large_image","schema":{"@context":"https:\/\/schema.org","@graph":[{"@type":"WebPage","@id":"https:\/\/888starz.plus\/cs\/partners\/","url":"https:\/\/888starz.plus\/cs\/partners\/","name":"888Starz Partnerprogramm \u2705 P\u0159ipojte se nyn\u00ed","isPartOf":{"@id":"https:\/\/888starz.plus\/cs\/#website"},"datePublished":"2025-05-01T14:26:17+00:00","dateModified":"2025-07-23T18:21:29+00:00","description":"888Starz Partners je ziskov\u00fd partnersk\u00fd program, kter\u00fd nab\u00edz\u00ed v\u00fdjime\u010dnou \u0161k\u00e1lu slu\u017eeb a mo\u017enost\u00ed v\u00fdd\u011blku \u26a1 Vyd\u011bl\u00e1vejte skute\u010dn\u00e9 pen\u00edze s partnersk\u00fdm programem 888Starz","inLanguage":"cs","potentialAction":[{"@type":"ReadAction","target":["https:\/\/888starz.plus\/cs\/partners\/"]}]},{"@type":"WebSite","@id":"https:\/\/888starz.plus\/cs\/#website","url":"https:\/\/888starz.plus\/cs\/","name":"888starz cs","description":"My WordPress Blog","potentialAction":[{"@type":"SearchAction","target":{"@type":"EntryPoint","urlTemplate":"https:\/\/888starz.plus\/cs\/?s={search_term_string}"},"query-input":{"@type":"PropertyValueSpecification","valueRequired":true,"valueName":"search_term_string"}}],"inLanguage":"cs"}]}},"_links":{"self":[{"href":"https:\/\/888starz.plus\/cs\/wp-json\/wp\/v2\/pages\/379","targetHints":{"allow":["GET"]}}],"collection":[{"href":"https:\/\/888starz.plus\/cs\/wp-json\/wp\/v2\/pages"}],"about":[{"href":"https:\/\/888starz.plus\/cs\/wp-json\/wp\/v2\/types\/page"}],"author":[{"embeddable":true,"href":"https:\/\/888starz.plus\/cs\/wp-json\/wp\/v2\/users\/1"}],"replies":[{"embeddable":true,"href":"https:\/\/888starz.plus\/cs\/wp-json\/wp\/v2\/comments?post=379"}],"version-history":[{"count":3,"href":"https:\/\/888starz.plus\/cs\/wp-json\/wp\/v2\/pages\/379\/revisions"}],"predecessor-version":[{"id":941,"href":"https:\/\/888starz.plus\/cs\/wp-json\/wp\/v2\/pages\/379\/revisions\/941"}],"wp:attachment":[{"href":"https:\/\/888starz.plus\/cs\/wp-json\/wp\/v2\/media?parent=379"}],"curies":[{"name":"wp","href":"https:\/\/api.w.org\/{rel}","templated":true}]}}