{"id":268,"date":"2025-02-07T09:07:02","date_gmt":"2025-02-07T09:07:02","guid":{"rendered":"https:\/\/888starz.plus\/cs\/?page_id=268"},"modified":"2025-07-07T14:03:39","modified_gmt":"2025-07-07T14:03:39","slug":"app","status":"publish","type":"page","link":"https:\/\/888starz.plus\/cs\/app\/","title":{"rendered":"Aplikace"},"content":{"rendered":"","protected":false},"excerpt":{"rendered":"","protected":false},"author":1,"featured_media":0,"parent":0,"menu_order":0,"comment_status":"closed","ping_status":"closed","template":"","meta":{"inline_featured_image":false,"footnotes":""},"class_list":["post-268","page","type-page","status-publish","hentry"],"yoast_head":"<!-- This site is optimized with the Yoast SEO plugin v25.6 - https:\/\/yoast.com\/wordpress\/plugins\/seo\/ -->\n<title>Aplikace 888Starz ke sta\u017een\u00ed \u2b50 Android a iOS zdarma<\/title>\n<meta name=\"description\" content=\"St\u00e1hn\u011bte si ofici\u00e1ln\u00ed aplikaci 888Starz pro iOS a Android zdarma v roce 2025. 888Starz je u\u017eivatelsky p\u0159\u00edv\u011btiv\u00e1 mobiln\u00ed aplikace, kter\u00e1 nab\u00edz\u00ed slu\u017eby kasina i sportovn\u00edho s\u00e1zen\u00ed.\" \/>\n<meta name=\"robots\" content=\"noindex, follow, max-snippet:-1, max-image-preview:large, max-video-preview:-1\" \/>\n<meta property=\"og:locale\" content=\"cs_CZ\" \/>\n<meta property=\"og:type\" content=\"article\" \/>\n<meta property=\"og:title\" content=\"Aplikace 888Starz ke sta\u017een\u00ed \u2b50 Android a iOS zdarma\" \/>\n<meta property=\"og:description\" content=\"St\u00e1hn\u011bte si ofici\u00e1ln\u00ed aplikaci 888Starz pro iOS a Android zdarma v roce 2025. 888Starz je u\u017eivatelsky p\u0159\u00edv\u011btiv\u00e1 mobiln\u00ed aplikace, kter\u00e1 nab\u00edz\u00ed slu\u017eby kasina i sportovn\u00edho s\u00e1zen\u00ed.\" \/>\n<meta property=\"og:url\" content=\"https:\/\/888starz.plus\/cs\/app\/\" \/>\n<meta property=\"og:site_name\" content=\"888starz cs\" \/>\n<meta property=\"article:modified_time\" content=\"2025-07-07T14:03:39+00:00\" \/>\n<meta name=\"twitter:card\" content=\"summary_large_image\" \/>\n<script type=\"application\/ld+json\" class=\"yoast-schema-graph\">{\"@context\":\"https:\/\/schema.org\",\"@graph\":[{\"@type\":\"WebPage\",\"@id\":\"https:\/\/888starz.plus\/cs\/app\/\",\"url\":\"https:\/\/888starz.plus\/cs\/app\/\",\"name\":\"Aplikace 888Starz ke sta\u017een\u00ed \u2b50 Android a iOS zdarma\",\"isPartOf\":{\"@id\":\"https:\/\/888starz.plus\/cs\/#website\"},\"datePublished\":\"2025-02-07T09:07:02+00:00\",\"dateModified\":\"2025-07-07T14:03:39+00:00\",\"description\":\"St\u00e1hn\u011bte si ofici\u00e1ln\u00ed aplikaci 888Starz pro iOS a Android zdarma v roce 2025. 888Starz je u\u017eivatelsky p\u0159\u00edv\u011btiv\u00e1 mobiln\u00ed aplikace, kter\u00e1 nab\u00edz\u00ed slu\u017eby kasina i sportovn\u00edho s\u00e1zen\u00ed.\",\"inLanguage\":\"cs\",\"potentialAction\":[{\"@type\":\"ReadAction\",\"target\":[\"https:\/\/888starz.plus\/cs\/app\/\"]}]},{\"@type\":\"WebSite\",\"@id\":\"https:\/\/888starz.plus\/cs\/#website\",\"url\":\"https:\/\/888starz.plus\/cs\/\",\"name\":\"888starz cs\",\"description\":\"My WordPress Blog\",\"potentialAction\":[{\"@type\":\"SearchAction\",\"target\":{\"@type\":\"EntryPoint\",\"urlTemplate\":\"https:\/\/888starz.plus\/cs\/?s={search_term_string}\"},\"query-input\":{\"@type\":\"PropertyValueSpecification\",\"valueRequired\":true,\"valueName\":\"search_term_string\"}}],\"inLanguage\":\"cs\"}]}<\/script>\n<!-- \/ Yoast SEO plugin. -->","yoast_head_json":{"title":"Aplikace 888Starz ke sta\u017een\u00ed \u2b50 Android a iOS zdarma","description":"St\u00e1hn\u011bte si ofici\u00e1ln\u00ed aplikaci 888Starz pro iOS a Android zdarma v roce 2025. 888Starz je u\u017eivatelsky p\u0159\u00edv\u011btiv\u00e1 mobiln\u00ed aplikace, kter\u00e1 nab\u00edz\u00ed slu\u017eby kasina i sportovn\u00edho s\u00e1zen\u00ed.","robots":{"index":"noindex","follow":"follow","max-snippet":"max-snippet:-1","max-image-preview":"max-image-preview:large","max-video-preview":"max-video-preview:-1"},"og_locale":"cs_CZ","og_type":"article","og_title":"Aplikace 888Starz ke sta\u017een\u00ed \u2b50 Android a iOS zdarma","og_description":"St\u00e1hn\u011bte si ofici\u00e1ln\u00ed aplikaci 888Starz pro iOS a Android zdarma v roce 2025. 888Starz je u\u017eivatelsky p\u0159\u00edv\u011btiv\u00e1 mobiln\u00ed aplikace, kter\u00e1 nab\u00edz\u00ed slu\u017eby kasina i sportovn\u00edho s\u00e1zen\u00ed.","og_url":"https:\/\/888starz.plus\/cs\/app\/","og_site_name":"888starz cs","article_modified_time":"2025-07-07T14:03:39+00:00","twitter_card":"summary_large_image","schema":{"@context":"https:\/\/schema.org","@graph":[{"@type":"WebPage","@id":"https:\/\/888starz.plus\/cs\/app\/","url":"https:\/\/888starz.plus\/cs\/app\/","name":"Aplikace 888Starz ke sta\u017een\u00ed \u2b50 Android a iOS zdarma","isPartOf":{"@id":"https:\/\/888starz.plus\/cs\/#website"},"datePublished":"2025-02-07T09:07:02+00:00","dateModified":"2025-07-07T14:03:39+00:00","description":"St\u00e1hn\u011bte si ofici\u00e1ln\u00ed aplikaci 888Starz pro iOS a Android zdarma v roce 2025. 888Starz je u\u017eivatelsky p\u0159\u00edv\u011btiv\u00e1 mobiln\u00ed aplikace, kter\u00e1 nab\u00edz\u00ed slu\u017eby kasina i sportovn\u00edho s\u00e1zen\u00ed.","inLanguage":"cs","potentialAction":[{"@type":"ReadAction","target":["https:\/\/888starz.plus\/cs\/app\/"]}]},{"@type":"WebSite","@id":"https:\/\/888starz.plus\/cs\/#website","url":"https:\/\/888starz.plus\/cs\/","name":"888starz cs","description":"My WordPress Blog","potentialAction":[{"@type":"SearchAction","target":{"@type":"EntryPoint","urlTemplate":"https:\/\/888starz.plus\/cs\/?s={search_term_string}"},"query-input":{"@type":"PropertyValueSpecification","valueRequired":true,"valueName":"search_term_string"}}],"inLanguage":"cs"}]}},"_links":{"self":[{"href":"https:\/\/888starz.plus\/cs\/wp-json\/wp\/v2\/pages\/268","targetHints":{"allow":["GET"]}}],"collection":[{"href":"https:\/\/888starz.plus\/cs\/wp-json\/wp\/v2\/pages"}],"about":[{"href":"https:\/\/888starz.plus\/cs\/wp-json\/wp\/v2\/types\/page"}],"author":[{"embeddable":true,"href":"https:\/\/888starz.plus\/cs\/wp-json\/wp\/v2\/users\/1"}],"replies":[{"embeddable":true,"href":"https:\/\/888starz.plus\/cs\/wp-json\/wp\/v2\/comments?post=268"}],"version-history":[{"count":3,"href":"https:\/\/888starz.plus\/cs\/wp-json\/wp\/v2\/pages\/268\/revisions"}],"predecessor-version":[{"id":925,"href":"https:\/\/888starz.plus\/cs\/wp-json\/wp\/v2\/pages\/268\/revisions\/925"}],"wp:attachment":[{"href":"https:\/\/888starz.plus\/cs\/wp-json\/wp\/v2\/media?parent=268"}],"curies":[{"name":"wp","href":"https:\/\/api.w.org\/{rel}","templated":true}]}}