{"id":2,"date":"2023-05-18T17:18:34","date_gmt":"2023-05-18T17:18:34","guid":{"rendered":"https:\/\/888starz.plus\/cs\/?page_id=2"},"modified":"2025-07-23T18:15:20","modified_gmt":"2025-07-23T18:15:20","slug":"sample-page","status":"publish","type":"page","link":"https:\/\/888starz.plus\/cs\/","title":{"rendered":"Dom\u016f"},"content":{"rendered":"","protected":false},"excerpt":{"rendered":"","protected":false},"author":1,"featured_media":0,"parent":0,"menu_order":0,"comment_status":"closed","ping_status":"open","template":"","meta":{"inline_featured_image":false,"footnotes":""},"class_list":["post-2","page","type-page","status-publish","hentry"],"yoast_head":"<!-- This site is optimized with the Yoast SEO plugin v25.6 - https:\/\/yoast.com\/wordpress\/plugins\/seo\/ -->\n<title>888Starz \u2b55 Sportovn\u00ed s\u00e1zen\u00ed a kasino<\/title>\n<meta name=\"description\" content=\"Ofici\u00e1ln\u00ed str\u00e1nky 888Starz \u2b50 P\u0159e\u010dt\u011bte si v\u0161e o kasinov\u00fdch hr\u00e1ch a sportovn\u00edm s\u00e1zen\u00ed. U\u017eijte si bonusy a vysok\u00e9 kurzy na sportovn\u00ed s\u00e1zen\u00ed v kryptom\u011bn\u011b\" \/>\n<meta name=\"robots\" content=\"noindex, follow, max-snippet:-1, max-image-preview:large, max-video-preview:-1\" \/>\n<meta property=\"og:locale\" content=\"cs_CZ\" \/>\n<meta property=\"og:type\" content=\"article\" \/>\n<meta property=\"og:title\" content=\"888Starz \u2b55 Sportovn\u00ed s\u00e1zen\u00ed a kasino\" \/>\n<meta property=\"og:description\" content=\"Ofici\u00e1ln\u00ed str\u00e1nky 888Starz \u2b50 P\u0159e\u010dt\u011bte si v\u0161e o kasinov\u00fdch hr\u00e1ch a sportovn\u00edm s\u00e1zen\u00ed. U\u017eijte si bonusy a vysok\u00e9 kurzy na sportovn\u00ed s\u00e1zen\u00ed v kryptom\u011bn\u011b\" \/>\n<meta property=\"og:url\" content=\"https:\/\/888starz.plus\/cs\/\" \/>\n<meta property=\"og:site_name\" content=\"888starz cs\" \/>\n<meta property=\"article:modified_time\" content=\"2025-07-23T18:15:20+00:00\" \/>\n<meta name=\"twitter:card\" content=\"summary_large_image\" \/>\n<script type=\"application\/ld+json\" class=\"yoast-schema-graph\">{\"@context\":\"https:\/\/schema.org\",\"@graph\":[{\"@type\":\"WebPage\",\"@id\":\"https:\/\/888starz.plus\/cs\/\",\"url\":\"https:\/\/888starz.plus\/cs\/\",\"name\":\"888Starz \u2b55 Sportovn\u00ed s\u00e1zen\u00ed a kasino\",\"isPartOf\":{\"@id\":\"https:\/\/888starz.plus\/cs\/#website\"},\"datePublished\":\"2023-05-18T17:18:34+00:00\",\"dateModified\":\"2025-07-23T18:15:20+00:00\",\"description\":\"Ofici\u00e1ln\u00ed str\u00e1nky 888Starz \u2b50 P\u0159e\u010dt\u011bte si v\u0161e o kasinov\u00fdch hr\u00e1ch a sportovn\u00edm s\u00e1zen\u00ed. U\u017eijte si bonusy a vysok\u00e9 kurzy na sportovn\u00ed s\u00e1zen\u00ed v kryptom\u011bn\u011b\",\"inLanguage\":\"cs\",\"potentialAction\":[{\"@type\":\"ReadAction\",\"target\":[\"https:\/\/888starz.plus\/cs\/\"]}]},{\"@type\":\"WebSite\",\"@id\":\"https:\/\/888starz.plus\/cs\/#website\",\"url\":\"https:\/\/888starz.plus\/cs\/\",\"name\":\"888starz cs\",\"description\":\"My WordPress Blog\",\"potentialAction\":[{\"@type\":\"SearchAction\",\"target\":{\"@type\":\"EntryPoint\",\"urlTemplate\":\"https:\/\/888starz.plus\/cs\/?s={search_term_string}\"},\"query-input\":{\"@type\":\"PropertyValueSpecification\",\"valueRequired\":true,\"valueName\":\"search_term_string\"}}],\"inLanguage\":\"cs\"}]}<\/script>\n<!-- \/ Yoast SEO plugin. -->","yoast_head_json":{"title":"888Starz \u2b55 Sportovn\u00ed s\u00e1zen\u00ed a kasino","description":"Ofici\u00e1ln\u00ed str\u00e1nky 888Starz \u2b50 P\u0159e\u010dt\u011bte si v\u0161e o kasinov\u00fdch hr\u00e1ch a sportovn\u00edm s\u00e1zen\u00ed. U\u017eijte si bonusy a vysok\u00e9 kurzy na sportovn\u00ed s\u00e1zen\u00ed v kryptom\u011bn\u011b","robots":{"index":"noindex","follow":"follow","max-snippet":"max-snippet:-1","max-image-preview":"max-image-preview:large","max-video-preview":"max-video-preview:-1"},"og_locale":"cs_CZ","og_type":"article","og_title":"888Starz \u2b55 Sportovn\u00ed s\u00e1zen\u00ed a kasino","og_description":"Ofici\u00e1ln\u00ed str\u00e1nky 888Starz \u2b50 P\u0159e\u010dt\u011bte si v\u0161e o kasinov\u00fdch hr\u00e1ch a sportovn\u00edm s\u00e1zen\u00ed. U\u017eijte si bonusy a vysok\u00e9 kurzy na sportovn\u00ed s\u00e1zen\u00ed v kryptom\u011bn\u011b","og_url":"https:\/\/888starz.plus\/cs\/","og_site_name":"888starz cs","article_modified_time":"2025-07-23T18:15:20+00:00","twitter_card":"summary_large_image","schema":{"@context":"https:\/\/schema.org","@graph":[{"@type":"WebPage","@id":"https:\/\/888starz.plus\/cs\/","url":"https:\/\/888starz.plus\/cs\/","name":"888Starz \u2b55 Sportovn\u00ed s\u00e1zen\u00ed a kasino","isPartOf":{"@id":"https:\/\/888starz.plus\/cs\/#website"},"datePublished":"2023-05-18T17:18:34+00:00","dateModified":"2025-07-23T18:15:20+00:00","description":"Ofici\u00e1ln\u00ed str\u00e1nky 888Starz \u2b50 P\u0159e\u010dt\u011bte si v\u0161e o kasinov\u00fdch hr\u00e1ch a sportovn\u00edm s\u00e1zen\u00ed. U\u017eijte si bonusy a vysok\u00e9 kurzy na sportovn\u00ed s\u00e1zen\u00ed v kryptom\u011bn\u011b","inLanguage":"cs","potentialAction":[{"@type":"ReadAction","target":["https:\/\/888starz.plus\/cs\/"]}]},{"@type":"WebSite","@id":"https:\/\/888starz.plus\/cs\/#website","url":"https:\/\/888starz.plus\/cs\/","name":"888starz cs","description":"My WordPress Blog","potentialAction":[{"@type":"SearchAction","target":{"@type":"EntryPoint","urlTemplate":"https:\/\/888starz.plus\/cs\/?s={search_term_string}"},"query-input":{"@type":"PropertyValueSpecification","valueRequired":true,"valueName":"search_term_string"}}],"inLanguage":"cs"}]}},"_links":{"self":[{"href":"https:\/\/888starz.plus\/cs\/wp-json\/wp\/v2\/pages\/2","targetHints":{"allow":["GET"]}}],"collection":[{"href":"https:\/\/888starz.plus\/cs\/wp-json\/wp\/v2\/pages"}],"about":[{"href":"https:\/\/888starz.plus\/cs\/wp-json\/wp\/v2\/types\/page"}],"author":[{"embeddable":true,"href":"https:\/\/888starz.plus\/cs\/wp-json\/wp\/v2\/users\/1"}],"replies":[{"embeddable":true,"href":"https:\/\/888starz.plus\/cs\/wp-json\/wp\/v2\/comments?post=2"}],"version-history":[{"count":11,"href":"https:\/\/888starz.plus\/cs\/wp-json\/wp\/v2\/pages\/2\/revisions"}],"predecessor-version":[{"id":944,"href":"https:\/\/888starz.plus\/cs\/wp-json\/wp\/v2\/pages\/2\/revisions\/944"}],"wp:attachment":[{"href":"https:\/\/888starz.plus\/cs\/wp-json\/wp\/v2\/media?parent=2"}],"curies":[{"name":"wp","href":"https:\/\/api.w.org\/{rel}","templated":true}]}}