{"id":152,"date":"2025-02-18T17:39:43","date_gmt":"2025-02-18T17:39:43","guid":{"rendered":"https:\/\/888starz.plus\/cs\/?page_id=152"},"modified":"2025-07-07T14:20:29","modified_gmt":"2025-07-07T14:20:29","slug":"bonus","status":"publish","type":"page","link":"https:\/\/888starz.plus\/cs\/bonuses\/","title":{"rendered":"Bonus"},"content":{"rendered":"","protected":false},"excerpt":{"rendered":"","protected":false},"author":1,"featured_media":0,"parent":0,"menu_order":0,"comment_status":"closed","ping_status":"closed","template":"","meta":{"inline_featured_image":false,"footnotes":""},"class_list":["post-152","page","type-page","status-publish","hentry"],"yoast_head":"<!-- This site is optimized with the Yoast SEO plugin v25.6 - https:\/\/yoast.com\/wordpress\/plugins\/seo\/ -->\n<title>Bonusy a propaga\u010dn\u00ed akce 888Starz 2025<\/title>\n<meta name=\"description\" content=\"Kompletn\u00ed pr\u016fvodce speci\u00e1ln\u00edmi nab\u00eddkami a bonusy 888Starz \u2714\ufe0f Zjist\u011bte, jak z\u00edskat propaga\u010dn\u00ed k\u00f3dy a uv\u00edtac\u00ed bonus 888Starz - Zaregistrujte se na webov\u00fdch str\u00e1nk\u00e1ch 888starz a z\u00edskejte 100% bonus.\" \/>\n<meta name=\"robots\" content=\"noindex, follow, max-snippet:-1, max-image-preview:large, max-video-preview:-1\" \/>\n<meta property=\"og:locale\" content=\"cs_CZ\" \/>\n<meta property=\"og:type\" content=\"article\" \/>\n<meta property=\"og:title\" content=\"Bonusy a propaga\u010dn\u00ed akce 888Starz 2025\" \/>\n<meta property=\"og:description\" content=\"Kompletn\u00ed pr\u016fvodce speci\u00e1ln\u00edmi nab\u00eddkami a bonusy 888Starz \u2714\ufe0f Zjist\u011bte, jak z\u00edskat propaga\u010dn\u00ed k\u00f3dy a uv\u00edtac\u00ed bonus 888Starz - Zaregistrujte se na webov\u00fdch str\u00e1nk\u00e1ch 888starz a z\u00edskejte 100% bonus.\" \/>\n<meta property=\"og:url\" content=\"https:\/\/888starz.plus\/cs\/bonuses\/\" \/>\n<meta property=\"og:site_name\" content=\"888starz cs\" \/>\n<meta property=\"article:modified_time\" content=\"2025-07-07T14:20:29+00:00\" \/>\n<meta name=\"twitter:card\" content=\"summary_large_image\" \/>\n<script type=\"application\/ld+json\" class=\"yoast-schema-graph\">{\"@context\":\"https:\/\/schema.org\",\"@graph\":[{\"@type\":\"WebPage\",\"@id\":\"https:\/\/888starz.plus\/cs\/bonuses\/\",\"url\":\"https:\/\/888starz.plus\/cs\/bonuses\/\",\"name\":\"Bonusy a propaga\u010dn\u00ed akce 888Starz 2025\",\"isPartOf\":{\"@id\":\"https:\/\/888starz.plus\/cs\/#website\"},\"datePublished\":\"2025-02-18T17:39:43+00:00\",\"dateModified\":\"2025-07-07T14:20:29+00:00\",\"description\":\"Kompletn\u00ed pr\u016fvodce speci\u00e1ln\u00edmi nab\u00eddkami a bonusy 888Starz \u2714\ufe0f Zjist\u011bte, jak z\u00edskat propaga\u010dn\u00ed k\u00f3dy a uv\u00edtac\u00ed bonus 888Starz - Zaregistrujte se na webov\u00fdch str\u00e1nk\u00e1ch 888starz a z\u00edskejte 100% bonus.\",\"inLanguage\":\"cs\",\"potentialAction\":[{\"@type\":\"ReadAction\",\"target\":[\"https:\/\/888starz.plus\/cs\/bonuses\/\"]}]},{\"@type\":\"WebSite\",\"@id\":\"https:\/\/888starz.plus\/cs\/#website\",\"url\":\"https:\/\/888starz.plus\/cs\/\",\"name\":\"888starz cs\",\"description\":\"My WordPress Blog\",\"potentialAction\":[{\"@type\":\"SearchAction\",\"target\":{\"@type\":\"EntryPoint\",\"urlTemplate\":\"https:\/\/888starz.plus\/cs\/?s={search_term_string}\"},\"query-input\":{\"@type\":\"PropertyValueSpecification\",\"valueRequired\":true,\"valueName\":\"search_term_string\"}}],\"inLanguage\":\"cs\"}]}<\/script>\n<!-- \/ Yoast SEO plugin. -->","yoast_head_json":{"title":"Bonusy a propaga\u010dn\u00ed akce 888Starz 2025","description":"Kompletn\u00ed pr\u016fvodce speci\u00e1ln\u00edmi nab\u00eddkami a bonusy 888Starz \u2714\ufe0f Zjist\u011bte, jak z\u00edskat propaga\u010dn\u00ed k\u00f3dy a uv\u00edtac\u00ed bonus 888Starz - Zaregistrujte se na webov\u00fdch str\u00e1nk\u00e1ch 888starz a z\u00edskejte 100% bonus.","robots":{"index":"noindex","follow":"follow","max-snippet":"max-snippet:-1","max-image-preview":"max-image-preview:large","max-video-preview":"max-video-preview:-1"},"og_locale":"cs_CZ","og_type":"article","og_title":"Bonusy a propaga\u010dn\u00ed akce 888Starz 2025","og_description":"Kompletn\u00ed pr\u016fvodce speci\u00e1ln\u00edmi nab\u00eddkami a bonusy 888Starz \u2714\ufe0f Zjist\u011bte, jak z\u00edskat propaga\u010dn\u00ed k\u00f3dy a uv\u00edtac\u00ed bonus 888Starz - Zaregistrujte se na webov\u00fdch str\u00e1nk\u00e1ch 888starz a z\u00edskejte 100% bonus.","og_url":"https:\/\/888starz.plus\/cs\/bonuses\/","og_site_name":"888starz cs","article_modified_time":"2025-07-07T14:20:29+00:00","twitter_card":"summary_large_image","schema":{"@context":"https:\/\/schema.org","@graph":[{"@type":"WebPage","@id":"https:\/\/888starz.plus\/cs\/bonuses\/","url":"https:\/\/888starz.plus\/cs\/bonuses\/","name":"Bonusy a propaga\u010dn\u00ed akce 888Starz 2025","isPartOf":{"@id":"https:\/\/888starz.plus\/cs\/#website"},"datePublished":"2025-02-18T17:39:43+00:00","dateModified":"2025-07-07T14:20:29+00:00","description":"Kompletn\u00ed pr\u016fvodce speci\u00e1ln\u00edmi nab\u00eddkami a bonusy 888Starz \u2714\ufe0f Zjist\u011bte, jak z\u00edskat propaga\u010dn\u00ed k\u00f3dy a uv\u00edtac\u00ed bonus 888Starz - Zaregistrujte se na webov\u00fdch str\u00e1nk\u00e1ch 888starz a z\u00edskejte 100% bonus.","inLanguage":"cs","potentialAction":[{"@type":"ReadAction","target":["https:\/\/888starz.plus\/cs\/bonuses\/"]}]},{"@type":"WebSite","@id":"https:\/\/888starz.plus\/cs\/#website","url":"https:\/\/888starz.plus\/cs\/","name":"888starz cs","description":"My WordPress Blog","potentialAction":[{"@type":"SearchAction","target":{"@type":"EntryPoint","urlTemplate":"https:\/\/888starz.plus\/cs\/?s={search_term_string}"},"query-input":{"@type":"PropertyValueSpecification","valueRequired":true,"valueName":"search_term_string"}}],"inLanguage":"cs"}]}},"_links":{"self":[{"href":"https:\/\/888starz.plus\/cs\/wp-json\/wp\/v2\/pages\/152","targetHints":{"allow":["GET"]}}],"collection":[{"href":"https:\/\/888starz.plus\/cs\/wp-json\/wp\/v2\/pages"}],"about":[{"href":"https:\/\/888starz.plus\/cs\/wp-json\/wp\/v2\/types\/page"}],"author":[{"embeddable":true,"href":"https:\/\/888starz.plus\/cs\/wp-json\/wp\/v2\/users\/1"}],"replies":[{"embeddable":true,"href":"https:\/\/888starz.plus\/cs\/wp-json\/wp\/v2\/comments?post=152"}],"version-history":[{"count":2,"href":"https:\/\/888starz.plus\/cs\/wp-json\/wp\/v2\/pages\/152\/revisions"}],"predecessor-version":[{"id":926,"href":"https:\/\/888starz.plus\/cs\/wp-json\/wp\/v2\/pages\/152\/revisions\/926"}],"wp:attachment":[{"href":"https:\/\/888starz.plus\/cs\/wp-json\/wp\/v2\/media?parent=152"}],"curies":[{"name":"wp","href":"https:\/\/api.w.org\/{rel}","templated":true}]}}