{"id":152,"date":"2023-05-18T17:39:43","date_gmt":"2023-05-18T17:39:43","guid":{"rendered":"https:\/\/888starz.plus\/colombia\/?page_id=152"},"modified":"2025-08-31T08:30:22","modified_gmt":"2025-08-31T08:30:22","slug":"bonus","status":"publish","type":"page","link":"https:\/\/888starz.plus\/colombia\/bonus\/","title":{"rendered":"Bono"},"content":{"rendered":"","protected":false},"excerpt":{"rendered":"","protected":false},"author":1,"featured_media":0,"parent":0,"menu_order":0,"comment_status":"closed","ping_status":"closed","template":"","meta":{"inline_featured_image":false,"footnotes":""},"class_list":["post-152","page","type-page","status-publish","hentry"],"yoast_head":"<!-- This site is optimized with the Yoast SEO plugin v25.6 - https:\/\/yoast.com\/wordpress\/plugins\/seo\/ -->\n<title>888Starz Colombia Bonos y Promociones 2025<\/title>\n<meta name=\"description\" content=\"Gu\u00eda completa sobre ofertas especiales y bonos de 888Starz \u2714\ufe0f Averigua c\u00f3mo conseguir C\u00f3digos Promocionales y Bonos de Bienvenida de 888Starz - Reg\u00edstrate en la web de 888starz y consigue un bono del 100%.\" \/>\n<meta name=\"robots\" content=\"index, follow, max-snippet:-1, max-image-preview:large, max-video-preview:-1\" \/>\n<meta property=\"og:locale\" content=\"es_ES\" \/>\n<meta property=\"og:type\" content=\"article\" \/>\n<meta property=\"og:title\" content=\"888Starz Colombia Bonos y Promociones 2025\" \/>\n<meta property=\"og:description\" content=\"Gu\u00eda completa sobre ofertas especiales y bonos de 888Starz \u2714\ufe0f Averigua c\u00f3mo conseguir C\u00f3digos Promocionales y Bonos de Bienvenida de 888Starz - Reg\u00edstrate en la web de 888starz y consigue un bono del 100%.\" \/>\n<meta property=\"og:url\" content=\"https:\/\/888starz.plus\/colombia\/bonus\/\" \/>\n<meta property=\"og:site_name\" content=\"888Starz co\" \/>\n<meta property=\"article:modified_time\" content=\"2025-08-31T08:30:22+00:00\" \/>\n<meta name=\"twitter:card\" content=\"summary_large_image\" \/>\n<script type=\"application\/ld+json\" class=\"yoast-schema-graph\">{\"@context\":\"https:\/\/schema.org\",\"@graph\":[{\"@type\":\"WebPage\",\"@id\":\"https:\/\/888starz.plus\/colombia\/bonus\/\",\"url\":\"https:\/\/888starz.plus\/colombia\/bonus\/\",\"name\":\"888Starz Colombia Bonos y Promociones 2025\",\"isPartOf\":{\"@id\":\"https:\/\/888starz.plus\/colombia\/#website\"},\"datePublished\":\"2023-05-18T17:39:43+00:00\",\"dateModified\":\"2025-08-31T08:30:22+00:00\",\"description\":\"Gu\u00eda completa sobre ofertas especiales y bonos de 888Starz \u2714\ufe0f Averigua c\u00f3mo conseguir C\u00f3digos Promocionales y Bonos de Bienvenida de 888Starz - Reg\u00edstrate en la web de 888starz y consigue un bono del 100%.\",\"inLanguage\":\"es-CO\",\"potentialAction\":[{\"@type\":\"ReadAction\",\"target\":[\"https:\/\/888starz.plus\/colombia\/bonus\/\"]}]},{\"@type\":\"WebSite\",\"@id\":\"https:\/\/888starz.plus\/colombia\/#website\",\"url\":\"https:\/\/888starz.plus\/colombia\/\",\"name\":\"888Starz co\",\"description\":\"My WordPress Blog\",\"potentialAction\":[{\"@type\":\"SearchAction\",\"target\":{\"@type\":\"EntryPoint\",\"urlTemplate\":\"https:\/\/888starz.plus\/colombia\/?s={search_term_string}\"},\"query-input\":{\"@type\":\"PropertyValueSpecification\",\"valueRequired\":true,\"valueName\":\"search_term_string\"}}],\"inLanguage\":\"es-CO\"}]}<\/script>\n<!-- \/ Yoast SEO plugin. -->","yoast_head_json":{"title":"888Starz Colombia Bonos y Promociones 2025","description":"Gu\u00eda completa sobre ofertas especiales y bonos de 888Starz \u2714\ufe0f Averigua c\u00f3mo conseguir C\u00f3digos Promocionales y Bonos de Bienvenida de 888Starz - Reg\u00edstrate en la web de 888starz y consigue un bono del 100%.","robots":{"index":"index","follow":"follow","max-snippet":"max-snippet:-1","max-image-preview":"max-image-preview:large","max-video-preview":"max-video-preview:-1"},"og_locale":"es_ES","og_type":"article","og_title":"888Starz Colombia Bonos y Promociones 2025","og_description":"Gu\u00eda completa sobre ofertas especiales y bonos de 888Starz \u2714\ufe0f Averigua c\u00f3mo conseguir C\u00f3digos Promocionales y Bonos de Bienvenida de 888Starz - Reg\u00edstrate en la web de 888starz y consigue un bono del 100%.","og_url":"https:\/\/888starz.plus\/colombia\/bonus\/","og_site_name":"888Starz co","article_modified_time":"2025-08-31T08:30:22+00:00","twitter_card":"summary_large_image","schema":{"@context":"https:\/\/schema.org","@graph":[{"@type":"WebPage","@id":"https:\/\/888starz.plus\/colombia\/bonus\/","url":"https:\/\/888starz.plus\/colombia\/bonus\/","name":"888Starz Colombia Bonos y Promociones 2025","isPartOf":{"@id":"https:\/\/888starz.plus\/colombia\/#website"},"datePublished":"2023-05-18T17:39:43+00:00","dateModified":"2025-08-31T08:30:22+00:00","description":"Gu\u00eda completa sobre ofertas especiales y bonos de 888Starz \u2714\ufe0f Averigua c\u00f3mo conseguir C\u00f3digos Promocionales y Bonos de Bienvenida de 888Starz - Reg\u00edstrate en la web de 888starz y consigue un bono del 100%.","inLanguage":"es-CO","potentialAction":[{"@type":"ReadAction","target":["https:\/\/888starz.plus\/colombia\/bonus\/"]}]},{"@type":"WebSite","@id":"https:\/\/888starz.plus\/colombia\/#website","url":"https:\/\/888starz.plus\/colombia\/","name":"888Starz co","description":"My WordPress Blog","potentialAction":[{"@type":"SearchAction","target":{"@type":"EntryPoint","urlTemplate":"https:\/\/888starz.plus\/colombia\/?s={search_term_string}"},"query-input":{"@type":"PropertyValueSpecification","valueRequired":true,"valueName":"search_term_string"}}],"inLanguage":"es-CO"}]}},"_links":{"self":[{"href":"https:\/\/888starz.plus\/colombia\/wp-json\/wp\/v2\/pages\/152","targetHints":{"allow":["GET"]}}],"collection":[{"href":"https:\/\/888starz.plus\/colombia\/wp-json\/wp\/v2\/pages"}],"about":[{"href":"https:\/\/888starz.plus\/colombia\/wp-json\/wp\/v2\/types\/page"}],"author":[{"embeddable":true,"href":"https:\/\/888starz.plus\/colombia\/wp-json\/wp\/v2\/users\/1"}],"replies":[{"embeddable":true,"href":"https:\/\/888starz.plus\/colombia\/wp-json\/wp\/v2\/comments?post=152"}],"version-history":[{"count":2,"href":"https:\/\/888starz.plus\/colombia\/wp-json\/wp\/v2\/pages\/152\/revisions"}],"predecessor-version":[{"id":960,"href":"https:\/\/888starz.plus\/colombia\/wp-json\/wp\/v2\/pages\/152\/revisions\/960"}],"wp:attachment":[{"href":"https:\/\/888starz.plus\/colombia\/wp-json\/wp\/v2\/media?parent=152"}],"curies":[{"name":"wp","href":"https:\/\/api.w.org\/{rel}","templated":true}]}}