{"id":476,"date":"2024-09-06T12:25:50","date_gmt":"2024-09-06T12:25:50","guid":{"rendered":"https:\/\/888starz.plus\/cm\/?page_id=476"},"modified":"2024-09-06T12:43:17","modified_gmt":"2024-09-06T12:43:17","slug":"apk","status":"publish","type":"page","link":"https:\/\/888starz.plus\/cm\/apk\/","title":{"rendered":"Apk"},"content":{"rendered":"","protected":false},"excerpt":{"rendered":"","protected":false},"author":1,"featured_media":0,"parent":0,"menu_order":0,"comment_status":"closed","ping_status":"closed","template":"","meta":{"inline_featured_image":false,"footnotes":""},"class_list":["post-476","page","type-page","status-publish","hentry"],"yoast_head":"<!-- This site is optimized with the Yoast SEO plugin v25.6 - https:\/\/yoast.com\/wordpress\/plugins\/seo\/ -->\n<title>T\u00e9l\u00e9charger 888starz APK pour Android | Official 888Starz Site<\/title>\n<meta name=\"description\" content=\"888Starz Apk est une version mobile tr\u00e8s pratique pour les utilisateurs de smartphones du Cameroun. T\u00e9l\u00e9chargement gratuit de 888Starz Apk pour les appareils Android et IOS.\" \/>\n<meta name=\"robots\" content=\"index, follow, max-snippet:-1, max-image-preview:large, max-video-preview:-1\" \/>\n<meta property=\"og:locale\" content=\"fr_FR\" \/>\n<meta property=\"og:type\" content=\"article\" \/>\n<meta property=\"og:title\" content=\"T\u00e9l\u00e9charger 888starz APK pour Android | Official 888Starz Site\" \/>\n<meta property=\"og:description\" content=\"888Starz Apk est une version mobile tr\u00e8s pratique pour les utilisateurs de smartphones du Cameroun. T\u00e9l\u00e9chargement gratuit de 888Starz Apk pour les appareils Android et IOS.\" \/>\n<meta property=\"og:url\" content=\"https:\/\/888starz.plus\/cm\/apk\/\" \/>\n<meta property=\"og:site_name\" content=\"888Starz cm\" \/>\n<meta property=\"article:modified_time\" content=\"2024-09-06T12:43:17+00:00\" \/>\n<meta name=\"twitter:card\" content=\"summary_large_image\" \/>\n<script type=\"application\/ld+json\" class=\"yoast-schema-graph\">{\"@context\":\"https:\/\/schema.org\",\"@graph\":[{\"@type\":\"WebPage\",\"@id\":\"https:\/\/888starz.plus\/cm\/apk\/\",\"url\":\"https:\/\/888starz.plus\/cm\/apk\/\",\"name\":\"T\u00e9l\u00e9charger 888starz APK pour Android | Official 888Starz Site\",\"isPartOf\":{\"@id\":\"https:\/\/888starz.plus\/cm\/#website\"},\"datePublished\":\"2024-09-06T12:25:50+00:00\",\"dateModified\":\"2024-09-06T12:43:17+00:00\",\"description\":\"888Starz Apk est une version mobile tr\u00e8s pratique pour les utilisateurs de smartphones du Cameroun. T\u00e9l\u00e9chargement gratuit de 888Starz Apk pour les appareils Android et IOS.\",\"inLanguage\":\"fr-CM\",\"potentialAction\":[{\"@type\":\"ReadAction\",\"target\":[\"https:\/\/888starz.plus\/cm\/apk\/\"]}]},{\"@type\":\"WebSite\",\"@id\":\"https:\/\/888starz.plus\/cm\/#website\",\"url\":\"https:\/\/888starz.plus\/cm\/\",\"name\":\"888Starz cm\",\"description\":\"My WordPress Blog\",\"potentialAction\":[{\"@type\":\"SearchAction\",\"target\":{\"@type\":\"EntryPoint\",\"urlTemplate\":\"https:\/\/888starz.plus\/cm\/?s={search_term_string}\"},\"query-input\":{\"@type\":\"PropertyValueSpecification\",\"valueRequired\":true,\"valueName\":\"search_term_string\"}}],\"inLanguage\":\"fr-CM\"}]}<\/script>\n<!-- \/ Yoast SEO plugin. -->","yoast_head_json":{"title":"T\u00e9l\u00e9charger 888starz APK pour Android | Official 888Starz Site","description":"888Starz Apk est une version mobile tr\u00e8s pratique pour les utilisateurs de smartphones du Cameroun. T\u00e9l\u00e9chargement gratuit de 888Starz Apk pour les appareils Android et IOS.","robots":{"index":"index","follow":"follow","max-snippet":"max-snippet:-1","max-image-preview":"max-image-preview:large","max-video-preview":"max-video-preview:-1"},"og_locale":"fr_FR","og_type":"article","og_title":"T\u00e9l\u00e9charger 888starz APK pour Android | Official 888Starz Site","og_description":"888Starz Apk est une version mobile tr\u00e8s pratique pour les utilisateurs de smartphones du Cameroun. T\u00e9l\u00e9chargement gratuit de 888Starz Apk pour les appareils Android et IOS.","og_url":"https:\/\/888starz.plus\/cm\/apk\/","og_site_name":"888Starz cm","article_modified_time":"2024-09-06T12:43:17+00:00","twitter_card":"summary_large_image","schema":{"@context":"https:\/\/schema.org","@graph":[{"@type":"WebPage","@id":"https:\/\/888starz.plus\/cm\/apk\/","url":"https:\/\/888starz.plus\/cm\/apk\/","name":"T\u00e9l\u00e9charger 888starz APK pour Android | Official 888Starz Site","isPartOf":{"@id":"https:\/\/888starz.plus\/cm\/#website"},"datePublished":"2024-09-06T12:25:50+00:00","dateModified":"2024-09-06T12:43:17+00:00","description":"888Starz Apk est une version mobile tr\u00e8s pratique pour les utilisateurs de smartphones du Cameroun. T\u00e9l\u00e9chargement gratuit de 888Starz Apk pour les appareils Android et IOS.","inLanguage":"fr-CM","potentialAction":[{"@type":"ReadAction","target":["https:\/\/888starz.plus\/cm\/apk\/"]}]},{"@type":"WebSite","@id":"https:\/\/888starz.plus\/cm\/#website","url":"https:\/\/888starz.plus\/cm\/","name":"888Starz cm","description":"My WordPress Blog","potentialAction":[{"@type":"SearchAction","target":{"@type":"EntryPoint","urlTemplate":"https:\/\/888starz.plus\/cm\/?s={search_term_string}"},"query-input":{"@type":"PropertyValueSpecification","valueRequired":true,"valueName":"search_term_string"}}],"inLanguage":"fr-CM"}]}},"_links":{"self":[{"href":"https:\/\/888starz.plus\/cm\/wp-json\/wp\/v2\/pages\/476","targetHints":{"allow":["GET"]}}],"collection":[{"href":"https:\/\/888starz.plus\/cm\/wp-json\/wp\/v2\/pages"}],"about":[{"href":"https:\/\/888starz.plus\/cm\/wp-json\/wp\/v2\/types\/page"}],"author":[{"embeddable":true,"href":"https:\/\/888starz.plus\/cm\/wp-json\/wp\/v2\/users\/1"}],"replies":[{"embeddable":true,"href":"https:\/\/888starz.plus\/cm\/wp-json\/wp\/v2\/comments?post=476"}],"version-history":[{"count":0,"href":"https:\/\/888starz.plus\/cm\/wp-json\/wp\/v2\/pages\/476\/revisions"}],"wp:attachment":[{"href":"https:\/\/888starz.plus\/cm\/wp-json\/wp\/v2\/media?parent=476"}],"curies":[{"name":"wp","href":"https:\/\/api.w.org\/{rel}","templated":true}]}}