{"id":425,"date":"2024-07-11T18:08:18","date_gmt":"2024-07-11T18:08:18","guid":{"rendered":"https:\/\/888starz.plus\/cm\/?page_id=425"},"modified":"2025-05-16T07:50:43","modified_gmt":"2025-05-16T07:50:43","slug":"registration","status":"publish","type":"page","link":"https:\/\/888starz.plus\/cm\/registration\/","title":{"rendered":"Inscription"},"content":{"rendered":"","protected":false},"excerpt":{"rendered":"","protected":false},"author":1,"featured_media":0,"parent":0,"menu_order":0,"comment_status":"closed","ping_status":"closed","template":"","meta":{"inline_featured_image":false,"footnotes":""},"class_list":["post-425","page","type-page","status-publish","hentry"],"yoast_head":"<!-- This site is optimized with the Yoast SEO plugin v25.6 - https:\/\/yoast.com\/wordpress\/plugins\/seo\/ -->\n<title>888Starz Cameroun inscription | Guide d&#039;inscription<\/title>\n<meta name=\"description\" content=\"D\u00e9couvrez le guide \u00e9tape par \u00e9tape pour une inscription facile et rapide sur 888Starz ! \ud83d\uddf8 Cr\u00e9ez un compte 888starz en 2025 \ud83d\uddf8 Connectez-vous et commencez \u00e0 parier maintenant\" \/>\n<meta name=\"robots\" content=\"index, follow, max-snippet:-1, max-image-preview:large, max-video-preview:-1\" \/>\n<meta property=\"og:locale\" content=\"fr_FR\" \/>\n<meta property=\"og:type\" content=\"article\" \/>\n<meta property=\"og:title\" content=\"888Starz Cameroun inscription | Guide d&#039;inscription\" \/>\n<meta property=\"og:description\" content=\"D\u00e9couvrez le guide \u00e9tape par \u00e9tape pour une inscription facile et rapide sur 888Starz ! \ud83d\uddf8 Cr\u00e9ez un compte 888starz en 2025 \ud83d\uddf8 Connectez-vous et commencez \u00e0 parier maintenant\" \/>\n<meta property=\"og:url\" content=\"https:\/\/888starz.plus\/cm\/registration\/\" \/>\n<meta property=\"og:site_name\" content=\"888Starz cm\" \/>\n<meta property=\"article:modified_time\" content=\"2025-05-16T07:50:43+00:00\" \/>\n<meta name=\"twitter:card\" content=\"summary_large_image\" \/>\n<script type=\"application\/ld+json\" class=\"yoast-schema-graph\">{\"@context\":\"https:\/\/schema.org\",\"@graph\":[{\"@type\":\"WebPage\",\"@id\":\"https:\/\/888starz.plus\/cm\/registration\/\",\"url\":\"https:\/\/888starz.plus\/cm\/registration\/\",\"name\":\"888Starz Cameroun inscription | Guide d'inscription\",\"isPartOf\":{\"@id\":\"https:\/\/888starz.plus\/cm\/#website\"},\"datePublished\":\"2024-07-11T18:08:18+00:00\",\"dateModified\":\"2025-05-16T07:50:43+00:00\",\"description\":\"D\u00e9couvrez le guide \u00e9tape par \u00e9tape pour une inscription facile et rapide sur 888Starz ! \ud83d\uddf8 Cr\u00e9ez un compte 888starz en 2025 \ud83d\uddf8 Connectez-vous et commencez \u00e0 parier maintenant\",\"inLanguage\":\"fr-CM\",\"potentialAction\":[{\"@type\":\"ReadAction\",\"target\":[\"https:\/\/888starz.plus\/cm\/registration\/\"]}]},{\"@type\":\"WebSite\",\"@id\":\"https:\/\/888starz.plus\/cm\/#website\",\"url\":\"https:\/\/888starz.plus\/cm\/\",\"name\":\"888Starz cm\",\"description\":\"My WordPress Blog\",\"potentialAction\":[{\"@type\":\"SearchAction\",\"target\":{\"@type\":\"EntryPoint\",\"urlTemplate\":\"https:\/\/888starz.plus\/cm\/?s={search_term_string}\"},\"query-input\":{\"@type\":\"PropertyValueSpecification\",\"valueRequired\":true,\"valueName\":\"search_term_string\"}}],\"inLanguage\":\"fr-CM\"}]}<\/script>\n<!-- \/ Yoast SEO plugin. -->","yoast_head_json":{"title":"888Starz Cameroun inscription | Guide d'inscription","description":"D\u00e9couvrez le guide \u00e9tape par \u00e9tape pour une inscription facile et rapide sur 888Starz ! \ud83d\uddf8 Cr\u00e9ez un compte 888starz en 2025 \ud83d\uddf8 Connectez-vous et commencez \u00e0 parier maintenant","robots":{"index":"index","follow":"follow","max-snippet":"max-snippet:-1","max-image-preview":"max-image-preview:large","max-video-preview":"max-video-preview:-1"},"og_locale":"fr_FR","og_type":"article","og_title":"888Starz Cameroun inscription | Guide d'inscription","og_description":"D\u00e9couvrez le guide \u00e9tape par \u00e9tape pour une inscription facile et rapide sur 888Starz ! \ud83d\uddf8 Cr\u00e9ez un compte 888starz en 2025 \ud83d\uddf8 Connectez-vous et commencez \u00e0 parier maintenant","og_url":"https:\/\/888starz.plus\/cm\/registration\/","og_site_name":"888Starz cm","article_modified_time":"2025-05-16T07:50:43+00:00","twitter_card":"summary_large_image","schema":{"@context":"https:\/\/schema.org","@graph":[{"@type":"WebPage","@id":"https:\/\/888starz.plus\/cm\/registration\/","url":"https:\/\/888starz.plus\/cm\/registration\/","name":"888Starz Cameroun inscription | Guide d'inscription","isPartOf":{"@id":"https:\/\/888starz.plus\/cm\/#website"},"datePublished":"2024-07-11T18:08:18+00:00","dateModified":"2025-05-16T07:50:43+00:00","description":"D\u00e9couvrez le guide \u00e9tape par \u00e9tape pour une inscription facile et rapide sur 888Starz ! \ud83d\uddf8 Cr\u00e9ez un compte 888starz en 2025 \ud83d\uddf8 Connectez-vous et commencez \u00e0 parier maintenant","inLanguage":"fr-CM","potentialAction":[{"@type":"ReadAction","target":["https:\/\/888starz.plus\/cm\/registration\/"]}]},{"@type":"WebSite","@id":"https:\/\/888starz.plus\/cm\/#website","url":"https:\/\/888starz.plus\/cm\/","name":"888Starz cm","description":"My WordPress Blog","potentialAction":[{"@type":"SearchAction","target":{"@type":"EntryPoint","urlTemplate":"https:\/\/888starz.plus\/cm\/?s={search_term_string}"},"query-input":{"@type":"PropertyValueSpecification","valueRequired":true,"valueName":"search_term_string"}}],"inLanguage":"fr-CM"}]}},"_links":{"self":[{"href":"https:\/\/888starz.plus\/cm\/wp-json\/wp\/v2\/pages\/425","targetHints":{"allow":["GET"]}}],"collection":[{"href":"https:\/\/888starz.plus\/cm\/wp-json\/wp\/v2\/pages"}],"about":[{"href":"https:\/\/888starz.plus\/cm\/wp-json\/wp\/v2\/types\/page"}],"author":[{"embeddable":true,"href":"https:\/\/888starz.plus\/cm\/wp-json\/wp\/v2\/users\/1"}],"replies":[{"embeddable":true,"href":"https:\/\/888starz.plus\/cm\/wp-json\/wp\/v2\/comments?post=425"}],"version-history":[{"count":1,"href":"https:\/\/888starz.plus\/cm\/wp-json\/wp\/v2\/pages\/425\/revisions"}],"predecessor-version":[{"id":540,"href":"https:\/\/888starz.plus\/cm\/wp-json\/wp\/v2\/pages\/425\/revisions\/540"}],"wp:attachment":[{"href":"https:\/\/888starz.plus\/cm\/wp-json\/wp\/v2\/media?parent=425"}],"curies":[{"name":"wp","href":"https:\/\/api.w.org\/{rel}","templated":true}]}}