{"id":268,"date":"2023-08-07T09:07:02","date_gmt":"2023-08-07T09:07:02","guid":{"rendered":"https:\/\/888starz.plus\/ci\/?page_id=268"},"modified":"2025-05-16T07:04:21","modified_gmt":"2025-05-16T07:04:21","slug":"app","status":"publish","type":"page","link":"https:\/\/888starz.plus\/ci\/app\/","title":{"rendered":"Application"},"content":{"rendered":"","protected":false},"excerpt":{"rendered":"","protected":false},"author":1,"featured_media":0,"parent":0,"menu_order":0,"comment_status":"closed","ping_status":"closed","template":"","meta":{"inline_featured_image":false,"footnotes":""},"class_list":["post-268","page","type-page","status-publish","hentry"],"yoast_head":"<!-- This site is optimized with the Yoast SEO plugin v25.6 - https:\/\/yoast.com\/wordpress\/plugins\/seo\/ -->\n<title>888Starz app t\u00e9l\u00e9chargement \u2b50 Android (APK) et iOS gratuit<\/title>\n<meta name=\"description\" content=\"T\u00e9l\u00e9chargez l&#039;application officielle 888Starz en C\u00f4te d&#039;Ivoire pour iOS et Android APK gratuitement en 2025. 888Starz est une application mobile conviviale qui offre \u00e0 la fois des services de casino et de paris sportifs\" \/>\n<meta name=\"robots\" content=\"index, follow, max-snippet:-1, max-image-preview:large, max-video-preview:-1\" \/>\n<meta property=\"og:locale\" content=\"fr_FR\" \/>\n<meta property=\"og:type\" content=\"article\" \/>\n<meta property=\"og:title\" content=\"888Starz app t\u00e9l\u00e9chargement \u2b50 Android (APK) et iOS gratuit\" \/>\n<meta property=\"og:description\" content=\"T\u00e9l\u00e9chargez l&#039;application officielle 888Starz en C\u00f4te d&#039;Ivoire pour iOS et Android APK gratuitement en 2025. 888Starz est une application mobile conviviale qui offre \u00e0 la fois des services de casino et de paris sportifs\" \/>\n<meta property=\"og:url\" content=\"https:\/\/888starz.plus\/ci\/app\/\" \/>\n<meta property=\"og:site_name\" content=\"888Starz ci\" \/>\n<meta property=\"article:modified_time\" content=\"2025-05-16T07:04:21+00:00\" \/>\n<meta name=\"twitter:card\" content=\"summary_large_image\" \/>\n<script type=\"application\/ld+json\" class=\"yoast-schema-graph\">{\"@context\":\"https:\/\/schema.org\",\"@graph\":[{\"@type\":\"WebPage\",\"@id\":\"https:\/\/888starz.plus\/ci\/app\/\",\"url\":\"https:\/\/888starz.plus\/ci\/app\/\",\"name\":\"888Starz app t\u00e9l\u00e9chargement \u2b50 Android (APK) et iOS gratuit\",\"isPartOf\":{\"@id\":\"https:\/\/888starz.plus\/ci\/#website\"},\"datePublished\":\"2023-08-07T09:07:02+00:00\",\"dateModified\":\"2025-05-16T07:04:21+00:00\",\"description\":\"T\u00e9l\u00e9chargez l'application officielle 888Starz en C\u00f4te d'Ivoire pour iOS et Android APK gratuitement en 2025. 888Starz est une application mobile conviviale qui offre \u00e0 la fois des services de casino et de paris sportifs\",\"inLanguage\":\"fr-CI\",\"potentialAction\":[{\"@type\":\"ReadAction\",\"target\":[\"https:\/\/888starz.plus\/ci\/app\/\"]}]},{\"@type\":\"WebSite\",\"@id\":\"https:\/\/888starz.plus\/ci\/#website\",\"url\":\"https:\/\/888starz.plus\/ci\/\",\"name\":\"888Starz ci\",\"description\":\"My WordPress Blog\",\"potentialAction\":[{\"@type\":\"SearchAction\",\"target\":{\"@type\":\"EntryPoint\",\"urlTemplate\":\"https:\/\/888starz.plus\/ci\/?s={search_term_string}\"},\"query-input\":{\"@type\":\"PropertyValueSpecification\",\"valueRequired\":true,\"valueName\":\"search_term_string\"}}],\"inLanguage\":\"fr-CI\"}]}<\/script>\n<!-- \/ Yoast SEO plugin. -->","yoast_head_json":{"title":"888Starz app t\u00e9l\u00e9chargement \u2b50 Android (APK) et iOS gratuit","description":"T\u00e9l\u00e9chargez l'application officielle 888Starz en C\u00f4te d'Ivoire pour iOS et Android APK gratuitement en 2025. 888Starz est une application mobile conviviale qui offre \u00e0 la fois des services de casino et de paris sportifs","robots":{"index":"index","follow":"follow","max-snippet":"max-snippet:-1","max-image-preview":"max-image-preview:large","max-video-preview":"max-video-preview:-1"},"og_locale":"fr_FR","og_type":"article","og_title":"888Starz app t\u00e9l\u00e9chargement \u2b50 Android (APK) et iOS gratuit","og_description":"T\u00e9l\u00e9chargez l'application officielle 888Starz en C\u00f4te d'Ivoire pour iOS et Android APK gratuitement en 2025. 888Starz est une application mobile conviviale qui offre \u00e0 la fois des services de casino et de paris sportifs","og_url":"https:\/\/888starz.plus\/ci\/app\/","og_site_name":"888Starz ci","article_modified_time":"2025-05-16T07:04:21+00:00","twitter_card":"summary_large_image","schema":{"@context":"https:\/\/schema.org","@graph":[{"@type":"WebPage","@id":"https:\/\/888starz.plus\/ci\/app\/","url":"https:\/\/888starz.plus\/ci\/app\/","name":"888Starz app t\u00e9l\u00e9chargement \u2b50 Android (APK) et iOS gratuit","isPartOf":{"@id":"https:\/\/888starz.plus\/ci\/#website"},"datePublished":"2023-08-07T09:07:02+00:00","dateModified":"2025-05-16T07:04:21+00:00","description":"T\u00e9l\u00e9chargez l'application officielle 888Starz en C\u00f4te d'Ivoire pour iOS et Android APK gratuitement en 2025. 888Starz est une application mobile conviviale qui offre \u00e0 la fois des services de casino et de paris sportifs","inLanguage":"fr-CI","potentialAction":[{"@type":"ReadAction","target":["https:\/\/888starz.plus\/ci\/app\/"]}]},{"@type":"WebSite","@id":"https:\/\/888starz.plus\/ci\/#website","url":"https:\/\/888starz.plus\/ci\/","name":"888Starz ci","description":"My WordPress Blog","potentialAction":[{"@type":"SearchAction","target":{"@type":"EntryPoint","urlTemplate":"https:\/\/888starz.plus\/ci\/?s={search_term_string}"},"query-input":{"@type":"PropertyValueSpecification","valueRequired":true,"valueName":"search_term_string"}}],"inLanguage":"fr-CI"}]}},"_links":{"self":[{"href":"https:\/\/888starz.plus\/ci\/wp-json\/wp\/v2\/pages\/268","targetHints":{"allow":["GET"]}}],"collection":[{"href":"https:\/\/888starz.plus\/ci\/wp-json\/wp\/v2\/pages"}],"about":[{"href":"https:\/\/888starz.plus\/ci\/wp-json\/wp\/v2\/types\/page"}],"author":[{"embeddable":true,"href":"https:\/\/888starz.plus\/ci\/wp-json\/wp\/v2\/users\/1"}],"replies":[{"embeddable":true,"href":"https:\/\/888starz.plus\/ci\/wp-json\/wp\/v2\/comments?post=268"}],"version-history":[{"count":2,"href":"https:\/\/888starz.plus\/ci\/wp-json\/wp\/v2\/pages\/268\/revisions"}],"predecessor-version":[{"id":762,"href":"https:\/\/888starz.plus\/ci\/wp-json\/wp\/v2\/pages\/268\/revisions\/762"}],"wp:attachment":[{"href":"https:\/\/888starz.plus\/ci\/wp-json\/wp\/v2\/media?parent=268"}],"curies":[{"name":"wp","href":"https:\/\/api.w.org\/{rel}","templated":true}]}}