{"id":732,"date":"2025-02-03T09:59:34","date_gmt":"2025-02-03T09:59:34","guid":{"rendered":"https:\/\/888starz.plus\/?page_id=732"},"modified":"2025-07-25T15:45:52","modified_gmt":"2025-07-25T15:45:52","slug":"apk","status":"publish","type":"page","link":"https:\/\/888starz.plus\/chile\/apk\/","title":{"rendered":"Apk"},"content":{"rendered":"","protected":false},"excerpt":{"rendered":"","protected":false},"author":1,"featured_media":0,"parent":0,"menu_order":0,"comment_status":"closed","ping_status":"closed","template":"","meta":{"inline_featured_image":false,"footnotes":""},"class_list":["post-732","page","type-page","status-publish","hentry"],"yoast_head":"<!-- This site is optimized with the Yoast SEO plugin v25.6 - https:\/\/yoast.com\/wordpress\/plugins\/seo\/ -->\n<title>Descargar 888starz APK para Android | P\u00e1gina oficial de 888Starz<\/title>\n<meta name=\"description\" content=\"888Starz Chile Apk es una versi\u00f3n m\u00f3vil muy conveniente para los usuarios de tel\u00e9fonos inteligentes. Descarga gratuita de 888starz Apk para dispositivos Android e IOS.\" \/>\n<meta name=\"robots\" content=\"index, follow, max-snippet:-1, max-image-preview:large, max-video-preview:-1\" \/>\n<meta property=\"og:locale\" content=\"es_ES\" \/>\n<meta property=\"og:type\" content=\"article\" \/>\n<meta property=\"og:title\" content=\"Descargar 888starz APK para Android | P\u00e1gina oficial de 888Starz\" \/>\n<meta property=\"og:description\" content=\"888Starz Chile Apk es una versi\u00f3n m\u00f3vil muy conveniente para los usuarios de tel\u00e9fonos inteligentes. Descarga gratuita de 888starz Apk para dispositivos Android e IOS.\" \/>\n<meta property=\"og:url\" content=\"https:\/\/888starz.plus\/chile\/apk\/\" \/>\n<meta property=\"og:site_name\" content=\"888Starz cl\" \/>\n<meta property=\"article:modified_time\" content=\"2025-07-25T15:45:52+00:00\" \/>\n<meta name=\"twitter:card\" content=\"summary_large_image\" \/>\n<script type=\"application\/ld+json\" class=\"yoast-schema-graph\">{\"@context\":\"https:\/\/schema.org\",\"@graph\":[{\"@type\":\"WebPage\",\"@id\":\"https:\/\/888starz.plus\/chile\/apk\/\",\"url\":\"https:\/\/888starz.plus\/chile\/apk\/\",\"name\":\"Descargar 888starz APK para Android | P\u00e1gina oficial de 888Starz\",\"isPartOf\":{\"@id\":\"https:\/\/888starz.plus\/chile\/#website\"},\"datePublished\":\"2025-02-03T09:59:34+00:00\",\"dateModified\":\"2025-07-25T15:45:52+00:00\",\"description\":\"888Starz Chile Apk es una versi\u00f3n m\u00f3vil muy conveniente para los usuarios de tel\u00e9fonos inteligentes. Descarga gratuita de 888starz Apk para dispositivos Android e IOS.\",\"inLanguage\":\"es-CL\",\"potentialAction\":[{\"@type\":\"ReadAction\",\"target\":[\"https:\/\/888starz.plus\/chile\/apk\/\"]}]},{\"@type\":\"WebSite\",\"@id\":\"https:\/\/888starz.plus\/chile\/#website\",\"url\":\"https:\/\/888starz.plus\/chile\/\",\"name\":\"888Starz cl\",\"description\":\"My WordPress Blog\",\"potentialAction\":[{\"@type\":\"SearchAction\",\"target\":{\"@type\":\"EntryPoint\",\"urlTemplate\":\"https:\/\/888starz.plus\/chile\/?s={search_term_string}\"},\"query-input\":{\"@type\":\"PropertyValueSpecification\",\"valueRequired\":true,\"valueName\":\"search_term_string\"}}],\"inLanguage\":\"es-CL\"}]}<\/script>\n<!-- \/ Yoast SEO plugin. -->","yoast_head_json":{"title":"Descargar 888starz APK para Android | P\u00e1gina oficial de 888Starz","description":"888Starz Chile Apk es una versi\u00f3n m\u00f3vil muy conveniente para los usuarios de tel\u00e9fonos inteligentes. Descarga gratuita de 888starz Apk para dispositivos Android e IOS.","robots":{"index":"index","follow":"follow","max-snippet":"max-snippet:-1","max-image-preview":"max-image-preview:large","max-video-preview":"max-video-preview:-1"},"og_locale":"es_ES","og_type":"article","og_title":"Descargar 888starz APK para Android | P\u00e1gina oficial de 888Starz","og_description":"888Starz Chile Apk es una versi\u00f3n m\u00f3vil muy conveniente para los usuarios de tel\u00e9fonos inteligentes. Descarga gratuita de 888starz Apk para dispositivos Android e IOS.","og_url":"https:\/\/888starz.plus\/chile\/apk\/","og_site_name":"888Starz cl","article_modified_time":"2025-07-25T15:45:52+00:00","twitter_card":"summary_large_image","schema":{"@context":"https:\/\/schema.org","@graph":[{"@type":"WebPage","@id":"https:\/\/888starz.plus\/chile\/apk\/","url":"https:\/\/888starz.plus\/chile\/apk\/","name":"Descargar 888starz APK para Android | P\u00e1gina oficial de 888Starz","isPartOf":{"@id":"https:\/\/888starz.plus\/chile\/#website"},"datePublished":"2025-02-03T09:59:34+00:00","dateModified":"2025-07-25T15:45:52+00:00","description":"888Starz Chile Apk es una versi\u00f3n m\u00f3vil muy conveniente para los usuarios de tel\u00e9fonos inteligentes. Descarga gratuita de 888starz Apk para dispositivos Android e IOS.","inLanguage":"es-CL","potentialAction":[{"@type":"ReadAction","target":["https:\/\/888starz.plus\/chile\/apk\/"]}]},{"@type":"WebSite","@id":"https:\/\/888starz.plus\/chile\/#website","url":"https:\/\/888starz.plus\/chile\/","name":"888Starz cl","description":"My WordPress Blog","potentialAction":[{"@type":"SearchAction","target":{"@type":"EntryPoint","urlTemplate":"https:\/\/888starz.plus\/chile\/?s={search_term_string}"},"query-input":{"@type":"PropertyValueSpecification","valueRequired":true,"valueName":"search_term_string"}}],"inLanguage":"es-CL"}]}},"_links":{"self":[{"href":"https:\/\/888starz.plus\/chile\/wp-json\/wp\/v2\/pages\/732","targetHints":{"allow":["GET"]}}],"collection":[{"href":"https:\/\/888starz.plus\/chile\/wp-json\/wp\/v2\/pages"}],"about":[{"href":"https:\/\/888starz.plus\/chile\/wp-json\/wp\/v2\/types\/page"}],"author":[{"embeddable":true,"href":"https:\/\/888starz.plus\/chile\/wp-json\/wp\/v2\/users\/1"}],"replies":[{"embeddable":true,"href":"https:\/\/888starz.plus\/chile\/wp-json\/wp\/v2\/comments?post=732"}],"version-history":[{"count":4,"href":"https:\/\/888starz.plus\/chile\/wp-json\/wp\/v2\/pages\/732\/revisions"}],"predecessor-version":[{"id":927,"href":"https:\/\/888starz.plus\/chile\/wp-json\/wp\/v2\/pages\/732\/revisions\/927"}],"wp:attachment":[{"href":"https:\/\/888starz.plus\/chile\/wp-json\/wp\/v2\/media?parent=732"}],"curies":[{"name":"wp","href":"https:\/\/api.w.org\/{rel}","templated":true}]}}