{"id":465,"date":"2025-02-07T09:07:02","date_gmt":"2025-02-07T09:07:02","guid":{"rendered":"https:\/\/888starz.plus\/?page_id=268"},"modified":"2025-07-25T15:51:06","modified_gmt":"2025-07-25T15:51:06","slug":"app","status":"publish","type":"page","link":"https:\/\/888starz.plus\/chile\/app\/","title":{"rendered":"Aplicaci\u00f3n"},"content":{"rendered":"","protected":false},"excerpt":{"rendered":"","protected":false},"author":1,"featured_media":0,"parent":0,"menu_order":0,"comment_status":"closed","ping_status":"closed","template":"","meta":{"inline_featured_image":false,"footnotes":""},"class_list":["post-465","page","type-page","status-publish","hentry"],"yoast_head":"<!-- This site is optimized with the Yoast SEO plugin v25.6 - https:\/\/yoast.com\/wordpress\/plugins\/seo\/ -->\n<title>888Starz Chile Aplicaci\u00f3n Descargar \u2b50 Android y iOS Gratis<\/title>\n<meta name=\"description\" content=\"Descarga gratis la aplicaci\u00f3n oficial de 888Starz para iOS y Android en 2025. 888Starz es una app m\u00f3vil f\u00e1cil de usar que ofrece servicios de casino y apuestas deportivas\" \/>\n<meta name=\"robots\" content=\"index, follow, max-snippet:-1, max-image-preview:large, max-video-preview:-1\" \/>\n<meta property=\"og:locale\" content=\"es_ES\" \/>\n<meta property=\"og:type\" content=\"article\" \/>\n<meta property=\"og:title\" content=\"888Starz Chile Aplicaci\u00f3n Descargar \u2b50 Android y iOS Gratis\" \/>\n<meta property=\"og:description\" content=\"Descarga gratis la aplicaci\u00f3n oficial de 888Starz para iOS y Android en 2025. 888Starz es una app m\u00f3vil f\u00e1cil de usar que ofrece servicios de casino y apuestas deportivas\" \/>\n<meta property=\"og:url\" content=\"https:\/\/888starz.plus\/chile\/app\/\" \/>\n<meta property=\"og:site_name\" content=\"888Starz cl\" \/>\n<meta property=\"article:modified_time\" content=\"2025-07-25T15:51:06+00:00\" \/>\n<meta name=\"twitter:card\" content=\"summary_large_image\" \/>\n<script type=\"application\/ld+json\" class=\"yoast-schema-graph\">{\"@context\":\"https:\/\/schema.org\",\"@graph\":[{\"@type\":\"WebPage\",\"@id\":\"https:\/\/888starz.plus\/chile\/app\/\",\"url\":\"https:\/\/888starz.plus\/chile\/app\/\",\"name\":\"888Starz Chile Aplicaci\u00f3n Descargar \u2b50 Android y iOS Gratis\",\"isPartOf\":{\"@id\":\"https:\/\/888starz.plus\/chile\/#website\"},\"datePublished\":\"2025-02-07T09:07:02+00:00\",\"dateModified\":\"2025-07-25T15:51:06+00:00\",\"description\":\"Descarga gratis la aplicaci\u00f3n oficial de 888Starz para iOS y Android en 2025. 888Starz es una app m\u00f3vil f\u00e1cil de usar que ofrece servicios de casino y apuestas deportivas\",\"inLanguage\":\"es-CL\",\"potentialAction\":[{\"@type\":\"ReadAction\",\"target\":[\"https:\/\/888starz.plus\/chile\/app\/\"]}]},{\"@type\":\"WebSite\",\"@id\":\"https:\/\/888starz.plus\/chile\/#website\",\"url\":\"https:\/\/888starz.plus\/chile\/\",\"name\":\"888Starz cl\",\"description\":\"My WordPress Blog\",\"potentialAction\":[{\"@type\":\"SearchAction\",\"target\":{\"@type\":\"EntryPoint\",\"urlTemplate\":\"https:\/\/888starz.plus\/chile\/?s={search_term_string}\"},\"query-input\":{\"@type\":\"PropertyValueSpecification\",\"valueRequired\":true,\"valueName\":\"search_term_string\"}}],\"inLanguage\":\"es-CL\"}]}<\/script>\n<!-- \/ Yoast SEO plugin. -->","yoast_head_json":{"title":"888Starz Chile Aplicaci\u00f3n Descargar \u2b50 Android y iOS Gratis","description":"Descarga gratis la aplicaci\u00f3n oficial de 888Starz para iOS y Android en 2025. 888Starz es una app m\u00f3vil f\u00e1cil de usar que ofrece servicios de casino y apuestas deportivas","robots":{"index":"index","follow":"follow","max-snippet":"max-snippet:-1","max-image-preview":"max-image-preview:large","max-video-preview":"max-video-preview:-1"},"og_locale":"es_ES","og_type":"article","og_title":"888Starz Chile Aplicaci\u00f3n Descargar \u2b50 Android y iOS Gratis","og_description":"Descarga gratis la aplicaci\u00f3n oficial de 888Starz para iOS y Android en 2025. 888Starz es una app m\u00f3vil f\u00e1cil de usar que ofrece servicios de casino y apuestas deportivas","og_url":"https:\/\/888starz.plus\/chile\/app\/","og_site_name":"888Starz cl","article_modified_time":"2025-07-25T15:51:06+00:00","twitter_card":"summary_large_image","schema":{"@context":"https:\/\/schema.org","@graph":[{"@type":"WebPage","@id":"https:\/\/888starz.plus\/chile\/app\/","url":"https:\/\/888starz.plus\/chile\/app\/","name":"888Starz Chile Aplicaci\u00f3n Descargar \u2b50 Android y iOS Gratis","isPartOf":{"@id":"https:\/\/888starz.plus\/chile\/#website"},"datePublished":"2025-02-07T09:07:02+00:00","dateModified":"2025-07-25T15:51:06+00:00","description":"Descarga gratis la aplicaci\u00f3n oficial de 888Starz para iOS y Android en 2025. 888Starz es una app m\u00f3vil f\u00e1cil de usar que ofrece servicios de casino y apuestas deportivas","inLanguage":"es-CL","potentialAction":[{"@type":"ReadAction","target":["https:\/\/888starz.plus\/chile\/app\/"]}]},{"@type":"WebSite","@id":"https:\/\/888starz.plus\/chile\/#website","url":"https:\/\/888starz.plus\/chile\/","name":"888Starz cl","description":"My WordPress Blog","potentialAction":[{"@type":"SearchAction","target":{"@type":"EntryPoint","urlTemplate":"https:\/\/888starz.plus\/chile\/?s={search_term_string}"},"query-input":{"@type":"PropertyValueSpecification","valueRequired":true,"valueName":"search_term_string"}}],"inLanguage":"es-CL"}]}},"_links":{"self":[{"href":"https:\/\/888starz.plus\/chile\/wp-json\/wp\/v2\/pages\/465","targetHints":{"allow":["GET"]}}],"collection":[{"href":"https:\/\/888starz.plus\/chile\/wp-json\/wp\/v2\/pages"}],"about":[{"href":"https:\/\/888starz.plus\/chile\/wp-json\/wp\/v2\/types\/page"}],"author":[{"embeddable":true,"href":"https:\/\/888starz.plus\/chile\/wp-json\/wp\/v2\/users\/1"}],"replies":[{"embeddable":true,"href":"https:\/\/888starz.plus\/chile\/wp-json\/wp\/v2\/comments?post=465"}],"version-history":[{"count":6,"href":"https:\/\/888starz.plus\/chile\/wp-json\/wp\/v2\/pages\/465\/revisions"}],"predecessor-version":[{"id":928,"href":"https:\/\/888starz.plus\/chile\/wp-json\/wp\/v2\/pages\/465\/revisions\/928"}],"wp:attachment":[{"href":"https:\/\/888starz.plus\/chile\/wp-json\/wp\/v2\/media?parent=465"}],"curies":[{"name":"wp","href":"https:\/\/api.w.org\/{rel}","templated":true}]}}