{"id":412,"date":"2024-07-11T17:31:38","date_gmt":"2024-07-11T17:31:38","guid":{"rendered":"https:\/\/888starz.plus\/canada\/?page_id=412"},"modified":"2025-07-11T17:41:01","modified_gmt":"2025-07-11T17:41:01","slug":"casino","status":"publish","type":"page","link":"https:\/\/888starz.plus\/canada\/casino\/","title":{"rendered":"Casino"},"content":{"rendered":"","protected":false},"excerpt":{"rendered":"","protected":false},"author":1,"featured_media":0,"parent":0,"menu_order":0,"comment_status":"closed","ping_status":"closed","template":"","meta":{"inline_featured_image":false,"footnotes":""},"class_list":["post-412","page","type-page","status-publish","hentry"],"yoast_head":"<!-- This site is optimized with the Yoast SEO plugin v25.6 - https:\/\/yoast.com\/wordpress\/plugins\/seo\/ -->\n<title>888Starz Canada casino en ligne \u2b50 Bonus de bienvenue<\/title>\n<meta name=\"description\" content=\"D\u00e9couvrez le casino en ligne 888Starz o\u00f9 une large s\u00e9lection de jeux de casino et de machines \u00e0 sous vous attend. Recevez votre bonus de bienvenue d\u00e8s maintenant!\" \/>\n<meta name=\"robots\" content=\"index, follow, max-snippet:-1, max-image-preview:large, max-video-preview:-1\" \/>\n<meta property=\"og:locale\" content=\"en_US\" \/>\n<meta property=\"og:type\" content=\"article\" \/>\n<meta property=\"og:title\" content=\"888Starz Canada casino en ligne \u2b50 Bonus de bienvenue\" \/>\n<meta property=\"og:description\" content=\"D\u00e9couvrez le casino en ligne 888Starz o\u00f9 une large s\u00e9lection de jeux de casino et de machines \u00e0 sous vous attend. Recevez votre bonus de bienvenue d\u00e8s maintenant!\" \/>\n<meta property=\"og:url\" content=\"https:\/\/888starz.plus\/canada\/casino\/\" \/>\n<meta property=\"og:site_name\" content=\"888Starz canada\" \/>\n<meta property=\"article:modified_time\" content=\"2025-07-11T17:41:01+00:00\" \/>\n<meta name=\"twitter:card\" content=\"summary_large_image\" \/>\n<script type=\"application\/ld+json\" class=\"yoast-schema-graph\">{\"@context\":\"https:\/\/schema.org\",\"@graph\":[{\"@type\":\"WebPage\",\"@id\":\"https:\/\/888starz.plus\/canada\/casino\/\",\"url\":\"https:\/\/888starz.plus\/canada\/casino\/\",\"name\":\"888Starz Canada casino en ligne \u2b50 Bonus de bienvenue\",\"isPartOf\":{\"@id\":\"https:\/\/888starz.plus\/canada\/#website\"},\"datePublished\":\"2024-07-11T17:31:38+00:00\",\"dateModified\":\"2025-07-11T17:41:01+00:00\",\"description\":\"D\u00e9couvrez le casino en ligne 888Starz o\u00f9 une large s\u00e9lection de jeux de casino et de machines \u00e0 sous vous attend. Recevez votre bonus de bienvenue d\u00e8s maintenant!\",\"inLanguage\":\"en-CA\",\"potentialAction\":[{\"@type\":\"ReadAction\",\"target\":[\"https:\/\/888starz.plus\/canada\/casino\/\"]}]},{\"@type\":\"WebSite\",\"@id\":\"https:\/\/888starz.plus\/canada\/#website\",\"url\":\"https:\/\/888starz.plus\/canada\/\",\"name\":\"888Starz canada\",\"description\":\"My WordPress Blog\",\"potentialAction\":[{\"@type\":\"SearchAction\",\"target\":{\"@type\":\"EntryPoint\",\"urlTemplate\":\"https:\/\/888starz.plus\/canada\/?s={search_term_string}\"},\"query-input\":{\"@type\":\"PropertyValueSpecification\",\"valueRequired\":true,\"valueName\":\"search_term_string\"}}],\"inLanguage\":\"en-CA\"}]}<\/script>\n<!-- \/ Yoast SEO plugin. -->","yoast_head_json":{"title":"888Starz Canada casino en ligne \u2b50 Bonus de bienvenue","description":"D\u00e9couvrez le casino en ligne 888Starz o\u00f9 une large s\u00e9lection de jeux de casino et de machines \u00e0 sous vous attend. Recevez votre bonus de bienvenue d\u00e8s maintenant!","robots":{"index":"index","follow":"follow","max-snippet":"max-snippet:-1","max-image-preview":"max-image-preview:large","max-video-preview":"max-video-preview:-1"},"og_locale":"en_US","og_type":"article","og_title":"888Starz Canada casino en ligne \u2b50 Bonus de bienvenue","og_description":"D\u00e9couvrez le casino en ligne 888Starz o\u00f9 une large s\u00e9lection de jeux de casino et de machines \u00e0 sous vous attend. Recevez votre bonus de bienvenue d\u00e8s maintenant!","og_url":"https:\/\/888starz.plus\/canada\/casino\/","og_site_name":"888Starz canada","article_modified_time":"2025-07-11T17:41:01+00:00","twitter_card":"summary_large_image","schema":{"@context":"https:\/\/schema.org","@graph":[{"@type":"WebPage","@id":"https:\/\/888starz.plus\/canada\/casino\/","url":"https:\/\/888starz.plus\/canada\/casino\/","name":"888Starz Canada casino en ligne \u2b50 Bonus de bienvenue","isPartOf":{"@id":"https:\/\/888starz.plus\/canada\/#website"},"datePublished":"2024-07-11T17:31:38+00:00","dateModified":"2025-07-11T17:41:01+00:00","description":"D\u00e9couvrez le casino en ligne 888Starz o\u00f9 une large s\u00e9lection de jeux de casino et de machines \u00e0 sous vous attend. Recevez votre bonus de bienvenue d\u00e8s maintenant!","inLanguage":"en-CA","potentialAction":[{"@type":"ReadAction","target":["https:\/\/888starz.plus\/canada\/casino\/"]}]},{"@type":"WebSite","@id":"https:\/\/888starz.plus\/canada\/#website","url":"https:\/\/888starz.plus\/canada\/","name":"888Starz canada","description":"My WordPress Blog","potentialAction":[{"@type":"SearchAction","target":{"@type":"EntryPoint","urlTemplate":"https:\/\/888starz.plus\/canada\/?s={search_term_string}"},"query-input":{"@type":"PropertyValueSpecification","valueRequired":true,"valueName":"search_term_string"}}],"inLanguage":"en-CA"}]}},"_links":{"self":[{"href":"https:\/\/888starz.plus\/canada\/wp-json\/wp\/v2\/pages\/412","targetHints":{"allow":["GET"]}}],"collection":[{"href":"https:\/\/888starz.plus\/canada\/wp-json\/wp\/v2\/pages"}],"about":[{"href":"https:\/\/888starz.plus\/canada\/wp-json\/wp\/v2\/types\/page"}],"author":[{"embeddable":true,"href":"https:\/\/888starz.plus\/canada\/wp-json\/wp\/v2\/users\/1"}],"replies":[{"embeddable":true,"href":"https:\/\/888starz.plus\/canada\/wp-json\/wp\/v2\/comments?post=412"}],"version-history":[{"count":1,"href":"https:\/\/888starz.plus\/canada\/wp-json\/wp\/v2\/pages\/412\/revisions"}],"predecessor-version":[{"id":932,"href":"https:\/\/888starz.plus\/canada\/wp-json\/wp\/v2\/pages\/412\/revisions\/932"}],"wp:attachment":[{"href":"https:\/\/888starz.plus\/canada\/wp-json\/wp\/v2\/media?parent=412"}],"curies":[{"name":"wp","href":"https:\/\/api.w.org\/{rel}","templated":true}]}}