{"id":879,"date":"2025-06-20T12:01:38","date_gmt":"2025-06-20T12:01:38","guid":{"rendered":"https:\/\/888starz.plus\/br\/?page_id=879"},"modified":"2025-09-29T12:41:28","modified_gmt":"2025-09-29T12:41:28","slug":"express-insurance","status":"publish","type":"page","link":"https:\/\/888starz.plus\/br\/bonus\/express-insurance\/","title":{"rendered":"Seguro expresso"},"content":{"rendered":"","protected":false},"excerpt":{"rendered":"","protected":false},"author":1,"featured_media":0,"parent":152,"menu_order":0,"comment_status":"closed","ping_status":"closed","template":"","meta":{"inline_featured_image":false,"footnotes":""},"class_list":["post-879","page","type-page","status-publish","hentry"],"yoast_head":"<!-- This site is optimized with the Yoast SEO plugin v25.6 - https:\/\/yoast.com\/wordpress\/plugins\/seo\/ -->\n<title>Seguro Expresso da 888Starz Brasil | Aposte e ganhe sem riscos<\/title>\n<meta name=\"description\" content=\"Quer apostar expresso sem medo de perder? A 888Starz oferece uma ap\u00f3lice de seguro \u00fanica! Aposte em 7 eventos de apostas altas - mesmo que erre um, ainda assim receber\u00e1 a sua aposta de volta.\" \/>\n<meta name=\"robots\" content=\"index, follow, max-snippet:-1, max-image-preview:large, max-video-preview:-1\" \/>\n<meta property=\"og:locale\" content=\"pt_BR\" \/>\n<meta property=\"og:type\" content=\"article\" \/>\n<meta property=\"og:title\" content=\"Seguro Expresso da 888Starz Brasil | Aposte e ganhe sem riscos\" \/>\n<meta property=\"og:description\" content=\"Quer apostar expresso sem medo de perder? A 888Starz oferece uma ap\u00f3lice de seguro \u00fanica! Aposte em 7 eventos de apostas altas - mesmo que erre um, ainda assim receber\u00e1 a sua aposta de volta.\" \/>\n<meta property=\"og:url\" content=\"https:\/\/888starz.plus\/br\/bonus\/express-insurance\/\" \/>\n<meta property=\"og:site_name\" content=\"888Starz Plus BR\" \/>\n<meta property=\"article:modified_time\" content=\"2025-09-29T12:41:28+00:00\" \/>\n<meta name=\"twitter:card\" content=\"summary_large_image\" \/>\n<script type=\"application\/ld+json\" class=\"yoast-schema-graph\">{\"@context\":\"https:\/\/schema.org\",\"@graph\":[{\"@type\":\"WebPage\",\"@id\":\"https:\/\/888starz.plus\/br\/bonus\/express-insurance\/\",\"url\":\"https:\/\/888starz.plus\/br\/bonus\/express-insurance\/\",\"name\":\"Seguro Expresso da 888Starz Brasil | Aposte e ganhe sem riscos\",\"isPartOf\":{\"@id\":\"https:\/\/888starz.plus\/br\/#website\"},\"datePublished\":\"2025-06-20T12:01:38+00:00\",\"dateModified\":\"2025-09-29T12:41:28+00:00\",\"description\":\"Quer apostar expresso sem medo de perder? A 888Starz oferece uma ap\u00f3lice de seguro \u00fanica! Aposte em 7 eventos de apostas altas - mesmo que erre um, ainda assim receber\u00e1 a sua aposta de volta.\",\"breadcrumb\":{\"@id\":\"https:\/\/888starz.plus\/br\/bonus\/express-insurance\/#breadcrumb\"},\"inLanguage\":\"pt-BR\",\"potentialAction\":[{\"@type\":\"ReadAction\",\"target\":[\"https:\/\/888starz.plus\/br\/bonus\/express-insurance\/\"]}]},{\"@type\":\"BreadcrumbList\",\"@id\":\"https:\/\/888starz.plus\/br\/bonus\/express-insurance\/#breadcrumb\",\"itemListElement\":[{\"@type\":\"ListItem\",\"position\":1,\"name\":\"B\u00f4nus\",\"item\":\"https:\/\/888starz.plus\/br\/bonuses\/\"},{\"@type\":\"ListItem\",\"position\":2,\"name\":\"Seguro expresso\"}]},{\"@type\":\"WebSite\",\"@id\":\"https:\/\/888starz.plus\/br\/#website\",\"url\":\"https:\/\/888starz.plus\/br\/\",\"name\":\"888Starz Plus BR\",\"description\":\"My WordPress Blog\",\"potentialAction\":[{\"@type\":\"SearchAction\",\"target\":{\"@type\":\"EntryPoint\",\"urlTemplate\":\"https:\/\/888starz.plus\/br\/?s={search_term_string}\"},\"query-input\":{\"@type\":\"PropertyValueSpecification\",\"valueRequired\":true,\"valueName\":\"search_term_string\"}}],\"inLanguage\":\"pt-BR\"}]}<\/script>\n<!-- \/ Yoast SEO plugin. -->","yoast_head_json":{"title":"Seguro Expresso da 888Starz Brasil | Aposte e ganhe sem riscos","description":"Quer apostar expresso sem medo de perder? A 888Starz oferece uma ap\u00f3lice de seguro \u00fanica! Aposte em 7 eventos de apostas altas - mesmo que erre um, ainda assim receber\u00e1 a sua aposta de volta.","robots":{"index":"index","follow":"follow","max-snippet":"max-snippet:-1","max-image-preview":"max-image-preview:large","max-video-preview":"max-video-preview:-1"},"og_locale":"pt_BR","og_type":"article","og_title":"Seguro Expresso da 888Starz Brasil | Aposte e ganhe sem riscos","og_description":"Quer apostar expresso sem medo de perder? A 888Starz oferece uma ap\u00f3lice de seguro \u00fanica! Aposte em 7 eventos de apostas altas - mesmo que erre um, ainda assim receber\u00e1 a sua aposta de volta.","og_url":"https:\/\/888starz.plus\/br\/bonus\/express-insurance\/","og_site_name":"888Starz Plus BR","article_modified_time":"2025-09-29T12:41:28+00:00","twitter_card":"summary_large_image","schema":{"@context":"https:\/\/schema.org","@graph":[{"@type":"WebPage","@id":"https:\/\/888starz.plus\/br\/bonus\/express-insurance\/","url":"https:\/\/888starz.plus\/br\/bonus\/express-insurance\/","name":"Seguro Expresso da 888Starz Brasil | Aposte e ganhe sem riscos","isPartOf":{"@id":"https:\/\/888starz.plus\/br\/#website"},"datePublished":"2025-06-20T12:01:38+00:00","dateModified":"2025-09-29T12:41:28+00:00","description":"Quer apostar expresso sem medo de perder? A 888Starz oferece uma ap\u00f3lice de seguro \u00fanica! Aposte em 7 eventos de apostas altas - mesmo que erre um, ainda assim receber\u00e1 a sua aposta de volta.","breadcrumb":{"@id":"https:\/\/888starz.plus\/br\/bonus\/express-insurance\/#breadcrumb"},"inLanguage":"pt-BR","potentialAction":[{"@type":"ReadAction","target":["https:\/\/888starz.plus\/br\/bonus\/express-insurance\/"]}]},{"@type":"BreadcrumbList","@id":"https:\/\/888starz.plus\/br\/bonus\/express-insurance\/#breadcrumb","itemListElement":[{"@type":"ListItem","position":1,"name":"B\u00f4nus","item":"https:\/\/888starz.plus\/br\/bonuses\/"},{"@type":"ListItem","position":2,"name":"Seguro expresso"}]},{"@type":"WebSite","@id":"https:\/\/888starz.plus\/br\/#website","url":"https:\/\/888starz.plus\/br\/","name":"888Starz Plus BR","description":"My WordPress Blog","potentialAction":[{"@type":"SearchAction","target":{"@type":"EntryPoint","urlTemplate":"https:\/\/888starz.plus\/br\/?s={search_term_string}"},"query-input":{"@type":"PropertyValueSpecification","valueRequired":true,"valueName":"search_term_string"}}],"inLanguage":"pt-BR"}]}},"_links":{"self":[{"href":"https:\/\/888starz.plus\/br\/wp-json\/wp\/v2\/pages\/879","targetHints":{"allow":["GET"]}}],"collection":[{"href":"https:\/\/888starz.plus\/br\/wp-json\/wp\/v2\/pages"}],"about":[{"href":"https:\/\/888starz.plus\/br\/wp-json\/wp\/v2\/types\/page"}],"author":[{"embeddable":true,"href":"https:\/\/888starz.plus\/br\/wp-json\/wp\/v2\/users\/1"}],"replies":[{"embeddable":true,"href":"https:\/\/888starz.plus\/br\/wp-json\/wp\/v2\/comments?post=879"}],"version-history":[{"count":5,"href":"https:\/\/888starz.plus\/br\/wp-json\/wp\/v2\/pages\/879\/revisions"}],"predecessor-version":[{"id":1005,"href":"https:\/\/888starz.plus\/br\/wp-json\/wp\/v2\/pages\/879\/revisions\/1005"}],"up":[{"embeddable":true,"href":"https:\/\/888starz.plus\/br\/wp-json\/wp\/v2\/pages\/152"}],"wp:attachment":[{"href":"https:\/\/888starz.plus\/br\/wp-json\/wp\/v2\/media?parent=879"}],"curies":[{"name":"wp","href":"https:\/\/api.w.org\/{rel}","templated":true}]}}