{"id":732,"date":"2025-02-03T09:59:34","date_gmt":"2025-02-03T09:59:34","guid":{"rendered":"https:\/\/888starz.plus\/br\/?page_id=732"},"modified":"2025-09-29T10:42:42","modified_gmt":"2025-09-29T10:42:42","slug":"apk","status":"publish","type":"page","link":"https:\/\/888starz.plus\/br\/apk\/","title":{"rendered":"Apk"},"content":{"rendered":"","protected":false},"excerpt":{"rendered":"","protected":false},"author":1,"featured_media":0,"parent":0,"menu_order":0,"comment_status":"closed","ping_status":"closed","template":"","meta":{"inline_featured_image":false,"footnotes":""},"class_list":["post-732","page","type-page","status-publish","hentry"],"yoast_head":"<!-- This site is optimized with the Yoast SEO plugin v25.6 - https:\/\/yoast.com\/wordpress\/plugins\/seo\/ -->\n<title>Baixe o APK do 888starz para Android | Site oficial do 888Starz<\/title>\n<meta name=\"description\" content=\"O 888Starz Brasil Apk \u00e9 uma vers\u00e3o m\u00f3vel muito conveniente para usu\u00e1rios de smartphones. Download gratuito do 888starz Apk para dispositivos Android e IOS.\" \/>\n<meta name=\"robots\" content=\"index, follow, max-snippet:-1, max-image-preview:large, max-video-preview:-1\" \/>\n<meta property=\"og:locale\" content=\"pt_BR\" \/>\n<meta property=\"og:type\" content=\"article\" \/>\n<meta property=\"og:title\" content=\"Baixe o APK do 888starz para Android | Site oficial do 888Starz\" \/>\n<meta property=\"og:description\" content=\"O 888Starz Brasil Apk \u00e9 uma vers\u00e3o m\u00f3vel muito conveniente para usu\u00e1rios de smartphones. Download gratuito do 888starz Apk para dispositivos Android e IOS.\" \/>\n<meta property=\"og:url\" content=\"https:\/\/888starz.plus\/br\/apk\/\" \/>\n<meta property=\"og:site_name\" content=\"888Starz Plus BR\" \/>\n<meta property=\"article:modified_time\" content=\"2025-09-29T10:42:42+00:00\" \/>\n<meta name=\"twitter:card\" content=\"summary_large_image\" \/>\n<script type=\"application\/ld+json\" class=\"yoast-schema-graph\">{\"@context\":\"https:\/\/schema.org\",\"@graph\":[{\"@type\":\"WebPage\",\"@id\":\"https:\/\/888starz.plus\/br\/apk\/\",\"url\":\"https:\/\/888starz.plus\/br\/apk\/\",\"name\":\"Baixe o APK do 888starz para Android | Site oficial do 888Starz\",\"isPartOf\":{\"@id\":\"https:\/\/888starz.plus\/br\/#website\"},\"datePublished\":\"2025-02-03T09:59:34+00:00\",\"dateModified\":\"2025-09-29T10:42:42+00:00\",\"description\":\"O 888Starz Brasil Apk \u00e9 uma vers\u00e3o m\u00f3vel muito conveniente para usu\u00e1rios de smartphones. Download gratuito do 888starz Apk para dispositivos Android e IOS.\",\"inLanguage\":\"pt-BR\",\"potentialAction\":[{\"@type\":\"ReadAction\",\"target\":[\"https:\/\/888starz.plus\/br\/apk\/\"]}]},{\"@type\":\"WebSite\",\"@id\":\"https:\/\/888starz.plus\/br\/#website\",\"url\":\"https:\/\/888starz.plus\/br\/\",\"name\":\"888Starz Plus BR\",\"description\":\"My WordPress Blog\",\"potentialAction\":[{\"@type\":\"SearchAction\",\"target\":{\"@type\":\"EntryPoint\",\"urlTemplate\":\"https:\/\/888starz.plus\/br\/?s={search_term_string}\"},\"query-input\":{\"@type\":\"PropertyValueSpecification\",\"valueRequired\":true,\"valueName\":\"search_term_string\"}}],\"inLanguage\":\"pt-BR\"}]}<\/script>\n<!-- \/ Yoast SEO plugin. -->","yoast_head_json":{"title":"Baixe o APK do 888starz para Android | Site oficial do 888Starz","description":"O 888Starz Brasil Apk \u00e9 uma vers\u00e3o m\u00f3vel muito conveniente para usu\u00e1rios de smartphones. Download gratuito do 888starz Apk para dispositivos Android e IOS.","robots":{"index":"index","follow":"follow","max-snippet":"max-snippet:-1","max-image-preview":"max-image-preview:large","max-video-preview":"max-video-preview:-1"},"og_locale":"pt_BR","og_type":"article","og_title":"Baixe o APK do 888starz para Android | Site oficial do 888Starz","og_description":"O 888Starz Brasil Apk \u00e9 uma vers\u00e3o m\u00f3vel muito conveniente para usu\u00e1rios de smartphones. Download gratuito do 888starz Apk para dispositivos Android e IOS.","og_url":"https:\/\/888starz.plus\/br\/apk\/","og_site_name":"888Starz Plus BR","article_modified_time":"2025-09-29T10:42:42+00:00","twitter_card":"summary_large_image","schema":{"@context":"https:\/\/schema.org","@graph":[{"@type":"WebPage","@id":"https:\/\/888starz.plus\/br\/apk\/","url":"https:\/\/888starz.plus\/br\/apk\/","name":"Baixe o APK do 888starz para Android | Site oficial do 888Starz","isPartOf":{"@id":"https:\/\/888starz.plus\/br\/#website"},"datePublished":"2025-02-03T09:59:34+00:00","dateModified":"2025-09-29T10:42:42+00:00","description":"O 888Starz Brasil Apk \u00e9 uma vers\u00e3o m\u00f3vel muito conveniente para usu\u00e1rios de smartphones. Download gratuito do 888starz Apk para dispositivos Android e IOS.","inLanguage":"pt-BR","potentialAction":[{"@type":"ReadAction","target":["https:\/\/888starz.plus\/br\/apk\/"]}]},{"@type":"WebSite","@id":"https:\/\/888starz.plus\/br\/#website","url":"https:\/\/888starz.plus\/br\/","name":"888Starz Plus BR","description":"My WordPress Blog","potentialAction":[{"@type":"SearchAction","target":{"@type":"EntryPoint","urlTemplate":"https:\/\/888starz.plus\/br\/?s={search_term_string}"},"query-input":{"@type":"PropertyValueSpecification","valueRequired":true,"valueName":"search_term_string"}}],"inLanguage":"pt-BR"}]}},"_links":{"self":[{"href":"https:\/\/888starz.plus\/br\/wp-json\/wp\/v2\/pages\/732","targetHints":{"allow":["GET"]}}],"collection":[{"href":"https:\/\/888starz.plus\/br\/wp-json\/wp\/v2\/pages"}],"about":[{"href":"https:\/\/888starz.plus\/br\/wp-json\/wp\/v2\/types\/page"}],"author":[{"embeddable":true,"href":"https:\/\/888starz.plus\/br\/wp-json\/wp\/v2\/users\/1"}],"replies":[{"embeddable":true,"href":"https:\/\/888starz.plus\/br\/wp-json\/wp\/v2\/comments?post=732"}],"version-history":[{"count":2,"href":"https:\/\/888starz.plus\/br\/wp-json\/wp\/v2\/pages\/732\/revisions"}],"predecessor-version":[{"id":996,"href":"https:\/\/888starz.plus\/br\/wp-json\/wp\/v2\/pages\/732\/revisions\/996"}],"wp:attachment":[{"href":"https:\/\/888starz.plus\/br\/wp-json\/wp\/v2\/media?parent=732"}],"curies":[{"name":"wp","href":"https:\/\/api.w.org\/{rel}","templated":true}]}}