{"id":732,"date":"2024-09-03T09:59:34","date_gmt":"2024-09-03T09:59:34","guid":{"rendered":"https:\/\/888starz.plus\/bi\/?page_id=732"},"modified":"2024-12-24T05:30:22","modified_gmt":"2024-12-24T05:30:22","slug":"apk","status":"publish","type":"page","link":"https:\/\/888starz.plus\/bi\/apk\/","title":{"rendered":"Apk"},"content":{"rendered":"","protected":false},"excerpt":{"rendered":"","protected":false},"author":1,"featured_media":0,"parent":0,"menu_order":0,"comment_status":"closed","ping_status":"closed","template":"","meta":{"inline_featured_image":false,"footnotes":""},"class_list":["post-732","page","type-page","status-publish","hentry"],"yoast_head":"<!-- This site is optimized with the Yoast SEO plugin v25.6 - https:\/\/yoast.com\/wordpress\/plugins\/seo\/ -->\n<title>T\u00e9l\u00e9charger 888starz APK pour Android | Official 888Starz Site<\/title>\n<meta name=\"description\" content=\"888Starz Apk Burundi est une version mobile tr\u00e8s pratique pour les utilisateurs de smartphones. T\u00e9l\u00e9chargement gratuit de 888Starz Apk pour les appareils Android et IOS.\" \/>\n<meta name=\"robots\" content=\"index, follow, max-snippet:-1, max-image-preview:large, max-video-preview:-1\" \/>\n<meta property=\"og:locale\" content=\"fr_FR\" \/>\n<meta property=\"og:type\" content=\"article\" \/>\n<meta property=\"og:title\" content=\"T\u00e9l\u00e9charger 888starz APK pour Android | Official 888Starz Site\" \/>\n<meta property=\"og:description\" content=\"888Starz Apk Burundi est une version mobile tr\u00e8s pratique pour les utilisateurs de smartphones. T\u00e9l\u00e9chargement gratuit de 888Starz Apk pour les appareils Android et IOS.\" \/>\n<meta property=\"og:url\" content=\"https:\/\/888starz.plus\/bi\/apk\/\" \/>\n<meta property=\"og:site_name\" content=\"888Starz bi\" \/>\n<meta property=\"article:modified_time\" content=\"2024-12-24T05:30:22+00:00\" \/>\n<meta name=\"twitter:card\" content=\"summary_large_image\" \/>\n<script type=\"application\/ld+json\" class=\"yoast-schema-graph\">{\"@context\":\"https:\/\/schema.org\",\"@graph\":[{\"@type\":\"WebPage\",\"@id\":\"https:\/\/888starz.plus\/bi\/apk\/\",\"url\":\"https:\/\/888starz.plus\/bi\/apk\/\",\"name\":\"T\u00e9l\u00e9charger 888starz APK pour Android | Official 888Starz Site\",\"isPartOf\":{\"@id\":\"https:\/\/888starz.plus\/bi\/#website\"},\"datePublished\":\"2024-09-03T09:59:34+00:00\",\"dateModified\":\"2024-12-24T05:30:22+00:00\",\"description\":\"888Starz Apk Burundi est une version mobile tr\u00e8s pratique pour les utilisateurs de smartphones. T\u00e9l\u00e9chargement gratuit de 888Starz Apk pour les appareils Android et IOS.\",\"inLanguage\":\"fr-BI\",\"potentialAction\":[{\"@type\":\"ReadAction\",\"target\":[\"https:\/\/888starz.plus\/bi\/apk\/\"]}]},{\"@type\":\"WebSite\",\"@id\":\"https:\/\/888starz.plus\/bi\/#website\",\"url\":\"https:\/\/888starz.plus\/bi\/\",\"name\":\"888Starz bi\",\"description\":\"My WordPress Blog\",\"potentialAction\":[{\"@type\":\"SearchAction\",\"target\":{\"@type\":\"EntryPoint\",\"urlTemplate\":\"https:\/\/888starz.plus\/bi\/?s={search_term_string}\"},\"query-input\":{\"@type\":\"PropertyValueSpecification\",\"valueRequired\":true,\"valueName\":\"search_term_string\"}}],\"inLanguage\":\"fr-BI\"}]}<\/script>\n<!-- \/ Yoast SEO plugin. -->","yoast_head_json":{"title":"T\u00e9l\u00e9charger 888starz APK pour Android | Official 888Starz Site","description":"888Starz Apk Burundi est une version mobile tr\u00e8s pratique pour les utilisateurs de smartphones. T\u00e9l\u00e9chargement gratuit de 888Starz Apk pour les appareils Android et IOS.","robots":{"index":"index","follow":"follow","max-snippet":"max-snippet:-1","max-image-preview":"max-image-preview:large","max-video-preview":"max-video-preview:-1"},"og_locale":"fr_FR","og_type":"article","og_title":"T\u00e9l\u00e9charger 888starz APK pour Android | Official 888Starz Site","og_description":"888Starz Apk Burundi est une version mobile tr\u00e8s pratique pour les utilisateurs de smartphones. T\u00e9l\u00e9chargement gratuit de 888Starz Apk pour les appareils Android et IOS.","og_url":"https:\/\/888starz.plus\/bi\/apk\/","og_site_name":"888Starz bi","article_modified_time":"2024-12-24T05:30:22+00:00","twitter_card":"summary_large_image","schema":{"@context":"https:\/\/schema.org","@graph":[{"@type":"WebPage","@id":"https:\/\/888starz.plus\/bi\/apk\/","url":"https:\/\/888starz.plus\/bi\/apk\/","name":"T\u00e9l\u00e9charger 888starz APK pour Android | Official 888Starz Site","isPartOf":{"@id":"https:\/\/888starz.plus\/bi\/#website"},"datePublished":"2024-09-03T09:59:34+00:00","dateModified":"2024-12-24T05:30:22+00:00","description":"888Starz Apk Burundi est une version mobile tr\u00e8s pratique pour les utilisateurs de smartphones. T\u00e9l\u00e9chargement gratuit de 888Starz Apk pour les appareils Android et IOS.","inLanguage":"fr-BI","potentialAction":[{"@type":"ReadAction","target":["https:\/\/888starz.plus\/bi\/apk\/"]}]},{"@type":"WebSite","@id":"https:\/\/888starz.plus\/bi\/#website","url":"https:\/\/888starz.plus\/bi\/","name":"888Starz bi","description":"My WordPress Blog","potentialAction":[{"@type":"SearchAction","target":{"@type":"EntryPoint","urlTemplate":"https:\/\/888starz.plus\/bi\/?s={search_term_string}"},"query-input":{"@type":"PropertyValueSpecification","valueRequired":true,"valueName":"search_term_string"}}],"inLanguage":"fr-BI"}]}},"_links":{"self":[{"href":"https:\/\/888starz.plus\/bi\/wp-json\/wp\/v2\/pages\/732","targetHints":{"allow":["GET"]}}],"collection":[{"href":"https:\/\/888starz.plus\/bi\/wp-json\/wp\/v2\/pages"}],"about":[{"href":"https:\/\/888starz.plus\/bi\/wp-json\/wp\/v2\/types\/page"}],"author":[{"embeddable":true,"href":"https:\/\/888starz.plus\/bi\/wp-json\/wp\/v2\/users\/1"}],"replies":[{"embeddable":true,"href":"https:\/\/888starz.plus\/bi\/wp-json\/wp\/v2\/comments?post=732"}],"version-history":[{"count":0,"href":"https:\/\/888starz.plus\/bi\/wp-json\/wp\/v2\/pages\/732\/revisions"}],"wp:attachment":[{"href":"https:\/\/888starz.plus\/bi\/wp-json\/wp\/v2\/media?parent=732"}],"curies":[{"name":"wp","href":"https:\/\/api.w.org\/{rel}","templated":true}]}}