{"id":428,"date":"2024-03-22T14:34:33","date_gmt":"2024-03-22T14:34:33","guid":{"rendered":"https:\/\/888starz.plus\/bf\/?page_id=428"},"modified":"2025-05-16T07:49:28","modified_gmt":"2025-05-16T07:49:28","slug":"registration","status":"publish","type":"page","link":"https:\/\/888starz.plus\/bf\/registration\/","title":{"rendered":"Inscription"},"content":{"rendered":"","protected":false},"excerpt":{"rendered":"","protected":false},"author":1,"featured_media":0,"parent":0,"menu_order":0,"comment_status":"closed","ping_status":"closed","template":"","meta":{"inline_featured_image":false,"footnotes":""},"class_list":["post-428","page","type-page","status-publish","hentry"],"yoast_head":"<!-- This site is optimized with the Yoast SEO plugin v25.6 - https:\/\/yoast.com\/wordpress\/plugins\/seo\/ -->\n<title>888Starz Registration Burkina Faso - Guide pour s&#039;inscrire<\/title>\n<meta name=\"description\" content=\"D\u00e9couvrez le guide \u00e9tape par \u00e9tape pour une inscription facile et rapide sur 888Starz ! \ud83d\uddf8 Ouvrir un compte 888Starz en 2025 \ud83d\uddf8 Se connecter et commencer \u00e0 parier maintenant\" \/>\n<meta name=\"robots\" content=\"index, follow, max-snippet:-1, max-image-preview:large, max-video-preview:-1\" \/>\n<meta property=\"og:locale\" content=\"fr_FR\" \/>\n<meta property=\"og:type\" content=\"article\" \/>\n<meta property=\"og:title\" content=\"888Starz Registration Burkina Faso - Guide pour s&#039;inscrire\" \/>\n<meta property=\"og:description\" content=\"D\u00e9couvrez le guide \u00e9tape par \u00e9tape pour une inscription facile et rapide sur 888Starz ! \ud83d\uddf8 Ouvrir un compte 888Starz en 2025 \ud83d\uddf8 Se connecter et commencer \u00e0 parier maintenant\" \/>\n<meta property=\"og:url\" content=\"https:\/\/888starz.plus\/bf\/registration\/\" \/>\n<meta property=\"og:site_name\" content=\"888starz.plus bf\" \/>\n<meta property=\"article:modified_time\" content=\"2025-05-16T07:49:28+00:00\" \/>\n<meta name=\"twitter:card\" content=\"summary_large_image\" \/>\n<script type=\"application\/ld+json\" class=\"yoast-schema-graph\">{\"@context\":\"https:\/\/schema.org\",\"@graph\":[{\"@type\":\"WebPage\",\"@id\":\"https:\/\/888starz.plus\/bf\/registration\/\",\"url\":\"https:\/\/888starz.plus\/bf\/registration\/\",\"name\":\"888Starz Registration Burkina Faso - Guide pour s'inscrire\",\"isPartOf\":{\"@id\":\"https:\/\/888starz.plus\/bf\/#website\"},\"datePublished\":\"2024-03-22T14:34:33+00:00\",\"dateModified\":\"2025-05-16T07:49:28+00:00\",\"description\":\"D\u00e9couvrez le guide \u00e9tape par \u00e9tape pour une inscription facile et rapide sur 888Starz ! \ud83d\uddf8 Ouvrir un compte 888Starz en 2025 \ud83d\uddf8 Se connecter et commencer \u00e0 parier maintenant\",\"inLanguage\":\"fr-BF\",\"potentialAction\":[{\"@type\":\"ReadAction\",\"target\":[\"https:\/\/888starz.plus\/bf\/registration\/\"]}]},{\"@type\":\"WebSite\",\"@id\":\"https:\/\/888starz.plus\/bf\/#website\",\"url\":\"https:\/\/888starz.plus\/bf\/\",\"name\":\"888starz.plus bf\",\"description\":\"My WordPress Blog\",\"potentialAction\":[{\"@type\":\"SearchAction\",\"target\":{\"@type\":\"EntryPoint\",\"urlTemplate\":\"https:\/\/888starz.plus\/bf\/?s={search_term_string}\"},\"query-input\":{\"@type\":\"PropertyValueSpecification\",\"valueRequired\":true,\"valueName\":\"search_term_string\"}}],\"inLanguage\":\"fr-BF\"}]}<\/script>\n<!-- \/ Yoast SEO plugin. -->","yoast_head_json":{"title":"888Starz Registration Burkina Faso - Guide pour s'inscrire","description":"D\u00e9couvrez le guide \u00e9tape par \u00e9tape pour une inscription facile et rapide sur 888Starz ! \ud83d\uddf8 Ouvrir un compte 888Starz en 2025 \ud83d\uddf8 Se connecter et commencer \u00e0 parier maintenant","robots":{"index":"index","follow":"follow","max-snippet":"max-snippet:-1","max-image-preview":"max-image-preview:large","max-video-preview":"max-video-preview:-1"},"og_locale":"fr_FR","og_type":"article","og_title":"888Starz Registration Burkina Faso - Guide pour s'inscrire","og_description":"D\u00e9couvrez le guide \u00e9tape par \u00e9tape pour une inscription facile et rapide sur 888Starz ! \ud83d\uddf8 Ouvrir un compte 888Starz en 2025 \ud83d\uddf8 Se connecter et commencer \u00e0 parier maintenant","og_url":"https:\/\/888starz.plus\/bf\/registration\/","og_site_name":"888starz.plus bf","article_modified_time":"2025-05-16T07:49:28+00:00","twitter_card":"summary_large_image","schema":{"@context":"https:\/\/schema.org","@graph":[{"@type":"WebPage","@id":"https:\/\/888starz.plus\/bf\/registration\/","url":"https:\/\/888starz.plus\/bf\/registration\/","name":"888Starz Registration Burkina Faso - Guide pour s'inscrire","isPartOf":{"@id":"https:\/\/888starz.plus\/bf\/#website"},"datePublished":"2024-03-22T14:34:33+00:00","dateModified":"2025-05-16T07:49:28+00:00","description":"D\u00e9couvrez le guide \u00e9tape par \u00e9tape pour une inscription facile et rapide sur 888Starz ! \ud83d\uddf8 Ouvrir un compte 888Starz en 2025 \ud83d\uddf8 Se connecter et commencer \u00e0 parier maintenant","inLanguage":"fr-BF","potentialAction":[{"@type":"ReadAction","target":["https:\/\/888starz.plus\/bf\/registration\/"]}]},{"@type":"WebSite","@id":"https:\/\/888starz.plus\/bf\/#website","url":"https:\/\/888starz.plus\/bf\/","name":"888starz.plus bf","description":"My WordPress Blog","potentialAction":[{"@type":"SearchAction","target":{"@type":"EntryPoint","urlTemplate":"https:\/\/888starz.plus\/bf\/?s={search_term_string}"},"query-input":{"@type":"PropertyValueSpecification","valueRequired":true,"valueName":"search_term_string"}}],"inLanguage":"fr-BF"}]}},"_links":{"self":[{"href":"https:\/\/888starz.plus\/bf\/wp-json\/wp\/v2\/pages\/428","targetHints":{"allow":["GET"]}}],"collection":[{"href":"https:\/\/888starz.plus\/bf\/wp-json\/wp\/v2\/pages"}],"about":[{"href":"https:\/\/888starz.plus\/bf\/wp-json\/wp\/v2\/types\/page"}],"author":[{"embeddable":true,"href":"https:\/\/888starz.plus\/bf\/wp-json\/wp\/v2\/users\/1"}],"replies":[{"embeddable":true,"href":"https:\/\/888starz.plus\/bf\/wp-json\/wp\/v2\/comments?post=428"}],"version-history":[{"count":2,"href":"https:\/\/888starz.plus\/bf\/wp-json\/wp\/v2\/pages\/428\/revisions"}],"predecessor-version":[{"id":852,"href":"https:\/\/888starz.plus\/bf\/wp-json\/wp\/v2\/pages\/428\/revisions\/852"}],"wp:attachment":[{"href":"https:\/\/888starz.plus\/bf\/wp-json\/wp\/v2\/media?parent=428"}],"curies":[{"name":"wp","href":"https:\/\/api.w.org\/{rel}","templated":true}]}}