{"id":889,"date":"2025-06-20T12:27:10","date_gmt":"2025-06-20T12:27:10","guid":{"rendered":"https:\/\/888starz.plus\/?page_id=889"},"modified":"2025-08-26T09:35:16","modified_gmt":"2025-08-26T09:35:16","slug":"express-booster","status":"publish","type":"page","link":"https:\/\/888starz.plus\/az\/express-booster\/","title":{"rendered":"Ekspres g\u00fccl\u0259ndirici"},"content":{"rendered":"","protected":false},"excerpt":{"rendered":"","protected":false},"author":1,"featured_media":0,"parent":152,"menu_order":0,"comment_status":"closed","ping_status":"closed","template":"","meta":{"inline_featured_image":false,"footnotes":""},"class_list":["post-889","page","type-page","status-publish","hentry"],"yoast_head":"<!-- This site is optimized with the Yoast SEO plugin v25.6 - https:\/\/yoast.com\/wordpress\/plugins\/seo\/ -->\n<title>888Starz-dan ekspress g\u00fccl\u0259ndirici il\u0259 udu\u015flar\u0131n\u0131z\u0131 art\u0131r\u0131n!<\/title>\n<meta name=\"description\" content=\"B\u00f6y\u00fck udu\u015flara haz\u0131rs\u0131n\u0131z? 888Starz-dan Express Booster c\u0259sar\u0259ti m\u00fckafatland\u0131r\u0131r! Bahisl\u0259rinizi art\u0131r\u0131n v\u0259 b\u00f6y\u00fck ekspress m\u0259rcl\u0259r\u0259 m\u0259rc etm\u0259k \u00fc\u00e7\u00fcn bonuslar \u0259ld\u0259 edin.\" \/>\n<meta name=\"robots\" content=\"index, follow, max-snippet:-1, max-image-preview:large, max-video-preview:-1\" \/>\n<meta property=\"og:locale\" content=\"az_AZ\" \/>\n<meta property=\"og:type\" content=\"article\" \/>\n<meta property=\"og:title\" content=\"888Starz-dan ekspress g\u00fccl\u0259ndirici il\u0259 udu\u015flar\u0131n\u0131z\u0131 art\u0131r\u0131n!\" \/>\n<meta property=\"og:description\" content=\"B\u00f6y\u00fck udu\u015flara haz\u0131rs\u0131n\u0131z? 888Starz-dan Express Booster c\u0259sar\u0259ti m\u00fckafatland\u0131r\u0131r! Bahisl\u0259rinizi art\u0131r\u0131n v\u0259 b\u00f6y\u00fck ekspress m\u0259rcl\u0259r\u0259 m\u0259rc etm\u0259k \u00fc\u00e7\u00fcn bonuslar \u0259ld\u0259 edin.\" \/>\n<meta property=\"og:url\" content=\"https:\/\/888starz.plus\/az\/express-booster\/\" \/>\n<meta property=\"og:site_name\" content=\"888Starz az\" \/>\n<meta property=\"article:modified_time\" content=\"2025-08-26T09:35:16+00:00\" \/>\n<meta name=\"twitter:card\" content=\"summary_large_image\" \/>\n<script type=\"application\/ld+json\" class=\"yoast-schema-graph\">{\"@context\":\"https:\/\/schema.org\",\"@graph\":[{\"@type\":\"WebPage\",\"@id\":\"https:\/\/888starz.plus\/az\/express-booster\/\",\"url\":\"https:\/\/888starz.plus\/az\/express-booster\/\",\"name\":\"888Starz-dan ekspress g\u00fccl\u0259ndirici il\u0259 udu\u015flar\u0131n\u0131z\u0131 art\u0131r\u0131n!\",\"isPartOf\":{\"@id\":\"https:\/\/888starz.plus\/az\/#website\"},\"datePublished\":\"2025-06-20T12:27:10+00:00\",\"dateModified\":\"2025-08-26T09:35:16+00:00\",\"description\":\"B\u00f6y\u00fck udu\u015flara haz\u0131rs\u0131n\u0131z? 888Starz-dan Express Booster c\u0259sar\u0259ti m\u00fckafatland\u0131r\u0131r! Bahisl\u0259rinizi art\u0131r\u0131n v\u0259 b\u00f6y\u00fck ekspress m\u0259rcl\u0259r\u0259 m\u0259rc etm\u0259k \u00fc\u00e7\u00fcn bonuslar \u0259ld\u0259 edin.\",\"breadcrumb\":{\"@id\":\"https:\/\/888starz.plus\/az\/express-booster\/#breadcrumb\"},\"inLanguage\":\"az\",\"potentialAction\":[{\"@type\":\"ReadAction\",\"target\":[\"https:\/\/888starz.plus\/az\/express-booster\/\"]}]},{\"@type\":\"BreadcrumbList\",\"@id\":\"https:\/\/888starz.plus\/az\/express-booster\/#breadcrumb\",\"itemListElement\":[{\"@type\":\"ListItem\",\"position\":1,\"name\":\"Bonus\",\"item\":\"https:\/\/888starz.plus\/az\/bonuses\/\"},{\"@type\":\"ListItem\",\"position\":2,\"name\":\"Ekspres g\u00fccl\u0259ndirici\"}]},{\"@type\":\"WebSite\",\"@id\":\"https:\/\/888starz.plus\/az\/#website\",\"url\":\"https:\/\/888starz.plus\/az\/\",\"name\":\"888Starz az\",\"description\":\"My WordPress Blog\",\"potentialAction\":[{\"@type\":\"SearchAction\",\"target\":{\"@type\":\"EntryPoint\",\"urlTemplate\":\"https:\/\/888starz.plus\/az\/?s={search_term_string}\"},\"query-input\":{\"@type\":\"PropertyValueSpecification\",\"valueRequired\":true,\"valueName\":\"search_term_string\"}}],\"inLanguage\":\"az\"}]}<\/script>\n<!-- \/ Yoast SEO plugin. -->","yoast_head_json":{"title":"888Starz-dan ekspress g\u00fccl\u0259ndirici il\u0259 udu\u015flar\u0131n\u0131z\u0131 art\u0131r\u0131n!","description":"B\u00f6y\u00fck udu\u015flara haz\u0131rs\u0131n\u0131z? 888Starz-dan Express Booster c\u0259sar\u0259ti m\u00fckafatland\u0131r\u0131r! Bahisl\u0259rinizi art\u0131r\u0131n v\u0259 b\u00f6y\u00fck ekspress m\u0259rcl\u0259r\u0259 m\u0259rc etm\u0259k \u00fc\u00e7\u00fcn bonuslar \u0259ld\u0259 edin.","robots":{"index":"index","follow":"follow","max-snippet":"max-snippet:-1","max-image-preview":"max-image-preview:large","max-video-preview":"max-video-preview:-1"},"og_locale":"az_AZ","og_type":"article","og_title":"888Starz-dan ekspress g\u00fccl\u0259ndirici il\u0259 udu\u015flar\u0131n\u0131z\u0131 art\u0131r\u0131n!","og_description":"B\u00f6y\u00fck udu\u015flara haz\u0131rs\u0131n\u0131z? 888Starz-dan Express Booster c\u0259sar\u0259ti m\u00fckafatland\u0131r\u0131r! Bahisl\u0259rinizi art\u0131r\u0131n v\u0259 b\u00f6y\u00fck ekspress m\u0259rcl\u0259r\u0259 m\u0259rc etm\u0259k \u00fc\u00e7\u00fcn bonuslar \u0259ld\u0259 edin.","og_url":"https:\/\/888starz.plus\/az\/express-booster\/","og_site_name":"888Starz az","article_modified_time":"2025-08-26T09:35:16+00:00","twitter_card":"summary_large_image","schema":{"@context":"https:\/\/schema.org","@graph":[{"@type":"WebPage","@id":"https:\/\/888starz.plus\/az\/express-booster\/","url":"https:\/\/888starz.plus\/az\/express-booster\/","name":"888Starz-dan ekspress g\u00fccl\u0259ndirici il\u0259 udu\u015flar\u0131n\u0131z\u0131 art\u0131r\u0131n!","isPartOf":{"@id":"https:\/\/888starz.plus\/az\/#website"},"datePublished":"2025-06-20T12:27:10+00:00","dateModified":"2025-08-26T09:35:16+00:00","description":"B\u00f6y\u00fck udu\u015flara haz\u0131rs\u0131n\u0131z? 888Starz-dan Express Booster c\u0259sar\u0259ti m\u00fckafatland\u0131r\u0131r! Bahisl\u0259rinizi art\u0131r\u0131n v\u0259 b\u00f6y\u00fck ekspress m\u0259rcl\u0259r\u0259 m\u0259rc etm\u0259k \u00fc\u00e7\u00fcn bonuslar \u0259ld\u0259 edin.","breadcrumb":{"@id":"https:\/\/888starz.plus\/az\/express-booster\/#breadcrumb"},"inLanguage":"az","potentialAction":[{"@type":"ReadAction","target":["https:\/\/888starz.plus\/az\/express-booster\/"]}]},{"@type":"BreadcrumbList","@id":"https:\/\/888starz.plus\/az\/express-booster\/#breadcrumb","itemListElement":[{"@type":"ListItem","position":1,"name":"Bonus","item":"https:\/\/888starz.plus\/az\/bonuses\/"},{"@type":"ListItem","position":2,"name":"Ekspres g\u00fccl\u0259ndirici"}]},{"@type":"WebSite","@id":"https:\/\/888starz.plus\/az\/#website","url":"https:\/\/888starz.plus\/az\/","name":"888Starz az","description":"My WordPress Blog","potentialAction":[{"@type":"SearchAction","target":{"@type":"EntryPoint","urlTemplate":"https:\/\/888starz.plus\/az\/?s={search_term_string}"},"query-input":{"@type":"PropertyValueSpecification","valueRequired":true,"valueName":"search_term_string"}}],"inLanguage":"az"}]}},"_links":{"self":[{"href":"https:\/\/888starz.plus\/az\/wp-json\/wp\/v2\/pages\/889","targetHints":{"allow":["GET"]}}],"collection":[{"href":"https:\/\/888starz.plus\/az\/wp-json\/wp\/v2\/pages"}],"about":[{"href":"https:\/\/888starz.plus\/az\/wp-json\/wp\/v2\/types\/page"}],"author":[{"embeddable":true,"href":"https:\/\/888starz.plus\/az\/wp-json\/wp\/v2\/users\/1"}],"replies":[{"embeddable":true,"href":"https:\/\/888starz.plus\/az\/wp-json\/wp\/v2\/comments?post=889"}],"version-history":[{"count":2,"href":"https:\/\/888starz.plus\/az\/wp-json\/wp\/v2\/pages\/889\/revisions"}],"predecessor-version":[{"id":945,"href":"https:\/\/888starz.plus\/az\/wp-json\/wp\/v2\/pages\/889\/revisions\/945"}],"up":[{"embeddable":true,"href":"https:\/\/888starz.plus\/az\/wp-json\/wp\/v2\/pages\/152"}],"wp:attachment":[{"href":"https:\/\/888starz.plus\/az\/wp-json\/wp\/v2\/media?parent=889"}],"curies":[{"name":"wp","href":"https:\/\/api.w.org\/{rel}","templated":true}]}}