{"id":869,"date":"2025-06-20T11:21:17","date_gmt":"2025-06-20T11:21:17","guid":{"rendered":"https:\/\/888starz.plus\/?page_id=869"},"modified":"2025-08-26T08:59:48","modified_gmt":"2025-08-26T08:59:48","slug":"casino-welcome-package","status":"publish","type":"page","link":"https:\/\/888starz.plus\/az\/casino-welcome-package\/","title":{"rendered":"Casino Xo\u015f G\u0259lm\u0259 Paketi"},"content":{"rendered":"","protected":false},"excerpt":{"rendered":"","protected":false},"author":1,"featured_media":0,"parent":152,"menu_order":0,"comment_status":"closed","ping_status":"closed","template":"","meta":{"inline_featured_image":false,"footnotes":""},"class_list":["post-869","page","type-page","status-publish","hentry"],"yoast_head":"<!-- This site is optimized with the Yoast SEO plugin v25.6 - https:\/\/yoast.com\/wordpress\/plugins\/seo\/ -->\n<title>888Starz Casino Xo\u015f g\u0259lmisiniz Paketi | 2550 AZN-\u0259 q\u0259d\u0259r + 150 FS<\/title>\n<meta name=\"description\" content=\"888Starz-da xo\u015f g\u0259lmisiniz! D\u00f6rd depozit \u00fc\u00e7\u00fcn d\u00f6rd bonus: 2550 AZN-\u0259 q\u0259d\u0259r v\u0259 150 \u200b\u200bfreespin sizi g\u00f6zl\u0259yir. B\u00f6y\u00fck q\u0259l\u0259b\u0259l\u0259r\u0259 do\u011fru ilk add\u0131m\u0131 at\u0131n v\u0259 s\u0259xav\u0259tli m\u00fckafatlar \u015fans\u0131n\u0131z\u0131 qa\u00e7\u0131rmay\u0131n!\" \/>\n<meta name=\"robots\" content=\"index, follow, max-snippet:-1, max-image-preview:large, max-video-preview:-1\" \/>\n<meta property=\"og:locale\" content=\"az_AZ\" \/>\n<meta property=\"og:type\" content=\"article\" \/>\n<meta property=\"og:title\" content=\"888Starz Casino Xo\u015f g\u0259lmisiniz Paketi | 2550 AZN-\u0259 q\u0259d\u0259r + 150 FS\" \/>\n<meta property=\"og:description\" content=\"888Starz-da xo\u015f g\u0259lmisiniz! D\u00f6rd depozit \u00fc\u00e7\u00fcn d\u00f6rd bonus: 2550 AZN-\u0259 q\u0259d\u0259r v\u0259 150 \u200b\u200bfreespin sizi g\u00f6zl\u0259yir. B\u00f6y\u00fck q\u0259l\u0259b\u0259l\u0259r\u0259 do\u011fru ilk add\u0131m\u0131 at\u0131n v\u0259 s\u0259xav\u0259tli m\u00fckafatlar \u015fans\u0131n\u0131z\u0131 qa\u00e7\u0131rmay\u0131n!\" \/>\n<meta property=\"og:url\" content=\"https:\/\/888starz.plus\/az\/casino-welcome-package\/\" \/>\n<meta property=\"og:site_name\" content=\"888Starz az\" \/>\n<meta property=\"article:modified_time\" content=\"2025-08-26T08:59:48+00:00\" \/>\n<meta name=\"twitter:card\" content=\"summary_large_image\" \/>\n<script type=\"application\/ld+json\" class=\"yoast-schema-graph\">{\"@context\":\"https:\/\/schema.org\",\"@graph\":[{\"@type\":\"WebPage\",\"@id\":\"https:\/\/888starz.plus\/az\/casino-welcome-package\/\",\"url\":\"https:\/\/888starz.plus\/az\/casino-welcome-package\/\",\"name\":\"888Starz Casino Xo\u015f g\u0259lmisiniz Paketi | 2550 AZN-\u0259 q\u0259d\u0259r + 150 FS\",\"isPartOf\":{\"@id\":\"https:\/\/888starz.plus\/az\/#website\"},\"datePublished\":\"2025-06-20T11:21:17+00:00\",\"dateModified\":\"2025-08-26T08:59:48+00:00\",\"description\":\"888Starz-da xo\u015f g\u0259lmisiniz! D\u00f6rd depozit \u00fc\u00e7\u00fcn d\u00f6rd bonus: 2550 AZN-\u0259 q\u0259d\u0259r v\u0259 150 \u200b\u200bfreespin sizi g\u00f6zl\u0259yir. B\u00f6y\u00fck q\u0259l\u0259b\u0259l\u0259r\u0259 do\u011fru ilk add\u0131m\u0131 at\u0131n v\u0259 s\u0259xav\u0259tli m\u00fckafatlar \u015fans\u0131n\u0131z\u0131 qa\u00e7\u0131rmay\u0131n!\",\"breadcrumb\":{\"@id\":\"https:\/\/888starz.plus\/az\/casino-welcome-package\/#breadcrumb\"},\"inLanguage\":\"az\",\"potentialAction\":[{\"@type\":\"ReadAction\",\"target\":[\"https:\/\/888starz.plus\/az\/casino-welcome-package\/\"]}]},{\"@type\":\"BreadcrumbList\",\"@id\":\"https:\/\/888starz.plus\/az\/casino-welcome-package\/#breadcrumb\",\"itemListElement\":[{\"@type\":\"ListItem\",\"position\":1,\"name\":\"Bonus\",\"item\":\"https:\/\/888starz.plus\/az\/bonuses\/\"},{\"@type\":\"ListItem\",\"position\":2,\"name\":\"Casino Xo\u015f G\u0259lm\u0259 Paketi\"}]},{\"@type\":\"WebSite\",\"@id\":\"https:\/\/888starz.plus\/az\/#website\",\"url\":\"https:\/\/888starz.plus\/az\/\",\"name\":\"888Starz az\",\"description\":\"My WordPress Blog\",\"potentialAction\":[{\"@type\":\"SearchAction\",\"target\":{\"@type\":\"EntryPoint\",\"urlTemplate\":\"https:\/\/888starz.plus\/az\/?s={search_term_string}\"},\"query-input\":{\"@type\":\"PropertyValueSpecification\",\"valueRequired\":true,\"valueName\":\"search_term_string\"}}],\"inLanguage\":\"az\"}]}<\/script>\n<!-- \/ Yoast SEO plugin. -->","yoast_head_json":{"title":"888Starz Casino Xo\u015f g\u0259lmisiniz Paketi | 2550 AZN-\u0259 q\u0259d\u0259r + 150 FS","description":"888Starz-da xo\u015f g\u0259lmisiniz! D\u00f6rd depozit \u00fc\u00e7\u00fcn d\u00f6rd bonus: 2550 AZN-\u0259 q\u0259d\u0259r v\u0259 150 \u200b\u200bfreespin sizi g\u00f6zl\u0259yir. B\u00f6y\u00fck q\u0259l\u0259b\u0259l\u0259r\u0259 do\u011fru ilk add\u0131m\u0131 at\u0131n v\u0259 s\u0259xav\u0259tli m\u00fckafatlar \u015fans\u0131n\u0131z\u0131 qa\u00e7\u0131rmay\u0131n!","robots":{"index":"index","follow":"follow","max-snippet":"max-snippet:-1","max-image-preview":"max-image-preview:large","max-video-preview":"max-video-preview:-1"},"og_locale":"az_AZ","og_type":"article","og_title":"888Starz Casino Xo\u015f g\u0259lmisiniz Paketi | 2550 AZN-\u0259 q\u0259d\u0259r + 150 FS","og_description":"888Starz-da xo\u015f g\u0259lmisiniz! D\u00f6rd depozit \u00fc\u00e7\u00fcn d\u00f6rd bonus: 2550 AZN-\u0259 q\u0259d\u0259r v\u0259 150 \u200b\u200bfreespin sizi g\u00f6zl\u0259yir. B\u00f6y\u00fck q\u0259l\u0259b\u0259l\u0259r\u0259 do\u011fru ilk add\u0131m\u0131 at\u0131n v\u0259 s\u0259xav\u0259tli m\u00fckafatlar \u015fans\u0131n\u0131z\u0131 qa\u00e7\u0131rmay\u0131n!","og_url":"https:\/\/888starz.plus\/az\/casino-welcome-package\/","og_site_name":"888Starz az","article_modified_time":"2025-08-26T08:59:48+00:00","twitter_card":"summary_large_image","schema":{"@context":"https:\/\/schema.org","@graph":[{"@type":"WebPage","@id":"https:\/\/888starz.plus\/az\/casino-welcome-package\/","url":"https:\/\/888starz.plus\/az\/casino-welcome-package\/","name":"888Starz Casino Xo\u015f g\u0259lmisiniz Paketi | 2550 AZN-\u0259 q\u0259d\u0259r + 150 FS","isPartOf":{"@id":"https:\/\/888starz.plus\/az\/#website"},"datePublished":"2025-06-20T11:21:17+00:00","dateModified":"2025-08-26T08:59:48+00:00","description":"888Starz-da xo\u015f g\u0259lmisiniz! D\u00f6rd depozit \u00fc\u00e7\u00fcn d\u00f6rd bonus: 2550 AZN-\u0259 q\u0259d\u0259r v\u0259 150 \u200b\u200bfreespin sizi g\u00f6zl\u0259yir. B\u00f6y\u00fck q\u0259l\u0259b\u0259l\u0259r\u0259 do\u011fru ilk add\u0131m\u0131 at\u0131n v\u0259 s\u0259xav\u0259tli m\u00fckafatlar \u015fans\u0131n\u0131z\u0131 qa\u00e7\u0131rmay\u0131n!","breadcrumb":{"@id":"https:\/\/888starz.plus\/az\/casino-welcome-package\/#breadcrumb"},"inLanguage":"az","potentialAction":[{"@type":"ReadAction","target":["https:\/\/888starz.plus\/az\/casino-welcome-package\/"]}]},{"@type":"BreadcrumbList","@id":"https:\/\/888starz.plus\/az\/casino-welcome-package\/#breadcrumb","itemListElement":[{"@type":"ListItem","position":1,"name":"Bonus","item":"https:\/\/888starz.plus\/az\/bonuses\/"},{"@type":"ListItem","position":2,"name":"Casino Xo\u015f G\u0259lm\u0259 Paketi"}]},{"@type":"WebSite","@id":"https:\/\/888starz.plus\/az\/#website","url":"https:\/\/888starz.plus\/az\/","name":"888Starz az","description":"My WordPress Blog","potentialAction":[{"@type":"SearchAction","target":{"@type":"EntryPoint","urlTemplate":"https:\/\/888starz.plus\/az\/?s={search_term_string}"},"query-input":{"@type":"PropertyValueSpecification","valueRequired":true,"valueName":"search_term_string"}}],"inLanguage":"az"}]}},"_links":{"self":[{"href":"https:\/\/888starz.plus\/az\/wp-json\/wp\/v2\/pages\/869","targetHints":{"allow":["GET"]}}],"collection":[{"href":"https:\/\/888starz.plus\/az\/wp-json\/wp\/v2\/pages"}],"about":[{"href":"https:\/\/888starz.plus\/az\/wp-json\/wp\/v2\/types\/page"}],"author":[{"embeddable":true,"href":"https:\/\/888starz.plus\/az\/wp-json\/wp\/v2\/users\/1"}],"replies":[{"embeddable":true,"href":"https:\/\/888starz.plus\/az\/wp-json\/wp\/v2\/comments?post=869"}],"version-history":[{"count":3,"href":"https:\/\/888starz.plus\/az\/wp-json\/wp\/v2\/pages\/869\/revisions"}],"predecessor-version":[{"id":943,"href":"https:\/\/888starz.plus\/az\/wp-json\/wp\/v2\/pages\/869\/revisions\/943"}],"up":[{"embeddable":true,"href":"https:\/\/888starz.plus\/az\/wp-json\/wp\/v2\/pages\/152"}],"wp:attachment":[{"href":"https:\/\/888starz.plus\/az\/wp-json\/wp\/v2\/media?parent=869"}],"curies":[{"name":"wp","href":"https:\/\/api.w.org\/{rel}","templated":true}]}}