{"id":732,"date":"2024-09-03T09:59:34","date_gmt":"2024-09-03T09:59:34","guid":{"rendered":"https:\/\/888starz.plus\/az\/?page_id=732"},"modified":"2025-01-27T19:22:31","modified_gmt":"2025-01-27T19:22:31","slug":"apk","status":"publish","type":"page","link":"https:\/\/888starz.plus\/az\/apk\/","title":{"rendered":"Apk"},"content":{"rendered":"","protected":false},"excerpt":{"rendered":"","protected":false},"author":1,"featured_media":0,"parent":0,"menu_order":0,"comment_status":"closed","ping_status":"closed","template":"","meta":{"inline_featured_image":false,"footnotes":""},"class_list":["post-732","page","type-page","status-publish","hentry"],"yoast_head":"<!-- This site is optimized with the Yoast SEO plugin v25.6 - https:\/\/yoast.com\/wordpress\/plugins\/seo\/ -->\n<title>Android \u00fc\u00e7\u00fcn 888starz APK y\u00fckl\u0259yin | R\u0259smi 888Starz Sayt\u0131<\/title>\n<meta name=\"description\" content=\"888Starz Az\u0259rbaycan Apk smartfon istifad\u0259\u00e7il\u0259ri \u00fc\u00e7\u00fcn \u00e7ox rahat mobil versiyad\u0131r. Android v\u0259 IOS cihazlar\u0131 \u00fc\u00e7\u00fcn 888starz Apk-\u0131 pulsuz y\u00fckl\u0259yin.\" \/>\n<meta name=\"robots\" content=\"index, follow, max-snippet:-1, max-image-preview:large, max-video-preview:-1\" \/>\n<meta property=\"og:locale\" content=\"az_AZ\" \/>\n<meta property=\"og:type\" content=\"article\" \/>\n<meta property=\"og:title\" content=\"Android \u00fc\u00e7\u00fcn 888starz APK y\u00fckl\u0259yin | R\u0259smi 888Starz Sayt\u0131\" \/>\n<meta property=\"og:description\" content=\"888Starz Az\u0259rbaycan Apk smartfon istifad\u0259\u00e7il\u0259ri \u00fc\u00e7\u00fcn \u00e7ox rahat mobil versiyad\u0131r. Android v\u0259 IOS cihazlar\u0131 \u00fc\u00e7\u00fcn 888starz Apk-\u0131 pulsuz y\u00fckl\u0259yin.\" \/>\n<meta property=\"og:url\" content=\"https:\/\/888starz.plus\/az\/apk\/\" \/>\n<meta property=\"og:site_name\" content=\"888Starz az\" \/>\n<meta property=\"article:modified_time\" content=\"2025-01-27T19:22:31+00:00\" \/>\n<meta name=\"twitter:card\" content=\"summary_large_image\" \/>\n<script type=\"application\/ld+json\" class=\"yoast-schema-graph\">{\"@context\":\"https:\/\/schema.org\",\"@graph\":[{\"@type\":\"WebPage\",\"@id\":\"https:\/\/888starz.plus\/az\/apk\/\",\"url\":\"https:\/\/888starz.plus\/az\/apk\/\",\"name\":\"Android \u00fc\u00e7\u00fcn 888starz APK y\u00fckl\u0259yin | R\u0259smi 888Starz Sayt\u0131\",\"isPartOf\":{\"@id\":\"https:\/\/888starz.plus\/az\/#website\"},\"datePublished\":\"2024-09-03T09:59:34+00:00\",\"dateModified\":\"2025-01-27T19:22:31+00:00\",\"description\":\"888Starz Az\u0259rbaycan Apk smartfon istifad\u0259\u00e7il\u0259ri \u00fc\u00e7\u00fcn \u00e7ox rahat mobil versiyad\u0131r. Android v\u0259 IOS cihazlar\u0131 \u00fc\u00e7\u00fcn 888starz Apk-\u0131 pulsuz y\u00fckl\u0259yin.\",\"inLanguage\":\"az\",\"potentialAction\":[{\"@type\":\"ReadAction\",\"target\":[\"https:\/\/888starz.plus\/az\/apk\/\"]}]},{\"@type\":\"WebSite\",\"@id\":\"https:\/\/888starz.plus\/az\/#website\",\"url\":\"https:\/\/888starz.plus\/az\/\",\"name\":\"888Starz az\",\"description\":\"My WordPress Blog\",\"potentialAction\":[{\"@type\":\"SearchAction\",\"target\":{\"@type\":\"EntryPoint\",\"urlTemplate\":\"https:\/\/888starz.plus\/az\/?s={search_term_string}\"},\"query-input\":{\"@type\":\"PropertyValueSpecification\",\"valueRequired\":true,\"valueName\":\"search_term_string\"}}],\"inLanguage\":\"az\"}]}<\/script>\n<!-- \/ Yoast SEO plugin. -->","yoast_head_json":{"title":"Android \u00fc\u00e7\u00fcn 888starz APK y\u00fckl\u0259yin | R\u0259smi 888Starz Sayt\u0131","description":"888Starz Az\u0259rbaycan Apk smartfon istifad\u0259\u00e7il\u0259ri \u00fc\u00e7\u00fcn \u00e7ox rahat mobil versiyad\u0131r. Android v\u0259 IOS cihazlar\u0131 \u00fc\u00e7\u00fcn 888starz Apk-\u0131 pulsuz y\u00fckl\u0259yin.","robots":{"index":"index","follow":"follow","max-snippet":"max-snippet:-1","max-image-preview":"max-image-preview:large","max-video-preview":"max-video-preview:-1"},"og_locale":"az_AZ","og_type":"article","og_title":"Android \u00fc\u00e7\u00fcn 888starz APK y\u00fckl\u0259yin | R\u0259smi 888Starz Sayt\u0131","og_description":"888Starz Az\u0259rbaycan Apk smartfon istifad\u0259\u00e7il\u0259ri \u00fc\u00e7\u00fcn \u00e7ox rahat mobil versiyad\u0131r. Android v\u0259 IOS cihazlar\u0131 \u00fc\u00e7\u00fcn 888starz Apk-\u0131 pulsuz y\u00fckl\u0259yin.","og_url":"https:\/\/888starz.plus\/az\/apk\/","og_site_name":"888Starz az","article_modified_time":"2025-01-27T19:22:31+00:00","twitter_card":"summary_large_image","schema":{"@context":"https:\/\/schema.org","@graph":[{"@type":"WebPage","@id":"https:\/\/888starz.plus\/az\/apk\/","url":"https:\/\/888starz.plus\/az\/apk\/","name":"Android \u00fc\u00e7\u00fcn 888starz APK y\u00fckl\u0259yin | R\u0259smi 888Starz Sayt\u0131","isPartOf":{"@id":"https:\/\/888starz.plus\/az\/#website"},"datePublished":"2024-09-03T09:59:34+00:00","dateModified":"2025-01-27T19:22:31+00:00","description":"888Starz Az\u0259rbaycan Apk smartfon istifad\u0259\u00e7il\u0259ri \u00fc\u00e7\u00fcn \u00e7ox rahat mobil versiyad\u0131r. Android v\u0259 IOS cihazlar\u0131 \u00fc\u00e7\u00fcn 888starz Apk-\u0131 pulsuz y\u00fckl\u0259yin.","inLanguage":"az","potentialAction":[{"@type":"ReadAction","target":["https:\/\/888starz.plus\/az\/apk\/"]}]},{"@type":"WebSite","@id":"https:\/\/888starz.plus\/az\/#website","url":"https:\/\/888starz.plus\/az\/","name":"888Starz az","description":"My WordPress Blog","potentialAction":[{"@type":"SearchAction","target":{"@type":"EntryPoint","urlTemplate":"https:\/\/888starz.plus\/az\/?s={search_term_string}"},"query-input":{"@type":"PropertyValueSpecification","valueRequired":true,"valueName":"search_term_string"}}],"inLanguage":"az"}]}},"_links":{"self":[{"href":"https:\/\/888starz.plus\/az\/wp-json\/wp\/v2\/pages\/732","targetHints":{"allow":["GET"]}}],"collection":[{"href":"https:\/\/888starz.plus\/az\/wp-json\/wp\/v2\/pages"}],"about":[{"href":"https:\/\/888starz.plus\/az\/wp-json\/wp\/v2\/types\/page"}],"author":[{"embeddable":true,"href":"https:\/\/888starz.plus\/az\/wp-json\/wp\/v2\/users\/1"}],"replies":[{"embeddable":true,"href":"https:\/\/888starz.plus\/az\/wp-json\/wp\/v2\/comments?post=732"}],"version-history":[{"count":1,"href":"https:\/\/888starz.plus\/az\/wp-json\/wp\/v2\/pages\/732\/revisions"}],"predecessor-version":[{"id":795,"href":"https:\/\/888starz.plus\/az\/wp-json\/wp\/v2\/pages\/732\/revisions\/795"}],"wp:attachment":[{"href":"https:\/\/888starz.plus\/az\/wp-json\/wp\/v2\/media?parent=732"}],"curies":[{"name":"wp","href":"https:\/\/api.w.org\/{rel}","templated":true}]}}