{"id":637,"date":"2024-06-25T06:07:05","date_gmt":"2024-06-25T06:07:05","guid":{"rendered":"https:\/\/888starz.plus\/az\/?page_id=637"},"modified":"2025-02-06T11:30:08","modified_gmt":"2025-02-06T11:30:08","slug":"login","status":"publish","type":"page","link":"https:\/\/888starz.plus\/az\/login\/","title":{"rendered":"Daxil ol"},"content":{"rendered":"","protected":false},"excerpt":{"rendered":"","protected":false},"author":1,"featured_media":0,"parent":0,"menu_order":0,"comment_status":"closed","ping_status":"closed","template":"","meta":{"inline_featured_image":false,"footnotes":""},"class_list":["post-637","page","type-page","status-publish","hentry"],"yoast_head":"<!-- This site is optimized with the Yoast SEO plugin v25.6 - https:\/\/yoast.com\/wordpress\/plugins\/seo\/ -->\n<title>888Starz Az\u0259rbaycan Daxil ol \ud83d\udd34 Daxil olmaq \u00fc\u00e7\u00fcn b\u0259l\u0259d\u00e7i<\/title>\n<meta name=\"description\" content=\"E-po\u00e7t v\u0259 paroldan istifad\u0259 ed\u0259r\u0259k 888Starz hesab\u0131n\u0131za daxil olun \u00b7 R\u0259smi vebsayta daxil olun \u00b7 888Starz onlayn m\u0259rc platformas\u0131nda b\u00fct\u00fcn idman n\u00f6vl\u0259rin\u0259 m\u0259rc edin\" \/>\n<meta name=\"robots\" content=\"index, follow, max-snippet:-1, max-image-preview:large, max-video-preview:-1\" \/>\n<meta property=\"og:locale\" content=\"az_AZ\" \/>\n<meta property=\"og:type\" content=\"article\" \/>\n<meta property=\"og:title\" content=\"888Starz Az\u0259rbaycan Daxil ol \ud83d\udd34 Daxil olmaq \u00fc\u00e7\u00fcn b\u0259l\u0259d\u00e7i\" \/>\n<meta property=\"og:description\" content=\"E-po\u00e7t v\u0259 paroldan istifad\u0259 ed\u0259r\u0259k 888Starz hesab\u0131n\u0131za daxil olun \u00b7 R\u0259smi vebsayta daxil olun \u00b7 888Starz onlayn m\u0259rc platformas\u0131nda b\u00fct\u00fcn idman n\u00f6vl\u0259rin\u0259 m\u0259rc edin\" \/>\n<meta property=\"og:url\" content=\"https:\/\/888starz.plus\/az\/login\/\" \/>\n<meta property=\"og:site_name\" content=\"888Starz az\" \/>\n<meta property=\"article:modified_time\" content=\"2025-02-06T11:30:08+00:00\" \/>\n<meta name=\"twitter:card\" content=\"summary_large_image\" \/>\n<script type=\"application\/ld+json\" class=\"yoast-schema-graph\">{\"@context\":\"https:\/\/schema.org\",\"@graph\":[{\"@type\":\"WebPage\",\"@id\":\"https:\/\/888starz.plus\/az\/login\/\",\"url\":\"https:\/\/888starz.plus\/az\/login\/\",\"name\":\"888Starz Az\u0259rbaycan Daxil ol \ud83d\udd34 Daxil olmaq \u00fc\u00e7\u00fcn b\u0259l\u0259d\u00e7i\",\"isPartOf\":{\"@id\":\"https:\/\/888starz.plus\/az\/#website\"},\"datePublished\":\"2024-06-25T06:07:05+00:00\",\"dateModified\":\"2025-02-06T11:30:08+00:00\",\"description\":\"E-po\u00e7t v\u0259 paroldan istifad\u0259 ed\u0259r\u0259k 888Starz hesab\u0131n\u0131za daxil olun \u00b7 R\u0259smi vebsayta daxil olun \u00b7 888Starz onlayn m\u0259rc platformas\u0131nda b\u00fct\u00fcn idman n\u00f6vl\u0259rin\u0259 m\u0259rc edin\",\"inLanguage\":\"az\",\"potentialAction\":[{\"@type\":\"ReadAction\",\"target\":[\"https:\/\/888starz.plus\/az\/login\/\"]}]},{\"@type\":\"WebSite\",\"@id\":\"https:\/\/888starz.plus\/az\/#website\",\"url\":\"https:\/\/888starz.plus\/az\/\",\"name\":\"888Starz az\",\"description\":\"My WordPress Blog\",\"potentialAction\":[{\"@type\":\"SearchAction\",\"target\":{\"@type\":\"EntryPoint\",\"urlTemplate\":\"https:\/\/888starz.plus\/az\/?s={search_term_string}\"},\"query-input\":{\"@type\":\"PropertyValueSpecification\",\"valueRequired\":true,\"valueName\":\"search_term_string\"}}],\"inLanguage\":\"az\"}]}<\/script>\n<!-- \/ Yoast SEO plugin. -->","yoast_head_json":{"title":"888Starz Az\u0259rbaycan Daxil ol \ud83d\udd34 Daxil olmaq \u00fc\u00e7\u00fcn b\u0259l\u0259d\u00e7i","description":"E-po\u00e7t v\u0259 paroldan istifad\u0259 ed\u0259r\u0259k 888Starz hesab\u0131n\u0131za daxil olun \u00b7 R\u0259smi vebsayta daxil olun \u00b7 888Starz onlayn m\u0259rc platformas\u0131nda b\u00fct\u00fcn idman n\u00f6vl\u0259rin\u0259 m\u0259rc edin","robots":{"index":"index","follow":"follow","max-snippet":"max-snippet:-1","max-image-preview":"max-image-preview:large","max-video-preview":"max-video-preview:-1"},"og_locale":"az_AZ","og_type":"article","og_title":"888Starz Az\u0259rbaycan Daxil ol \ud83d\udd34 Daxil olmaq \u00fc\u00e7\u00fcn b\u0259l\u0259d\u00e7i","og_description":"E-po\u00e7t v\u0259 paroldan istifad\u0259 ed\u0259r\u0259k 888Starz hesab\u0131n\u0131za daxil olun \u00b7 R\u0259smi vebsayta daxil olun \u00b7 888Starz onlayn m\u0259rc platformas\u0131nda b\u00fct\u00fcn idman n\u00f6vl\u0259rin\u0259 m\u0259rc edin","og_url":"https:\/\/888starz.plus\/az\/login\/","og_site_name":"888Starz az","article_modified_time":"2025-02-06T11:30:08+00:00","twitter_card":"summary_large_image","schema":{"@context":"https:\/\/schema.org","@graph":[{"@type":"WebPage","@id":"https:\/\/888starz.plus\/az\/login\/","url":"https:\/\/888starz.plus\/az\/login\/","name":"888Starz Az\u0259rbaycan Daxil ol \ud83d\udd34 Daxil olmaq \u00fc\u00e7\u00fcn b\u0259l\u0259d\u00e7i","isPartOf":{"@id":"https:\/\/888starz.plus\/az\/#website"},"datePublished":"2024-06-25T06:07:05+00:00","dateModified":"2025-02-06T11:30:08+00:00","description":"E-po\u00e7t v\u0259 paroldan istifad\u0259 ed\u0259r\u0259k 888Starz hesab\u0131n\u0131za daxil olun \u00b7 R\u0259smi vebsayta daxil olun \u00b7 888Starz onlayn m\u0259rc platformas\u0131nda b\u00fct\u00fcn idman n\u00f6vl\u0259rin\u0259 m\u0259rc edin","inLanguage":"az","potentialAction":[{"@type":"ReadAction","target":["https:\/\/888starz.plus\/az\/login\/"]}]},{"@type":"WebSite","@id":"https:\/\/888starz.plus\/az\/#website","url":"https:\/\/888starz.plus\/az\/","name":"888Starz az","description":"My WordPress Blog","potentialAction":[{"@type":"SearchAction","target":{"@type":"EntryPoint","urlTemplate":"https:\/\/888starz.plus\/az\/?s={search_term_string}"},"query-input":{"@type":"PropertyValueSpecification","valueRequired":true,"valueName":"search_term_string"}}],"inLanguage":"az"}]}},"_links":{"self":[{"href":"https:\/\/888starz.plus\/az\/wp-json\/wp\/v2\/pages\/637","targetHints":{"allow":["GET"]}}],"collection":[{"href":"https:\/\/888starz.plus\/az\/wp-json\/wp\/v2\/pages"}],"about":[{"href":"https:\/\/888starz.plus\/az\/wp-json\/wp\/v2\/types\/page"}],"author":[{"embeddable":true,"href":"https:\/\/888starz.plus\/az\/wp-json\/wp\/v2\/users\/1"}],"replies":[{"embeddable":true,"href":"https:\/\/888starz.plus\/az\/wp-json\/wp\/v2\/comments?post=637"}],"version-history":[{"count":1,"href":"https:\/\/888starz.plus\/az\/wp-json\/wp\/v2\/pages\/637\/revisions"}],"predecessor-version":[{"id":839,"href":"https:\/\/888starz.plus\/az\/wp-json\/wp\/v2\/pages\/637\/revisions\/839"}],"wp:attachment":[{"href":"https:\/\/888starz.plus\/az\/wp-json\/wp\/v2\/media?parent=637"}],"curies":[{"name":"wp","href":"https:\/\/api.w.org\/{rel}","templated":true}]}}