{"id":545,"date":"2024-02-06T07:44:11","date_gmt":"2024-02-06T07:44:11","guid":{"rendered":"https:\/\/888starz.plus\/az\/?page_id=545"},"modified":"2025-01-27T18:12:27","modified_gmt":"2025-01-27T18:12:27","slug":"mirror","status":"publish","type":"page","link":"https:\/\/888starz.plus\/az\/mirror\/","title":{"rendered":"G\u00fczg\u00fc"},"content":{"rendered":"","protected":false},"excerpt":{"rendered":"","protected":false},"author":1,"featured_media":0,"parent":0,"menu_order":0,"comment_status":"closed","ping_status":"closed","template":"","meta":{"inline_featured_image":false,"footnotes":""},"class_list":["post-545","page","type-page","status-publish","hentry"],"yoast_head":"<!-- This site is optimized with the Yoast SEO plugin v25.6 - https:\/\/yoast.com\/wordpress\/plugins\/seo\/ -->\n<title>888starz Az\u0259rbaycan G\u00fczg\u00fc | R\u0259smi veb sayt\u0131na alternativ giri\u015f<\/title>\n<meta name=\"description\" content=\"R\u0259smi vebsayta daxil olmaq v\u0259 qeydiyyatdan ke\u00e7m\u0259k \u00fc\u00e7\u00fcn h\u0259r zaman yenil\u0259nmi\u015f v\u0259 i\u015fl\u0259y\u0259n 888starz g\u00fczg\u00fcs\u00fc \u26a1 888starz sayt\u0131na daxil olun v\u0259 onlayn m\u0259rc edin\" \/>\n<meta name=\"robots\" content=\"index, follow, max-snippet:-1, max-image-preview:large, max-video-preview:-1\" \/>\n<meta property=\"og:locale\" content=\"az_AZ\" \/>\n<meta property=\"og:type\" content=\"article\" \/>\n<meta property=\"og:title\" content=\"888starz Az\u0259rbaycan G\u00fczg\u00fc | R\u0259smi veb sayt\u0131na alternativ giri\u015f\" \/>\n<meta property=\"og:description\" content=\"R\u0259smi vebsayta daxil olmaq v\u0259 qeydiyyatdan ke\u00e7m\u0259k \u00fc\u00e7\u00fcn h\u0259r zaman yenil\u0259nmi\u015f v\u0259 i\u015fl\u0259y\u0259n 888starz g\u00fczg\u00fcs\u00fc \u26a1 888starz sayt\u0131na daxil olun v\u0259 onlayn m\u0259rc edin\" \/>\n<meta property=\"og:url\" content=\"https:\/\/888starz.plus\/az\/mirror\/\" \/>\n<meta property=\"og:site_name\" content=\"888Starz az\" \/>\n<meta property=\"article:modified_time\" content=\"2025-01-27T18:12:27+00:00\" \/>\n<meta name=\"twitter:card\" content=\"summary_large_image\" \/>\n<script type=\"application\/ld+json\" class=\"yoast-schema-graph\">{\"@context\":\"https:\/\/schema.org\",\"@graph\":[{\"@type\":\"WebPage\",\"@id\":\"https:\/\/888starz.plus\/az\/mirror\/\",\"url\":\"https:\/\/888starz.plus\/az\/mirror\/\",\"name\":\"888starz Az\u0259rbaycan G\u00fczg\u00fc | R\u0259smi veb sayt\u0131na alternativ giri\u015f\",\"isPartOf\":{\"@id\":\"https:\/\/888starz.plus\/az\/#website\"},\"datePublished\":\"2024-02-06T07:44:11+00:00\",\"dateModified\":\"2025-01-27T18:12:27+00:00\",\"description\":\"R\u0259smi vebsayta daxil olmaq v\u0259 qeydiyyatdan ke\u00e7m\u0259k \u00fc\u00e7\u00fcn h\u0259r zaman yenil\u0259nmi\u015f v\u0259 i\u015fl\u0259y\u0259n 888starz g\u00fczg\u00fcs\u00fc \u26a1 888starz sayt\u0131na daxil olun v\u0259 onlayn m\u0259rc edin\",\"inLanguage\":\"az\",\"potentialAction\":[{\"@type\":\"ReadAction\",\"target\":[\"https:\/\/888starz.plus\/az\/mirror\/\"]}]},{\"@type\":\"WebSite\",\"@id\":\"https:\/\/888starz.plus\/az\/#website\",\"url\":\"https:\/\/888starz.plus\/az\/\",\"name\":\"888Starz az\",\"description\":\"My WordPress Blog\",\"potentialAction\":[{\"@type\":\"SearchAction\",\"target\":{\"@type\":\"EntryPoint\",\"urlTemplate\":\"https:\/\/888starz.plus\/az\/?s={search_term_string}\"},\"query-input\":{\"@type\":\"PropertyValueSpecification\",\"valueRequired\":true,\"valueName\":\"search_term_string\"}}],\"inLanguage\":\"az\"}]}<\/script>\n<!-- \/ Yoast SEO plugin. -->","yoast_head_json":{"title":"888starz Az\u0259rbaycan G\u00fczg\u00fc | R\u0259smi veb sayt\u0131na alternativ giri\u015f","description":"R\u0259smi vebsayta daxil olmaq v\u0259 qeydiyyatdan ke\u00e7m\u0259k \u00fc\u00e7\u00fcn h\u0259r zaman yenil\u0259nmi\u015f v\u0259 i\u015fl\u0259y\u0259n 888starz g\u00fczg\u00fcs\u00fc \u26a1 888starz sayt\u0131na daxil olun v\u0259 onlayn m\u0259rc edin","robots":{"index":"index","follow":"follow","max-snippet":"max-snippet:-1","max-image-preview":"max-image-preview:large","max-video-preview":"max-video-preview:-1"},"og_locale":"az_AZ","og_type":"article","og_title":"888starz Az\u0259rbaycan G\u00fczg\u00fc | R\u0259smi veb sayt\u0131na alternativ giri\u015f","og_description":"R\u0259smi vebsayta daxil olmaq v\u0259 qeydiyyatdan ke\u00e7m\u0259k \u00fc\u00e7\u00fcn h\u0259r zaman yenil\u0259nmi\u015f v\u0259 i\u015fl\u0259y\u0259n 888starz g\u00fczg\u00fcs\u00fc \u26a1 888starz sayt\u0131na daxil olun v\u0259 onlayn m\u0259rc edin","og_url":"https:\/\/888starz.plus\/az\/mirror\/","og_site_name":"888Starz az","article_modified_time":"2025-01-27T18:12:27+00:00","twitter_card":"summary_large_image","schema":{"@context":"https:\/\/schema.org","@graph":[{"@type":"WebPage","@id":"https:\/\/888starz.plus\/az\/mirror\/","url":"https:\/\/888starz.plus\/az\/mirror\/","name":"888starz Az\u0259rbaycan G\u00fczg\u00fc | R\u0259smi veb sayt\u0131na alternativ giri\u015f","isPartOf":{"@id":"https:\/\/888starz.plus\/az\/#website"},"datePublished":"2024-02-06T07:44:11+00:00","dateModified":"2025-01-27T18:12:27+00:00","description":"R\u0259smi vebsayta daxil olmaq v\u0259 qeydiyyatdan ke\u00e7m\u0259k \u00fc\u00e7\u00fcn h\u0259r zaman yenil\u0259nmi\u015f v\u0259 i\u015fl\u0259y\u0259n 888starz g\u00fczg\u00fcs\u00fc \u26a1 888starz sayt\u0131na daxil olun v\u0259 onlayn m\u0259rc edin","inLanguage":"az","potentialAction":[{"@type":"ReadAction","target":["https:\/\/888starz.plus\/az\/mirror\/"]}]},{"@type":"WebSite","@id":"https:\/\/888starz.plus\/az\/#website","url":"https:\/\/888starz.plus\/az\/","name":"888Starz az","description":"My WordPress Blog","potentialAction":[{"@type":"SearchAction","target":{"@type":"EntryPoint","urlTemplate":"https:\/\/888starz.plus\/az\/?s={search_term_string}"},"query-input":{"@type":"PropertyValueSpecification","valueRequired":true,"valueName":"search_term_string"}}],"inLanguage":"az"}]}},"_links":{"self":[{"href":"https:\/\/888starz.plus\/az\/wp-json\/wp\/v2\/pages\/545","targetHints":{"allow":["GET"]}}],"collection":[{"href":"https:\/\/888starz.plus\/az\/wp-json\/wp\/v2\/pages"}],"about":[{"href":"https:\/\/888starz.plus\/az\/wp-json\/wp\/v2\/types\/page"}],"author":[{"embeddable":true,"href":"https:\/\/888starz.plus\/az\/wp-json\/wp\/v2\/users\/1"}],"replies":[{"embeddable":true,"href":"https:\/\/888starz.plus\/az\/wp-json\/wp\/v2\/comments?post=545"}],"version-history":[{"count":1,"href":"https:\/\/888starz.plus\/az\/wp-json\/wp\/v2\/pages\/545\/revisions"}],"predecessor-version":[{"id":817,"href":"https:\/\/888starz.plus\/az\/wp-json\/wp\/v2\/pages\/545\/revisions\/817"}],"wp:attachment":[{"href":"https:\/\/888starz.plus\/az\/wp-json\/wp\/v2\/media?parent=545"}],"curies":[{"name":"wp","href":"https:\/\/api.w.org\/{rel}","templated":true}]}}