{"id":428,"date":"2024-03-22T14:34:33","date_gmt":"2024-03-22T14:34:33","guid":{"rendered":"https:\/\/888starz.plus\/az\/?page_id=428"},"modified":"2025-01-27T19:30:09","modified_gmt":"2025-01-27T19:30:09","slug":"registration","status":"publish","type":"page","link":"https:\/\/888starz.plus\/az\/registration\/","title":{"rendered":"Qeydiyyat"},"content":{"rendered":"","protected":false},"excerpt":{"rendered":"","protected":false},"author":1,"featured_media":0,"parent":0,"menu_order":0,"comment_status":"closed","ping_status":"closed","template":"","meta":{"inline_featured_image":false,"footnotes":""},"class_list":["post-428","page","type-page","status-publish","hentry"],"yoast_head":"<!-- This site is optimized with the Yoast SEO plugin v25.6 - https:\/\/yoast.com\/wordpress\/plugins\/seo\/ -->\n<title>888Starz Qeydiyyat | Nec\u0259 Qeydiyyatdan Ke\u00e7m\u0259k \u00fc\u00e7\u00fcn B\u0259l\u0259d\u00e7i<\/title>\n<meta name=\"description\" content=\"888Starz Az\u0259rbaycan asan v\u0259 s\u00fcr\u0259tli qeydiyyat \u00fc\u00e7\u00fcn add\u0131m-add\u0131m t\u0259limat\u0131 k\u0259\u015ff edin! \ud83d\uddf8 2025-c\u00fc ild\u0259 888starz hesab\u0131 qeydiyyatdan ke\u00e7in \ud83d\uddf8 Daxil olun v\u0259 indi m\u0259rc etm\u0259y\u0259 ba\u015flay\u0131n\" \/>\n<meta name=\"robots\" content=\"index, follow, max-snippet:-1, max-image-preview:large, max-video-preview:-1\" \/>\n<meta property=\"og:locale\" content=\"az_AZ\" \/>\n<meta property=\"og:type\" content=\"article\" \/>\n<meta property=\"og:title\" content=\"888Starz Qeydiyyat | Nec\u0259 Qeydiyyatdan Ke\u00e7m\u0259k \u00fc\u00e7\u00fcn B\u0259l\u0259d\u00e7i\" \/>\n<meta property=\"og:description\" content=\"888Starz Az\u0259rbaycan asan v\u0259 s\u00fcr\u0259tli qeydiyyat \u00fc\u00e7\u00fcn add\u0131m-add\u0131m t\u0259limat\u0131 k\u0259\u015ff edin! \ud83d\uddf8 2025-c\u00fc ild\u0259 888starz hesab\u0131 qeydiyyatdan ke\u00e7in \ud83d\uddf8 Daxil olun v\u0259 indi m\u0259rc etm\u0259y\u0259 ba\u015flay\u0131n\" \/>\n<meta property=\"og:url\" content=\"https:\/\/888starz.plus\/az\/registration\/\" \/>\n<meta property=\"og:site_name\" content=\"888Starz az\" \/>\n<meta property=\"article:modified_time\" content=\"2025-01-27T19:30:09+00:00\" \/>\n<meta name=\"twitter:card\" content=\"summary_large_image\" \/>\n<script type=\"application\/ld+json\" class=\"yoast-schema-graph\">{\"@context\":\"https:\/\/schema.org\",\"@graph\":[{\"@type\":\"WebPage\",\"@id\":\"https:\/\/888starz.plus\/az\/registration\/\",\"url\":\"https:\/\/888starz.plus\/az\/registration\/\",\"name\":\"888Starz Qeydiyyat | Nec\u0259 Qeydiyyatdan Ke\u00e7m\u0259k \u00fc\u00e7\u00fcn B\u0259l\u0259d\u00e7i\",\"isPartOf\":{\"@id\":\"https:\/\/888starz.plus\/az\/#website\"},\"datePublished\":\"2024-03-22T14:34:33+00:00\",\"dateModified\":\"2025-01-27T19:30:09+00:00\",\"description\":\"888Starz Az\u0259rbaycan asan v\u0259 s\u00fcr\u0259tli qeydiyyat \u00fc\u00e7\u00fcn add\u0131m-add\u0131m t\u0259limat\u0131 k\u0259\u015ff edin! \ud83d\uddf8 2025-c\u00fc ild\u0259 888starz hesab\u0131 qeydiyyatdan ke\u00e7in \ud83d\uddf8 Daxil olun v\u0259 indi m\u0259rc etm\u0259y\u0259 ba\u015flay\u0131n\",\"inLanguage\":\"az\",\"potentialAction\":[{\"@type\":\"ReadAction\",\"target\":[\"https:\/\/888starz.plus\/az\/registration\/\"]}]},{\"@type\":\"WebSite\",\"@id\":\"https:\/\/888starz.plus\/az\/#website\",\"url\":\"https:\/\/888starz.plus\/az\/\",\"name\":\"888Starz az\",\"description\":\"My WordPress Blog\",\"potentialAction\":[{\"@type\":\"SearchAction\",\"target\":{\"@type\":\"EntryPoint\",\"urlTemplate\":\"https:\/\/888starz.plus\/az\/?s={search_term_string}\"},\"query-input\":{\"@type\":\"PropertyValueSpecification\",\"valueRequired\":true,\"valueName\":\"search_term_string\"}}],\"inLanguage\":\"az\"}]}<\/script>\n<!-- \/ Yoast SEO plugin. -->","yoast_head_json":{"title":"888Starz Qeydiyyat | Nec\u0259 Qeydiyyatdan Ke\u00e7m\u0259k \u00fc\u00e7\u00fcn B\u0259l\u0259d\u00e7i","description":"888Starz Az\u0259rbaycan asan v\u0259 s\u00fcr\u0259tli qeydiyyat \u00fc\u00e7\u00fcn add\u0131m-add\u0131m t\u0259limat\u0131 k\u0259\u015ff edin! \ud83d\uddf8 2025-c\u00fc ild\u0259 888starz hesab\u0131 qeydiyyatdan ke\u00e7in \ud83d\uddf8 Daxil olun v\u0259 indi m\u0259rc etm\u0259y\u0259 ba\u015flay\u0131n","robots":{"index":"index","follow":"follow","max-snippet":"max-snippet:-1","max-image-preview":"max-image-preview:large","max-video-preview":"max-video-preview:-1"},"og_locale":"az_AZ","og_type":"article","og_title":"888Starz Qeydiyyat | Nec\u0259 Qeydiyyatdan Ke\u00e7m\u0259k \u00fc\u00e7\u00fcn B\u0259l\u0259d\u00e7i","og_description":"888Starz Az\u0259rbaycan asan v\u0259 s\u00fcr\u0259tli qeydiyyat \u00fc\u00e7\u00fcn add\u0131m-add\u0131m t\u0259limat\u0131 k\u0259\u015ff edin! \ud83d\uddf8 2025-c\u00fc ild\u0259 888starz hesab\u0131 qeydiyyatdan ke\u00e7in \ud83d\uddf8 Daxil olun v\u0259 indi m\u0259rc etm\u0259y\u0259 ba\u015flay\u0131n","og_url":"https:\/\/888starz.plus\/az\/registration\/","og_site_name":"888Starz az","article_modified_time":"2025-01-27T19:30:09+00:00","twitter_card":"summary_large_image","schema":{"@context":"https:\/\/schema.org","@graph":[{"@type":"WebPage","@id":"https:\/\/888starz.plus\/az\/registration\/","url":"https:\/\/888starz.plus\/az\/registration\/","name":"888Starz Qeydiyyat | Nec\u0259 Qeydiyyatdan Ke\u00e7m\u0259k \u00fc\u00e7\u00fcn B\u0259l\u0259d\u00e7i","isPartOf":{"@id":"https:\/\/888starz.plus\/az\/#website"},"datePublished":"2024-03-22T14:34:33+00:00","dateModified":"2025-01-27T19:30:09+00:00","description":"888Starz Az\u0259rbaycan asan v\u0259 s\u00fcr\u0259tli qeydiyyat \u00fc\u00e7\u00fcn add\u0131m-add\u0131m t\u0259limat\u0131 k\u0259\u015ff edin! \ud83d\uddf8 2025-c\u00fc ild\u0259 888starz hesab\u0131 qeydiyyatdan ke\u00e7in \ud83d\uddf8 Daxil olun v\u0259 indi m\u0259rc etm\u0259y\u0259 ba\u015flay\u0131n","inLanguage":"az","potentialAction":[{"@type":"ReadAction","target":["https:\/\/888starz.plus\/az\/registration\/"]}]},{"@type":"WebSite","@id":"https:\/\/888starz.plus\/az\/#website","url":"https:\/\/888starz.plus\/az\/","name":"888Starz az","description":"My WordPress Blog","potentialAction":[{"@type":"SearchAction","target":{"@type":"EntryPoint","urlTemplate":"https:\/\/888starz.plus\/az\/?s={search_term_string}"},"query-input":{"@type":"PropertyValueSpecification","valueRequired":true,"valueName":"search_term_string"}}],"inLanguage":"az"}]}},"_links":{"self":[{"href":"https:\/\/888starz.plus\/az\/wp-json\/wp\/v2\/pages\/428","targetHints":{"allow":["GET"]}}],"collection":[{"href":"https:\/\/888starz.plus\/az\/wp-json\/wp\/v2\/pages"}],"about":[{"href":"https:\/\/888starz.plus\/az\/wp-json\/wp\/v2\/types\/page"}],"author":[{"embeddable":true,"href":"https:\/\/888starz.plus\/az\/wp-json\/wp\/v2\/users\/1"}],"replies":[{"embeddable":true,"href":"https:\/\/888starz.plus\/az\/wp-json\/wp\/v2\/comments?post=428"}],"version-history":[{"count":1,"href":"https:\/\/888starz.plus\/az\/wp-json\/wp\/v2\/pages\/428\/revisions"}],"predecessor-version":[{"id":830,"href":"https:\/\/888starz.plus\/az\/wp-json\/wp\/v2\/pages\/428\/revisions\/830"}],"wp:attachment":[{"href":"https:\/\/888starz.plus\/az\/wp-json\/wp\/v2\/media?parent=428"}],"curies":[{"name":"wp","href":"https:\/\/api.w.org\/{rel}","templated":true}]}}