{"id":268,"date":"2024-02-07T09:07:02","date_gmt":"2024-02-07T09:07:02","guid":{"rendered":"https:\/\/888starz.plus\/az\/?page_id=268"},"modified":"2025-01-27T16:54:19","modified_gmt":"2025-01-27T16:54:19","slug":"app","status":"publish","type":"page","link":"https:\/\/888starz.plus\/az\/app\/","title":{"rendered":"T\u0259tbiq"},"content":{"rendered":"","protected":false},"excerpt":{"rendered":"","protected":false},"author":1,"featured_media":0,"parent":0,"menu_order":0,"comment_status":"closed","ping_status":"closed","template":"","meta":{"inline_featured_image":false,"footnotes":""},"class_list":["post-268","page","type-page","status-publish","hentry"],"yoast_head":"<!-- This site is optimized with the Yoast SEO plugin v25.6 - https:\/\/yoast.com\/wordpress\/plugins\/seo\/ -->\n<title>888Starz Proqram\u0131n\u0131 Y\u00fckl\u0259yin \u2b50 Android v\u0259 iOS Pulsuz<\/title>\n<meta name=\"description\" content=\"2025-ci ild\u0259 iOS v\u0259 Android \u00fc\u00e7\u00fcn R\u0259smi 888Starz Az\u0259rbaycan T\u0259tbiqini pulsuz y\u00fckl\u0259yin. 888Starz h\u0259m kazino, h\u0259m d\u0259 idman m\u0259rc oyunlar\u0131 xidm\u0259tl\u0259ri t\u0259klif ed\u0259n istifad\u0259\u00e7i dostu mobil proqramd\u0131r.\" \/>\n<meta name=\"robots\" content=\"index, follow, max-snippet:-1, max-image-preview:large, max-video-preview:-1\" \/>\n<meta property=\"og:locale\" content=\"az_AZ\" \/>\n<meta property=\"og:type\" content=\"article\" \/>\n<meta property=\"og:title\" content=\"888Starz Proqram\u0131n\u0131 Y\u00fckl\u0259yin \u2b50 Android v\u0259 iOS Pulsuz\" \/>\n<meta property=\"og:description\" content=\"2025-ci ild\u0259 iOS v\u0259 Android \u00fc\u00e7\u00fcn R\u0259smi 888Starz Az\u0259rbaycan T\u0259tbiqini pulsuz y\u00fckl\u0259yin. 888Starz h\u0259m kazino, h\u0259m d\u0259 idman m\u0259rc oyunlar\u0131 xidm\u0259tl\u0259ri t\u0259klif ed\u0259n istifad\u0259\u00e7i dostu mobil proqramd\u0131r.\" \/>\n<meta property=\"og:url\" content=\"https:\/\/888starz.plus\/az\/app\/\" \/>\n<meta property=\"og:site_name\" content=\"888Starz az\" \/>\n<meta property=\"article:modified_time\" content=\"2025-01-27T16:54:19+00:00\" \/>\n<meta name=\"twitter:card\" content=\"summary_large_image\" \/>\n<script type=\"application\/ld+json\" class=\"yoast-schema-graph\">{\"@context\":\"https:\/\/schema.org\",\"@graph\":[{\"@type\":\"WebPage\",\"@id\":\"https:\/\/888starz.plus\/az\/app\/\",\"url\":\"https:\/\/888starz.plus\/az\/app\/\",\"name\":\"888Starz Proqram\u0131n\u0131 Y\u00fckl\u0259yin \u2b50 Android v\u0259 iOS Pulsuz\",\"isPartOf\":{\"@id\":\"https:\/\/888starz.plus\/az\/#website\"},\"datePublished\":\"2024-02-07T09:07:02+00:00\",\"dateModified\":\"2025-01-27T16:54:19+00:00\",\"description\":\"2025-ci ild\u0259 iOS v\u0259 Android \u00fc\u00e7\u00fcn R\u0259smi 888Starz Az\u0259rbaycan T\u0259tbiqini pulsuz y\u00fckl\u0259yin. 888Starz h\u0259m kazino, h\u0259m d\u0259 idman m\u0259rc oyunlar\u0131 xidm\u0259tl\u0259ri t\u0259klif ed\u0259n istifad\u0259\u00e7i dostu mobil proqramd\u0131r.\",\"inLanguage\":\"az\",\"potentialAction\":[{\"@type\":\"ReadAction\",\"target\":[\"https:\/\/888starz.plus\/az\/app\/\"]}]},{\"@type\":\"WebSite\",\"@id\":\"https:\/\/888starz.plus\/az\/#website\",\"url\":\"https:\/\/888starz.plus\/az\/\",\"name\":\"888Starz az\",\"description\":\"My WordPress Blog\",\"potentialAction\":[{\"@type\":\"SearchAction\",\"target\":{\"@type\":\"EntryPoint\",\"urlTemplate\":\"https:\/\/888starz.plus\/az\/?s={search_term_string}\"},\"query-input\":{\"@type\":\"PropertyValueSpecification\",\"valueRequired\":true,\"valueName\":\"search_term_string\"}}],\"inLanguage\":\"az\"}]}<\/script>\n<!-- \/ Yoast SEO plugin. -->","yoast_head_json":{"title":"888Starz Proqram\u0131n\u0131 Y\u00fckl\u0259yin \u2b50 Android v\u0259 iOS Pulsuz","description":"2025-ci ild\u0259 iOS v\u0259 Android \u00fc\u00e7\u00fcn R\u0259smi 888Starz Az\u0259rbaycan T\u0259tbiqini pulsuz y\u00fckl\u0259yin. 888Starz h\u0259m kazino, h\u0259m d\u0259 idman m\u0259rc oyunlar\u0131 xidm\u0259tl\u0259ri t\u0259klif ed\u0259n istifad\u0259\u00e7i dostu mobil proqramd\u0131r.","robots":{"index":"index","follow":"follow","max-snippet":"max-snippet:-1","max-image-preview":"max-image-preview:large","max-video-preview":"max-video-preview:-1"},"og_locale":"az_AZ","og_type":"article","og_title":"888Starz Proqram\u0131n\u0131 Y\u00fckl\u0259yin \u2b50 Android v\u0259 iOS Pulsuz","og_description":"2025-ci ild\u0259 iOS v\u0259 Android \u00fc\u00e7\u00fcn R\u0259smi 888Starz Az\u0259rbaycan T\u0259tbiqini pulsuz y\u00fckl\u0259yin. 888Starz h\u0259m kazino, h\u0259m d\u0259 idman m\u0259rc oyunlar\u0131 xidm\u0259tl\u0259ri t\u0259klif ed\u0259n istifad\u0259\u00e7i dostu mobil proqramd\u0131r.","og_url":"https:\/\/888starz.plus\/az\/app\/","og_site_name":"888Starz az","article_modified_time":"2025-01-27T16:54:19+00:00","twitter_card":"summary_large_image","schema":{"@context":"https:\/\/schema.org","@graph":[{"@type":"WebPage","@id":"https:\/\/888starz.plus\/az\/app\/","url":"https:\/\/888starz.plus\/az\/app\/","name":"888Starz Proqram\u0131n\u0131 Y\u00fckl\u0259yin \u2b50 Android v\u0259 iOS Pulsuz","isPartOf":{"@id":"https:\/\/888starz.plus\/az\/#website"},"datePublished":"2024-02-07T09:07:02+00:00","dateModified":"2025-01-27T16:54:19+00:00","description":"2025-ci ild\u0259 iOS v\u0259 Android \u00fc\u00e7\u00fcn R\u0259smi 888Starz Az\u0259rbaycan T\u0259tbiqini pulsuz y\u00fckl\u0259yin. 888Starz h\u0259m kazino, h\u0259m d\u0259 idman m\u0259rc oyunlar\u0131 xidm\u0259tl\u0259ri t\u0259klif ed\u0259n istifad\u0259\u00e7i dostu mobil proqramd\u0131r.","inLanguage":"az","potentialAction":[{"@type":"ReadAction","target":["https:\/\/888starz.plus\/az\/app\/"]}]},{"@type":"WebSite","@id":"https:\/\/888starz.plus\/az\/#website","url":"https:\/\/888starz.plus\/az\/","name":"888Starz az","description":"My WordPress Blog","potentialAction":[{"@type":"SearchAction","target":{"@type":"EntryPoint","urlTemplate":"https:\/\/888starz.plus\/az\/?s={search_term_string}"},"query-input":{"@type":"PropertyValueSpecification","valueRequired":true,"valueName":"search_term_string"}}],"inLanguage":"az"}]}},"_links":{"self":[{"href":"https:\/\/888starz.plus\/az\/wp-json\/wp\/v2\/pages\/268","targetHints":{"allow":["GET"]}}],"collection":[{"href":"https:\/\/888starz.plus\/az\/wp-json\/wp\/v2\/pages"}],"about":[{"href":"https:\/\/888starz.plus\/az\/wp-json\/wp\/v2\/types\/page"}],"author":[{"embeddable":true,"href":"https:\/\/888starz.plus\/az\/wp-json\/wp\/v2\/users\/1"}],"replies":[{"embeddable":true,"href":"https:\/\/888starz.plus\/az\/wp-json\/wp\/v2\/comments?post=268"}],"version-history":[{"count":1,"href":"https:\/\/888starz.plus\/az\/wp-json\/wp\/v2\/pages\/268\/revisions"}],"predecessor-version":[{"id":714,"href":"https:\/\/888starz.plus\/az\/wp-json\/wp\/v2\/pages\/268\/revisions\/714"}],"wp:attachment":[{"href":"https:\/\/888starz.plus\/az\/wp-json\/wp\/v2\/media?parent=268"}],"curies":[{"name":"wp","href":"https:\/\/api.w.org\/{rel}","templated":true}]}}