{"id":2,"date":"2023-05-18T17:18:34","date_gmt":"2023-05-18T17:18:34","guid":{"rendered":"https:\/\/888starz.plus\/az\/?page_id=2"},"modified":"2025-11-22T04:09:41","modified_gmt":"2025-11-22T04:09:41","slug":"sample-page","status":"publish","type":"page","link":"https:\/\/888starz.plus\/az\/","title":{"rendered":"Ev"},"content":{"rendered":"","protected":false},"excerpt":{"rendered":"","protected":false},"author":1,"featured_media":0,"parent":0,"menu_order":0,"comment_status":"closed","ping_status":"open","template":"","meta":{"inline_featured_image":false,"footnotes":""},"class_list":["post-2","page","type-page","status-publish","hentry"],"yoast_head":"<!-- This site is optimized with the Yoast SEO plugin v25.6 - https:\/\/yoast.com\/wordpress\/plugins\/seo\/ -->\n<title>888Starz Az\u0259rbaycan \u2b55 \u0130dman m\u0259rcl\u0259ri v\u0259 kazino<\/title>\n<meta name=\"description\" content=\"888Starz r\u0259smi sayt\u0131 \u2b50 Casino oyunlar\u0131 v\u0259 idman m\u0259rcl\u0259ri haqq\u0131nda h\u0259r \u015feyi \u00f6yr\u0259nin. Kriptovalyutada idman m\u0259rcl\u0259ri \u00fc\u00e7\u00fcn bonuslardan v\u0259 y\u00fcks\u0259k \u0259msallardan h\u0259zz al\u0131n\" \/>\n<meta name=\"robots\" content=\"index, follow, max-snippet:-1, max-image-preview:large, max-video-preview:-1\" \/>\n<meta property=\"og:locale\" content=\"az_AZ\" \/>\n<meta property=\"og:type\" content=\"article\" \/>\n<meta property=\"og:title\" content=\"888Starz Az\u0259rbaycan \u2b55 \u0130dman m\u0259rcl\u0259ri v\u0259 kazino\" \/>\n<meta property=\"og:description\" content=\"888Starz r\u0259smi sayt\u0131 \u2b50 Casino oyunlar\u0131 v\u0259 idman m\u0259rcl\u0259ri haqq\u0131nda h\u0259r \u015feyi \u00f6yr\u0259nin. Kriptovalyutada idman m\u0259rcl\u0259ri \u00fc\u00e7\u00fcn bonuslardan v\u0259 y\u00fcks\u0259k \u0259msallardan h\u0259zz al\u0131n\" \/>\n<meta property=\"og:url\" content=\"https:\/\/888starz.plus\/az\/\" \/>\n<meta property=\"og:site_name\" content=\"888Starz az\" \/>\n<meta property=\"article:modified_time\" content=\"2025-11-22T04:09:41+00:00\" \/>\n<meta name=\"twitter:card\" content=\"summary_large_image\" \/>\n<script type=\"application\/ld+json\" class=\"yoast-schema-graph\">{\"@context\":\"https:\/\/schema.org\",\"@graph\":[{\"@type\":\"WebPage\",\"@id\":\"https:\/\/888starz.plus\/az\/\",\"url\":\"https:\/\/888starz.plus\/az\/\",\"name\":\"888Starz Az\u0259rbaycan \u2b55 \u0130dman m\u0259rcl\u0259ri v\u0259 kazino\",\"isPartOf\":{\"@id\":\"https:\/\/888starz.plus\/az\/#website\"},\"datePublished\":\"2023-05-18T17:18:34+00:00\",\"dateModified\":\"2025-11-22T04:09:41+00:00\",\"description\":\"888Starz r\u0259smi sayt\u0131 \u2b50 Casino oyunlar\u0131 v\u0259 idman m\u0259rcl\u0259ri haqq\u0131nda h\u0259r \u015feyi \u00f6yr\u0259nin. Kriptovalyutada idman m\u0259rcl\u0259ri \u00fc\u00e7\u00fcn bonuslardan v\u0259 y\u00fcks\u0259k \u0259msallardan h\u0259zz al\u0131n\",\"inLanguage\":\"az\",\"potentialAction\":[{\"@type\":\"ReadAction\",\"target\":[\"https:\/\/888starz.plus\/az\/\"]}]},{\"@type\":\"WebSite\",\"@id\":\"https:\/\/888starz.plus\/az\/#website\",\"url\":\"https:\/\/888starz.plus\/az\/\",\"name\":\"888Starz az\",\"description\":\"My WordPress Blog\",\"potentialAction\":[{\"@type\":\"SearchAction\",\"target\":{\"@type\":\"EntryPoint\",\"urlTemplate\":\"https:\/\/888starz.plus\/az\/?s={search_term_string}\"},\"query-input\":{\"@type\":\"PropertyValueSpecification\",\"valueRequired\":true,\"valueName\":\"search_term_string\"}}],\"inLanguage\":\"az\"}]}<\/script>\n<!-- \/ Yoast SEO plugin. -->","yoast_head_json":{"title":"888Starz Az\u0259rbaycan \u2b55 \u0130dman m\u0259rcl\u0259ri v\u0259 kazino","description":"888Starz r\u0259smi sayt\u0131 \u2b50 Casino oyunlar\u0131 v\u0259 idman m\u0259rcl\u0259ri haqq\u0131nda h\u0259r \u015feyi \u00f6yr\u0259nin. Kriptovalyutada idman m\u0259rcl\u0259ri \u00fc\u00e7\u00fcn bonuslardan v\u0259 y\u00fcks\u0259k \u0259msallardan h\u0259zz al\u0131n","robots":{"index":"index","follow":"follow","max-snippet":"max-snippet:-1","max-image-preview":"max-image-preview:large","max-video-preview":"max-video-preview:-1"},"og_locale":"az_AZ","og_type":"article","og_title":"888Starz Az\u0259rbaycan \u2b55 \u0130dman m\u0259rcl\u0259ri v\u0259 kazino","og_description":"888Starz r\u0259smi sayt\u0131 \u2b50 Casino oyunlar\u0131 v\u0259 idman m\u0259rcl\u0259ri haqq\u0131nda h\u0259r \u015feyi \u00f6yr\u0259nin. Kriptovalyutada idman m\u0259rcl\u0259ri \u00fc\u00e7\u00fcn bonuslardan v\u0259 y\u00fcks\u0259k \u0259msallardan h\u0259zz al\u0131n","og_url":"https:\/\/888starz.plus\/az\/","og_site_name":"888Starz az","article_modified_time":"2025-11-22T04:09:41+00:00","twitter_card":"summary_large_image","schema":{"@context":"https:\/\/schema.org","@graph":[{"@type":"WebPage","@id":"https:\/\/888starz.plus\/az\/","url":"https:\/\/888starz.plus\/az\/","name":"888Starz Az\u0259rbaycan \u2b55 \u0130dman m\u0259rcl\u0259ri v\u0259 kazino","isPartOf":{"@id":"https:\/\/888starz.plus\/az\/#website"},"datePublished":"2023-05-18T17:18:34+00:00","dateModified":"2025-11-22T04:09:41+00:00","description":"888Starz r\u0259smi sayt\u0131 \u2b50 Casino oyunlar\u0131 v\u0259 idman m\u0259rcl\u0259ri haqq\u0131nda h\u0259r \u015feyi \u00f6yr\u0259nin. Kriptovalyutada idman m\u0259rcl\u0259ri \u00fc\u00e7\u00fcn bonuslardan v\u0259 y\u00fcks\u0259k \u0259msallardan h\u0259zz al\u0131n","inLanguage":"az","potentialAction":[{"@type":"ReadAction","target":["https:\/\/888starz.plus\/az\/"]}]},{"@type":"WebSite","@id":"https:\/\/888starz.plus\/az\/#website","url":"https:\/\/888starz.plus\/az\/","name":"888Starz az","description":"My WordPress Blog","potentialAction":[{"@type":"SearchAction","target":{"@type":"EntryPoint","urlTemplate":"https:\/\/888starz.plus\/az\/?s={search_term_string}"},"query-input":{"@type":"PropertyValueSpecification","valueRequired":true,"valueName":"search_term_string"}}],"inLanguage":"az"}]}},"_links":{"self":[{"href":"https:\/\/888starz.plus\/az\/wp-json\/wp\/v2\/pages\/2","targetHints":{"allow":["GET"]}}],"collection":[{"href":"https:\/\/888starz.plus\/az\/wp-json\/wp\/v2\/pages"}],"about":[{"href":"https:\/\/888starz.plus\/az\/wp-json\/wp\/v2\/types\/page"}],"author":[{"embeddable":true,"href":"https:\/\/888starz.plus\/az\/wp-json\/wp\/v2\/users\/1"}],"replies":[{"embeddable":true,"href":"https:\/\/888starz.plus\/az\/wp-json\/wp\/v2\/comments?post=2"}],"version-history":[{"count":6,"href":"https:\/\/888starz.plus\/az\/wp-json\/wp\/v2\/pages\/2\/revisions"}],"predecessor-version":[{"id":989,"href":"https:\/\/888starz.plus\/az\/wp-json\/wp\/v2\/pages\/2\/revisions\/989"}],"wp:attachment":[{"href":"https:\/\/888starz.plus\/az\/wp-json\/wp\/v2\/media?parent=2"}],"curies":[{"name":"wp","href":"https:\/\/api.w.org\/{rel}","templated":true}]}}