{"id":869,"date":"2025-06-20T11:21:17","date_gmt":"2025-06-20T11:21:17","guid":{"rendered":"https:\/\/888starz.plus\/at\/?page_id=869"},"modified":"2025-07-13T13:26:48","modified_gmt":"2025-07-13T13:26:48","slug":"casino-welcome-package","status":"publish","type":"page","link":"https:\/\/888starz.plus\/at\/bonus\/casino-welcome-package\/","title":{"rendered":"Casino-Willkommenspaket"},"content":{"rendered":"","protected":false},"excerpt":{"rendered":"","protected":false},"author":1,"featured_media":0,"parent":152,"menu_order":0,"comment_status":"closed","ping_status":"closed","template":"","meta":{"inline_featured_image":false,"footnotes":""},"class_list":["post-869","page","type-page","status-publish","hentry"],"yoast_head":"<!-- This site is optimized with the Yoast SEO plugin v25.6 - https:\/\/yoast.com\/wordpress\/plugins\/seo\/ -->\n<title>888Starz Casino Willkommenspaket | Bis zu 1500 EUR + 150 FS<\/title>\n<meta name=\"description\" content=\"Holen Sie sich Ihr Willkommenspaket bei 888Starz! Vier Boni f\u00fcr vier Einzahlungen: bis zu 1500 EUR und 150 Freespins warten auf Sie. Machen Sie den ersten Schritt zu gro\u00dfen Gewinnen und verpassen Sie nicht Ihre Chance auf gro\u00dfz\u00fcgige Belohnungen!\" \/>\n<meta name=\"robots\" content=\"index, follow, max-snippet:-1, max-image-preview:large, max-video-preview:-1\" \/>\n<meta property=\"og:locale\" content=\"de_DE\" \/>\n<meta property=\"og:type\" content=\"article\" \/>\n<meta property=\"og:title\" content=\"888Starz Casino Willkommenspaket | Bis zu 1500 EUR + 150 FS\" \/>\n<meta property=\"og:description\" content=\"Holen Sie sich Ihr Willkommenspaket bei 888Starz! Vier Boni f\u00fcr vier Einzahlungen: bis zu 1500 EUR und 150 Freespins warten auf Sie. Machen Sie den ersten Schritt zu gro\u00dfen Gewinnen und verpassen Sie nicht Ihre Chance auf gro\u00dfz\u00fcgige Belohnungen!\" \/>\n<meta property=\"og:url\" content=\"https:\/\/888starz.plus\/at\/bonus\/casino-welcome-package\/\" \/>\n<meta property=\"og:site_name\" content=\"888Starz\" \/>\n<meta property=\"article:modified_time\" content=\"2025-07-13T13:26:48+00:00\" \/>\n<meta name=\"twitter:card\" content=\"summary_large_image\" \/>\n<script type=\"application\/ld+json\" class=\"yoast-schema-graph\">{\"@context\":\"https:\/\/schema.org\",\"@graph\":[{\"@type\":\"WebPage\",\"@id\":\"https:\/\/888starz.plus\/at\/bonus\/casino-welcome-package\/\",\"url\":\"https:\/\/888starz.plus\/at\/bonus\/casino-welcome-package\/\",\"name\":\"888Starz Casino Willkommenspaket | Bis zu 1500 EUR + 150 FS\",\"isPartOf\":{\"@id\":\"https:\/\/888starz.plus\/at\/#website\"},\"datePublished\":\"2025-06-20T11:21:17+00:00\",\"dateModified\":\"2025-07-13T13:26:48+00:00\",\"description\":\"Holen Sie sich Ihr Willkommenspaket bei 888Starz! Vier Boni f\u00fcr vier Einzahlungen: bis zu 1500 EUR und 150 Freespins warten auf Sie. Machen Sie den ersten Schritt zu gro\u00dfen Gewinnen und verpassen Sie nicht Ihre Chance auf gro\u00dfz\u00fcgige Belohnungen!\",\"breadcrumb\":{\"@id\":\"https:\/\/888starz.plus\/at\/bonus\/casino-welcome-package\/#breadcrumb\"},\"inLanguage\":\"de-AT\",\"potentialAction\":[{\"@type\":\"ReadAction\",\"target\":[\"https:\/\/888starz.plus\/at\/bonus\/casino-welcome-package\/\"]}]},{\"@type\":\"BreadcrumbList\",\"@id\":\"https:\/\/888starz.plus\/at\/bonus\/casino-welcome-package\/#breadcrumb\",\"itemListElement\":[{\"@type\":\"ListItem\",\"position\":1,\"name\":\"Bonus\",\"item\":\"https:\/\/888starz.plus\/at\/bonuses\/\"},{\"@type\":\"ListItem\",\"position\":2,\"name\":\"Casino-Willkommenspaket\"}]},{\"@type\":\"WebSite\",\"@id\":\"https:\/\/888starz.plus\/at\/#website\",\"url\":\"https:\/\/888starz.plus\/at\/\",\"name\":\"888Starz\",\"description\":\"My WordPress Blog\",\"potentialAction\":[{\"@type\":\"SearchAction\",\"target\":{\"@type\":\"EntryPoint\",\"urlTemplate\":\"https:\/\/888starz.plus\/at\/?s={search_term_string}\"},\"query-input\":{\"@type\":\"PropertyValueSpecification\",\"valueRequired\":true,\"valueName\":\"search_term_string\"}}],\"inLanguage\":\"de-AT\"}]}<\/script>\n<!-- \/ Yoast SEO plugin. -->","yoast_head_json":{"title":"888Starz Casino Willkommenspaket | Bis zu 1500 EUR + 150 FS","description":"Holen Sie sich Ihr Willkommenspaket bei 888Starz! Vier Boni f\u00fcr vier Einzahlungen: bis zu 1500 EUR und 150 Freespins warten auf Sie. Machen Sie den ersten Schritt zu gro\u00dfen Gewinnen und verpassen Sie nicht Ihre Chance auf gro\u00dfz\u00fcgige Belohnungen!","robots":{"index":"index","follow":"follow","max-snippet":"max-snippet:-1","max-image-preview":"max-image-preview:large","max-video-preview":"max-video-preview:-1"},"og_locale":"de_DE","og_type":"article","og_title":"888Starz Casino Willkommenspaket | Bis zu 1500 EUR + 150 FS","og_description":"Holen Sie sich Ihr Willkommenspaket bei 888Starz! Vier Boni f\u00fcr vier Einzahlungen: bis zu 1500 EUR und 150 Freespins warten auf Sie. Machen Sie den ersten Schritt zu gro\u00dfen Gewinnen und verpassen Sie nicht Ihre Chance auf gro\u00dfz\u00fcgige Belohnungen!","og_url":"https:\/\/888starz.plus\/at\/bonus\/casino-welcome-package\/","og_site_name":"888Starz","article_modified_time":"2025-07-13T13:26:48+00:00","twitter_card":"summary_large_image","schema":{"@context":"https:\/\/schema.org","@graph":[{"@type":"WebPage","@id":"https:\/\/888starz.plus\/at\/bonus\/casino-welcome-package\/","url":"https:\/\/888starz.plus\/at\/bonus\/casino-welcome-package\/","name":"888Starz Casino Willkommenspaket | Bis zu 1500 EUR + 150 FS","isPartOf":{"@id":"https:\/\/888starz.plus\/at\/#website"},"datePublished":"2025-06-20T11:21:17+00:00","dateModified":"2025-07-13T13:26:48+00:00","description":"Holen Sie sich Ihr Willkommenspaket bei 888Starz! Vier Boni f\u00fcr vier Einzahlungen: bis zu 1500 EUR und 150 Freespins warten auf Sie. Machen Sie den ersten Schritt zu gro\u00dfen Gewinnen und verpassen Sie nicht Ihre Chance auf gro\u00dfz\u00fcgige Belohnungen!","breadcrumb":{"@id":"https:\/\/888starz.plus\/at\/bonus\/casino-welcome-package\/#breadcrumb"},"inLanguage":"de-AT","potentialAction":[{"@type":"ReadAction","target":["https:\/\/888starz.plus\/at\/bonus\/casino-welcome-package\/"]}]},{"@type":"BreadcrumbList","@id":"https:\/\/888starz.plus\/at\/bonus\/casino-welcome-package\/#breadcrumb","itemListElement":[{"@type":"ListItem","position":1,"name":"Bonus","item":"https:\/\/888starz.plus\/at\/bonuses\/"},{"@type":"ListItem","position":2,"name":"Casino-Willkommenspaket"}]},{"@type":"WebSite","@id":"https:\/\/888starz.plus\/at\/#website","url":"https:\/\/888starz.plus\/at\/","name":"888Starz","description":"My WordPress Blog","potentialAction":[{"@type":"SearchAction","target":{"@type":"EntryPoint","urlTemplate":"https:\/\/888starz.plus\/at\/?s={search_term_string}"},"query-input":{"@type":"PropertyValueSpecification","valueRequired":true,"valueName":"search_term_string"}}],"inLanguage":"de-AT"}]}},"_links":{"self":[{"href":"https:\/\/888starz.plus\/at\/wp-json\/wp\/v2\/pages\/869","targetHints":{"allow":["GET"]}}],"collection":[{"href":"https:\/\/888starz.plus\/at\/wp-json\/wp\/v2\/pages"}],"about":[{"href":"https:\/\/888starz.plus\/at\/wp-json\/wp\/v2\/types\/page"}],"author":[{"embeddable":true,"href":"https:\/\/888starz.plus\/at\/wp-json\/wp\/v2\/users\/1"}],"replies":[{"embeddable":true,"href":"https:\/\/888starz.plus\/at\/wp-json\/wp\/v2\/comments?post=869"}],"version-history":[{"count":8,"href":"https:\/\/888starz.plus\/at\/wp-json\/wp\/v2\/pages\/869\/revisions"}],"predecessor-version":[{"id":955,"href":"https:\/\/888starz.plus\/at\/wp-json\/wp\/v2\/pages\/869\/revisions\/955"}],"up":[{"embeddable":true,"href":"https:\/\/888starz.plus\/at\/wp-json\/wp\/v2\/pages\/152"}],"wp:attachment":[{"href":"https:\/\/888starz.plus\/at\/wp-json\/wp\/v2\/media?parent=869"}],"curies":[{"name":"wp","href":"https:\/\/api.w.org\/{rel}","templated":true}]}}