{"id":2,"date":"2023-05-18T17:18:34","date_gmt":"2023-05-18T17:18:34","guid":{"rendered":"https:\/\/888starz.plus\/at\/?page_id=2"},"modified":"2025-07-28T17:52:05","modified_gmt":"2025-07-28T17:52:05","slug":"sample-page","status":"publish","type":"page","link":"https:\/\/888starz.plus\/at\/","title":{"rendered":"Startseite"},"content":{"rendered":"","protected":false},"excerpt":{"rendered":"","protected":false},"author":1,"featured_media":0,"parent":0,"menu_order":0,"comment_status":"closed","ping_status":"open","template":"","meta":{"inline_featured_image":false,"footnotes":""},"class_list":["post-2","page","type-page","status-publish","hentry"],"yoast_head":"<!-- This site is optimized with the Yoast SEO plugin v25.6 - https:\/\/yoast.com\/wordpress\/plugins\/seo\/ -->\n<title>888Starz \u00d6sterreich \u2b55 Sportwetten und Casino<\/title>\n<meta name=\"description\" content=\"Die offizielle Website von 888Starz \u2b50 Erfahren Sie alles \u00fcber Casino-Spiele und Sportwetten. Genie\u00dfen Sie Boni und hohe Quoten f\u00fcr Sportwetten in Kryptow\u00e4hrung\" \/>\n<meta name=\"robots\" content=\"index, follow, max-snippet:-1, max-image-preview:large, max-video-preview:-1\" \/>\n<meta property=\"og:locale\" content=\"de_DE\" \/>\n<meta property=\"og:type\" content=\"article\" \/>\n<meta property=\"og:title\" content=\"888Starz \u00d6sterreich \u2b55 Sportwetten und Casino\" \/>\n<meta property=\"og:description\" content=\"Die offizielle Website von 888Starz \u2b50 Erfahren Sie alles \u00fcber Casino-Spiele und Sportwetten. Genie\u00dfen Sie Boni und hohe Quoten f\u00fcr Sportwetten in Kryptow\u00e4hrung\" \/>\n<meta property=\"og:url\" content=\"https:\/\/888starz.plus\/at\/\" \/>\n<meta property=\"og:site_name\" content=\"888Starz\" \/>\n<meta property=\"article:modified_time\" content=\"2025-07-28T17:52:05+00:00\" \/>\n<meta name=\"twitter:card\" content=\"summary_large_image\" \/>\n<script type=\"application\/ld+json\" class=\"yoast-schema-graph\">{\"@context\":\"https:\/\/schema.org\",\"@graph\":[{\"@type\":\"WebPage\",\"@id\":\"https:\/\/888starz.plus\/at\/\",\"url\":\"https:\/\/888starz.plus\/at\/\",\"name\":\"888Starz \u00d6sterreich \u2b55 Sportwetten und Casino\",\"isPartOf\":{\"@id\":\"https:\/\/888starz.plus\/at\/#website\"},\"datePublished\":\"2023-05-18T17:18:34+00:00\",\"dateModified\":\"2025-07-28T17:52:05+00:00\",\"description\":\"Die offizielle Website von 888Starz \u2b50 Erfahren Sie alles \u00fcber Casino-Spiele und Sportwetten. Genie\u00dfen Sie Boni und hohe Quoten f\u00fcr Sportwetten in Kryptow\u00e4hrung\",\"inLanguage\":\"de-AT\",\"potentialAction\":[{\"@type\":\"ReadAction\",\"target\":[\"https:\/\/888starz.plus\/at\/\"]}]},{\"@type\":\"WebSite\",\"@id\":\"https:\/\/888starz.plus\/at\/#website\",\"url\":\"https:\/\/888starz.plus\/at\/\",\"name\":\"888Starz\",\"description\":\"My WordPress Blog\",\"potentialAction\":[{\"@type\":\"SearchAction\",\"target\":{\"@type\":\"EntryPoint\",\"urlTemplate\":\"https:\/\/888starz.plus\/at\/?s={search_term_string}\"},\"query-input\":{\"@type\":\"PropertyValueSpecification\",\"valueRequired\":true,\"valueName\":\"search_term_string\"}}],\"inLanguage\":\"de-AT\"}]}<\/script>\n<!-- \/ Yoast SEO plugin. -->","yoast_head_json":{"title":"888Starz \u00d6sterreich \u2b55 Sportwetten und Casino","description":"Die offizielle Website von 888Starz \u2b50 Erfahren Sie alles \u00fcber Casino-Spiele und Sportwetten. Genie\u00dfen Sie Boni und hohe Quoten f\u00fcr Sportwetten in Kryptow\u00e4hrung","robots":{"index":"index","follow":"follow","max-snippet":"max-snippet:-1","max-image-preview":"max-image-preview:large","max-video-preview":"max-video-preview:-1"},"og_locale":"de_DE","og_type":"article","og_title":"888Starz \u00d6sterreich \u2b55 Sportwetten und Casino","og_description":"Die offizielle Website von 888Starz \u2b50 Erfahren Sie alles \u00fcber Casino-Spiele und Sportwetten. Genie\u00dfen Sie Boni und hohe Quoten f\u00fcr Sportwetten in Kryptow\u00e4hrung","og_url":"https:\/\/888starz.plus\/at\/","og_site_name":"888Starz","article_modified_time":"2025-07-28T17:52:05+00:00","twitter_card":"summary_large_image","schema":{"@context":"https:\/\/schema.org","@graph":[{"@type":"WebPage","@id":"https:\/\/888starz.plus\/at\/","url":"https:\/\/888starz.plus\/at\/","name":"888Starz \u00d6sterreich \u2b55 Sportwetten und Casino","isPartOf":{"@id":"https:\/\/888starz.plus\/at\/#website"},"datePublished":"2023-05-18T17:18:34+00:00","dateModified":"2025-07-28T17:52:05+00:00","description":"Die offizielle Website von 888Starz \u2b50 Erfahren Sie alles \u00fcber Casino-Spiele und Sportwetten. Genie\u00dfen Sie Boni und hohe Quoten f\u00fcr Sportwetten in Kryptow\u00e4hrung","inLanguage":"de-AT","potentialAction":[{"@type":"ReadAction","target":["https:\/\/888starz.plus\/at\/"]}]},{"@type":"WebSite","@id":"https:\/\/888starz.plus\/at\/#website","url":"https:\/\/888starz.plus\/at\/","name":"888Starz","description":"My WordPress Blog","potentialAction":[{"@type":"SearchAction","target":{"@type":"EntryPoint","urlTemplate":"https:\/\/888starz.plus\/at\/?s={search_term_string}"},"query-input":{"@type":"PropertyValueSpecification","valueRequired":true,"valueName":"search_term_string"}}],"inLanguage":"de-AT"}]}},"_links":{"self":[{"href":"https:\/\/888starz.plus\/at\/wp-json\/wp\/v2\/pages\/2","targetHints":{"allow":["GET"]}}],"collection":[{"href":"https:\/\/888starz.plus\/at\/wp-json\/wp\/v2\/pages"}],"about":[{"href":"https:\/\/888starz.plus\/at\/wp-json\/wp\/v2\/types\/page"}],"author":[{"embeddable":true,"href":"https:\/\/888starz.plus\/at\/wp-json\/wp\/v2\/users\/1"}],"replies":[{"embeddable":true,"href":"https:\/\/888starz.plus\/at\/wp-json\/wp\/v2\/comments?post=2"}],"version-history":[{"count":16,"href":"https:\/\/888starz.plus\/at\/wp-json\/wp\/v2\/pages\/2\/revisions"}],"predecessor-version":[{"id":975,"href":"https:\/\/888starz.plus\/at\/wp-json\/wp\/v2\/pages\/2\/revisions\/975"}],"wp:attachment":[{"href":"https:\/\/888starz.plus\/at\/wp-json\/wp\/v2\/media?parent=2"}],"curies":[{"name":"wp","href":"https:\/\/api.w.org\/{rel}","templated":true}]}}