{"id":580,"date":"2024-01-06T13:38:46","date_gmt":"2024-01-06T13:38:46","guid":{"rendered":"https:\/\/888starz.plus\/ao\/?page_id=580"},"modified":"2025-07-08T16:07:07","modified_gmt":"2025-07-08T16:07:07","slug":"casino","status":"publish","type":"page","link":"https:\/\/888starz.plus\/ao\/casino\/","title":{"rendered":"Casino"},"content":{"rendered":"","protected":false},"excerpt":{"rendered":"","protected":false},"author":1,"featured_media":0,"parent":0,"menu_order":0,"comment_status":"closed","ping_status":"closed","template":"","meta":{"inline_featured_image":false,"footnotes":""},"class_list":["post-580","page","type-page","status-publish","hentry"],"yoast_head":"<!-- This site is optimized with the Yoast SEO plugin v25.6 - https:\/\/yoast.com\/wordpress\/plugins\/seo\/ -->\n<title>888Starz Angola Casino \u2b50 B\u00f3nus de Boas-Vindas<\/title>\n<meta name=\"description\" content=\"Descubra o casino 888Starz, onde uma grande sele\u00e7\u00e3o de jogos de casino e slots esperam por si. Receba j\u00e1 o seu b\u00f3nus de boas-vindas!\" \/>\n<meta name=\"robots\" content=\"index, follow, max-snippet:-1, max-image-preview:large, max-video-preview:-1\" \/>\n<meta property=\"og:locale\" content=\"pt_PT\" \/>\n<meta property=\"og:type\" content=\"article\" \/>\n<meta property=\"og:title\" content=\"888Starz Angola Casino \u2b50 B\u00f3nus de Boas-Vindas\" \/>\n<meta property=\"og:description\" content=\"Descubra o casino 888Starz, onde uma grande sele\u00e7\u00e3o de jogos de casino e slots esperam por si. Receba j\u00e1 o seu b\u00f3nus de boas-vindas!\" \/>\n<meta property=\"og:url\" content=\"https:\/\/888starz.plus\/ao\/casino\/\" \/>\n<meta property=\"og:site_name\" content=\"888Starz ao\" \/>\n<meta property=\"article:modified_time\" content=\"2025-07-08T16:07:07+00:00\" \/>\n<meta name=\"twitter:card\" content=\"summary_large_image\" \/>\n<script type=\"application\/ld+json\" class=\"yoast-schema-graph\">{\"@context\":\"https:\/\/schema.org\",\"@graph\":[{\"@type\":\"WebPage\",\"@id\":\"https:\/\/888starz.plus\/ao\/casino\/\",\"url\":\"https:\/\/888starz.plus\/ao\/casino\/\",\"name\":\"888Starz Angola Casino \u2b50 B\u00f3nus de Boas-Vindas\",\"isPartOf\":{\"@id\":\"https:\/\/888starz.plus\/ao\/#website\"},\"datePublished\":\"2024-01-06T13:38:46+00:00\",\"dateModified\":\"2025-07-08T16:07:07+00:00\",\"description\":\"Descubra o casino 888Starz, onde uma grande sele\u00e7\u00e3o de jogos de casino e slots esperam por si. Receba j\u00e1 o seu b\u00f3nus de boas-vindas!\",\"inLanguage\":\"pt-AO\",\"potentialAction\":[{\"@type\":\"ReadAction\",\"target\":[\"https:\/\/888starz.plus\/ao\/casino\/\"]}]},{\"@type\":\"WebSite\",\"@id\":\"https:\/\/888starz.plus\/ao\/#website\",\"url\":\"https:\/\/888starz.plus\/ao\/\",\"name\":\"888Starz ao\",\"description\":\"My WordPress Blog\",\"potentialAction\":[{\"@type\":\"SearchAction\",\"target\":{\"@type\":\"EntryPoint\",\"urlTemplate\":\"https:\/\/888starz.plus\/ao\/?s={search_term_string}\"},\"query-input\":{\"@type\":\"PropertyValueSpecification\",\"valueRequired\":true,\"valueName\":\"search_term_string\"}}],\"inLanguage\":\"pt-AO\"}]}<\/script>\n<!-- \/ Yoast SEO plugin. -->","yoast_head_json":{"title":"888Starz Angola Casino \u2b50 B\u00f3nus de Boas-Vindas","description":"Descubra o casino 888Starz, onde uma grande sele\u00e7\u00e3o de jogos de casino e slots esperam por si. Receba j\u00e1 o seu b\u00f3nus de boas-vindas!","robots":{"index":"index","follow":"follow","max-snippet":"max-snippet:-1","max-image-preview":"max-image-preview:large","max-video-preview":"max-video-preview:-1"},"og_locale":"pt_PT","og_type":"article","og_title":"888Starz Angola Casino \u2b50 B\u00f3nus de Boas-Vindas","og_description":"Descubra o casino 888Starz, onde uma grande sele\u00e7\u00e3o de jogos de casino e slots esperam por si. Receba j\u00e1 o seu b\u00f3nus de boas-vindas!","og_url":"https:\/\/888starz.plus\/ao\/casino\/","og_site_name":"888Starz ao","article_modified_time":"2025-07-08T16:07:07+00:00","twitter_card":"summary_large_image","schema":{"@context":"https:\/\/schema.org","@graph":[{"@type":"WebPage","@id":"https:\/\/888starz.plus\/ao\/casino\/","url":"https:\/\/888starz.plus\/ao\/casino\/","name":"888Starz Angola Casino \u2b50 B\u00f3nus de Boas-Vindas","isPartOf":{"@id":"https:\/\/888starz.plus\/ao\/#website"},"datePublished":"2024-01-06T13:38:46+00:00","dateModified":"2025-07-08T16:07:07+00:00","description":"Descubra o casino 888Starz, onde uma grande sele\u00e7\u00e3o de jogos de casino e slots esperam por si. Receba j\u00e1 o seu b\u00f3nus de boas-vindas!","inLanguage":"pt-AO","potentialAction":[{"@type":"ReadAction","target":["https:\/\/888starz.plus\/ao\/casino\/"]}]},{"@type":"WebSite","@id":"https:\/\/888starz.plus\/ao\/#website","url":"https:\/\/888starz.plus\/ao\/","name":"888Starz ao","description":"My WordPress Blog","potentialAction":[{"@type":"SearchAction","target":{"@type":"EntryPoint","urlTemplate":"https:\/\/888starz.plus\/ao\/?s={search_term_string}"},"query-input":{"@type":"PropertyValueSpecification","valueRequired":true,"valueName":"search_term_string"}}],"inLanguage":"pt-AO"}]}},"_links":{"self":[{"href":"https:\/\/888starz.plus\/ao\/wp-json\/wp\/v2\/pages\/580","targetHints":{"allow":["GET"]}}],"collection":[{"href":"https:\/\/888starz.plus\/ao\/wp-json\/wp\/v2\/pages"}],"about":[{"href":"https:\/\/888starz.plus\/ao\/wp-json\/wp\/v2\/types\/page"}],"author":[{"embeddable":true,"href":"https:\/\/888starz.plus\/ao\/wp-json\/wp\/v2\/users\/1"}],"replies":[{"embeddable":true,"href":"https:\/\/888starz.plus\/ao\/wp-json\/wp\/v2\/comments?post=580"}],"version-history":[{"count":1,"href":"https:\/\/888starz.plus\/ao\/wp-json\/wp\/v2\/pages\/580\/revisions"}],"predecessor-version":[{"id":928,"href":"https:\/\/888starz.plus\/ao\/wp-json\/wp\/v2\/pages\/580\/revisions\/928"}],"wp:attachment":[{"href":"https:\/\/888starz.plus\/ao\/wp-json\/wp\/v2\/media?parent=580"}],"curies":[{"name":"wp","href":"https:\/\/api.w.org\/{rel}","templated":true}]}}