{"id":152,"date":"2025-02-18T17:39:43","date_gmt":"2025-02-18T17:39:43","guid":{"rendered":"https:\/\/888starz.plus\/ao\/?page_id=152"},"modified":"2025-07-08T16:03:44","modified_gmt":"2025-07-08T16:03:44","slug":"bonus","status":"publish","type":"page","link":"https:\/\/888starz.plus\/ao\/bonuses\/","title":{"rendered":"B\u00f3nus"},"content":{"rendered":"","protected":false},"excerpt":{"rendered":"","protected":false},"author":1,"featured_media":0,"parent":0,"menu_order":0,"comment_status":"closed","ping_status":"closed","template":"","meta":{"inline_featured_image":false,"footnotes":""},"class_list":["post-152","page","type-page","status-publish","hentry"],"yoast_head":"<!-- This site is optimized with the Yoast SEO plugin v25.6 - https:\/\/yoast.com\/wordpress\/plugins\/seo\/ -->\n<title>888Starz Angola B\u00f3nus e Promo\u00e7\u00f5es 2025<\/title>\n<meta name=\"description\" content=\"Guia completo sobre as ofertas especiais e b\u00f3nus do 888Starz \u2714\ufe0f Descubra como obter os C\u00f3digos Promocionais e o B\u00f3nus de Boas-Vindas do 888Starz - Registe-se no site do 888starz e receba um b\u00f3nus de 100%\" \/>\n<meta name=\"robots\" content=\"index, follow, max-snippet:-1, max-image-preview:large, max-video-preview:-1\" \/>\n<meta property=\"og:locale\" content=\"pt_PT\" \/>\n<meta property=\"og:type\" content=\"article\" \/>\n<meta property=\"og:title\" content=\"888Starz Angola B\u00f3nus e Promo\u00e7\u00f5es 2025\" \/>\n<meta property=\"og:description\" content=\"Guia completo sobre as ofertas especiais e b\u00f3nus do 888Starz \u2714\ufe0f Descubra como obter os C\u00f3digos Promocionais e o B\u00f3nus de Boas-Vindas do 888Starz - Registe-se no site do 888starz e receba um b\u00f3nus de 100%\" \/>\n<meta property=\"og:url\" content=\"https:\/\/888starz.plus\/ao\/bonuses\/\" \/>\n<meta property=\"og:site_name\" content=\"888Starz ao\" \/>\n<meta property=\"article:modified_time\" content=\"2025-07-08T16:03:44+00:00\" \/>\n<meta name=\"twitter:card\" content=\"summary_large_image\" \/>\n<script type=\"application\/ld+json\" class=\"yoast-schema-graph\">{\"@context\":\"https:\/\/schema.org\",\"@graph\":[{\"@type\":\"WebPage\",\"@id\":\"https:\/\/888starz.plus\/ao\/bonuses\/\",\"url\":\"https:\/\/888starz.plus\/ao\/bonuses\/\",\"name\":\"888Starz Angola B\u00f3nus e Promo\u00e7\u00f5es 2025\",\"isPartOf\":{\"@id\":\"https:\/\/888starz.plus\/ao\/#website\"},\"datePublished\":\"2025-02-18T17:39:43+00:00\",\"dateModified\":\"2025-07-08T16:03:44+00:00\",\"description\":\"Guia completo sobre as ofertas especiais e b\u00f3nus do 888Starz \u2714\ufe0f Descubra como obter os C\u00f3digos Promocionais e o B\u00f3nus de Boas-Vindas do 888Starz - Registe-se no site do 888starz e receba um b\u00f3nus de 100%\",\"inLanguage\":\"pt-AO\",\"potentialAction\":[{\"@type\":\"ReadAction\",\"target\":[\"https:\/\/888starz.plus\/ao\/bonuses\/\"]}]},{\"@type\":\"WebSite\",\"@id\":\"https:\/\/888starz.plus\/ao\/#website\",\"url\":\"https:\/\/888starz.plus\/ao\/\",\"name\":\"888Starz ao\",\"description\":\"My WordPress Blog\",\"potentialAction\":[{\"@type\":\"SearchAction\",\"target\":{\"@type\":\"EntryPoint\",\"urlTemplate\":\"https:\/\/888starz.plus\/ao\/?s={search_term_string}\"},\"query-input\":{\"@type\":\"PropertyValueSpecification\",\"valueRequired\":true,\"valueName\":\"search_term_string\"}}],\"inLanguage\":\"pt-AO\"}]}<\/script>\n<!-- \/ Yoast SEO plugin. -->","yoast_head_json":{"title":"888Starz Angola B\u00f3nus e Promo\u00e7\u00f5es 2025","description":"Guia completo sobre as ofertas especiais e b\u00f3nus do 888Starz \u2714\ufe0f Descubra como obter os C\u00f3digos Promocionais e o B\u00f3nus de Boas-Vindas do 888Starz - Registe-se no site do 888starz e receba um b\u00f3nus de 100%","robots":{"index":"index","follow":"follow","max-snippet":"max-snippet:-1","max-image-preview":"max-image-preview:large","max-video-preview":"max-video-preview:-1"},"og_locale":"pt_PT","og_type":"article","og_title":"888Starz Angola B\u00f3nus e Promo\u00e7\u00f5es 2025","og_description":"Guia completo sobre as ofertas especiais e b\u00f3nus do 888Starz \u2714\ufe0f Descubra como obter os C\u00f3digos Promocionais e o B\u00f3nus de Boas-Vindas do 888Starz - Registe-se no site do 888starz e receba um b\u00f3nus de 100%","og_url":"https:\/\/888starz.plus\/ao\/bonuses\/","og_site_name":"888Starz ao","article_modified_time":"2025-07-08T16:03:44+00:00","twitter_card":"summary_large_image","schema":{"@context":"https:\/\/schema.org","@graph":[{"@type":"WebPage","@id":"https:\/\/888starz.plus\/ao\/bonuses\/","url":"https:\/\/888starz.plus\/ao\/bonuses\/","name":"888Starz Angola B\u00f3nus e Promo\u00e7\u00f5es 2025","isPartOf":{"@id":"https:\/\/888starz.plus\/ao\/#website"},"datePublished":"2025-02-18T17:39:43+00:00","dateModified":"2025-07-08T16:03:44+00:00","description":"Guia completo sobre as ofertas especiais e b\u00f3nus do 888Starz \u2714\ufe0f Descubra como obter os C\u00f3digos Promocionais e o B\u00f3nus de Boas-Vindas do 888Starz - Registe-se no site do 888starz e receba um b\u00f3nus de 100%","inLanguage":"pt-AO","potentialAction":[{"@type":"ReadAction","target":["https:\/\/888starz.plus\/ao\/bonuses\/"]}]},{"@type":"WebSite","@id":"https:\/\/888starz.plus\/ao\/#website","url":"https:\/\/888starz.plus\/ao\/","name":"888Starz ao","description":"My WordPress Blog","potentialAction":[{"@type":"SearchAction","target":{"@type":"EntryPoint","urlTemplate":"https:\/\/888starz.plus\/ao\/?s={search_term_string}"},"query-input":{"@type":"PropertyValueSpecification","valueRequired":true,"valueName":"search_term_string"}}],"inLanguage":"pt-AO"}]}},"_links":{"self":[{"href":"https:\/\/888starz.plus\/ao\/wp-json\/wp\/v2\/pages\/152","targetHints":{"allow":["GET"]}}],"collection":[{"href":"https:\/\/888starz.plus\/ao\/wp-json\/wp\/v2\/pages"}],"about":[{"href":"https:\/\/888starz.plus\/ao\/wp-json\/wp\/v2\/types\/page"}],"author":[{"embeddable":true,"href":"https:\/\/888starz.plus\/ao\/wp-json\/wp\/v2\/users\/1"}],"replies":[{"embeddable":true,"href":"https:\/\/888starz.plus\/ao\/wp-json\/wp\/v2\/comments?post=152"}],"version-history":[{"count":3,"href":"https:\/\/888starz.plus\/ao\/wp-json\/wp\/v2\/pages\/152\/revisions"}],"predecessor-version":[{"id":927,"href":"https:\/\/888starz.plus\/ao\/wp-json\/wp\/v2\/pages\/152\/revisions\/927"}],"wp:attachment":[{"href":"https:\/\/888starz.plus\/ao\/wp-json\/wp\/v2\/media?parent=152"}],"curies":[{"name":"wp","href":"https:\/\/api.w.org\/{rel}","templated":true}]}}